{"id":7432,"date":"2025-06-07T07:19:26","date_gmt":"2025-06-07T07:19:26","guid":{"rendered":"https:\/\/sinoextrud.com\/product\/bright-anodize-brushed-black-window-profile\/"},"modified":"2025-06-24T06:12:48","modified_gmt":"2025-06-24T06:12:48","slug":"svetly-eloxovany-kartacovany-cerny-okenni-profil","status":"publish","type":"product","link":"https:\/\/sinoextrud.com\/cs\/product\/bright-anodize-brushed-black-window-profile\/","title":{"rendered":"Sv\u011btle eloxovan\u00fd kart\u00e1\u010dovan\u00fd \u010dern\u00fd okenn\u00ed profil"},"content":{"rendered":"<h2>Podrobnosti o produktech<\/h2>\n<table class=\"custom-table\">\n<tbody>\n<tr>\n<td> Jm\u00e9no:<\/td>\n<td> Sv\u011btle eloxovan\u00fd kart\u00e1\u010dovan\u00fd \u010dern\u00fd okenn\u00ed profil<\/td>\n<\/tr>\n<tr>\n<td> Zna\u010dka:<\/td>\n<td> Sinoextrud\/Sinoextrud<\/td>\n<\/tr>\n<tr>\n<td> Materi\u00e1l:<\/td>\n<td> \u0158ada 6000<\/td>\n<\/tr>\n<tr>\n<td> M\u00edrnost:<\/td>\n<td> T5-T8<\/td>\n<\/tr>\n<tr>\n<td> D\u00e9lka:<\/td>\n<td> 30-6000 mm nebo p\u0159izp\u016fsoben\u00ed<\/td>\n<\/tr>\n<tr>\n<td> Povrchov\u00e1 \u00faprava:<\/td>\n<td> Anodizovan\u00fd kart\u00e1\u010dovan\u00fd<\/td>\n<\/tr>\n<tr>\n<td> Pou\u017eit\u00ed:<\/td>\n<td> Stavebnictv\u00ed<\/td>\n<\/tr>\n<tr>\n<td> Barva:<\/td>\n<td> St\u0159\u00edbrn\u00e1, \u010dern\u00e1, b\u00edl\u00e1, \u010derven\u00e1, \u017elut\u00e1, \u0161ampa\u0148sk\u00e9 nebo barva na m\u00edru<\/td>\n<\/tr>\n<tr>\n<td> Certifikace:<\/td>\n<td> ISO9001:2008;ISO14001:2004;SGS<\/td>\n<\/tr>\n<tr>\n<td> V\u00fdroba:<\/td>\n<td> \u0158ez\u00e1n\u00ed, fr\u00e9zov\u00e1n\u00ed, vrt\u00e1n\u00ed, d\u011brov\u00e1n\u00ed atd.<\/td>\n<\/tr>\n<tr>\n<td> Od:<\/td>\n<td> Foshan, Guangdong, \u010c\u00edna<\/td>\n<\/tr>\n<\/tbody>\n<\/table>\n<h2>Na\u0161e v\u00fdrobn\u00ed z\u00e1kladna<\/h2>\n<h3>Panorama tov\u00e1rny<\/h3>\n<p><img decoding=\"async\" src=\"\/wp-content\/uploads\/factory-01.webp\"\/><\/p>\n<h3>D\u00edlna na v\u00fdrobu hlin\u00edkov\u00fdch ty\u010d\u00ed<\/h3>\n<p><img decoding=\"async\" src=\"\/wp-content\/uploads\/factory-02.webp\"\/><\/p>\n<p><img decoding=\"async\" src=\"\/wp-content\/uploads\/factory-03.webp\"\/><\/p>\n<h3>Sklad pl\u00edsn\u00ed<\/h3>\n<p><img decoding=\"async\" src=\"\/wp-content\/uploads\/factory-04.webp\"\/><\/p>\n<h3>43 linek na vytla\u010dov\u00e1n\u00ed hlin\u00edku (500 - 5500 tun)<\/h3>\n<p><img decoding=\"async\" src=\"\/wp-content\/uploads\/factory-05.webp\"\/><\/p>\n<p><img decoding=\"async\" src=\"\/wp-content\/uploads\/factory-06.webp\"\/><\/p>\n<p><img decoding=\"async\" src=\"\/wp-content\/uploads\/factory-07.webp\"\/><\/p>\n<h3>D\u00edlna pr\u00e1\u0161kov\u00e9ho lakov\u00e1n\u00ed<\/h3>\n<p><img decoding=\"async\" src=\"\/wp-content\/uploads\/factory-09.webp\"\/><\/p>\n<h3>D\u00edlna eloxov\u00e1n\u00ed<\/h3>\n<p><img decoding=\"async\" src=\"\/wp-content\/uploads\/factory-10.webp\"\/><\/p>\n<h3>Workshop o hloubkov\u00e9m zpracov\u00e1n\u00ed<\/h3>\n<p><img decoding=\"async\" src=\"\/wp-content\/uploads\/factory-11.webp\"\/><\/p>\n<h3>D\u00edlna CNC p\u0159esn\u00e9ho obr\u00e1b\u011bn\u00ed<\/h3>\n<p><img decoding=\"async\" src=\"\/wp-content\/uploads\/factory-11.5.webp\"\/><\/p>\n<h3>Sklad hotov\u00fdch v\u00fdrobk\u016f a exportn\u00ed sklad<\/h3>\n<p><img decoding=\"async\" src=\"\/wp-content\/uploads\/factory-12.webp\"\/><\/p>\n<p><img decoding=\"async\" src=\"\/wp-content\/uploads\/factory-13.webp\"\/><\/p>\n<p><img decoding=\"async\" src=\"\/wp-content\/uploads\/factory-14.webp\"\/><\/p>\n<h2>\u010cASTO KLADEN\u00c9 DOTAZY<\/h2>\n<p><p><b>1.Co je sv\u011btle eloxovan\u00fd kart\u00e1\u010dovan\u00fd \u010dern\u00fd okenn\u00ed profil? <\/b><\/p>\n<p> Okenn\u00ed profil Bright Anodize Brushed Black je hlin\u00edkov\u00fd okenn\u00ed r\u00e1m s elegantn\u00ed kart\u00e1\u010dovanou \u010dernou povrchovou \u00fapravou a sv\u011btl\u00fdm eloxov\u00e1n\u00edm, kter\u00fd kombinuje pevnost a estetiku.<br \/>\n<\/p><br \/>\n<br \/>\n<p><b>2.Jak\u00e9 jsou v\u00fdhody kart\u00e1\u010dovan\u00e9 \u010dern\u00e9 povrchov\u00e9 \u00fapravy? <\/b><\/p>\n<p> Brou\u0161en\u00e1 \u010dern\u00e1 povrchov\u00e1 \u00faprava dod\u00e1v\u00e1 profilu pr\u00e9miov\u00fd vzhled a z\u00e1rove\u0148 zakr\u00fdv\u00e1 otisky prst\u016f a drobn\u00e9 \u0161kr\u00e1bance.<br \/>\n<\/p><br \/>\n<br \/>\n<p><b>3.Jak sv\u011btl\u00fd elox zlep\u0161uje profil okna? <\/b><\/p>\n<p> Sv\u011btl\u00e9 eloxov\u00e1n\u00ed zvy\u0161uje odolnost proti korozi, tvrdost povrchu a trvanlivost barev, d\u00edky \u010demu\u017e je okenn\u00ed profil odoln\u011bj\u0161\u00ed v\u016f\u010di pov\u011btrnostn\u00edm vliv\u016fm.<br \/>\n<\/p><br \/>\n<br \/>\n<p><b>4.Je profil vhodn\u00fd pro pob\u0159e\u017en\u00ed nebo pr\u016fmyslov\u00e9 prost\u0159ed\u00ed? <\/b><\/p>\n<p> Ano, leskl\u00fd eloxovan\u00fd kart\u00e1\u010dovan\u00fd \u010dern\u00fd povrch nab\u00edz\u00ed vysokou odolnost v\u016f\u010di soli, vlhkosti a zne\u010di\u0161\u0165uj\u00edc\u00edm l\u00e1tk\u00e1m, tak\u017ee je ide\u00e1ln\u00ed do drsn\u00fdch podm\u00ednek.<br \/>\n<\/p><br \/>\n<br \/>\n<p><b>5.Lze profil okna Bright Anodize Brushed Black p\u0159izp\u016fsobit? <\/b><\/p>\n<p> Ano, lze jej p\u0159izp\u016fsobit d\u00e9lce, tvaru a v\u00fd\u0159ez\u016fm, aby vyhovoval r\u016fzn\u00fdm architektonick\u00fdm po\u017eadavk\u016fm.<br \/>\n<\/p><br \/>\n<br \/>\n<p><b>6.P\u0159isp\u00edv\u00e1 hlin\u00edkov\u00fd materi\u00e1l k udr\u017eitelnosti? <\/b><\/p>\n<p> Profil je vyroben z recyklovateln\u00e9ho hlin\u00edku, tak\u017ee je ekologick\u00fdm stavebn\u00edm materi\u00e1lem.<br \/>\n<\/p><br \/>\n<br \/>\n<p><b>7.Je proces instalace slo\u017eit\u00fd? <\/b><\/p>\n<p> Ne, okenn\u00ed profil je navr\u017een pro snadn\u00e9 \u0159ez\u00e1n\u00ed, vrt\u00e1n\u00ed a mont\u00e1\u017e, co\u017e \u0161et\u0159\u00ed \u010das a sni\u017euje n\u00e1klady na pr\u00e1ci.<br \/>\n<\/p><br \/>\n<br \/>\n<p><b>8.Podporuje modern\u00ed architektonick\u00e9 n\u00e1vrhy? <\/b><\/p>\n<p> Ano, minimalistick\u00fd vzhled kart\u00e1\u010dovan\u00e9 \u010dern\u00e9 bez probl\u00e9m\u016f dopl\u0148uje modern\u00ed a sou\u010dasnou architekturu.<br \/>\n<\/p><br \/><\/p>","protected":false},"featured_media":7431,"template":"","categories":[67],"class_list":["post-7432","product","type-product","status-publish","has-post-thumbnail","hentry","category-architectural-aluminium-profile"],"meta_box":{"hilight_text_group":{"product_hilight_text":"<li>High corrosion resistance for long-lasting performance.<\/li>\r\r\n<li>Elegant brushed black finish enhances modern architectural aesthetics.<\/li>\r\r\n<li>Precision extruded aluminum for superior structural integrity.<\/li>\r\r\n<li>Bright anodized surface ensures fade-resistant color durability.<\/li>\r\r\n<li>Easy to fabricate and install, reducing labor costs.<\/li>\r\r\n<li>Low maintenance surface ideal for residential and commercial use.<\/li>\r\r\n<li>Eco-friendly and recyclable aluminum material.<\/li>","product_chanpin_blog":"<ul>\r\r\n<li><a href=\"https:\/\/sinoextrud.com\/t-slot-v-slot-differences\/\" target=\"_blank\">t slot vs v slot<\/a><\/li>\r\r\n<li><a href=\"https:\/\/sinoextrud.com\/what-is-4040-aluminium-extrud\/\" target=\"_blank\">4040 aluminium extrusion<\/a><\/li>\r\r\n<li><a href=\"https:\/\/sinoextrud.com\/what-is-4040-aluminium-extrud\/\" target=\"_blank\">aluminum extrusions for industrial racks<\/a><\/li>\r\r\n<li><a href=\"https:\/\/sinoextrud.com\/powder-coating-aluminium-process\/\" target=\"_blank\">powder coating aluminium<\/a><\/li>\r\r\n<li><a href=\"https:\/\/sinoextrud.com\/what-is-an-aluminium-strip-ceiling\/\" target=\"_blank\">aluminium strip ceiling<\/a><\/li>\r\r\n<li><a href=\"https:\/\/sinoextrud.com\/what-is-a-heat-sink\/\" target=\"_blank\">what is a heat sink<\/a><\/li>\r\r\n<\/ul>","product_chanpin_chanpin":"<li><a href=\"https:\/\/sinoextrud.com\/product\/shutter-aluminum-profile-for-window-louver-frame\/\" target=\"_blank\">Shutter Aluminum Profile For Window Louver Frame<\/a><\/li>\r\n<li><a href=\"https:\/\/sinoextrud.com\/product\/extrusion-aluminum-shutter-profile-free-mould\/\" target=\"_blank\">Extrusion Aluminum Shutter Profile Free Mould<\/a><\/li>\r\n<li><a href=\"https:\/\/sinoextrud.com\/product\/pvdf-aluminum-extrusion-curtain-wall-profile\/\" target=\"_blank\">PVDF Aluminum Extrusion Curtain Wall Profile<\/a><\/li>\r\n<li><a href=\"https:\/\/sinoextrud.com\/product\/l-aluminum-profile-for-glass-railing\/\" target=\"_blank\">L Aluminum Profile For Glass Railing<\/a><\/li>\r\n<li><a href=\"https:\/\/sinoextrud.com\/product\/bright-anodize-brushed-black-window-profile\/\" target=\"_blank\">Bright Anodize Brushed Black Window Profile<\/a><\/li>\r\n<li><a href=\"https:\/\/sinoextrud.com\/product\/customized-aluminum-alloy-housing-grow-light\/\" target=\"_blank\">Customized Aluminum Alloy Housing Grow Light<\/a><\/li>\r\n<li><a href=\"https:\/\/sinoextrud.com\/product\/extruded-aluminum-interlocking-plank-floor\/\" target=\"_blank\">Extruded Aluminum Interlocking Plank Floor<\/a><\/li>\r\n<li><a href=\"https:\/\/sinoextrud.com\/product\/anodized-brushed-black-extruded-frame-profile\/\" target=\"_blank\">Anodized Brushed Black Extruded Frame Profile<\/a><\/li>\r\n<li><a href=\"https:\/\/sinoextrud.com\/product\/precision-cnc-machining-industrial-profile\/\" target=\"_blank\">Precision CNC Machining Industrial Profile<\/a><\/li>\r\n<li><a href=\"https:\/\/sinoextrud.com\/product\/extrusion-aluminum-pipe-anodized-sandblasted-black\/\" target=\"_blank\">Extrusion Aluminum Pipe Anodized Sandblasted Black<\/a><\/li>\r\n<li><a href=\"https:\/\/sinoextrud.com\/product\/coated-treatment-aluminium-extrusion\/\" target=\"_blank\">Coated Treatment Aluminium Extrusion<\/a><\/li>"},"feature_list":[]},"_links":{"self":[{"href":"https:\/\/sinoextrud.com\/cs\/wp-json\/wp\/v2\/product\/7432","targetHints":{"allow":["GET"]}}],"collection":[{"href":"https:\/\/sinoextrud.com\/cs\/wp-json\/wp\/v2\/product"}],"about":[{"href":"https:\/\/sinoextrud.com\/cs\/wp-json\/wp\/v2\/types\/product"}],"wp:featuredmedia":[{"embeddable":true,"href":"https:\/\/sinoextrud.com\/cs\/wp-json\/wp\/v2\/media\/7431"}],"wp:attachment":[{"href":"https:\/\/sinoextrud.com\/cs\/wp-json\/wp\/v2\/media?parent=7432"}],"wp:term":[{"taxonomy":"category","embeddable":true,"href":"https:\/\/sinoextrud.com\/cs\/wp-json\/wp\/v2\/categories?post=7432"}],"curies":[{"name":"wp","href":"https:\/\/api.w.org\/{rel}","templated":true}]}}