{"id":7428,"date":"2025-06-07T07:10:33","date_gmt":"2025-06-07T07:10:33","guid":{"rendered":"https:\/\/sinoextrud.com\/product\/pvdf-aluminum-extrusion-curtain-wall-profile\/"},"modified":"2025-06-24T06:12:47","modified_gmt":"2025-06-24T06:12:47","slug":"pvdf-hlinikovy-extrudovany-profil-zavesove-steny","status":"publish","type":"product","link":"https:\/\/sinoextrud.com\/cs\/product\/pvdf-aluminum-extrusion-curtain-wall-profile\/","title":{"rendered":"PVDF hlin\u00edkov\u00fd vytla\u010dovac\u00ed profil pro st\u011bny z\u00e1clon"},"content":{"rendered":"<h2>Podrobnosti o produktech<\/h2>\n<table class=\"custom-table\">\n<tbody>\n<tr>\n<td> N\u00e1zev<\/td>\n<td> pvdf hlin\u00edkov\u00fd extrudovan\u00fd profil z\u00e1v\u011bsov\u00e9 st\u011bny<\/td>\n<\/tr>\n<tr>\n<td> Materi\u00e1l<\/td>\n<td> Hlin\u00edkov\u00e1 slitina (6063, 6061, 6463, 6005, 6082)<\/td>\n<\/tr>\n<tr>\n<td> Temperament<\/td>\n<td> T5<\/td>\n<\/tr>\n<tr>\n<td> Velikost<\/td>\n<td> Typ kolej\u00ed podle v\u00fdkresu<\/td>\n<\/tr>\n<tr>\n<td> Povrchov\u00e1 \u00faprava<\/td>\n<td> Eloxovan\u00e9, p\u00edskovan\u00e9, le\u0161t\u011bn\u00e9, elektrofor\u00e9za, Power coatingPower coating a PVDF se b\u011b\u017en\u011b pou\u017e\u00edvaj\u00ed v hlin\u00edkov\u00e9m vytla\u010dovac\u00edm profilu z\u00e1v\u011bsov\u00e9 st\u011bny.<\/td>\n<\/tr>\n<tr>\n<td> Barva<\/td>\n<td> P\u0159izp\u016fsoben\u00ed je k dispozici<\/td>\n<\/tr>\n<tr>\n<td> Certifik\u00e1t<\/td>\n<td> TUV, ASTM, GB<\/td>\n<\/tr>\n<tr>\n<td> Z<\/td>\n<td> Guangdong, \u010c\u00edna<\/td>\n<\/tr>\n<\/tbody>\n<\/table>\n<h2>Na\u0161e v\u00fdrobn\u00ed z\u00e1kladna<\/h2>\n<h3>Panorama tov\u00e1rny<\/h3>\n<p><img decoding=\"async\" src=\"\/wp-content\/uploads\/factory-01.webp\"\/><\/p>\n<h3>D\u00edlna na v\u00fdrobu hlin\u00edkov\u00fdch ty\u010d\u00ed<\/h3>\n<p><img decoding=\"async\" src=\"\/wp-content\/uploads\/factory-02.webp\"\/><\/p>\n<p><img decoding=\"async\" src=\"\/wp-content\/uploads\/factory-03.webp\"\/><\/p>\n<h3>Sklad pl\u00edsn\u00ed<\/h3>\n<p><img decoding=\"async\" src=\"\/wp-content\/uploads\/factory-04.webp\"\/><\/p>\n<h3>43 linek na vytla\u010dov\u00e1n\u00ed hlin\u00edku (500-5500 tun)<\/h3>\n<p><img decoding=\"async\" src=\"\/wp-content\/uploads\/factory-05.webp\"\/><\/p>\n<p><img decoding=\"async\" src=\"\/wp-content\/uploads\/factory-06.webp\"\/><\/p>\n<p><img decoding=\"async\" src=\"\/wp-content\/uploads\/factory-07.webp\"\/><\/p>\n<h3>D\u00edlna pr\u00e1\u0161kov\u00e9ho lakov\u00e1n\u00ed<\/h3>\n<p><img decoding=\"async\" src=\"\/wp-content\/uploads\/factory-09.webp\"\/><\/p>\n<h3>D\u00edlna eloxov\u00e1n\u00ed<\/h3>\n<p><img decoding=\"async\" src=\"\/wp-content\/uploads\/factory-10.webp\"\/><\/p>\n<h3>Workshop o hloubkov\u00e9m zpracov\u00e1n\u00ed<\/h3>\n<p><img decoding=\"async\" src=\"\/wp-content\/uploads\/factory-11.webp\"\/><\/p>\n<h3>D\u00edlna CNC p\u0159esn\u00e9ho obr\u00e1b\u011bn\u00ed<\/h3>\n<p><img decoding=\"async\" src=\"\/wp-content\/uploads\/factory-11.5.webp\"\/><\/p>\n<h3>Sklad hotov\u00fdch v\u00fdrobk\u016f a exportn\u00ed sklad<\/h3>\n<p><img decoding=\"async\" src=\"\/wp-content\/uploads\/factory-12.webp\"\/><\/p>\n<p><img decoding=\"async\" src=\"\/wp-content\/uploads\/factory-13.webp\"\/><\/p>\n<p><img decoding=\"async\" src=\"\/wp-content\/uploads\/factory-14.webp\"\/><\/p>\n<h2>\u010cASTO KLADEN\u00c9 DOTAZY<\/h2>\n<p><p><b>1.Co je to PVDF hlin\u00edkov\u00fd profil pro st\u011bny z\u00e1v\u011bs\u016f?<\/b><\/p>\n<p>Jedn\u00e1 se o hlin\u00edkov\u00fd profil pota\u017een\u00fd PVDF (polyvinylidenfluoridem) pro pou\u017eit\u00ed v syst\u00e9mech obvodov\u00fdch st\u011bn, kter\u00fd poskytuje vysokou trvanlivost a odolnost proti pov\u011btrnostn\u00edm vliv\u016fm.<br \/>\n<\/p><br \/>\n<br \/>\n<p><b>2.Pro\u010d zvolit hlin\u00edk s povlakem PVDF pro z\u00e1v\u011bsov\u00e9 st\u011bny?<\/b><\/p>\n<p>Povlak PVDF je mimo\u0159\u00e1dn\u011b odoln\u00fd v\u016f\u010di UV z\u00e1\u0159en\u00ed, korozi a extr\u00e9mn\u00edm pov\u011btrnostn\u00edm vliv\u016fm, tak\u017ee je ide\u00e1ln\u00ed pro dlouhodob\u00e9 pou\u017eit\u00ed v exteri\u00e9ru.<br \/>\n<\/p><br \/>\n<br \/>\n<p><b>3.Jak dlouho vydr\u017e\u00ed povlak PVDF na hlin\u00edkov\u00fdch z\u00e1v\u011bsech?<\/b><\/p>\n<p>Povlaky PVDF vydr\u017e\u00ed 20-30 let bez v\u00fdrazn\u00e9ho vyblednut\u00ed, k\u0159\u00eddov\u00e1n\u00ed nebo odlupov\u00e1n\u00ed, a to i v drsn\u00fdch klimatick\u00fdch podm\u00ednk\u00e1ch.<br \/>\n<\/p><br \/>\n<br \/>\n<p><b>4.Jsou hlin\u00edkov\u00e9 profily PVDF vhodn\u00e9 pro v\u00fd\u0161kov\u00e9 budovy?<\/b><\/p>\n<p>Ano, jsou pevn\u00e9, lehk\u00e9 a spl\u0148uj\u00ed v\u00fdkonnostn\u00ed normy po\u017eadovan\u00e9 pro modern\u00ed v\u00fd\u0161kov\u00e9 fas\u00e1dn\u00ed syst\u00e9my.<br \/>\n<\/p><br \/>\n<br \/>\n<p><b>5.M\u016f\u017ee b\u00fdt hlin\u00edkov\u00fd profil z\u00e1v\u011bsov\u00e9 st\u011bny p\u0159izp\u016fsoben?<\/b><\/p>\n<p>Ano, nab\u00edz\u00edme p\u0159izp\u016fsoben\u00ed tvaru, velikosti, povrchov\u00e9 \u00fapravy a barvy profil\u016f, aby odpov\u00eddaly konkr\u00e9tn\u00edm architektonick\u00fdm n\u00e1vrh\u016fm.<br \/>\n<\/p><br \/>\n<br \/>\n<p><b>6.Je hlin\u00edk PVDF \u0161etrn\u00fd k \u017eivotn\u00edmu prost\u0159ed\u00ed?<\/b><\/p>\n<p>Ano, hlin\u00edkov\u00e9 i PVDF n\u00e1t\u011bry jsou recyklovateln\u00e9 a spl\u0148uj\u00ed normy pro ekologick\u00e9 budovy.<br \/>\n<\/p><br \/>\n<br \/>\n<p><b>7.Jak\u00fd druh \u00fadr\u017eby je nutn\u00fd?<\/b><\/p>\n<p>\u00dadr\u017eba je minim\u00e1ln\u00ed - sta\u010d\u00ed ob\u010dasn\u00e9 \u010di\u0161t\u011bn\u00ed jemn\u00fdm \u010distic\u00edm prost\u0159edkem, aby povrch vypadal st\u00e1le jako nov\u00fd.<br \/>\n<\/p><br \/>\n<br \/>\n<p><b>8.Jsou tyto profily v souladu s mezin\u00e1rodn\u00edmi stavebn\u00edmi p\u0159edpisy?<\/b><\/p>\n<p>Ano, na\u0161e hlin\u00edkov\u00e9 profily PVDF pro obvodov\u00e9 st\u011bny spl\u0148uj\u00ed normy ASTM, EN a dal\u0161\u00ed sv\u011btov\u00e9 normy kvality a bezpe\u010dnosti.<br \/>\n<\/p><br \/><\/p>","protected":false},"featured_media":7427,"template":"","categories":[67],"class_list":["post-7428","product","type-product","status-publish","has-post-thumbnail","hentry","category-architectural-aluminium-profile"],"meta_box":{"hilight_text_group":{"product_hilight_text":"<li>PVDF coating offers superior weather and UV resistance for long-term durability<\/li>\r\r\n<li>High-strength aluminum extrusion ensures structural integrity for curtain walls<\/li>\r\r\n<li>Excellent corrosion resistance, ideal for coastal and industrial environments<\/li>\r\r\n<li>Customizable shapes, sizes, and finishes to suit architectural designs<\/li>\r\r\n<li>Lightweight profile reduces building load and simplifies installation<\/li>\r\r\n<li>Fire-resistant and environmentally friendly material meets global standards<\/li>\r\r\n<li>Maintains color and gloss over decades, ensuring lasting aesthetic appeal<\/li>","product_chanpin_blog":"<ul>\r\r\n<li><a href=\"https:\/\/sinoextrud.com\/t-slot-v-slot-differences\/\" target=\"_blank\">t slot vs v slot<\/a><\/li>\r\r\n<li><a href=\"https:\/\/sinoextrud.com\/what-is-4040-aluminium-extrud\/\" target=\"_blank\">4040 aluminium extrusion<\/a><\/li>\r\r\n<li><a href=\"https:\/\/sinoextrud.com\/what-is-4040-aluminium-extrud\/\" target=\"_blank\">aluminum extrusions for industrial racks<\/a><\/li>\r\r\n<li><a href=\"https:\/\/sinoextrud.com\/powder-coating-aluminium-process\/\" target=\"_blank\">powder coating aluminium<\/a><\/li>\r\r\n<li><a href=\"https:\/\/sinoextrud.com\/what-is-an-aluminium-strip-ceiling\/\" target=\"_blank\">aluminium strip ceiling<\/a><\/li>\r\r\n<li><a href=\"https:\/\/sinoextrud.com\/what-is-a-heat-sink\/\" target=\"_blank\">what is a heat sink<\/a><\/li>\r\r\n<\/ul>","product_chanpin_chanpin":"<li><a href=\"https:\/\/sinoextrud.com\/product\/cabinet-furniture-aluminium-extrusions-aluminum-handle-profile-for-kitchen-cabinet-horizontal-g-handle-system\/\" target=\"_blank\">Cabinet Furniture Aluminium Extrusions Aluminum Handle Profile For Kitchen Cabinet Horizontal G Handle System<\/a><\/li>\r\n<li><a href=\"https:\/\/sinoextrud.com\/product\/sound-proof-aluminum-glass-casement-windows-sliding-windows-and-doors-aluminum-profile-for-buildings-louver-system\/\" target=\"_blank\">Sound-proof Aluminum Glass Casement Windows Sliding Windows And Doors Aluminum Profile For Buildings Louver System<\/a><\/li>\r\n<li><a href=\"https:\/\/sinoextrud.com\/product\/shutter-aluminum-profile-for-window-louver-frame\/\" target=\"_blank\">Shutter Aluminum Profile For Window Louver Frame<\/a><\/li>\r\n<li><a href=\"https:\/\/sinoextrud.com\/product\/extrusion-aluminum-shutter-profile-free-mould\/\" target=\"_blank\">Extrusion Aluminum Shutter Profile Free Mould<\/a><\/li>\r\n<li><a href=\"https:\/\/sinoextrud.com\/product\/pvdf-aluminum-extrusion-curtain-wall-profile\/\" target=\"_blank\">PVDF Aluminum Extrusion Curtain Wall Profile<\/a><\/li>\r\n<li><a href=\"https:\/\/sinoextrud.com\/product\/l-aluminum-profile-for-glass-railing\/\" target=\"_blank\">L Aluminum Profile For Glass Railing<\/a><\/li>\r\n<li><a href=\"https:\/\/sinoextrud.com\/product\/bright-anodize-brushed-black-window-profile\/\" target=\"_blank\">Bright Anodize Brushed Black Window Profile<\/a><\/li>\r\n<li><a href=\"https:\/\/sinoextrud.com\/product\/customized-aluminum-alloy-housing-grow-light\/\" target=\"_blank\">Customized Aluminum Alloy Housing Grow Light<\/a><\/li>\r\n<li><a href=\"https:\/\/sinoextrud.com\/product\/extruded-aluminum-interlocking-plank-floor\/\" target=\"_blank\">Extruded Aluminum Interlocking Plank Floor<\/a><\/li>\r\n<li><a href=\"https:\/\/sinoextrud.com\/product\/cnc-machined-6063-aluminium-extrusion-product\/\" target=\"_blank\">CNC Machined 6063 Aluminium Extrusion Product<\/a><\/li>\r\n<li><a href=\"https:\/\/sinoextrud.com\/product\/aluminum-louver-blades\/\" target=\"_blank\">Aluminum Louver Blades<\/a><\/li>"},"feature_list":[]},"_links":{"self":[{"href":"https:\/\/sinoextrud.com\/cs\/wp-json\/wp\/v2\/product\/7428","targetHints":{"allow":["GET"]}}],"collection":[{"href":"https:\/\/sinoextrud.com\/cs\/wp-json\/wp\/v2\/product"}],"about":[{"href":"https:\/\/sinoextrud.com\/cs\/wp-json\/wp\/v2\/types\/product"}],"wp:featuredmedia":[{"embeddable":true,"href":"https:\/\/sinoextrud.com\/cs\/wp-json\/wp\/v2\/media\/7427"}],"wp:attachment":[{"href":"https:\/\/sinoextrud.com\/cs\/wp-json\/wp\/v2\/media?parent=7428"}],"wp:term":[{"taxonomy":"category","embeddable":true,"href":"https:\/\/sinoextrud.com\/cs\/wp-json\/wp\/v2\/categories?post=7428"}],"curies":[{"name":"wp","href":"https:\/\/api.w.org\/{rel}","templated":true}]}}