{"id":7410,"date":"2025-06-07T06:48:25","date_gmt":"2025-06-07T06:48:25","guid":{"rendered":"https:\/\/sinoextrud.com\/product\/custom-cnc-machined-7075-aluminum-extrusion\/"},"modified":"2025-06-24T06:12:44","modified_gmt":"2025-06-24T06:12:44","slug":"zakazkove-cnc-obrabeni-hlinikoveho-vylisku-7075","status":"publish","type":"product","link":"https:\/\/sinoextrud.com\/cs\/product\/custom-cnc-machined-7075-aluminum-extrusion\/","title":{"rendered":"CNC obr\u00e1b\u011bn\u00fd hlin\u00edkov\u00fd v\u00fdlisek 7075 na zak\u00e1zku"},"content":{"rendered":"<h2>Podrobnosti o produktech<\/h2>\n<table class=\"custom-table\">\n<tbody>\n<tr>\n<td> T\u0159\u00edda:<\/td>\n<td> 7075 -t6<\/td>\n<\/tr>\n<tr>\n<td> Technika:<\/td>\n<td> CNC obr\u00e1b\u011bn\u00fd hlin\u00edkov\u00fd v\u00fdlisek 7075 na zak\u00e1zku<\/td>\n<\/tr>\n<tr>\n<td> M\u00edrnost:<\/td>\n<td> T3 - T8<\/td>\n<\/tr>\n<tr>\n<td> Obr\u00e1b\u011bc\u00ed slu\u017eby:<\/td>\n<td> Vrt\u00e1n\u00ed, z\u00e1vitov\u00e1n\u00ed, n\u00fdtov\u00e1n\u00ed, mont\u00e1\u017e atd.<\/td>\n<\/tr>\n<tr>\n<td> Ochrann\u00e1 zn\u00e1mka:<\/td>\n<td> Sinoextrud Sinoextrud <\/td>\n<\/tr>\n<tr>\n<td> Typ:<\/td>\n<td> CNC obr\u00e1b\u011bn\u00fd hlin\u00edkov\u00fd v\u00fdlisek 7075 na zak\u00e1zku<\/td>\n<\/tr>\n<tr>\n<td> Tvar:<\/td>\n<td> Vyrobeno podle n\u00e1vrhu klienta<\/td>\n<\/tr>\n<tr>\n<td> Povrchov\u00e1 \u00faprava:<\/td>\n<td> Anodizovan\u00fd kart\u00e1\u010dovan\u00fd povrch<\/td>\n<\/tr>\n<tr>\n<td> D\u00e9lka:<\/td>\n<td> 1m a\u017e 9m na d\u00e9lku<\/td>\n<\/tr>\n<tr>\n<td> Barvy:<\/td>\n<td> St\u0159\u00edbrn\u00e1 \u010dern\u00e1<\/td>\n<\/tr>\n<tr>\n<td> K\u00f3d HS:<\/td>\n<td> 76042990<\/td>\n<\/tr>\n<\/tbody>\n<\/table>\n<h2>Na\u0161e v\u00fdrobn\u00ed z\u00e1kladna<\/h2>\n<h3>Panorama tov\u00e1rny<\/h3>\n<p><img decoding=\"async\" src=\"\/wp-content\/uploads\/factory-01.webp\"\/><\/p>\n<h3>D\u00edlna na v\u00fdrobu hlin\u00edkov\u00fdch ty\u010d\u00ed<\/h3>\n<p><img decoding=\"async\" src=\"\/wp-content\/uploads\/factory-02.webp\"\/><\/p>\n<p><img decoding=\"async\" src=\"\/wp-content\/uploads\/factory-03.webp\"\/><\/p>\n<h3>Sklad pl\u00edsn\u00ed<\/h3>\n<p><img decoding=\"async\" src=\"\/wp-content\/uploads\/factory-04.webp\"\/><\/p>\n<h3>43 linek na vytla\u010dov\u00e1n\u00ed hlin\u00edku (500 - 5500 tun)<\/h3>\n<p><img decoding=\"async\" src=\"\/wp-content\/uploads\/factory-05.webp\"\/><\/p>\n<p><img decoding=\"async\" src=\"\/wp-content\/uploads\/factory-06.webp\"\/><\/p>\n<p><img decoding=\"async\" src=\"\/wp-content\/uploads\/factory-07.webp\"\/><\/p>\n<h3>D\u00edlna pr\u00e1\u0161kov\u00e9ho lakov\u00e1n\u00ed<\/h3>\n<p><img decoding=\"async\" src=\"\/wp-content\/uploads\/factory-09.webp\"\/><\/p>\n<h3>D\u00edlna eloxov\u00e1n\u00ed<\/h3>\n<p><img decoding=\"async\" src=\"\/wp-content\/uploads\/factory-10.webp\"\/><\/p>\n<h3>Workshop o hloubkov\u00e9m zpracov\u00e1n\u00ed<\/h3>\n<p><img decoding=\"async\" src=\"\/wp-content\/uploads\/factory-11.webp\"\/><\/p>\n<h3>D\u00edlna CNC p\u0159esn\u00e9ho obr\u00e1b\u011bn\u00ed<\/h3>\n<p><img decoding=\"async\" src=\"\/wp-content\/uploads\/factory-11.5.webp\"\/><\/p>\n<h3>Sklad hotov\u00fdch v\u00fdrobk\u016f a exportn\u00ed sklad<\/h3>\n<p><img decoding=\"async\" src=\"\/wp-content\/uploads\/factory-12.webp\"\/><\/p>\n<p><img decoding=\"async\" src=\"\/wp-content\/uploads\/factory-13.webp\"\/><\/p>\n<p><img decoding=\"async\" src=\"\/wp-content\/uploads\/factory-14.webp\"\/><\/p>\n<h2>\u010cASTO KLADEN\u00c9 DOTAZY<\/h2>\n<p><p><b>1.Co je CNC obr\u00e1b\u011bn\u00fd hlin\u00edkov\u00fd v\u00fdlisek 7075?<\/b><\/p>\n<p>Jedn\u00e1 se o vysoce v\u00fdkonn\u00fd hlin\u00edkov\u00fd profil vyroben\u00fd ze slitiny 7075 a obr\u00e1b\u011bn\u00fd na CNC stroj\u00edch podle p\u0159esn\u00fdch specifikac\u00ed pro n\u00e1ro\u010dn\u00e9 pr\u016fmyslov\u00e9 aplikace.<br \/>\n<\/p><br \/>\n<br \/>\n<p><b>2.Pro\u010d zvolit hlin\u00edk 7075 pro CNC obr\u00e1b\u011bn\u00e9 v\u00fdlisky?<\/b><\/p>\n<p>Hlin\u00edk 7075 nab\u00edz\u00ed vynikaj\u00edc\u00ed pom\u011br pevnosti a hmotnosti, vynikaj\u00edc\u00ed obrobitelnost a odolnost proti korozi, tak\u017ee je ide\u00e1ln\u00ed pro pou\u017eit\u00ed v leteck\u00e9m a konstruk\u010dn\u00edm pr\u016fmyslu.<br \/>\n<\/p><br \/>\n<br \/>\n<p><b>3.Jak\u00e9 jsou v\u00fdhody zak\u00e1zkov\u00e9ho CNC obr\u00e1b\u011bn\u00ed?<\/b><\/p>\n<p>CNC obr\u00e1b\u011bn\u00ed zaji\u0161\u0165uje p\u0159\u00edsn\u00e9 tolerance, slo\u017eit\u00e9 geometrie a konzistentn\u00ed kvalitu p\u0159izp\u016fsobenou va\u0161im specifick\u00fdm konstruk\u010dn\u00edm po\u017eadavk\u016fm.<br \/>\n<\/p><br \/>\n<br \/>\n<p><b>4.Je hlin\u00edk 7075 vhodn\u00fd pro vysoce nam\u00e1han\u00e9 aplikace?<\/b><\/p>\n<p>Ano, d\u00edky vysok\u00e9 pevnosti v tahu a odolnosti proti \u00fanav\u011b je ide\u00e1ln\u00ed pro nosn\u00e1 a vysoce v\u00fdkonn\u00e1 prost\u0159ed\u00ed.<br \/>\n<\/p><br \/>\n<br \/>\n<p><b>5.Mohu si objednat vlastn\u00ed tvary a povrchov\u00e9 \u00fapravy?<\/b><\/p>\n<p>Ano, poskytujeme pln\u011b p\u0159izp\u016fsoben\u00e9 v\u00fdlisky s mo\u017enost\u00ed eloxov\u00e1n\u00ed, pr\u00e1\u0161kov\u00e9ho lakov\u00e1n\u00ed a mechanick\u00e9 povrchov\u00e9 \u00fapravy.<br \/>\n<\/p><br \/>\n<br \/>\n<p><b>6.V jak\u00fdch odv\u011btv\u00edch se pou\u017e\u00edvaj\u00ed CNC obr\u00e1b\u011bn\u00e9 hlin\u00edkov\u00e9 v\u00fdlisky 7075?<\/b><\/p>\n<p>Tyto v\u00fdlisky se b\u011b\u017en\u011b pou\u017e\u00edvaj\u00ed v leteck\u00e9m a automobilov\u00e9m pr\u016fmyslu, obrann\u00e9m pr\u016fmyslu, elektronice a p\u0159esn\u00e9m stroj\u00edrenstv\u00ed.<br \/>\n<\/p><br \/>\n<br \/>\n<p><b>7.Jak je hlin\u00edk 7075 odoln\u00fd proti korozi?<\/b><\/p>\n<p>Materi\u00e1l 7075 je dob\u0159e odoln\u00fd proti korozi, zejm\u00e9na pokud je eloxovan\u00fd, i kdy\u017e nen\u00ed tak odoln\u00fd proti korozi jako materi\u00e1l 6061; nejl\u00e9pe se pou\u017e\u00edv\u00e1 s ochrannou povrchovou \u00fapravou.<br \/>\n<\/p><br \/>\n<br \/>\n<p><b>8.Jsou k dispozici objedn\u00e1vky mal\u00fdch s\u00e9ri\u00ed?<\/b><\/p>\n<p>Ano, podporujeme mal\u00e9 i velk\u00e9 v\u00fdrobn\u00ed s\u00e9rie s rychl\u00fdmi dodac\u00edmi lh\u016ftami a konkurenceschopn\u00fdmi cenami.<br \/>\n<\/p><br \/><\/p>","protected":false},"featured_media":7409,"template":"","categories":[67],"class_list":["post-7410","product","type-product","status-publish","has-post-thumbnail","hentry","category-architectural-aluminium-profile"],"meta_box":{"hilight_text_group":{"product_hilight_text":"<li>Made from high-strength 7075 aluminum alloy for aerospace-grade performance<\/li>\r\r\n<li>Custom CNC machining ensures precision and tight tolerances<\/li>\r\r\n<li>Lightweight yet exceptionally strong, ideal for structural applications<\/li>\r\r\n<li>Corrosion-resistant and suitable for high-stress environments<\/li>\r\r\n<li>Customizable profiles, finishes, and dimensions to meet specific project needs<\/li>\r\r\n<li>Ideal for automotive, aerospace, robotics, and defense industries<\/li>\r\r\n<li>Efficient production with fast lead times and consistent quality<\/li>","product_chanpin_blog":"<ul>\r\r\n<li><a href=\"https:\/\/sinoextrud.com\/t-slot-v-slot-differences\/\" target=\"_blank\">t slot vs v slot<\/a><\/li>\r\r\n<li><a href=\"https:\/\/sinoextrud.com\/what-is-4040-aluminium-extrud\/\" target=\"_blank\">4040 aluminium extrusion<\/a><\/li>\r\r\n<li><a href=\"https:\/\/sinoextrud.com\/what-is-4040-aluminium-extrud\/\" target=\"_blank\">aluminum extrusions for industrial racks<\/a><\/li>\r\r\n<li><a href=\"https:\/\/sinoextrud.com\/powder-coating-aluminium-process\/\" target=\"_blank\">powder coating aluminium<\/a><\/li>\r\r\n<li><a href=\"https:\/\/sinoextrud.com\/what-is-an-aluminium-strip-ceiling\/\" target=\"_blank\">aluminium strip ceiling<\/a><\/li>\r\r\n<li><a href=\"https:\/\/sinoextrud.com\/what-is-a-heat-sink\/\" target=\"_blank\">what is a heat sink<\/a><\/li>\r\r\n<\/ul>","product_chanpin_chanpin":"<li><a href=\"https:\/\/sinoextrud.com\/product\/anodizing-aluminum-picture-photo-frame-brushed-aluminium-frame-for-home-decoration\/\" target=\"_blank\">Anodizing Aluminum Picture Photo Frame Brushed Aluminium Frame For Home Decoration<\/a><\/li>\r\n<li><a href=\"https:\/\/sinoextrud.com\/product\/china-aluminum-factory-wholesale-residential-aluminum-fence\/\" target=\"_blank\">China Aluminum Factory Wholesale Residential Aluminum Fence<\/a><\/li>\r\n<li><a href=\"https:\/\/sinoextrud.com\/product\/aluminum-skirting-profile\/\" target=\"_blank\">Aluminum Skirting Profile<\/a><\/li>\r\n<li><a href=\"https:\/\/sinoextrud.com\/product\/customized-large-size-aluminum-alloy-louvers\/\" target=\"_blank\">Customized Large-Size Aluminum Alloy Louvers<\/a><\/li>\r\n<li><a href=\"https:\/\/sinoextrud.com\/product\/custom-cnc-machined-7075-aluminum-extrusion\/\" target=\"_blank\">Custom CNC Machined 7075 Aluminum Extrusion<\/a><\/li>\r\n<li><a href=\"https:\/\/sinoextrud.com\/product\/custom-aluminum-tongue-and-groove-extrusion-for-floor-decking\/\" target=\"_blank\">Custom Aluminum Tongue And Groove Extrusion for floor decking<\/a><\/li>\r\n<li><a href=\"https:\/\/sinoextrud.com\/product\/new-design-kitchen-handle-aluminum-profile\/\" target=\"_blank\">New Design Kitchen Handle Aluminum Profile<\/a><\/li>\r\n<li><a href=\"https:\/\/sinoextrud.com\/product\/aluminum-tube-profile-processing-with-6060-material\/\" target=\"_blank\">Aluminum Tube Profile Processing with 6060 material<\/a><\/li>\r\n<li><a href=\"https:\/\/sinoextrud.com\/product\/shining-polishing-aluminum-profile-anodizing-silver\/\" target=\"_blank\">Shining Polishing Aluminum Profile Anodizing Silver<\/a><\/li>\r\n<li><a href=\"https:\/\/sinoextrud.com\/product\/t-slot-aluminum-extrusion-profile-for-industrial-assembly-line\/\" target=\"_blank\">T Slot Aluminum Extrusion Profile For Industrial Assembly Line<\/a><\/li>\r\n<li><a href=\"https:\/\/sinoextrud.com\/product\/fluorocarbon-coated-aluminium-extrusions\/\" target=\"_blank\">Fluorocarbon Coated Aluminium Extrusions<\/a><\/li>"},"feature_list":[]},"_links":{"self":[{"href":"https:\/\/sinoextrud.com\/cs\/wp-json\/wp\/v2\/product\/7410","targetHints":{"allow":["GET"]}}],"collection":[{"href":"https:\/\/sinoextrud.com\/cs\/wp-json\/wp\/v2\/product"}],"about":[{"href":"https:\/\/sinoextrud.com\/cs\/wp-json\/wp\/v2\/types\/product"}],"wp:featuredmedia":[{"embeddable":true,"href":"https:\/\/sinoextrud.com\/cs\/wp-json\/wp\/v2\/media\/7409"}],"wp:attachment":[{"href":"https:\/\/sinoextrud.com\/cs\/wp-json\/wp\/v2\/media?parent=7410"}],"wp:term":[{"taxonomy":"category","embeddable":true,"href":"https:\/\/sinoextrud.com\/cs\/wp-json\/wp\/v2\/categories?post=7410"}],"curies":[{"name":"wp","href":"https:\/\/api.w.org\/{rel}","templated":true}]}}