{"id":7402,"date":"2025-06-07T06:42:04","date_gmt":"2025-06-07T06:42:04","guid":{"rendered":"https:\/\/sinoextrud.com\/product\/anodizing-aluminum-picture-photo-frame-brushed-aluminium-frame-for-home-decoration\/"},"modified":"2025-06-24T06:12:43","modified_gmt":"2025-06-24T06:12:43","slug":"eloxovany-hlinikovy-fotoramecek-kartacovany-hlinikovy-ram-pro-domaci-dekoraci","status":"publish","type":"product","link":"https:\/\/sinoextrud.com\/cs\/product\/anodizing-aluminum-picture-photo-frame-brushed-aluminium-frame-for-home-decoration\/","title":{"rendered":"eloxov\u00e1n\u00ed hlin\u00edkov\u00fd obraz fotor\u00e1me\u010dek kart\u00e1\u010dovan\u00fd hlin\u00edkov\u00fd r\u00e1m pro dom\u00e1c\u00ed dekoraci"},"content":{"rendered":"<h2>Podrobnosti o produktech<\/h2>\n<table class=\"custom-table\">\n<tbody>\n<tr>\n<td> Polo\u017eka:<\/td>\n<td> eloxov\u00e1n\u00edHlin\u00edkov\u00fd obrazov\u00fd fotor\u00e1me\u010dekBrushed Aluminium FrameFor Home Decoration<\/td>\n<td> T\u0159\u00edda:<\/td>\n<td> \u0158ada 6000<\/td>\n<\/tr>\n<tr>\n<td> M\u00edrnost:<\/td>\n<td> T3-T8<\/td>\n<td> M\u00edsto p\u016fvodu:<\/td>\n<td> Guangdong, \u010c\u00edna<\/td>\n<\/tr>\n<tr>\n<td> Tvar:<\/td>\n<td> Kan\u00e1l ve tvaru U<\/td>\n<td> Slitina nebo ne:<\/td>\n<td> Je slitina<\/td>\n<\/tr>\n<tr>\n<td> Tolerance:<\/td>\n<td> \u00b10,5%<\/td>\n<td> Zna\u010dka:<\/td>\n<td> Sinoextrud<\/td>\n<\/tr>\n<tr>\n<td> Standardn\u00ed:<\/td>\n<td> st\u0159edn\u00ed a vysok\u00e1 kvalita<\/td>\n<td> O\u0161et\u0159en\u00ed povrchu:<\/td>\n<td> pr\u00e1\u0161kov\u00e9 lakov\u00e1n\u00ed, elektrofor\u00e9za, kresba d\u0159eva, eloxov\u00e1n\u00ed, kart\u00e1\u010dov\u00e1n\u00ed, le\u0161t\u011bn\u00ed<\/td>\n<\/tr>\n<tr>\n<td> Doba dod\u00e1n\u00ed:<\/td>\n<td> 25-30 dn\u00ed<\/td>\n<td> MOQ:<\/td>\n<td> 200 kg<\/td>\n<\/tr>\n<tr>\n<td> Term\u00edn platby:<\/td>\n<td> T\/T (30% z\u00e1loha), L\/C<\/td>\n<td> Slu\u017eba zpracov\u00e1n\u00ed:<\/td>\n<td> Oh\u00fdb\u00e1n\u00ed, vrt\u00e1n\u00ed, sva\u0159ov\u00e1n\u00ed, d\u011brov\u00e1n\u00ed, \u0159ez\u00e1n\u00ed<\/td>\n<\/tr>\n<tr>\n<td> P\u0159\u00edstav:<\/td>\n<td> FOB Guangzhou, Shenzhen<\/td>\n<td> D\u00e9lka:<\/td>\n<td> na m\u00edru<\/td>\n<\/tr>\n<tr>\n<td> Barva:<\/td>\n<td> na m\u00edru<\/td>\n<td> Pou\u017eit\u00ed:<\/td>\n<td> Dekorace dom\u016f<\/td>\n<\/tr>\n<\/tbody>\n<\/table>\n<h2>Na\u0161e v\u00fdrobn\u00ed z\u00e1kladna<\/h2>\n<h3>Panorama tov\u00e1rny<\/h3>\n<p><img decoding=\"async\" src=\"\/wp-content\/uploads\/factory-01.webp\"\/><\/p>\n<h3>D\u00edlna na v\u00fdrobu hlin\u00edkov\u00fdch ty\u010d\u00ed<\/h3>\n<p><img decoding=\"async\" src=\"\/wp-content\/uploads\/factory-02.webp\"\/><\/p>\n<p><img decoding=\"async\" src=\"\/wp-content\/uploads\/factory-03.webp\"\/><\/p>\n<h3>Sklad pl\u00edsn\u00ed<\/h3>\n<p><img decoding=\"async\" src=\"\/wp-content\/uploads\/factory-04.webp\"\/><\/p>\n<h3>43 linek na vytla\u010dov\u00e1n\u00ed hlin\u00edku (500-5500 tun)<\/h3>\n<p><img decoding=\"async\" src=\"\/wp-content\/uploads\/factory-05.webp\"\/><\/p>\n<p><img decoding=\"async\" src=\"\/wp-content\/uploads\/factory-06.webp\"\/><\/p>\n<p><img decoding=\"async\" src=\"\/wp-content\/uploads\/factory-07.webp\"\/><\/p>\n<h3>D\u00edlna pr\u00e1\u0161kov\u00e9ho lakov\u00e1n\u00ed<\/h3>\n<p><img decoding=\"async\" src=\"\/wp-content\/uploads\/factory-09.webp\"\/><\/p>\n<h3>D\u00edlna eloxov\u00e1n\u00ed<\/h3>\n<p><img decoding=\"async\" src=\"\/wp-content\/uploads\/factory-10.webp\"\/><\/p>\n<h3>Workshop o hloubkov\u00e9m zpracov\u00e1n\u00ed<\/h3>\n<p><img decoding=\"async\" src=\"\/wp-content\/uploads\/factory-11.webp\"\/><\/p>\n<h3>D\u00edlna CNC p\u0159esn\u00e9ho obr\u00e1b\u011bn\u00ed<\/h3>\n<p><img decoding=\"async\" src=\"\/wp-content\/uploads\/factory-11.5.webp\"\/><\/p>\n<h3>Sklad hotov\u00fdch v\u00fdrobk\u016f a exportn\u00ed sklad<\/h3>\n<p><img decoding=\"async\" src=\"\/wp-content\/uploads\/factory-12.webp\"\/><\/p>\n<p><img decoding=\"async\" src=\"\/wp-content\/uploads\/factory-13.webp\"\/><\/p>\n<p><img decoding=\"async\" src=\"\/wp-content\/uploads\/factory-14.webp\"\/><\/p>\n<h2>\u010cASTO KLADEN\u00c9 DOTAZY<\/h2>\n<p><p><b>1.Co je eloxov\u00e1n\u00ed hlin\u00edkov\u00e9ho fotor\u00e1me\u010dku Kart\u00e1\u010dovan\u00fd hlin\u00edkov\u00fd r\u00e1m?<\/b><\/p>\n<p>Jedn\u00e1 se o dekorativn\u00ed hlin\u00edkov\u00fd r\u00e1m s kart\u00e1\u010dovanou eloxovanou povrchovou \u00fapravou, ur\u010den\u00fd pro dom\u00e1c\u00ed vystavov\u00e1n\u00ed fotografi\u00ed a um\u011bleck\u00fdch d\u011bl s modern\u00ed estetikou.<br \/>\n<\/p><br \/>\n<br \/>\n<p><b>2.Jak\u00e9 jsou v\u00fdhody pou\u017eit\u00ed r\u00e1m\u016f z eloxovan\u00e9ho kart\u00e1\u010dovan\u00e9ho hlin\u00edku?<\/b><\/p>\n<p>Poskytuj\u00ed odolnost proti korozi, prvot\u0159\u00eddn\u00ed kovov\u00fd vzhled, lehkou odolnost a snadnou \u00fadr\u017ebu pro dlouhotrvaj\u00edc\u00ed kr\u00e1su.<br \/>\n<\/p><br \/>\n<br \/>\n<p><b>3.Je tento hlin\u00edkov\u00fd r\u00e1m vhodn\u00fd pro dom\u00e1c\u00ed dekoraci?<\/b><\/p>\n<p>Ano, hod\u00ed se do ob\u00fdvac\u00edch pokoj\u016f, lo\u017enic, chodeb i galeri\u00ed a dod\u00e1 stylov\u00fd n\u00e1dech ka\u017ed\u00e9mu interi\u00e9ru.<br \/>\n<\/p><br \/>\n<br \/>\n<p><b>4.Mohu si u t\u011bchto r\u00e1m\u016f vybrat r\u016fzn\u00e9 velikosti a povrchov\u00e9 \u00fapravy?<\/b><\/p>\n<p>Ano, nab\u00edz\u00edme p\u0159izp\u016fsobiteln\u00e9 rozm\u011bry, eloxovan\u00e9 barvy a kart\u00e1\u010dovan\u00e9 textury, kter\u00e9 odpov\u00eddaj\u00ed va\u0161emu dekorativn\u00edmu motivu.<br \/>\n<\/p><br \/>\n<br \/>\n<p><b>5.Jak odoln\u00e1 je eloxovan\u00e1 povrchov\u00e1 \u00faprava?<\/b><\/p>\n<p>Proces eloxov\u00e1n\u00ed vytv\u00e1\u0159\u00ed tvrd\u00fd ochrann\u00fd povrch, kter\u00fd je odoln\u00fd proti po\u0161kr\u00e1b\u00e1n\u00ed, vyblednut\u00ed a korozi a zaji\u0161\u0165uje dlouhodob\u00e9 pou\u017e\u00edv\u00e1n\u00ed.<br \/>\n<\/p><br \/>\n<br \/>\n<p><b>6.Daj\u00ed se tyto r\u00e1my snadno zav\u011bsit?<\/b><\/p>\n<p>Ano, jsou dod\u00e1v\u00e1ny se standardn\u00edm mont\u00e1\u017en\u00edm p\u0159\u00edslu\u0161enstv\u00edm a jsou lehk\u00e9 pro jednoduchou a bezpe\u010dnou instalaci na st\u011bnu.<br \/>\n<\/p><br \/>\n<br \/>\n<p><b>7.Jak\u00e9 materi\u00e1ly jsou s t\u011bmito r\u00e1my kompatibiln\u00ed?<\/b><\/p>\n<p>Dob\u0159e se hod\u00ed na fotografie, sklo, akryl a um\u011bleck\u00e1 d\u00edla, tak\u017ee jsou univerz\u00e1ln\u00ed pro r\u016fzn\u00e9 dom\u00e1c\u00ed dekorace.<br \/>\n<\/p><br \/>\n<br \/>\n<p><b>8.Kde se tyto r\u00e1me\u010dky na fotografie z brou\u0161en\u00e9ho hlin\u00edku b\u011b\u017en\u011b pou\u017e\u00edvaj\u00ed?<\/b><\/p>\n<p>Jsou hojn\u011b vyu\u017e\u00edv\u00e1ny v modern\u00edch domech, bytech, um\u011bleck\u00fdch ateli\u00e9rech, kancel\u00e1\u0159\u00edch a obchodech s d\u00e1rkov\u00fdmi p\u0159edm\u011bty, a to jak pro funk\u010dn\u00ed, tak pro dekorativn\u00ed \u00fa\u010dely.<br \/>\n<\/p><br \/><\/p>","protected":false},"featured_media":7401,"template":"","categories":[67],"class_list":["post-7402","product","type-product","status-publish","has-post-thumbnail","hentry","category-architectural-aluminium-profile"],"meta_box":{"hilight_text_group":{"product_hilight_text":"<li>Brushed anodized aluminum surface offers a modern and elegant appearance<\/li>\r\r\n<li>Corrosion-resistant finish ensures long-term durability in home environments<\/li>\r\r\n<li>Lightweight structure allows easy wall mounting and repositioning<\/li>\r\r\n<li>Perfect for framing photos, art, posters, and decorative prints<\/li>\r\r\n<li>Available in multiple sizes and finishes to suit various interior styles<\/li>\r\r\n<li>Precision-cut edges and smooth corners enhance visual appeal<\/li>\r\r\n<li>Easy to assemble with secure backing and hanging hardware<\/li>","product_chanpin_blog":"<ul>\r\r\n<li><a href=\"https:\/\/sinoextrud.com\/t-slot-v-slot-differences\/\" target=\"_blank\">t slot vs v slot<\/a><\/li>\r\r\n<li><a href=\"https:\/\/sinoextrud.com\/what-is-4040-aluminium-extrud\/\" target=\"_blank\">4040 aluminium extrusion<\/a><\/li>\r\r\n<li><a href=\"https:\/\/sinoextrud.com\/what-is-4040-aluminium-extrud\/\" target=\"_blank\">aluminum extrusions for industrial racks<\/a><\/li>\r\r\n<li><a href=\"https:\/\/sinoextrud.com\/powder-coating-aluminium-process\/\" target=\"_blank\">powder coating aluminium<\/a><\/li>\r\r\n<li><a href=\"https:\/\/sinoextrud.com\/what-is-an-aluminium-strip-ceiling\/\" target=\"_blank\">aluminium strip ceiling<\/a><\/li>\r\r\n<li><a href=\"https:\/\/sinoextrud.com\/what-is-a-heat-sink\/\" target=\"_blank\">what is a heat sink<\/a><\/li>\r\r\n<\/ul>","product_chanpin_chanpin":"<li><a href=\"https:\/\/sinoextrud.com\/product\/square-aluminium-extrusion\/\" target=\"_blank\">Square Aluminium Extrusion<\/a><\/li>\r\n<li><a href=\"https:\/\/sinoextrud.com\/product\/u-shape-extruded-aluminum-wall-panels\/\" target=\"_blank\">U Shape Extruded Aluminum Wall Panels<\/a><\/li>\r\n<li><a href=\"https:\/\/sinoextrud.com\/product\/greenhouse-aluminum-extrusions-blade-window\/\" target=\"_blank\">Greenhouse Aluminum Extrusions Blade Window<\/a><\/li>\r\n<li><a href=\"https:\/\/sinoextrud.com\/product\/wide-aluminum-extrusions\/\" target=\"_blank\">Wide Aluminum Extrusions<\/a><\/li>\r\n<li><a href=\"https:\/\/sinoextrud.com\/product\/anodizing-aluminum-picture-photo-frame-brushed-aluminium-frame-for-home-decoration\/\" target=\"_blank\">Anodizing Aluminum Picture Photo Frame Brushed Aluminium Frame For Home Decoration<\/a><\/li>\r\n<li><a href=\"https:\/\/sinoextrud.com\/product\/china-aluminum-factory-wholesale-residential-aluminum-fence\/\" target=\"_blank\">China Aluminum Factory Wholesale Residential Aluminum Fence<\/a><\/li>\r\n<li><a href=\"https:\/\/sinoextrud.com\/product\/aluminum-skirting-profile\/\" target=\"_blank\">Aluminum Skirting Profile<\/a><\/li>\r\n<li><a href=\"https:\/\/sinoextrud.com\/product\/customized-large-size-aluminum-alloy-louvers\/\" target=\"_blank\">Customized Large-Size Aluminum Alloy Louvers<\/a><\/li>\r\n<li><a href=\"https:\/\/sinoextrud.com\/product\/custom-cnc-machined-7075-aluminum-extrusion\/\" target=\"_blank\">Custom CNC Machined 7075 Aluminum Extrusion<\/a><\/li>\r\n<li><a href=\"https:\/\/sinoextrud.com\/product\/dripping-screen-ceiling-system\/\" target=\"_blank\">Dripping Screen Ceiling System<\/a><\/li>\r\n<li><a href=\"https:\/\/sinoextrud.com\/product\/anodized-extrusion-precise-round-square-aluminum-tube\/\" target=\"_blank\">Anodized Extrusion Precise Round Square Aluminum Tube<\/a><\/li>"},"feature_list":[]},"_links":{"self":[{"href":"https:\/\/sinoextrud.com\/cs\/wp-json\/wp\/v2\/product\/7402","targetHints":{"allow":["GET"]}}],"collection":[{"href":"https:\/\/sinoextrud.com\/cs\/wp-json\/wp\/v2\/product"}],"about":[{"href":"https:\/\/sinoextrud.com\/cs\/wp-json\/wp\/v2\/types\/product"}],"wp:featuredmedia":[{"embeddable":true,"href":"https:\/\/sinoextrud.com\/cs\/wp-json\/wp\/v2\/media\/7401"}],"wp:attachment":[{"href":"https:\/\/sinoextrud.com\/cs\/wp-json\/wp\/v2\/media?parent=7402"}],"wp:term":[{"taxonomy":"category","embeddable":true,"href":"https:\/\/sinoextrud.com\/cs\/wp-json\/wp\/v2\/categories?post=7402"}],"curies":[{"name":"wp","href":"https:\/\/api.w.org\/{rel}","templated":true}]}}