{"id":7398,"date":"2025-06-07T06:38:21","date_gmt":"2025-06-07T06:38:21","guid":{"rendered":"https:\/\/sinoextrud.com\/product\/greenhouse-aluminum-extrusions-blade-window\/"},"modified":"2025-06-24T06:12:43","modified_gmt":"2025-06-24T06:12:43","slug":"sklenikove-hlinikove-vylisky-lopatkove-okno","status":"publish","type":"product","link":"https:\/\/sinoextrud.com\/cs\/product\/greenhouse-aluminum-extrusions-blade-window\/","title":{"rendered":"Sklen\u00edkov\u00e9 hlin\u00edkov\u00e9 v\u00fdlisky Blade Window"},"content":{"rendered":"<h2>Podrobnosti o produktech<\/h2>\n<table class=\"custom-table\">\n<tbody>\n<tr>\n<td> T\u0159\u00edda:<\/td>\n<td> 6063 -t5<\/td>\n<\/tr>\n<tr>\n<td> Technika:<\/td>\n<td> Sklen\u00edkov\u00e9 hlin\u00edkov\u00e9 v\u00fdlisky Blade Window<\/td>\n<\/tr>\n<tr>\n<td> M\u00edrnost:<\/td>\n<td> T3 - T8<\/td>\n<\/tr>\n<tr>\n<td> Obr\u00e1b\u011bc\u00ed slu\u017eby:<\/td>\n<td> Vrt\u00e1n\u00ed, z\u00e1vitov\u00e1n\u00ed, n\u00fdtov\u00e1n\u00ed, mont\u00e1\u017e atd.<\/td>\n<\/tr>\n<tr>\n<td> Ochrann\u00e1 zn\u00e1mka:<\/td>\n<td> Sinoextrud Sinoextrud <\/td>\n<\/tr>\n<tr>\n<td> Typ:<\/td>\n<td> Sklen\u00edkov\u00e9 hlin\u00edkov\u00e9 v\u00fdlisky Blade Window<\/td>\n<\/tr>\n<tr>\n<td> Tvar:<\/td>\n<td> Vyrobeno podle n\u00e1vrhu klienta<\/td>\n<\/tr>\n<tr>\n<td> Povrchov\u00e1 \u00faprava:<\/td>\n<td> Anodizovan\u00fd kart\u00e1\u010dovan\u00fd povrch<\/td>\n<\/tr>\n<tr>\n<td> D\u00e9lka:<\/td>\n<td> 1m a\u017e 9m na d\u00e9lku<\/td>\n<\/tr>\n<tr>\n<td> Barvy:<\/td>\n<td> St\u0159\u00edbrn\u00e1 \u010dern\u00e1<\/td>\n<\/tr>\n<tr>\n<td> K\u00f3d HS:<\/td>\n<td> 76042990<\/td>\n<\/tr>\n<\/tbody>\n<\/table>\n<h2>Na\u0161e v\u00fdrobn\u00ed z\u00e1kladna<\/h2>\n<h3>Panorama tov\u00e1rny<\/h3>\n<p><img decoding=\"async\" src=\"\/wp-content\/uploads\/factory-01.webp\"\/><\/p>\n<h3>D\u00edlna na v\u00fdrobu hlin\u00edkov\u00fdch ty\u010d\u00ed<\/h3>\n<p><img decoding=\"async\" src=\"\/wp-content\/uploads\/factory-02.webp\"\/><\/p>\n<p><img decoding=\"async\" src=\"\/wp-content\/uploads\/factory-03.webp\"\/><\/p>\n<h3>Sklad pl\u00edsn\u00ed<\/h3>\n<p><img decoding=\"async\" src=\"\/wp-content\/uploads\/factory-04.webp\"\/><\/p>\n<h3>43 linek na vytla\u010dov\u00e1n\u00ed hlin\u00edku (500 - 5500 tun)<\/h3>\n<p><img decoding=\"async\" src=\"\/wp-content\/uploads\/factory-05.webp\"\/><\/p>\n<p><img decoding=\"async\" src=\"\/wp-content\/uploads\/factory-06.webp\"\/><\/p>\n<p><img decoding=\"async\" src=\"\/wp-content\/uploads\/factory-07.webp\"\/><\/p>\n<h3>D\u00edlna pr\u00e1\u0161kov\u00e9ho lakov\u00e1n\u00ed<\/h3>\n<p><img decoding=\"async\" src=\"\/wp-content\/uploads\/factory-09.webp\"\/><\/p>\n<h3>D\u00edlna eloxov\u00e1n\u00ed<\/h3>\n<p><img decoding=\"async\" src=\"\/wp-content\/uploads\/factory-10.webp\"\/><\/p>\n<h3>Workshop o hloubkov\u00e9m zpracov\u00e1n\u00ed<\/h3>\n<p><img decoding=\"async\" src=\"\/wp-content\/uploads\/factory-11.webp\"\/><\/p>\n<h3>D\u00edlna CNC p\u0159esn\u00e9ho obr\u00e1b\u011bn\u00ed<\/h3>\n<p><img decoding=\"async\" src=\"\/wp-content\/uploads\/factory-11.5.webp\"\/><\/p>\n<h3>Sklad hotov\u00fdch v\u00fdrobk\u016f a exportn\u00ed sklad<\/h3>\n<p><img decoding=\"async\" src=\"\/wp-content\/uploads\/factory-12.webp\"\/><\/p>\n<p><img decoding=\"async\" src=\"\/wp-content\/uploads\/factory-13.webp\"\/><\/p>\n<p><img decoding=\"async\" src=\"\/wp-content\/uploads\/factory-14.webp\"\/><\/p>\n<h2>\u010cASTO KLADEN\u00c9 DOTAZY<\/h2>\n<p><p><b>1.Co jsou sklen\u00edkov\u00e9 hlin\u00edkov\u00e9 v\u00fdlisky Blade Window?<\/b><\/p>\n<p>Sklen\u00edkov\u00e9 hlin\u00edkov\u00e9 v\u00fdlisky Blade Window jsou hlin\u00edkov\u00e9 profily, kter\u00e9 se pou\u017e\u00edvaj\u00ed k r\u00e1mov\u00e1n\u00ed a podep\u0159en\u00ed \u017ealuziov\u00fdch oken ve sklen\u00edkov\u00fdch ventila\u010dn\u00edch syst\u00e9mech.<br \/>\n<\/p><br \/>\n<br \/>\n<p><b>2.Jak\u00e9 jsou v\u00fdhody pou\u017eit\u00ed hlin\u00edkov\u00fdch v\u00fdlisk\u016f pro sklen\u00edkov\u00e1 okna?<\/b><\/p>\n<p>Poskytuj\u00ed lehkou pevnost, odolnost proti korozi a p\u0159esnou regulaci proud\u011bn\u00ed vzduchu, kter\u00e1 je nezbytn\u00e1 pro zdrav\u00e9 prost\u0159ed\u00ed rostlin.<br \/>\n<\/p><br \/>\n<br \/>\n<p><b>3.Jsou tyto v\u00fdlisky vhodn\u00e9 do sklen\u00edkov\u00fdch podm\u00ednek s vysokou vlhkost\u00ed?<\/b><\/p>\n<p>Ano, jsou odoln\u00e9 proti korozi a speci\u00e1ln\u011b navr\u017een\u00e9 pro pou\u017eit\u00ed ve vlhk\u00e9m a mokr\u00e9m sklen\u00edkov\u00e9m klimatu.<br \/>\n<\/p><br \/>\n<br \/>\n<p><b>4.Lze v\u00fdlisky okenn\u00edch \u010depel\u00ed p\u0159izp\u016fsobit?<\/b><\/p>\n<p>Ano, nab\u00edz\u00edme zak\u00e1zkov\u00e9 velikosti, tvary a povrchov\u00e9 \u00fapravy, kter\u00e9 odpov\u00eddaj\u00ed specifick\u00fdm konstrukc\u00edm sklen\u00edk\u016f a pot\u0159eb\u00e1m v\u011btr\u00e1n\u00ed.<br \/>\n<\/p><br \/>\n<br \/>\n<p><b>5.Jak zlep\u0161uj\u00ed v\u00fdlisky lamelov\u00fdch oken proud\u011bn\u00ed vzduchu ve sklen\u00edku?<\/b><\/p>\n<p>Podporuj\u00ed \u017ealuziov\u00e1 okna, kter\u00e1 lze nakl\u00e1n\u011bt pod \u00fahlem pro optim\u00e1ln\u00ed p\u0159irozen\u00e9 v\u011btr\u00e1n\u00ed a regulaci teploty.<br \/>\n<\/p><br \/>\n<br \/>\n<p><b>6.Jsou tyto hlin\u00edkov\u00e9 profily kompatibiln\u00ed s automatiza\u010dn\u00edmi syst\u00e9my?<\/b><\/p>\n<p>Ano, jsou navr\u017eeny tak, aby je bylo mo\u017en\u00e9 integrovat s manu\u00e1ln\u00edmi i automatick\u00fdmi otev\u00edrac\u00edmi mechanismy, co\u017e usnad\u0148uje jejich pou\u017e\u00edv\u00e1n\u00ed.<br \/>\n<\/p><br \/>\n<br \/>\n<p><b>7.Vy\u017eaduj\u00ed sklen\u00edkov\u00e9 hlin\u00edkov\u00e9 v\u00fdlisky zvl\u00e1\u0161tn\u00ed \u00fadr\u017ebu?<\/b><\/p>\n<p>Ne, d\u00edky sv\u00e9 trvanlivosti a odolnosti proti korozi vy\u017eaduj\u00ed minim\u00e1ln\u00ed \u00fadr\u017ebu.<br \/>\n<\/p><br \/>\n<br \/>\n<p><b>8.Kde se b\u011b\u017en\u011b pou\u017e\u00edvaj\u00ed tyto v\u00fdlisky na okna s lopatkami?<\/b><\/p>\n<p>Jsou \u0161iroce pou\u017e\u00edv\u00e1ny v komer\u010dn\u00edch sklen\u00edc\u00edch, zahradnick\u00fdch za\u0159\u00edzen\u00edch a zem\u011bd\u011blsk\u00fdch budov\u00e1ch pro \u00fa\u010dinn\u00e9 v\u011btr\u00e1n\u00ed.<br \/>\n<\/p><br \/><\/p>","protected":false},"featured_media":7397,"template":"","categories":[67],"class_list":["post-7398","product","type-product","status-publish","has-post-thumbnail","hentry","category-architectural-aluminium-profile"],"meta_box":{"hilight_text_group":{"product_hilight_text":"<li>Designed specifically for greenhouse blade (louver) window systems<\/li>\r\r\n<li>High-strength aluminum ensures structural stability and longevity<\/li>\r\r\n<li>Corrosion-resistant finish ideal for humid greenhouse environments<\/li>\r\r\n<li>Lightweight material allows for easy installation and operation<\/li>\r\r\n<li>Customizable sizes and profiles to match various greenhouse designs<\/li>\r\r\n<li>Supports smooth airflow control and natural ventilation<\/li>\r\r\n<li>Compatible with automated and manual window opening systems<\/li>","product_chanpin_blog":"<ul>\r\r\n<li><a href=\"https:\/\/sinoextrud.com\/t-slot-v-slot-differences\/\" target=\"_blank\">t slot vs v slot<\/a><\/li>\r\r\n<li><a href=\"https:\/\/sinoextrud.com\/what-is-4040-aluminium-extrud\/\" target=\"_blank\">4040 aluminium extrusion<\/a><\/li>\r\r\n<li><a href=\"https:\/\/sinoextrud.com\/what-is-4040-aluminium-extrud\/\" target=\"_blank\">aluminum extrusions for industrial racks<\/a><\/li>\r\r\n<li><a href=\"https:\/\/sinoextrud.com\/powder-coating-aluminium-process\/\" target=\"_blank\">powder coating aluminium<\/a><\/li>\r\r\n<li><a href=\"https:\/\/sinoextrud.com\/what-is-an-aluminium-strip-ceiling\/\" target=\"_blank\">aluminium strip ceiling<\/a><\/li>\r\r\n<li><a href=\"https:\/\/sinoextrud.com\/what-is-a-heat-sink\/\" target=\"_blank\">what is a heat sink<\/a><\/li>\r\r\n<\/ul>","product_chanpin_chanpin":"<li><a href=\"https:\/\/sinoextrud.com\/product\/anodized-extruded-aluminum-j-channel\/\" target=\"_blank\">Anodized Extruded Aluminum J Channel<\/a><\/li>\r\n<li><a href=\"https:\/\/sinoextrud.com\/product\/aluminum-handrail-profiles\/\" target=\"_blank\">Aluminum Handrail Profiles<\/a><\/li>\r\n<li><a href=\"https:\/\/sinoextrud.com\/product\/square-aluminium-extrusion\/\" target=\"_blank\">Square Aluminium Extrusion<\/a><\/li>\r\n<li><a href=\"https:\/\/sinoextrud.com\/product\/u-shape-extruded-aluminum-wall-panels\/\" target=\"_blank\">U Shape Extruded Aluminum Wall Panels<\/a><\/li>\r\n<li><a href=\"https:\/\/sinoextrud.com\/product\/greenhouse-aluminum-extrusions-blade-window\/\" target=\"_blank\">Greenhouse Aluminum Extrusions Blade Window<\/a><\/li>\r\n<li><a href=\"https:\/\/sinoextrud.com\/product\/wide-aluminum-extrusions\/\" target=\"_blank\">Wide Aluminum Extrusions<\/a><\/li>\r\n<li><a href=\"https:\/\/sinoextrud.com\/product\/anodizing-aluminum-picture-photo-frame-brushed-aluminium-frame-for-home-decoration\/\" target=\"_blank\">Anodizing Aluminum Picture Photo Frame Brushed Aluminium Frame For Home Decoration<\/a><\/li>\r\n<li><a href=\"https:\/\/sinoextrud.com\/product\/china-aluminum-factory-wholesale-residential-aluminum-fence\/\" target=\"_blank\">China Aluminum Factory Wholesale Residential Aluminum Fence<\/a><\/li>\r\n<li><a href=\"https:\/\/sinoextrud.com\/product\/aluminum-skirting-profile\/\" target=\"_blank\">Aluminum Skirting Profile<\/a><\/li>\r\n<li><a href=\"https:\/\/sinoextrud.com\/product\/aluminum-z-section-extrusions\/\" target=\"_blank\">Aluminum Z Section Extrusions<\/a><\/li>\r\n<li><a href=\"https:\/\/sinoextrud.com\/product\/round-extruded-aluminum\/\" target=\"_blank\">Round Extruded Aluminum<\/a><\/li>"},"feature_list":[]},"_links":{"self":[{"href":"https:\/\/sinoextrud.com\/cs\/wp-json\/wp\/v2\/product\/7398","targetHints":{"allow":["GET"]}}],"collection":[{"href":"https:\/\/sinoextrud.com\/cs\/wp-json\/wp\/v2\/product"}],"about":[{"href":"https:\/\/sinoextrud.com\/cs\/wp-json\/wp\/v2\/types\/product"}],"wp:featuredmedia":[{"embeddable":true,"href":"https:\/\/sinoextrud.com\/cs\/wp-json\/wp\/v2\/media\/7397"}],"wp:attachment":[{"href":"https:\/\/sinoextrud.com\/cs\/wp-json\/wp\/v2\/media?parent=7398"}],"wp:term":[{"taxonomy":"category","embeddable":true,"href":"https:\/\/sinoextrud.com\/cs\/wp-json\/wp\/v2\/categories?post=7398"}],"curies":[{"name":"wp","href":"https:\/\/api.w.org\/{rel}","templated":true}]}}