{"id":7396,"date":"2025-06-07T06:36:48","date_gmt":"2025-06-07T06:36:48","guid":{"rendered":"https:\/\/sinoextrud.com\/product\/u-shape-extruded-aluminum-wall-panels\/"},"modified":"2025-06-24T06:12:43","modified_gmt":"2025-06-24T06:12:43","slug":"extrudovane-hlinikove-stenove-panely-ve-tvaru-pismene-u","status":"publish","type":"product","link":"https:\/\/sinoextrud.com\/cs\/product\/u-shape-extruded-aluminum-wall-panels\/","title":{"rendered":"Extrudovan\u00e9 hlin\u00edkov\u00e9 st\u011bnov\u00e9 panely ve tvaru p\u00edsmene U"},"content":{"rendered":"<h2>Podrobnosti o produktech<\/h2>\n<table class=\"custom-table\">\n<tbody>\n<tr>\n<td> Polo\u017eka:<\/td>\n<td> Extrudovan\u00e9 hlin\u00edkov\u00e9 st\u011bnov\u00e9 panely ve tvaru p\u00edsmene U<\/td>\n<td> T\u0159\u00edda:<\/td>\n<td> \u0158ada 6000 6063<\/td>\n<\/tr>\n<tr>\n<td> M\u00edrnost:<\/td>\n<td> 6063-T5<\/td>\n<td> M\u00edsto p\u016fvodu:<\/td>\n<td> Foshan, Guangdong<\/td>\n<\/tr>\n<tr>\n<td> Tvar:<\/td>\n<td> Kan\u00e1l ve tvaru U<\/td>\n<td> Slitina nebo ne:<\/td>\n<td> Slitina Alunimun<\/td>\n<\/tr>\n<tr>\n<td> Tolerance:<\/td>\n<td> \u00b10,5%<\/td>\n<td> Zna\u010dka:<\/td>\n<td> Sinoextrud, Sinoextrud<\/td>\n<\/tr>\n<tr>\n<td> Standardn\u00ed:<\/td>\n<td> st\u0159edn\u00ed a vysok\u00e1 kvalita<\/td>\n<td> Povrchov\u00e1 \u00faprava:<\/td>\n<td> pr\u00e1\u0161kov\u00e9 lakov\u00e1n\u00ed, elektrofor\u00e9za, kresba d\u0159eva, eloxov\u00e1n\u00ed, kart\u00e1\u010dov\u00e1n\u00ed, le\u0161t\u011bn\u00ed<\/td>\n<\/tr>\n<tr>\n<td> Doba dod\u00e1n\u00ed:<\/td>\n<td> 25-30 dn\u00ed<\/td>\n<td> MOQ:<\/td>\n<td> 200 kg<\/td>\n<\/tr>\n<tr>\n<td> Term\u00edn platby:<\/td>\n<td> T\/T (30% z\u00e1loha), L\/C<\/td>\n<td> Slu\u017eba zpracov\u00e1n\u00ed:<\/td>\n<td> Oh\u00fdb\u00e1n\u00ed, odv\u00edjen\u00ed, sva\u0159ov\u00e1n\u00ed, d\u011brov\u00e1n\u00ed, \u0159ez\u00e1n\u00ed<\/td>\n<\/tr>\n<tr>\n<td> P\u0159\u00edstav:<\/td>\n<td> Guangzhou, Shenzhen<\/td>\n<td> D\u00e9lka::<\/td>\n<td> 1-9m nebo na m\u00edru<\/td>\n<\/tr>\n<\/tbody>\n<\/table>\n<h2>Na\u0161e v\u00fdrobn\u00ed z\u00e1kladna<\/h2>\n<h3>Panorama tov\u00e1rny<\/h3>\n<p><img decoding=\"async\" src=\"\/wp-content\/uploads\/factory-01.webp\"\/><\/p>\n<h3>D\u00edlna na v\u00fdrobu hlin\u00edkov\u00fdch ty\u010d\u00ed<\/h3>\n<p><img decoding=\"async\" src=\"\/wp-content\/uploads\/factory-02.webp\"\/><\/p>\n<p><img decoding=\"async\" src=\"\/wp-content\/uploads\/factory-03.webp\"\/><\/p>\n<h3>Sklad pl\u00edsn\u00ed<\/h3>\n<p><img decoding=\"async\" src=\"\/wp-content\/uploads\/factory-04.webp\"\/><\/p>\n<h3>43 linek na vytla\u010dov\u00e1n\u00ed hlin\u00edku (500-5500 tun)<\/h3>\n<p><img decoding=\"async\" src=\"\/wp-content\/uploads\/factory-05.webp\"\/><\/p>\n<p><img decoding=\"async\" src=\"\/wp-content\/uploads\/factory-06.webp\"\/><\/p>\n<p><img decoding=\"async\" src=\"\/wp-content\/uploads\/factory-07.webp\"\/><\/p>\n<h3>D\u00edlna pr\u00e1\u0161kov\u00e9ho lakov\u00e1n\u00ed<\/h3>\n<p><img decoding=\"async\" src=\"\/wp-content\/uploads\/factory-09.webp\"\/><\/p>\n<h3>D\u00edlna eloxov\u00e1n\u00ed<\/h3>\n<p><img decoding=\"async\" src=\"\/wp-content\/uploads\/factory-10.webp\"\/><\/p>\n<h3>Workshop o hloubkov\u00e9m zpracov\u00e1n\u00ed<\/h3>\n<p><img decoding=\"async\" src=\"\/wp-content\/uploads\/factory-11.webp\"\/><\/p>\n<h3>D\u00edlna CNC p\u0159esn\u00e9ho obr\u00e1b\u011bn\u00ed<\/h3>\n<p><img decoding=\"async\" src=\"\/wp-content\/uploads\/factory-11.5.webp\"\/><\/p>\n<h3>Sklad hotov\u00fdch v\u00fdrobk\u016f a exportn\u00ed sklad<\/h3>\n<p><img decoding=\"async\" src=\"\/wp-content\/uploads\/factory-12.webp\"\/><\/p>\n<p><img decoding=\"async\" src=\"\/wp-content\/uploads\/factory-13.webp\"\/><\/p>\n<p><img decoding=\"async\" src=\"\/wp-content\/uploads\/factory-14.webp\"\/><\/p>\n<h2>\u010cASTO KLADEN\u00c9 DOTAZY<\/h2>\n<p><p><b>1.Co jsou extrudovan\u00e9 hlin\u00edkov\u00e9 st\u011bnov\u00e9 panely tvaru U?<\/b><\/p>\n<p>Extrudovan\u00e9 hlin\u00edkov\u00e9 st\u011bnov\u00e9 panely ve tvaru p\u00edsmene U jsou architektonick\u00e9 obkladov\u00e9 panely s profilem p\u00edsmene U, ur\u010den\u00e9 pro elegantn\u00ed a modern\u00ed povrchov\u00e9 \u00fapravy st\u011bn.<br \/>\n<\/p><br \/>\n<br \/>\n<p><b>2.Jak\u00e9 jsou v\u00fdhody hlin\u00edkov\u00fdch st\u011bnov\u00fdch panel\u016f ve tvaru U?<\/b><\/p>\n<p>Poskytuj\u00ed \u010dist\u00fd vzhled, odolnost proti korozi, lehkou pevnost a snadnou instalaci pro pou\u017eit\u00ed v interi\u00e9ru i exteri\u00e9ru.<br \/>\n<\/p><br \/>\n<br \/>\n<p><b>3.Jsou tyto panely vhodn\u00e9 pro venkovn\u00ed pou\u017eit\u00ed?<\/b><\/p>\n<p>Ano, d\u00edky hlin\u00edkov\u00e9mu materi\u00e1lu a ochrann\u00fdm povrchov\u00fdm \u00faprav\u00e1m jsou ide\u00e1ln\u00ed pro vn\u011bj\u0161\u00ed obkladov\u00e9 syst\u00e9my do ka\u017ed\u00e9ho po\u010das\u00ed.<br \/>\n<\/p><br \/>\n<br \/>\n<p><b>4.Can U Shape hlin\u00edkov\u00e9 st\u011bnov\u00e9 panely b\u00fdt p\u0159izp\u016fsobeny?<\/b><\/p>\n<p>Ano, nab\u00edz\u00edme vlastn\u00ed velikosti, barvy, povrchov\u00e9 \u00fapravy a konfigurace dr\u00e1\u017eek podle architektonick\u00fdch po\u017eadavk\u016f.<br \/>\n<\/p><br \/>\n<br \/>\n<p><b>5.Jak se instaluj\u00ed hlin\u00edkov\u00e9 st\u011bnov\u00e9 panely ve tvaru U?<\/b><\/p>\n<p>Obvykle se instaluj\u00ed pomoc\u00ed skryt\u00fdch upev\u0148ovac\u00edch prvk\u016f nebo mont\u00e1\u017en\u00edch li\u0161t, aby p\u016fsobily celistv\u00fdm a jednolit\u00fdm dojmem.<br \/>\n<\/p><br \/>\n<br \/>\n<p><b>6.Jak\u00e9 povrchov\u00e9 \u00fapravy jsou k dispozici pro tyto hlin\u00edkov\u00e9 st\u011bnov\u00e9 panely?<\/b><\/p>\n<p>K dispozici jsou eloxovan\u00e9, pr\u00e1\u0161kov\u011b lakovan\u00e9, kart\u00e1\u010dovan\u00e9 a vlastn\u00ed barvy, kter\u00e9 vyhovuj\u00ed r\u016fzn\u00fdm estetick\u00fdm po\u017eadavk\u016fm na design.<br \/>\n<\/p><br \/>\n<br \/>\n<p><b>7.Jsou tyto panely lehk\u00e9 a snadno se s nimi manipuluje?<\/b><\/p>\n<p>Ano, d\u00edky hlin\u00edkov\u00e9 konstrukci jsou lehk\u00e9 a snadno se p\u0159epravuj\u00ed, vyr\u00e1b\u011bj\u00ed a instaluj\u00ed.<br \/>\n<\/p><br \/>\n<br \/>\n<p><b>8.Kde se b\u011b\u017en\u011b pou\u017e\u00edvaj\u00ed extrudovan\u00e9 hlin\u00edkov\u00e9 st\u011bnov\u00e9 panely ve tvaru U?<\/b><\/p>\n<p>Pou\u017e\u00edvaj\u00ed se v komer\u010dn\u00edch budov\u00e1ch, obytn\u00fdch interi\u00e9rech, fas\u00e1dn\u00edch syst\u00e9mech, vestibulech a dekorativn\u00edch st\u011bn\u00e1ch.<br \/>\n<\/p><br \/><\/p>","protected":false},"featured_media":7395,"template":"","categories":[67],"class_list":["post-7396","product","type-product","status-publish","has-post-thumbnail","hentry","category-architectural-aluminium-profile"],"meta_box":{"hilight_text_group":{"product_hilight_text":"<li>Unique U-shape profile offers modern and clean architectural lines<\/li>\r\r\n<li>Made from high-quality aluminum for lightweight strength and durability<\/li>\r\r\n<li>Corrosion-resistant surface ensures long-term performance<\/li>\r\r\n<li>Easy installation with concealed fasteners for a seamless look<\/li>\r\r\n<li>Available in various sizes, finishes, and colors<\/li>\r\r\n<li>Ideal for interior and exterior wall cladding applications<\/li>\r\r\n<li>Supports custom fabrication to meet project-specific designs<\/li>","product_chanpin_blog":"<ul>\r\r\n<li><a href=\"https:\/\/sinoextrud.com\/t-slot-v-slot-differences\/\" target=\"_blank\">t slot vs v slot<\/a><\/li>\r\r\n<li><a href=\"https:\/\/sinoextrud.com\/what-is-4040-aluminium-extrud\/\" target=\"_blank\">4040 aluminium extrusion<\/a><\/li>\r\r\n<li><a href=\"https:\/\/sinoextrud.com\/what-is-4040-aluminium-extrud\/\" target=\"_blank\">aluminum extrusions for industrial racks<\/a><\/li>\r\r\n<li><a href=\"https:\/\/sinoextrud.com\/powder-coating-aluminium-process\/\" target=\"_blank\">powder coating aluminium<\/a><\/li>\r\r\n<li><a href=\"https:\/\/sinoextrud.com\/what-is-an-aluminium-strip-ceiling\/\" target=\"_blank\">aluminium strip ceiling<\/a><\/li>\r\r\n<li><a href=\"https:\/\/sinoextrud.com\/what-is-a-heat-sink\/\" target=\"_blank\">what is a heat sink<\/a><\/li>\r\r\n<\/ul>","product_chanpin_chanpin":"<li><a href=\"https:\/\/sinoextrud.com\/product\/extruded-h-beam-aluminum-profile\/\" target=\"_blank\">Extruded H Beam Aluminum Profile<\/a><\/li>\r\n<li><a href=\"https:\/\/sinoextrud.com\/product\/anodized-extruded-aluminum-j-channel\/\" target=\"_blank\">Anodized Extruded Aluminum J Channel<\/a><\/li>\r\n<li><a href=\"https:\/\/sinoextrud.com\/product\/aluminum-handrail-profiles\/\" target=\"_blank\">Aluminum Handrail Profiles<\/a><\/li>\r\n<li><a href=\"https:\/\/sinoextrud.com\/product\/square-aluminium-extrusion\/\" target=\"_blank\">Square Aluminium Extrusion<\/a><\/li>\r\n<li><a href=\"https:\/\/sinoextrud.com\/product\/u-shape-extruded-aluminum-wall-panels\/\" target=\"_blank\">U Shape Extruded Aluminum Wall Panels<\/a><\/li>\r\n<li><a href=\"https:\/\/sinoextrud.com\/product\/greenhouse-aluminum-extrusions-blade-window\/\" target=\"_blank\">Greenhouse Aluminum Extrusions Blade Window<\/a><\/li>\r\n<li><a href=\"https:\/\/sinoextrud.com\/product\/wide-aluminum-extrusions\/\" target=\"_blank\">Wide Aluminum Extrusions<\/a><\/li>\r\n<li><a href=\"https:\/\/sinoextrud.com\/product\/anodizing-aluminum-picture-photo-frame-brushed-aluminium-frame-for-home-decoration\/\" target=\"_blank\">Anodizing Aluminum Picture Photo Frame Brushed Aluminium Frame For Home Decoration<\/a><\/li>\r\n<li><a href=\"https:\/\/sinoextrud.com\/product\/china-aluminum-factory-wholesale-residential-aluminum-fence\/\" target=\"_blank\">China Aluminum Factory Wholesale Residential Aluminum Fence<\/a><\/li>\r\n<li><a href=\"https:\/\/sinoextrud.com\/product\/u-shaped-baffle-ceiling-system\/\" target=\"_blank\">U-Shaped Baffle Ceiling System<\/a><\/li>\r\n<li><a href=\"https:\/\/sinoextrud.com\/product\/aluminum-cnc-machined-part-custom-aluminum-machining\/\" target=\"_blank\">Aluminum CNC Machined Part Custom Aluminum Machining<\/a><\/li>"},"feature_list":[]},"_links":{"self":[{"href":"https:\/\/sinoextrud.com\/cs\/wp-json\/wp\/v2\/product\/7396","targetHints":{"allow":["GET"]}}],"collection":[{"href":"https:\/\/sinoextrud.com\/cs\/wp-json\/wp\/v2\/product"}],"about":[{"href":"https:\/\/sinoextrud.com\/cs\/wp-json\/wp\/v2\/types\/product"}],"wp:featuredmedia":[{"embeddable":true,"href":"https:\/\/sinoextrud.com\/cs\/wp-json\/wp\/v2\/media\/7395"}],"wp:attachment":[{"href":"https:\/\/sinoextrud.com\/cs\/wp-json\/wp\/v2\/media?parent=7396"}],"wp:term":[{"taxonomy":"category","embeddable":true,"href":"https:\/\/sinoextrud.com\/cs\/wp-json\/wp\/v2\/categories?post=7396"}],"curies":[{"name":"wp","href":"https:\/\/api.w.org\/{rel}","templated":true}]}}