{"id":7370,"date":"2025-06-07T06:16:05","date_gmt":"2025-06-07T06:16:05","guid":{"rendered":"https:\/\/sinoextrud.com\/product\/extruded-aluminum-hex-tube\/"},"modified":"2025-06-24T06:12:39","modified_gmt":"2025-06-24T06:12:39","slug":"extrudovana-hlinikova-sestihranna-trubka","status":"publish","type":"product","link":"https:\/\/sinoextrud.com\/cs\/product\/extruded-aluminum-hex-tube\/","title":{"rendered":"Extrudovan\u00e1 hlin\u00edkov\u00e1 \u0161estihrann\u00e1 trubka"},"content":{"rendered":"<h2>Podrobnosti o produktech<\/h2>\n<table class=\"custom-table\">\n<tbody>\n<tr>\n<td> N\u00e1zev<\/td>\n<td> Extrudovan\u00e1 hlin\u00edkov\u00e1 \u0161estihrann\u00e1 trubka<\/td>\n<\/tr>\n<tr>\n<td> Zna\u010dka<\/td>\n<td> Sinoextrud\/Sinoextrud<\/td>\n<\/tr>\n<tr>\n<td> Kategorie<\/td>\n<td> Hlin\u00edkov\u00fd v\u00fdlisek<\/td>\n<\/tr>\n<tr>\n<td> Materi\u00e1l<\/td>\n<td> K dispozici je hlin\u00edkov\u00e1 slitina (6063, 6061,6464,6082), s\u00e9rie 1000 a 3000.<\/td>\n<\/tr>\n<tr>\n<td> Temperament<\/td>\n<td> T5-T8<\/td>\n<\/tr>\n<tr>\n<td> D\u00e9lka<\/td>\n<td> Podle v\u00fdkresu<\/td>\n<\/tr>\n<tr>\n<td> Velikost (mm)<\/td>\n<td> Posuvn\u00fd typ<\/td>\n<\/tr>\n<tr>\n<td> Tvar<\/td>\n<td> Hex<\/td>\n<\/tr>\n<tr>\n<td> Povrchov\u00e1 \u00faprava<\/td>\n<td> Povrchov\u00e1 \u00faprava; k dispozici je tak\u00e9 eloxov\u00e1n\u00ed, p\u00edskov\u00e1n\u00ed a elektrofor\u00e9za.<\/td>\n<\/tr>\n<tr>\n<td> Barva<\/td>\n<td> St\u0159\u00edbrn\u00e1, \u010dern\u00e1, zlat\u00e1, Champange, bronzov\u00e1, \u010derven\u00e1. modr\u00e1 a m\u016f\u017eeme p\u0159izp\u016fsobit barvy na z\u00e1klad\u011b vzork\u016f z\u00e1kazn\u00edk\u016f.<\/td>\n<\/tr>\n<tr>\n<td> Z\u00e1ruka<\/td>\n<td> BV , TUV , ISO<\/td>\n<\/tr>\n<tr>\n<td> Standardn\u00ed<\/td>\n<td> St\u0159edn\u00ed a vysok\u00e1 kvalita<\/td>\n<\/tr>\n<tr>\n<td> MOQ<\/td>\n<td> 200KGS pro ka\u017edou polo\u017eku<\/td>\n<\/tr>\n<tr>\n<td> Z<\/td>\n<td> Guangdong, \u010c\u00edna<\/td>\n<\/tr>\n<tr>\n<td> Aplikace<\/td>\n<td> Dekorace, stavebnictv\u00ed a pr\u016fmysl.<\/td>\n<\/tr>\n<tr>\n<td> Hloubkov\u00e9 zpracov\u00e1n\u00ed<\/td>\n<td> \u0158ez\u00e1n\u00ed, vrt\u00e1n\u00ed, obr\u00e1b\u011bn\u00ed, d\u011brov\u00e1n\u00ed, oh\u00fdb\u00e1n\u00ed, z\u00e1vitov\u00e1n\u00ed atd.<\/td>\n<\/tr>\n<tr>\n<td> Bal\u00ed\u010dek<\/td>\n<td> Uvnit\u0159 s ochrannou f\u00f3li\u00ed, smr\u0161\u0165ovac\u00ed f\u00f3li\u00ed nebo PE p\u011bnou. Vn\u011bj\u0161\u00ed strana s krabic\u00ed, kartonem nebo d\u0159ev\u011bn\u00fdm r\u00e1mem nebo p\u0159izp\u016fsoben\u00edm.<\/td>\n<\/tr>\n<tr>\n<td> Doba dod\u00e1n\u00ed<\/td>\n<td> V\u00fdvoj formy a konformace vzorku je 12-18 dn\u00ed, pak je doba v\u00fdroby 25-30 dn\u00ed po obdr\u017een\u00ed z\u00e1lohy od kupuj\u00edc\u00edho.<\/td>\n<\/tr>\n<tr>\n<td> Kapacita v\u00fdrobku<\/td>\n<td> 15 000 tun \/ m\u011bs\u00edc<\/td>\n<\/tr>\n<\/tbody>\n<\/table>\n<h2>Na\u0161e v\u00fdrobn\u00ed z\u00e1kladna<\/h2>\n<h3>Panorama tov\u00e1rny<\/h3>\n<p><img decoding=\"async\" src=\"\/wp-content\/uploads\/factory-01.webp\"\/><\/p>\n<h3>D\u00edlna na v\u00fdrobu hlin\u00edkov\u00fdch ty\u010d\u00ed<\/h3>\n<p><img decoding=\"async\" src=\"\/wp-content\/uploads\/factory-02.webp\"\/><\/p>\n<\/p>\n<p><img decoding=\"async\" src=\"\/wp-content\/uploads\/factory-03.webp\"\/><\/p>\n<h3>Sklad pl\u00edsn\u00ed<\/h3>\n<p><img decoding=\"async\" src=\"\/wp-content\/uploads\/factory-04.webp\"\/><\/p>\n<h3>43 linek na vytla\u010dov\u00e1n\u00ed hlin\u00edku (500 - 5500 tun)<\/h3>\n<p><img decoding=\"async\" src=\"\/wp-content\/uploads\/factory-05.webp\"\/><\/p>\n<p><img decoding=\"async\" src=\"\/wp-content\/uploads\/factory-06.webp\"\/><\/p>\n<p><img decoding=\"async\" src=\"\/wp-content\/uploads\/factory-07.webp\"\/><\/p>\n<h3>D\u00edlna pr\u00e1\u0161kov\u00e9ho lakov\u00e1n\u00ed<\/h3>\n<p><img decoding=\"async\" src=\"\/wp-content\/uploads\/factory-09.webp\"\/><\/p>\n<h3>D\u00edlna eloxov\u00e1n\u00ed<\/h3>\n<p><img decoding=\"async\" src=\"\/wp-content\/uploads\/factory-10.webp\"\/><\/p>\n<h3>Workshop o hloubkov\u00e9m zpracov\u00e1n\u00ed<\/h3>\n<p><img decoding=\"async\" src=\"\/wp-content\/uploads\/factory-11.webp\"\/><\/p>\n<h3>D\u00edlna CNC p\u0159esn\u00e9ho obr\u00e1b\u011bn\u00ed<\/h3>\n<p><img decoding=\"async\" src=\"\/wp-content\/uploads\/factory-11.5.webp\"\/><\/p>\n<h3>Sklad hotov\u00fdch v\u00fdrobk\u016f a exportn\u00ed sklad<\/h3>\n<p><img decoding=\"async\" src=\"\/wp-content\/uploads\/factory-12.webp\"\/><\/p>\n<p><img decoding=\"async\" src=\"\/wp-content\/uploads\/factory-13.webp\"\/><\/p>\n<p><img decoding=\"async\" src=\"\/wp-content\/uploads\/factory-14.webp\"\/><\/p>\n<h2>\u010cASTO KLADEN\u00c9 DOTAZY<\/h2>\n<p><b>1.Co je extrudovan\u00e1 hlin\u00edkov\u00e1 \u0161estihrann\u00e1 trubka?<\/b><\/p>\n<p>Extrudovan\u00e1 hlin\u00edkov\u00e1 \u0161estihrann\u00e1 trubka je dut\u00fd hlin\u00edkov\u00fd profil se \u0161estihrann\u00fdm pr\u016f\u0159ezem, kter\u00fd se pou\u017e\u00edv\u00e1 v konstruk\u010dn\u00edch, dekorativn\u00edch a pr\u016fmyslov\u00fdch aplikac\u00edch.\n<\/p>\n<p><\/p>\n<p><b>2.Pro\u010d zvolit \u0161estihrannou trubku m\u00edsto kulat\u00e9 nebo \u010dtvercov\u00e9?<\/b><\/p>\n<p>\u0160estihrann\u00e1 konstrukce nab\u00edz\u00ed jedine\u010dnou mechanickou pevnost, snadn\u00e9 se\u0159\u00edzen\u00ed a modern\u00ed estetiku pro r\u016fzn\u00e9 specializovan\u00e9 aplikace.\n<\/p>\n<p><\/p>\n<p><b>3.Jak\u00e9 jsou v\u00fdhody extrudovan\u00fdch hlin\u00edkov\u00fdch \u0161estihrann\u00fdch trubek?<\/b><\/p>\n<p>Jsou lehk\u00e9, odoln\u00e9 proti korozi a pevn\u00e9, tak\u017ee jsou vhodn\u00e9 pro vnit\u0159n\u00ed i venkovn\u00ed pou\u017eit\u00ed v n\u00e1ro\u010dn\u00e9m prost\u0159ed\u00ed.\n<\/p>\n<p><\/p>\n<p><b>4.Lze hlin\u00edkov\u00e9 \u0161estihrann\u00e9 trubky p\u0159izp\u016fsobit?<\/b><\/p>\n<p>Ano, lze je p\u0159izp\u016fsobit, pokud jde o pr\u016fm\u011br, tlou\u0161\u0165ku st\u011bny, d\u00e9lku, typ slitiny a povrchovou \u00fapravu, aby vyhovovaly po\u017eadavk\u016fm OEM.\n<\/p>\n<p><\/p>\n<p><b>5.Jak\u00e9 slitiny se b\u011b\u017en\u011b pou\u017e\u00edvaj\u00ed pro hlin\u00edkov\u00e9 \u0161estihrann\u00e9 trubky?<\/b><\/p>\n<p>Obvykle se vol\u00ed slitiny 6061 a 6063 pro jejich vyv\u00e1\u017eenou pevnost, sva\u0159itelnost a odolnost proti korozi.\n<\/p>\n<p><\/p>\n<p><b>6.Jak\u00e1 odv\u011btv\u00ed pou\u017e\u00edvaj\u00ed hlin\u00edkov\u00e9 \u0161estihrann\u00e9 trubky?<\/b><\/p>\n<p>Mezi odv\u011btv\u00ed pat\u0159\u00ed leteck\u00fd a kosmick\u00fd pr\u016fmysl, automobilov\u00fd pr\u016fmysl, n\u00e1bytk\u00e1\u0159stv\u00ed, n\u00e1mo\u0159n\u00ed pr\u016fmysl, robotika a architektonick\u00fd design.\n<\/p>\n<p><\/p>\n<p><b>7.Mohou b\u00fdt extrudovan\u00e9 hlin\u00edkov\u00e9 \u0161estihrann\u00e9 trubky eloxov\u00e1ny nebo opat\u0159eny pr\u00e1\u0161kovou barvou?<\/b><\/p>\n<p>Absolutn\u011b podporuj\u00ed r\u016fzn\u00e9 povrchov\u00e9 \u00fapravy v\u010detn\u011b eloxov\u00e1n\u00ed, pr\u00e1\u0161kov\u00e9ho lakov\u00e1n\u00ed, le\u0161t\u011bn\u00ed a kart\u00e1\u010dov\u00e1n\u00ed pro zv\u00fd\u0161en\u00ed odolnosti a atraktivity.\n<\/p>\n<p><\/p>","protected":false},"featured_media":7369,"template":"","categories":[67],"class_list":["post-7370","product","type-product","status-publish","has-post-thumbnail","hentry","category-architectural-aluminium-profile"],"meta_box":{"hilight_text_group":{"product_hilight_text":"<li>Unique hexagonal shape provides enhanced mechanical strength and aesthetics<\/li>\r\r\n<li>Made from lightweight yet durable aluminum for easy handling<\/li>\r\r\n<li>Excellent corrosion resistance for indoor and outdoor use<\/li>\r\r\n<li>Customizable in wall thickness, alloy grade, and surface finish<\/li>\r\r\n<li>Ideal for automotive, structural, aerospace, and decorative applications<\/li>\r\r\n<li>Supports OEM production and bulk ordering with consistent quality<\/li>","product_chanpin_blog":"<ul>\r\r\n<li><a href=\"https:\/\/sinoextrud.com\/t-slot-v-slot-differences\/\" target=\"_blank\">t slot vs v slot<\/a><\/li>\r\r\n<li><a href=\"https:\/\/sinoextrud.com\/what-is-4040-aluminium-extrud\/\" target=\"_blank\">4040 aluminium extrusion<\/a><\/li>\r\r\n<li><a href=\"https:\/\/sinoextrud.com\/what-is-4040-aluminium-extrud\/\" target=\"_blank\">aluminum extrusions for industrial racks<\/a><\/li>\r\r\n<li><a href=\"https:\/\/sinoextrud.com\/powder-coating-aluminium-process\/\" target=\"_blank\">powder coating aluminium<\/a><\/li>\r\r\n<li><a href=\"https:\/\/sinoextrud.com\/what-is-an-aluminium-strip-ceiling\/\" target=\"_blank\">aluminium strip ceiling<\/a><\/li>\r\r\n<li><a href=\"https:\/\/sinoextrud.com\/what-is-a-heat-sink\/\" target=\"_blank\">what is a heat sink<\/a><\/li>\r\r\n<\/ul>","product_chanpin_chanpin":"<li><a href=\"https:\/\/sinoextrud.com\/product\/aluminum-extruded-profile-f-channel\/\" target=\"_blank\">Aluminum Extruded Profile F Channel<\/a><\/li>\r\n<li><a href=\"https:\/\/sinoextrud.com\/product\/cnc-machining-aluminum-hat-channel-extrusions\/\" target=\"_blank\">CNC Machining Aluminum Hat Channel Extrusions<\/a><\/li>\r\n<li><a href=\"https:\/\/sinoextrud.com\/product\/bulk-extruded-aluminum\/\" target=\"_blank\">Bulk Extruded Aluminum<\/a><\/li>\r\n<li><a href=\"https:\/\/sinoextrud.com\/product\/sliding-door-extrusions\/\" target=\"_blank\">Sliding Door Extrusions<\/a><\/li>\r\n<li><a href=\"https:\/\/sinoextrud.com\/product\/extruded-aluminum-hex-tube\/\" target=\"_blank\">Extruded Aluminum Hex Tube<\/a><\/li>\r\n<li><a href=\"https:\/\/sinoextrud.com\/product\/aluminum-extrusion-brackets\/\" target=\"_blank\">Aluminum Extrusion Brackets<\/a><\/li>\r\n<li><a href=\"https:\/\/sinoextrud.com\/product\/custom-aluminum-tongue-and-groove-extrusion\/\" target=\"_blank\">Custom Aluminum Tongue And Groove Extrusion<\/a><\/li>\r\n<li><a href=\"https:\/\/sinoextrud.com\/product\/aluminum-extrusion-connectors-for-window-door-aluminum\/\" target=\"_blank\">Aluminum Extrusion Connectors For Window Door Aluminum<\/a><\/li>\r\n<li><a href=\"https:\/\/sinoextrud.com\/product\/wooden-grain-40mm-aluminum-extrusion-profiles\/\" target=\"_blank\">Wooden Grain 40mm Aluminum Extrusion Profiles<\/a><\/li>\r\n<li><a href=\"https:\/\/sinoextrud.com\/product\/hospital-aluminum-profile\/\" target=\"_blank\">Hospital Aluminum Profile<\/a><\/li>\r\n<li><a href=\"https:\/\/sinoextrud.com\/product\/comb-shape-aluminium-heat-sink\/\" target=\"_blank\">Comb Shape Aluminium Heat Sink<\/a><\/li>"},"feature_list":[]},"_links":{"self":[{"href":"https:\/\/sinoextrud.com\/cs\/wp-json\/wp\/v2\/product\/7370","targetHints":{"allow":["GET"]}}],"collection":[{"href":"https:\/\/sinoextrud.com\/cs\/wp-json\/wp\/v2\/product"}],"about":[{"href":"https:\/\/sinoextrud.com\/cs\/wp-json\/wp\/v2\/types\/product"}],"wp:featuredmedia":[{"embeddable":true,"href":"https:\/\/sinoextrud.com\/cs\/wp-json\/wp\/v2\/media\/7369"}],"wp:attachment":[{"href":"https:\/\/sinoextrud.com\/cs\/wp-json\/wp\/v2\/media?parent=7370"}],"wp:term":[{"taxonomy":"category","embeddable":true,"href":"https:\/\/sinoextrud.com\/cs\/wp-json\/wp\/v2\/categories?post=7370"}],"curies":[{"name":"wp","href":"https:\/\/api.w.org\/{rel}","templated":true}]}}