{"id":7364,"date":"2025-06-07T06:07:47","date_gmt":"2025-06-07T06:07:47","guid":{"rendered":"https:\/\/sinoextrud.com\/product\/cnc-machining-aluminum-hat-channel-extrusions\/"},"modified":"2025-06-24T06:12:38","modified_gmt":"2025-06-24T06:12:38","slug":"cnc-obrabeni-hlinikovych-kanalovych-vylisku-pro-klobouky","status":"publish","type":"product","link":"https:\/\/sinoextrud.com\/cs\/product\/cnc-machining-aluminum-hat-channel-extrusions\/","title":{"rendered":"CNC obr\u00e1b\u011bn\u00ed hlin\u00edkov\u00fdch kan\u00e1lov\u00fdch v\u00fdlisk\u016f pro klobouky"},"content":{"rendered":"<h2>Podrobnosti o produktech<\/h2>\n<table class=\"custom-table\">\n<tbody>\n<tr>\n<td> T\u0159\u00edda:<\/td>\n<td> 6063 -t5<\/td>\n<\/tr>\n<tr>\n<td> Technika:<\/td>\n<td> CNC obr\u00e1b\u011bn\u00ed<\/td>\n<\/tr>\n<tr>\n<td> M\u00edrnost:<\/td>\n<td> T3 - T8<\/td>\n<\/tr>\n<tr>\n<td> Obr\u00e1b\u011bc\u00ed slu\u017eby:<\/td>\n<td> Vrt\u00e1n\u00ed, z\u00e1vitov\u00e1n\u00ed, n\u00fdtov\u00e1n\u00ed, mont\u00e1\u017e atd.<\/td>\n<\/tr>\n<tr>\n<td> Ochrann\u00e1 zn\u00e1mka:<\/td>\n<td> Sinoextrud Sinoextrud <\/td>\n<\/tr>\n<tr>\n<td> Typ:<\/td>\n<td> CNC obr\u00e1b\u011bn\u00ed hlin\u00edkov\u00fdch kan\u00e1lov\u00fdch v\u00fdlisk\u016f pro klobouky<\/td>\n<\/tr>\n<tr>\n<td> Tvar:<\/td>\n<td> Vyrobeno podle n\u00e1vrhu klienta<\/td>\n<\/tr>\n<tr>\n<td> Povrchov\u00e1 \u00faprava:<\/td>\n<td> Anodizovan\u00fd kart\u00e1\u010dovan\u00fd povrch<\/td>\n<\/tr>\n<tr>\n<td> D\u00e9lka:<\/td>\n<td> 1m a\u017e 9m na d\u00e9lku<\/td>\n<\/tr>\n<tr>\n<td> Barvy:<\/td>\n<td> St\u0159\u00edbrn\u00e1 \u010dern\u00e1<\/td>\n<\/tr>\n<tr>\n<td> K\u00f3d HS:<\/td>\n<td> 76042990<\/td>\n<\/tr>\n<\/tbody>\n<\/table>\n<h2>Na\u0161e v\u00fdrobn\u00ed z\u00e1kladna<\/h2>\n<h3>Panorama tov\u00e1rny<\/h3>\n<p><img decoding=\"async\" src=\"\/wp-content\/uploads\/factory-01.webp\"\/><\/p>\n<h3>D\u00edlna na v\u00fdrobu hlin\u00edkov\u00fdch ty\u010d\u00ed<\/h3>\n<p><img decoding=\"async\" src=\"\/wp-content\/uploads\/factory-02.webp\"\/><\/p>\n<p><img decoding=\"async\" src=\"\/wp-content\/uploads\/factory-03.webp\"\/><\/p>\n<h3>Sklad pl\u00edsn\u00ed<\/h3>\n<p><img decoding=\"async\" src=\"\/wp-content\/uploads\/factory-04.webp\"\/><\/p>\n<h3>43 linek na vytla\u010dov\u00e1n\u00ed hlin\u00edku (500 - 5500 tun)<\/h3>\n<p><img decoding=\"async\" src=\"\/wp-content\/uploads\/factory-05.webp\"\/><\/p>\n<p><img decoding=\"async\" src=\"\/wp-content\/uploads\/factory-06.webp\"\/><\/p>\n<p><img decoding=\"async\" src=\"\/wp-content\/uploads\/factory-07.webp\"\/><\/p>\n<h3>D\u00edlna pr\u00e1\u0161kov\u00e9ho lakov\u00e1n\u00ed<\/h3>\n<p><img decoding=\"async\" src=\"\/wp-content\/uploads\/factory-09.webp\"\/><\/p>\n<h3>D\u00edlna eloxov\u00e1n\u00ed<\/h3>\n<p><img decoding=\"async\" src=\"\/wp-content\/uploads\/factory-10.webp\"\/><\/p>\n<h3>Workshop o hloubkov\u00e9m zpracov\u00e1n\u00ed<\/h3>\n<p><img decoding=\"async\" src=\"\/wp-content\/uploads\/factory-11.webp\"\/><\/p>\n<h3>D\u00edlna CNC p\u0159esn\u00e9ho obr\u00e1b\u011bn\u00ed<\/h3>\n<p><img decoding=\"async\" src=\"\/wp-content\/uploads\/factory-11.5.webp\"\/><\/p>\n<h3>Sklad hotov\u00fdch v\u00fdrobk\u016f a exportn\u00ed sklad<\/h3>\n<p><img decoding=\"async\" src=\"\/wp-content\/uploads\/factory-12.webp\"\/><\/p>\n<p><img decoding=\"async\" src=\"\/wp-content\/uploads\/factory-13.webp\"\/><\/p>\n<p><img decoding=\"async\" src=\"\/wp-content\/uploads\/factory-14.webp\"\/><\/p>\n<h2>\u010cASTO KLADEN\u00c9 DOTAZY<\/h2>\n<p><p><b>1.What jsou CNC obr\u00e1b\u011bn\u00ed hlin\u00edku Hat Channel v\u00fdlisky?<\/b><\/p>\n<p>Jedn\u00e1 se o hlin\u00edkov\u00e9 profily s pr\u016f\u0159ezem ve tvaru klobouku, kter\u00e9 jsou obr\u00e1b\u011bny na CNC stroj\u00edch pro p\u0159esn\u00e9 \u0159ezy, otvory a konstruk\u010dn\u00ed prvky.<br \/>\n<\/p><br \/>\n<br \/>\n<p><b>2.Pro\u010d si vybrat CNC obr\u00e1b\u011bn\u00e9 hlin\u00edkov\u00e9 kloboukov\u00e9 kan\u00e1ly?<\/b><\/p>\n<p>CNC obr\u00e1b\u011bn\u00ed zaji\u0161\u0165uje vysokou p\u0159esnost, tak\u017ee tyto kan\u00e1ly jsou ide\u00e1ln\u00ed pro konstruk\u010dn\u00ed, mechanick\u00e9 nebo dekorativn\u00ed aplikace vy\u017eaduj\u00edc\u00ed p\u0159esnost.<br \/>\n<\/p><br \/>\n<br \/>\n<p><b>3.Jak\u00e9 jsou b\u011b\u017en\u00e9 zp\u016fsoby pou\u017eit\u00ed hlin\u00edkov\u00fdch kan\u00e1lov\u00fdch v\u00fdlisk\u016f?<\/b><\/p>\n<p>Pou\u017e\u00edvaj\u00ed se v r\u00e1mov\u00fdch syst\u00e9mech, mont\u00e1\u017en\u00edch konzol\u00e1ch, v\u00fdztuh\u00e1ch sk\u0159\u00edn\u00ed, syst\u00e9mech HVAC a architektonick\u00fdch obkladech.<br \/>\n<\/p><br \/>\n<br \/>\n<p><b>4.Lze tyto v\u00fdlisky pro kloboukov\u00e9 kan\u00e1ly p\u0159izp\u016fsobit?<\/b><\/p>\n<p>Ano, lze je p\u0159izp\u016fsobit, pokud jde o velikost, tlou\u0161\u0165ku st\u011bny, uspo\u0159\u00e1d\u00e1n\u00ed otvor\u016f, povrchovou \u00fapravu a v\u00fdb\u011br slitiny podle pot\u0159eb projektu.<br \/>\n<\/p><br \/>\n<br \/>\n<p><b>5.Jak\u00e9 hlin\u00edkov\u00e9 slitiny se obvykle pou\u017e\u00edvaj\u00ed pro lisov\u00e1n\u00ed kloboukov\u00fdch kan\u00e1l\u016f?<\/b><\/p>\n<p>Mezi b\u011b\u017en\u00e9 slitiny pat\u0159\u00ed 6061 a 6063, kter\u00e9 nab\u00edzej\u00ed rovnov\u00e1hu mezi pevnost\u00ed, obrobitelnost\u00ed a odolnost\u00ed proti korozi.<br \/>\n<\/p><br \/>\n<br \/>\n<p><b>6.Lze tyto profily pou\u017e\u00edt ve venkovn\u00edm prost\u0159ed\u00ed?<\/b><\/p>\n<p>V p\u0159\u00edpad\u011b eloxov\u00e1n\u00ed nebo pr\u00e1\u0161kov\u00e9ho lakov\u00e1n\u00ed maj\u00ed vynikaj\u00edc\u00ed odolnost v\u016f\u010di pov\u011btrnostn\u00edm vliv\u016fm, vlhkosti a UV z\u00e1\u0159en\u00ed.<br \/>\n<\/p><br \/>\n<br \/>\n<p><b>7.Podporuj\u00ed CNC obr\u00e1b\u011bn\u00e9 hlin\u00edkov\u00e9 kloboukov\u00e9 kan\u00e1ly v\u00fdrobu OEM?<\/b><\/p>\n<p>Ano, k dispozici jsou kompletn\u00ed slu\u017eby OEM, v\u010detn\u011b v\u00fdroby prototyp\u016f, hromadn\u00e9 v\u00fdroby a soukrom\u00e9ho zna\u010den\u00ed pro zak\u00e1zkov\u00e9 pr\u016fmyslov\u00e9 nebo komer\u010dn\u00ed projekty.<br \/>\n<\/p><br \/><\/p>","protected":false},"featured_media":7363,"template":"","categories":[67],"class_list":["post-7364","product","type-product","status-publish","has-post-thumbnail","hentry","category-architectural-aluminium-profile"],"meta_box":{"hilight_text_group":{"product_hilight_text":"<li>Precision CNC machining ensures tight tolerances and accurate dimensions<\/li>\r\r\n<li>High-strength aluminum hat channel provides excellent structural support<\/li>\r\r\n<li>Corrosion-resistant surface suitable for indoor and outdoor environments<\/li>\r\r\n<li>Lightweight yet durable for efficient transportation and installation<\/li>\r\r\n<li>Customizable lengths, hole patterns, and finishes for OEM applications<\/li>\r\r\n<li>Ideal for framing, mounting, enclosure systems, and architectural use<\/li>","product_chanpin_blog":"<ul>\r\r\n<li><a href=\"https:\/\/sinoextrud.com\/t-slot-v-slot-differences\/\" target=\"_blank\">t slot vs v slot<\/a><\/li>\r\r\n<li><a href=\"https:\/\/sinoextrud.com\/what-is-4040-aluminium-extrud\/\" target=\"_blank\">4040 aluminium extrusion<\/a><\/li>\r\r\n<li><a href=\"https:\/\/sinoextrud.com\/what-is-4040-aluminium-extrud\/\" target=\"_blank\">aluminum extrusions for industrial racks<\/a><\/li>\r\r\n<li><a href=\"https:\/\/sinoextrud.com\/powder-coating-aluminium-process\/\" target=\"_blank\">powder coating aluminium<\/a><\/li>\r\r\n<li><a href=\"https:\/\/sinoextrud.com\/what-is-an-aluminium-strip-ceiling\/\" target=\"_blank\">aluminium strip ceiling<\/a><\/li>\r\r\n<li><a href=\"https:\/\/sinoextrud.com\/what-is-a-heat-sink\/\" target=\"_blank\">what is a heat sink<\/a><\/li>\r\r\n<\/ul>","product_chanpin_chanpin":"<li><a href=\"https:\/\/sinoextrud.com\/product\/aluminum-alloy-profile\/\" target=\"_blank\">Aluminum Alloy Profile<\/a><\/li>\r\n<li><a href=\"https:\/\/sinoextrud.com\/product\/aluminum-louver-blades\/\" target=\"_blank\">Aluminum Louver Blades<\/a><\/li>\r\n<li><a href=\"https:\/\/sinoextrud.com\/product\/fabricated-aluminium-extrusions-electrophoresis-champagne\/\" target=\"_blank\">Fabricated Aluminium Extrusions Electrophoresis Champagne<\/a><\/li>\r\n<li><a href=\"https:\/\/sinoextrud.com\/product\/aluminum-extruded-profile-f-channel\/\" target=\"_blank\">Aluminum Extruded Profile F Channel<\/a><\/li>\r\n<li><a href=\"https:\/\/sinoextrud.com\/product\/cnc-machining-aluminum-hat-channel-extrusions\/\" target=\"_blank\">CNC Machining Aluminum Hat Channel Extrusions<\/a><\/li>\r\n<li><a href=\"https:\/\/sinoextrud.com\/product\/bulk-extruded-aluminum\/\" target=\"_blank\">Bulk Extruded Aluminum<\/a><\/li>\r\n<li><a href=\"https:\/\/sinoextrud.com\/product\/sliding-door-extrusions\/\" target=\"_blank\">Sliding Door Extrusions<\/a><\/li>\r\n<li><a href=\"https:\/\/sinoextrud.com\/product\/extruded-aluminum-hex-tube\/\" target=\"_blank\">Extruded Aluminum Hex Tube<\/a><\/li>\r\n<li><a href=\"https:\/\/sinoextrud.com\/product\/aluminum-extrusion-brackets\/\" target=\"_blank\">Aluminum Extrusion Brackets<\/a><\/li>\r\n<li><a href=\"https:\/\/sinoextrud.com\/product\/shutter-aluminum-profile-for-window-louver-frame\/\" target=\"_blank\">Shutter Aluminum Profile For Window Louver Frame<\/a><\/li>\r\n<li><a href=\"https:\/\/sinoextrud.com\/product\/wood-grain-finish-extruded-architectural-use-aluminium-profile\/\" target=\"_blank\">Wood grain finish extruded architectural use aluminium profile<\/a><\/li>"},"feature_list":[]},"_links":{"self":[{"href":"https:\/\/sinoextrud.com\/cs\/wp-json\/wp\/v2\/product\/7364","targetHints":{"allow":["GET"]}}],"collection":[{"href":"https:\/\/sinoextrud.com\/cs\/wp-json\/wp\/v2\/product"}],"about":[{"href":"https:\/\/sinoextrud.com\/cs\/wp-json\/wp\/v2\/types\/product"}],"wp:featuredmedia":[{"embeddable":true,"href":"https:\/\/sinoextrud.com\/cs\/wp-json\/wp\/v2\/media\/7363"}],"wp:attachment":[{"href":"https:\/\/sinoextrud.com\/cs\/wp-json\/wp\/v2\/media?parent=7364"}],"wp:term":[{"taxonomy":"category","embeddable":true,"href":"https:\/\/sinoextrud.com\/cs\/wp-json\/wp\/v2\/categories?post=7364"}],"curies":[{"name":"wp","href":"https:\/\/api.w.org\/{rel}","templated":true}]}}