{"id":7360,"date":"2025-06-07T06:04:17","date_gmt":"2025-06-07T06:04:17","guid":{"rendered":"https:\/\/sinoextrud.com\/product\/fabricated-aluminium-extrusions-electrophoresis-champagne\/"},"modified":"2025-06-24T06:12:37","modified_gmt":"2025-06-24T06:12:37","slug":"vyrobene-hlinikove-vylisky-elektroforeza-sampanske","status":"publish","type":"product","link":"https:\/\/sinoextrud.com\/cs\/product\/fabricated-aluminium-extrusions-electrophoresis-champagne\/","title":{"rendered":"Vyroben\u00e9 hlin\u00edkov\u00e9 v\u00fdlisky Elektrofor\u00e9za Champagne"},"content":{"rendered":"<h2>Podrobnosti o produktech<\/h2>\n<table class=\"custom-table\">\n<tbody>\n<tr>\n<td> Polo\u017eka:<\/td>\n<td> vyroben\u00e9 hlin\u00edkov\u00e9 v\u00fdlisky elektrofor\u00e9za \u0161ampa\u0148sk\u00e9<\/td>\n<td> T\u0159\u00edda:<\/td>\n<td> \u0158ada 6000 6063<\/td>\n<\/tr>\n<tr>\n<td> M\u00edrnost:<\/td>\n<td> 6063-T5<\/td>\n<td> M\u00edsto p\u016fvodu:<\/td>\n<td> Foshan, Guangdong<\/td>\n<\/tr>\n<tr>\n<td> Tvar:<\/td>\n<td> P\u0159izp\u016fsoben\u00ed<\/td>\n<td> Slitina nebo ne:<\/td>\n<td> Slitina Alunimun<\/td>\n<\/tr>\n<tr>\n<td> Tolerance:<\/td>\n<td> \u00b10,5%<\/td>\n<td> Zna\u010dka:<\/td>\n<td> Sinoextrud, Sinoextrud<\/td>\n<\/tr>\n<tr>\n<td> Standardn\u00ed:<\/td>\n<td> st\u0159edn\u00ed a vysok\u00e1 kvalita<\/td>\n<td> Povrchov\u00e1 \u00faprava:<\/td>\n<td> pr\u00e1\u0161kov\u00e9 lakov\u00e1n\u00ed, elektrofor\u00e9za, kresba d\u0159eva, eloxov\u00e1n\u00ed, kart\u00e1\u010dov\u00e1n\u00ed, le\u0161t\u011bn\u00ed<\/td>\n<\/tr>\n<tr>\n<td> Doba dod\u00e1n\u00ed:<\/td>\n<td> 25-30 dn\u00ed<\/td>\n<td> MOQ:<\/td>\n<td> 200 kg<\/td>\n<\/tr>\n<tr>\n<td> Term\u00edn platby:<\/td>\n<td> T\/T (30% z\u00e1loha), L\/C<\/td>\n<td> Slu\u017eba zpracov\u00e1n\u00ed:<\/td>\n<td> Oh\u00fdb\u00e1n\u00ed, odv\u00edjen\u00ed, sva\u0159ov\u00e1n\u00ed, d\u011brov\u00e1n\u00ed, \u0159ez\u00e1n\u00ed<\/td>\n<\/tr>\n<tr>\n<td> P\u0159\u00edstav:<\/td>\n<td> Guangzhou, Shenzhen<\/td>\n<td> D\u00e9lka::<\/td>\n<td> 1-9m nebo na m\u00edru<\/td>\n<\/tr>\n<\/tbody>\n<\/table>\n<h2>Na\u0161e v\u00fdrobn\u00ed z\u00e1kladna<\/h2>\n<h3>Panorama tov\u00e1rny<\/h3>\n<p><img decoding=\"async\" src=\"\/wp-content\/uploads\/factory-01.webp\"\/><\/p>\n<h3>D\u00edlna na v\u00fdrobu hlin\u00edkov\u00fdch ty\u010d\u00ed<\/h3>\n<p><img decoding=\"async\" src=\"\/wp-content\/uploads\/factory-02.webp\"\/><\/p>\n<p><img decoding=\"async\" src=\"\/wp-content\/uploads\/factory-03.webp\"\/><\/p>\n<h3>Sklad pl\u00edsn\u00ed<\/h3>\n<p><img decoding=\"async\" src=\"\/wp-content\/uploads\/factory-04.webp\"\/><\/p>\n<h3>43 linek na vytla\u010dov\u00e1n\u00ed hlin\u00edku (500-5500 tun)<\/h3>\n<p><img decoding=\"async\" src=\"\/wp-content\/uploads\/factory-05.webp\"\/><\/p>\n<p><img decoding=\"async\" src=\"\/wp-content\/uploads\/factory-06.webp\"\/><\/p>\n<p><img decoding=\"async\" src=\"\/wp-content\/uploads\/factory-07.webp\"\/><\/p>\n<h3>D\u00edlna pr\u00e1\u0161kov\u00e9ho lakov\u00e1n\u00ed<\/h3>\n<p><img decoding=\"async\" src=\"\/wp-content\/uploads\/factory-09.webp\"\/><\/p>\n<h3>D\u00edlna eloxov\u00e1n\u00ed<\/h3>\n<p><img decoding=\"async\" src=\"\/wp-content\/uploads\/factory-10.webp\"\/><\/p>\n<h3>Workshop o hloubkov\u00e9m zpracov\u00e1n\u00ed<\/h3>\n<p><img decoding=\"async\" src=\"\/wp-content\/uploads\/factory-11.webp\"\/><\/p>\n<h3>D\u00edlna CNC p\u0159esn\u00e9ho obr\u00e1b\u011bn\u00ed<\/h3>\n<p><img decoding=\"async\" src=\"\/wp-content\/uploads\/factory-11.5.webp\"\/><\/p>\n<h3>Sklad hotov\u00fdch v\u00fdrobk\u016f a exportn\u00ed sklad<\/h3>\n<p><img decoding=\"async\" src=\"\/wp-content\/uploads\/factory-12.webp\"\/><\/p>\n<p><img decoding=\"async\" src=\"\/wp-content\/uploads\/factory-13.webp\"\/><\/p>\n<p><img decoding=\"async\" src=\"\/wp-content\/uploads\/factory-14.webp\"\/><\/p>\n<h2>\u010cASTO KLADEN\u00c9 DOTAZY<\/h2>\n<p><p><b>1.Co jsou hlin\u00edkov\u00e9 v\u00fdlisky s elektrofor\u00e9zn\u00ed povrchovou \u00fapravou v barv\u011b \u0161ampa\u0148sk\u00e9ho?<\/b><\/p>\n<p>Jedn\u00e1 se o hlin\u00edkov\u00e9 profily, kter\u00e9 pro\u0161ly v\u00fdrobou a povrchovou \u00fapravou pomoc\u00ed elektrofor\u00e9zy, co\u017e vedlo k povrchov\u00e9 \u00faprav\u011b odoln\u00e9 proti korozi v barv\u011b \u0161ampa\u0148sk\u00e9ho.<br \/>\n<\/p><br \/>\n<br \/>\n<p><b>2.Pro\u010d zvolit elektrofor\u00e9zn\u00ed povrchovou \u00fapravu \u0161ampa\u0148sk\u00e9ho pro hlin\u00edkov\u00e9 v\u00fdlisky?<\/b><\/p>\n<p>Tato povrchov\u00e1 \u00faprava poskytuje hladk\u00fd, kovov\u00fd vzhled a z\u00e1rove\u0148 vynikaj\u00edc\u00ed odolnost proti opot\u0159eben\u00ed, korozi a vyblednut\u00ed.<br \/>\n<\/p><br \/>\n<br \/>\n<p><b>3.Jak\u00e9 jsou v\u00fdhody vyroben\u00fdch hlin\u00edkov\u00fdch v\u00fdlisk\u016f?<\/b><\/p>\n<p>V\u00fdroba umo\u017e\u0148uje p\u0159esn\u00e9 p\u0159izp\u016fsoben\u00ed, jako je vrt\u00e1n\u00ed, \u0159ez\u00e1n\u00ed nebo obr\u00e1b\u011bn\u00ed, co\u017e zaji\u0161\u0165uje, \u017ee profily p\u0159esn\u011b odpov\u00eddaj\u00ed po\u017eadavk\u016fm projektu.<br \/>\n<\/p><br \/>\n<br \/>\n<p><b>4.Lze tyto profily pou\u017e\u00edt jak v interi\u00e9ru, tak v exteri\u00e9ru?<\/b><\/p>\n<p>Ano, elektrofor\u00e9zn\u00ed povlak zvy\u0161uje odolnost proti pov\u011btrnostn\u00edm vliv\u016fm, tak\u017ee jsou vhodn\u00e9 pro vnit\u0159n\u00ed i venkovn\u00ed pou\u017eit\u00ed.<br \/>\n<\/p><br \/>\n<br \/>\n<p><b>5.Je k dispozici slu\u017eba OEM pro hlin\u00edkov\u00e9 v\u00fdlisky pro elektrofor\u00e9zu?<\/b><\/p>\n<p>V\u00fdrobci samoz\u0159ejm\u011b nab\u00edzej\u00ed p\u0159izp\u016fsoben\u00ed velikosti, tvaru a povrchov\u00e9 \u00fapravy OEM, aby vyhov\u011bli specifick\u00fdm designov\u00fdm a funk\u010dn\u00edm pot\u0159eb\u00e1m.<br \/>\n<\/p><br \/>\n<br \/>\n<p><b>6.V jak\u00fdch aplikac\u00edch se b\u011b\u017en\u011b pou\u017e\u00edvaj\u00ed hlin\u00edkov\u00e9 profily v barv\u011b \u0161ampa\u0148sk\u00e9ho?<\/b><\/p>\n<p>Jsou obl\u00edben\u00e9 v n\u00e1bytku, z\u00e1v\u011bsov\u00fdch st\u011bn\u00e1ch, okenn\u00edch r\u00e1mech, interi\u00e9rov\u00fdch li\u0161t\u00e1ch a v luxusn\u00edch architektonick\u00fdch projektech.<br \/>\n<\/p><br \/>\n<br \/>\n<p><b>7.Jak trvanliv\u00fd je elektrofor\u00e9zn\u00ed povlak ve srovn\u00e1n\u00ed s jin\u00fdmi povrchov\u00fdmi \u00fapravami?<\/b><\/p>\n<p>Elektrofor\u00e9zn\u00ed n\u00e1t\u011br je rovnom\u011brn\u011bj\u0161\u00ed a l\u00e9pe p\u0159ilne ne\u017e tradi\u010dn\u00ed n\u00e1t\u011br a nab\u00edz\u00ed vynikaj\u00edc\u00ed trvanlivost a barevnou st\u00e1lost v pr\u016fb\u011bhu \u010dasu.<br \/>\n<\/p><br \/><\/p>","protected":false},"featured_media":7359,"template":"","categories":[67],"class_list":["post-7360","product","type-product","status-publish","has-post-thumbnail","hentry","category-architectural-aluminium-profile"],"meta_box":{"hilight_text_group":{"product_hilight_text":"<li>High-quality fabricated aluminum extrusions with precise dimensions<\/li>\r\r\n<li>Electrophoresis champagne finish offers elegant, durable surface treatment<\/li>\r\r\n<li>Excellent corrosion resistance for long-term indoor and outdoor use<\/li>\r\r\n<li>Ideal for decorative, architectural, and structural applications<\/li>\r\r\n<li>Customizable profiles to meet OEM and project-specific requirements<\/li>\r\r\n<li>Produced by experienced manufacturers with strict quality control<\/li>","product_chanpin_blog":"<ul>\r\r\n<li><a href=\"https:\/\/sinoextrud.com\/t-slot-v-slot-differences\/\" target=\"_blank\">t slot vs v slot<\/a><\/li>\r\r\n<li><a href=\"https:\/\/sinoextrud.com\/what-is-4040-aluminium-extrud\/\" target=\"_blank\">4040 aluminium extrusion<\/a><\/li>\r\r\n<li><a href=\"https:\/\/sinoextrud.com\/what-is-4040-aluminium-extrud\/\" target=\"_blank\">aluminum extrusions for industrial racks<\/a><\/li>\r\r\n<li><a href=\"https:\/\/sinoextrud.com\/powder-coating-aluminium-process\/\" target=\"_blank\">powder coating aluminium<\/a><\/li>\r\r\n<li><a href=\"https:\/\/sinoextrud.com\/what-is-an-aluminium-strip-ceiling\/\" target=\"_blank\">aluminium strip ceiling<\/a><\/li>\r\r\n<li><a href=\"https:\/\/sinoextrud.com\/what-is-a-heat-sink\/\" target=\"_blank\">what is a heat sink<\/a><\/li>\r\r\n<\/ul>","product_chanpin_chanpin":"<li><a href=\"https:\/\/sinoextrud.com\/product\/aluminum-handle-profile\/\" target=\"_blank\">Aluminum Handle Profile<\/a><\/li>\r\n<li><a href=\"https:\/\/sinoextrud.com\/product\/aluminum-decorative-timber-batten-3d-aluminum-profiles-timber-ceilings-u-shaped-baffle-ceiling\/\" target=\"_blank\">Aluminum Decorative Timber Batten 3D Aluminum Profiles Timber Ceilings U-shaped Baffle Ceiling<\/a><\/li>\r\n<li><a href=\"https:\/\/sinoextrud.com\/product\/aluminum-alloy-profile\/\" target=\"_blank\">Aluminum Alloy Profile<\/a><\/li>\r\n<li><a href=\"https:\/\/sinoextrud.com\/product\/aluminum-louver-blades\/\" target=\"_blank\">Aluminum Louver Blades<\/a><\/li>\r\n<li><a href=\"https:\/\/sinoextrud.com\/product\/fabricated-aluminium-extrusions-electrophoresis-champagne\/\" target=\"_blank\">Fabricated Aluminium Extrusions Electrophoresis Champagne<\/a><\/li>\r\n<li><a href=\"https:\/\/sinoextrud.com\/product\/aluminum-extruded-profile-f-channel\/\" target=\"_blank\">Aluminum Extruded Profile F Channel<\/a><\/li>\r\n<li><a href=\"https:\/\/sinoextrud.com\/product\/cnc-machining-aluminum-hat-channel-extrusions\/\" target=\"_blank\">CNC Machining Aluminum Hat Channel Extrusions<\/a><\/li>\r\n<li><a href=\"https:\/\/sinoextrud.com\/product\/bulk-extruded-aluminum\/\" target=\"_blank\">Bulk Extruded Aluminum<\/a><\/li>\r\n<li><a href=\"https:\/\/sinoextrud.com\/product\/sliding-door-extrusions\/\" target=\"_blank\">Sliding Door Extrusions<\/a><\/li>\r\n<li><a href=\"https:\/\/sinoextrud.com\/product\/dripping-screen-ceiling-system\/\" target=\"_blank\">Dripping Screen Ceiling System<\/a><\/li>\r\n<li><a href=\"https:\/\/sinoextrud.com\/product\/lay-in-tile-ceiling-system\/\" target=\"_blank\">Lay-in Tile Ceiling System<\/a><\/li>"},"feature_list":[]},"_links":{"self":[{"href":"https:\/\/sinoextrud.com\/cs\/wp-json\/wp\/v2\/product\/7360","targetHints":{"allow":["GET"]}}],"collection":[{"href":"https:\/\/sinoextrud.com\/cs\/wp-json\/wp\/v2\/product"}],"about":[{"href":"https:\/\/sinoextrud.com\/cs\/wp-json\/wp\/v2\/types\/product"}],"wp:featuredmedia":[{"embeddable":true,"href":"https:\/\/sinoextrud.com\/cs\/wp-json\/wp\/v2\/media\/7359"}],"wp:attachment":[{"href":"https:\/\/sinoextrud.com\/cs\/wp-json\/wp\/v2\/media?parent=7360"}],"wp:term":[{"taxonomy":"category","embeddable":true,"href":"https:\/\/sinoextrud.com\/cs\/wp-json\/wp\/v2\/categories?post=7360"}],"curies":[{"name":"wp","href":"https:\/\/api.w.org\/{rel}","templated":true}]}}