{"id":7358,"date":"2025-06-07T06:01:05","date_gmt":"2025-06-07T06:01:05","guid":{"rendered":"https:\/\/sinoextrud.com\/product\/aluminum-louver-blades\/"},"modified":"2025-06-24T06:12:37","modified_gmt":"2025-06-24T06:12:37","slug":"hlinikove-lamely-zaluzii","status":"publish","type":"product","link":"https:\/\/sinoextrud.com\/cs\/product\/aluminum-louver-blades\/","title":{"rendered":"Hlin\u00edkov\u00e9 \u017ealuziov\u00e9 lamely"},"content":{"rendered":"<h2>Podrobnosti o produktech<\/h2>\n<table class=\"custom-table\">\n<tr>\n<td class=\"label\">N\u00e1zev produktu:<\/td>\n<td>Hlin\u00edkov\u00e9 \u017ealuziov\u00e9 lamely<\/td>\n<\/tr>\n<tr>\n<td class=\"label\">Typ podnik\u00e1n\u00ed:<\/td>\n<td>V\u00fdrobce<\/td>\n<\/tr>\n<tr>\n<td class=\"label\">Slitina:<\/td>\n<td>6063\/6061 (na z\u00e1klad\u011b va\u0161ich po\u017eadavk\u016f lze vyrobit speci\u00e1ln\u00ed slitinu).<\/td>\n<\/tr>\n<tr>\n<td class=\"label\">M\u00edrnost:<\/td>\n<td>T5\/T6\/T4<\/td>\n<\/tr>\n<tr>\n<td class=\"label\">Standardn\u00ed:<\/td>\n<td>\u010c\u00edna GB vysoce p\u0159esn\u00fd standard.<\/td>\n<\/tr>\n<tr>\n<td class=\"label\">Tlou\u0161\u0165ka:<\/td>\n<td>Na z\u00e1klad\u011b va\u0161ich po\u017eadavk\u016f.<\/td>\n<\/tr>\n<tr>\n<td class=\"label\">D\u00e9lka:<\/td>\n<td>1m-9m, nebo na m\u00edru<\/td>\n<\/tr>\n<tr>\n<td class=\"label\">MOQ:<\/td>\n<td>Obvykle 1 t. Obvykle 10 ~ 12 tun pro 1*20GP a 20 ~ 23 tun pro 1*40HQ.<\/td>\n<\/tr>\n<tr>\n<td class=\"label\">Povrchov\u00e1 \u00faprava:<\/td>\n<td>Ml\u00fdnsk\u00e1 \u00faprava, eloxov\u00e1n\u00ed, pr\u00e1\u0161kov\u00e9 lakov\u00e1n\u00ed, d\u0159ev\u011bn\u00e9 zrno, le\u0161t\u011bn\u00ed, kart\u00e1\u010dov\u00e1n\u00ed, elektrofor\u00e9za, p\u00edskov\u00e1n\u00ed atd.<\/td>\n<\/tr>\n<tr>\n<td class=\"label\">Barva, kterou um\u00edme:<\/td>\n<td>St\u0159\u00edbrn\u00e1, \u010dern\u00e1, b\u00edl\u00e1, bronzov\u00e1, \u0161ampa\u0148sk\u00e1, zelen\u00e1, \u0161ed\u00e1, zlato\u017elut\u00e1, niklov\u00e1 nebo na zak\u00e1zku.<\/td>\n<\/tr>\n<tr>\n<td class=\"label\">Tlou\u0161\u0165ka f\u00f3lie:<\/td>\n<td>Eloxovan\u00e9: p\u0159izp\u016fsoben\u00e9. Norm\u00e1ln\u00ed tlou\u0161\u0165ka: \u22658 um.<\/td>\n<\/tr>\n<tr>\n<td class=\"label\">Pr\u00e1\u0161kov\u00e9 lakov\u00e1n\u00ed:<\/td>\n<td>Na m\u00edru. Norm\u00e1ln\u00ed tlou\u0161\u0165ka: 40-120 um.<\/td>\n<\/tr>\n<tr>\n<td class=\"label\">Komplexn\u00ed film pro elektrofor\u00e9zu:<\/td>\n<td>Norm\u00e1ln\u00ed tlou\u0161\u0165ka: 16 um.<\/td>\n<\/tr>\n<tr>\n<td class=\"label\">Zrnitost d\u0159eva:<\/td>\n<td>Na m\u00edru. Obvykl\u00e1 tlou\u0161\u0165ka: 60-120 um.<\/td>\n<\/tr>\n<tr>\n<td class=\"label\">Materi\u00e1l d\u0159eva:<\/td>\n<td>a). Dov\u00e1\u017een\u00fd italsk\u00fd pap\u00edr pro transferov\u00fd tisk MENPHIS.<br \/>\nb). Vysoce kvalitn\u00ed \u010d\u00ednsk\u00fd p\u0159enosov\u00fd pap\u00edr zna\u010dky.<br \/>\nc). Rozd\u00edln\u00e9 ceny.<\/td>\n<\/tr>\n<tr>\n<td class=\"label\">Chemick\u00e9 slo\u017een\u00ed a v\u00fdkon:<\/td>\n<td>Proveden\u00ed a spln\u011bn\u00ed vysok\u00e9 \u00farovn\u011b p\u0159esnosti podle GB \u010c\u00edny.<\/td>\n<\/tr>\n<tr>\n<td class=\"label\">Obr\u00e1b\u011bn\u00ed:<\/td>\n<td>\u0158ez\u00e1n\u00ed, d\u011brov\u00e1n\u00ed, vrt\u00e1n\u00ed, oh\u00fdb\u00e1n\u00ed, sva\u0159ov\u00e1n\u00ed, fr\u00e9zov\u00e1n\u00ed, CNC atd.<\/td>\n<\/tr>\n<tr>\n<td class=\"label\">Balen\u00ed:<\/td>\n<td>Plastov\u00e1 f\u00f3lie a kraftov\u00fd pap\u00edr. V p\u0159\u00edpad\u011b pot\u0159eby je mo\u017en\u00e9 pou\u017e\u00edt i ochrannou f\u00f3lii pro ka\u017ed\u00fd kus profilu.<\/td>\n<\/tr>\n<tr>\n<td class=\"label\">P\u0159\u00edstav dod\u00e1n\u00ed:<\/td>\n<td>Guangzhou, Foshan, Shenzhen<\/td>\n<\/tr>\n<tr>\n<td class=\"label\">OEM:<\/td>\n<td>K dispozici.<\/td>\n<\/tr>\n<\/table>\n<h2>Na\u0161e v\u00fdrobn\u00ed z\u00e1kladna<\/h2>\n<h3>Panorama tov\u00e1rny<\/h3>\n<p><img decoding=\"async\" src=\"\/wp-content\/uploads\/factory-01.webp\"\/><\/p>\n<h3>D\u00edlna na v\u00fdrobu hlin\u00edkov\u00fdch ty\u010d\u00ed<\/h3>\n<p><img decoding=\"async\" src=\"\/wp-content\/uploads\/factory-02.webp\"\/><\/p>\n<p><img decoding=\"async\" src=\"\/wp-content\/uploads\/factory-03.webp\"\/><\/p>\n<h3>Sklad pl\u00edsn\u00ed<\/h3>\n<p><img decoding=\"async\" src=\"\/wp-content\/uploads\/factory-04.webp\"\/><\/p>\n<h3>43 linek na vytla\u010dov\u00e1n\u00ed hlin\u00edku (500-5500 tun)<\/h3>\n<p><img decoding=\"async\" src=\"\/wp-content\/uploads\/factory-05.webp\"\/><\/p>\n<p><img decoding=\"async\" src=\"\/wp-content\/uploads\/factory-06.webp\"\/><\/p>\n<p><img decoding=\"async\" src=\"\/wp-content\/uploads\/factory-07.webp\"\/><\/p>\n<h3>D\u00edlna pr\u00e1\u0161kov\u00e9ho lakov\u00e1n\u00ed<\/h3>\n<p><img decoding=\"async\" src=\"\/wp-content\/uploads\/factory-09.webp\"\/><\/p>\n<h3>D\u00edlna eloxov\u00e1n\u00ed<\/h3>\n<p><img decoding=\"async\" src=\"\/wp-content\/uploads\/factory-10.webp\"\/><\/p>\n<h3>Workshop o hloubkov\u00e9m zpracov\u00e1n\u00ed<\/h3>\n<p><img decoding=\"async\" src=\"\/wp-content\/uploads\/factory-11.webp\"\/><\/p>\n<h3>D\u00edlna CNC p\u0159esn\u00e9ho obr\u00e1b\u011bn\u00ed<\/h3>\n<p><img decoding=\"async\" src=\"\/wp-content\/uploads\/factory-11.5.webp\"\/><\/p>\n<h3>Sklad hotov\u00fdch v\u00fdrobk\u016f a exportn\u00ed sklad<\/h3>\n<p><img decoding=\"async\" src=\"\/wp-content\/uploads\/factory-12.webp\"\/><\/p>\n<p><img decoding=\"async\" src=\"\/wp-content\/uploads\/factory-13.webp\"\/><\/p>\n<p><img decoding=\"async\" src=\"\/wp-content\/uploads\/factory-14.webp\"\/><\/p>\n<h2>\u010cASTO KLADEN\u00c9 DOTAZY<\/h2>\n<p><p><b>1.Co jsou hlin\u00edkov\u00e9 \u017ealuziov\u00e9 lamely?<\/b><\/p>\n<p>Hlin\u00edkov\u00e9 \u017ealuziov\u00e9 lamely jsou lisovan\u00e9 profily ur\u010den\u00e9 k regulaci sv\u011btla, proud\u011bn\u00ed vzduchu a soukrom\u00ed v architektonick\u00fdch a pr\u016fmyslov\u00fdch aplikac\u00edch.<br \/>\n<\/p><br \/>\n<br \/>\n<p><b>2.Pro\u010d zvolit hlin\u00edk pro lamely \u017ealuzi\u00ed?<\/b><\/p>\n<p>Hlin\u00edk je lehk\u00fd, odoln\u00fd proti korozi a trvanliv\u00fd, tak\u017ee je ide\u00e1ln\u00ed pro dlouhodob\u00e9 pou\u017eit\u00ed ve venkovn\u00edch i vnit\u0159n\u00edch \u017ealuziov\u00fdch syst\u00e9mech.<br \/>\n<\/p><br \/>\n<br \/>\n<p><b>3.Can hlin\u00edkov\u00e9 lamely \u017ealuzie b\u00fdt p\u0159izp\u016fsobeny?<\/b><\/p>\n<p>Ano, jsou k dispozici v r\u016fzn\u00fdch tvarech, d\u00e9lk\u00e1ch, \u00fahlech a povrchov\u00fdch \u00faprav\u00e1ch, kter\u00e9 spl\u0148uj\u00ed specifick\u00e9 po\u017eadavky na design nebo v\u011btr\u00e1n\u00ed.<br \/>\n<\/p><br \/>\n<br \/>\n<p><b>4.Jak\u00e9 jsou b\u011b\u017en\u00e9 aplikace hlin\u00edkov\u00fdch lamel \u017ealuzi\u00ed?<\/b><\/p>\n<p>Pou\u017e\u00edvaj\u00ed se na fas\u00e1dy budov, slune\u010dn\u00ed clony, mechanick\u00e9 clony, v\u011btrac\u00ed m\u0159\u00ed\u017eky a panely pro ochranu soukrom\u00ed.<br \/>\n<\/p><br \/>\n<br \/>\n<p><b>5.Jsou hlin\u00edkov\u00e9 lamely \u017ealuzi\u00ed odoln\u00e9 proti pov\u011btrnostn\u00edm vliv\u016fm?<\/b><\/p>\n<p>Eloxovan\u00fd nebo pr\u00e1\u0161kov\u011b lakovan\u00fd povrch je chr\u00e1n\u00ed p\u0159ed UV z\u00e1\u0159en\u00edm, vlhkost\u00ed a teplotn\u00edmi zm\u011bnami.<br \/>\n<\/p><br \/>\n<br \/>\n<p><b>6.Jsou tyto no\u017ee kompatibiln\u00ed s motorizovan\u00fdmi nebo nastaviteln\u00fdmi syst\u00e9my?<\/b><\/p>\n<p>Ano, hlin\u00edkov\u00e9 lamely \u017ealuzi\u00ed lze integrovat do pevn\u00fdch i nastaviteln\u00fdch \u017ealuziov\u00fdch syst\u00e9m\u016f, v\u010detn\u011b motorizovan\u00fdch variant.<br \/>\n<\/p><br \/>\n<br \/>\n<p><b>7.Jak\u00e9 povrchov\u00e9 \u00fapravy jsou k dispozici pro hlin\u00edkov\u00e9 lamely \u017ealuzi\u00ed?<\/b><\/p>\n<p>Mezi obl\u00edben\u00e9 povrchov\u00e9 \u00fapravy pat\u0159\u00ed eloxov\u00e1n\u00ed, pr\u00e1\u0161kov\u00e9 lakov\u00e1n\u00ed, d\u0159ev\u011bn\u00e1 struktura a PVDF povlak pro zv\u00fd\u0161en\u00ed odolnosti a estetiky.<br \/>\n<\/p><br \/><\/p>","protected":false},"featured_media":7357,"template":"","categories":[67],"class_list":["post-7358","product","type-product","status-publish","has-post-thumbnail","hentry","category-architectural-aluminium-profile"],"meta_box":{"hilight_text_group":{"product_hilight_text":"<li>Made from high-strength aluminum for long-lasting durability<\/li>\r\r\n<li>Lightweight design allows for easy handling and installation<\/li>\r\r\n<li>Corrosion-resistant surface ideal for outdoor and humid environments<\/li>\r\r\n<li>Customizable in shape, size, angle, and finish to match project needs<\/li>\r\r\n<li>Provides effective ventilation, shading, and privacy<\/li>\r\r\n<li>Suitable for architectural fa?ades, HVAC systems, and sunshade applications<\/li>","product_chanpin_blog":"<ul>\r\r\n<li><a href=\"https:\/\/sinoextrud.com\/t-slot-v-slot-differences\/\" target=\"_blank\">t slot vs v slot<\/a><\/li>\r\r\n<li><a href=\"https:\/\/sinoextrud.com\/what-is-4040-aluminium-extrud\/\" target=\"_blank\">4040 aluminium extrusion<\/a><\/li>\r\r\n<li><a href=\"https:\/\/sinoextrud.com\/what-is-4040-aluminium-extrud\/\" target=\"_blank\">aluminum extrusions for industrial racks<\/a><\/li>\r\r\n<li><a href=\"https:\/\/sinoextrud.com\/powder-coating-aluminium-process\/\" target=\"_blank\">powder coating aluminium<\/a><\/li>\r\r\n<li><a href=\"https:\/\/sinoextrud.com\/what-is-an-aluminium-strip-ceiling\/\" target=\"_blank\">aluminium strip ceiling<\/a><\/li>\r\r\n<li><a href=\"https:\/\/sinoextrud.com\/what-is-a-heat-sink\/\" target=\"_blank\">what is a heat sink<\/a><\/li>\r\r\n<\/ul>","product_chanpin_chanpin":"<li><a href=\"https:\/\/sinoextrud.com\/product\/aluminum-profiles-partition\/\" target=\"_blank\">Aluminum Profiles Partition<\/a><\/li>\r\n<li><a href=\"https:\/\/sinoextrud.com\/product\/aluminum-handle-profile\/\" target=\"_blank\">Aluminum Handle Profile<\/a><\/li>\r\n<li><a href=\"https:\/\/sinoextrud.com\/product\/aluminum-decorative-timber-batten-3d-aluminum-profiles-timber-ceilings-u-shaped-baffle-ceiling\/\" target=\"_blank\">Aluminum Decorative Timber Batten 3D Aluminum Profiles Timber Ceilings U-shaped Baffle Ceiling<\/a><\/li>\r\n<li><a href=\"https:\/\/sinoextrud.com\/product\/aluminum-alloy-profile\/\" target=\"_blank\">Aluminum Alloy Profile<\/a><\/li>\r\n<li><a href=\"https:\/\/sinoextrud.com\/product\/aluminum-louver-blades\/\" target=\"_blank\">Aluminum Louver Blades<\/a><\/li>\r\n<li><a href=\"https:\/\/sinoextrud.com\/product\/fabricated-aluminium-extrusions-electrophoresis-champagne\/\" target=\"_blank\">Fabricated Aluminium Extrusions Electrophoresis Champagne<\/a><\/li>\r\n<li><a href=\"https:\/\/sinoextrud.com\/product\/aluminum-extruded-profile-f-channel\/\" target=\"_blank\">Aluminum Extruded Profile F Channel<\/a><\/li>\r\n<li><a href=\"https:\/\/sinoextrud.com\/product\/cnc-machining-aluminum-hat-channel-extrusions\/\" target=\"_blank\">CNC Machining Aluminum Hat Channel Extrusions<\/a><\/li>\r\n<li><a href=\"https:\/\/sinoextrud.com\/product\/bulk-extruded-aluminum\/\" target=\"_blank\">Bulk Extruded Aluminum<\/a><\/li>\r\n<li><a href=\"https:\/\/sinoextrud.com\/product\/round-aluminum-extrusion-tubular-cnc-bending\/\" target=\"_blank\">Round Aluminum Extrusion Tubular Cnc Bending<\/a><\/li>\r\n<li><a href=\"https:\/\/sinoextrud.com\/product\/2024-2014-alloy-aluminum-profiles\/\" target=\"_blank\">2024 2014 Alloy Aluminum Profiles<\/a><\/li>"},"feature_list":[]},"_links":{"self":[{"href":"https:\/\/sinoextrud.com\/cs\/wp-json\/wp\/v2\/product\/7358","targetHints":{"allow":["GET"]}}],"collection":[{"href":"https:\/\/sinoextrud.com\/cs\/wp-json\/wp\/v2\/product"}],"about":[{"href":"https:\/\/sinoextrud.com\/cs\/wp-json\/wp\/v2\/types\/product"}],"wp:featuredmedia":[{"embeddable":true,"href":"https:\/\/sinoextrud.com\/cs\/wp-json\/wp\/v2\/media\/7357"}],"wp:attachment":[{"href":"https:\/\/sinoextrud.com\/cs\/wp-json\/wp\/v2\/media?parent=7358"}],"wp:term":[{"taxonomy":"category","embeddable":true,"href":"https:\/\/sinoextrud.com\/cs\/wp-json\/wp\/v2\/categories?post=7358"}],"curies":[{"name":"wp","href":"https:\/\/api.w.org\/{rel}","templated":true}]}}