{"id":7354,"date":"2025-06-07T03:56:09","date_gmt":"2025-06-07T03:56:09","guid":{"rendered":"https:\/\/sinoextrud.com\/product\/aluminum-decorative-timber-batten-3d-aluminum-profiles-timber-ceilings-u-shaped-baffle-ceiling\/"},"modified":"2025-06-24T06:12:37","modified_gmt":"2025-06-24T06:12:37","slug":"hlinikove-dekorativni-drevene-listy-3d-hlinikove-profily-drevene-stropy-ve-tvaru-u-stropni-prepazky","status":"publish","type":"product","link":"https:\/\/sinoextrud.com\/cs\/product\/aluminum-decorative-timber-batten-3d-aluminum-profiles-timber-ceilings-u-shaped-baffle-ceiling\/","title":{"rendered":"Hlin\u00edkov\u00e9 dekorativn\u00ed d\u0159ev\u011bn\u00e9 lat\u011b 3D hlin\u00edkov\u00e9 profily D\u0159ev\u011bn\u00e9 stropy Strop ve tvaru p\u00edsmene U"},"content":{"rendered":"<h2>Podrobnosti o produktech<\/h2>\n<table class=\"custom-table\">\n<tr>\n<td class=\"label\">Polo\u017eka produktu<\/td>\n<td>Hlin\u00edkov\u00e9 dekorativn\u00ed d\u0159ev\u011bn\u00e9 lat\u011b 3D hlin\u00edkov\u00e9 profily D\u0159ev\u011bn\u00e9 stropy Strop ve tvaru p\u00edsmene U<\/td>\n<\/tr>\n<tr>\n<td class=\"label\">Materi\u00e1l<\/td>\n<td>\u0158ada 3000, \u0159ada 5000, \u0159ada 6000<\/td>\n<\/tr>\n<tr>\n<td class=\"label\">Pravideln\u00e1 tlou\u0161\u0165ka<\/td>\n<td>na m\u00edru<\/td>\n<\/tr>\n<tr>\n<td class=\"label\">Velikost<\/td>\n<td>P\u0159izp\u016fsoben\u00ed podle po\u017eadavk\u016f<\/td>\n<\/tr>\n<tr>\n<td class=\"label\">Barva<\/td>\n<td>St\u0159\u00edbrn\u00e1, \u010dern\u00e1, zlat\u00e1, champange,bronzov\u00e1, \u010derven\u00e1, modr\u00e1;<br \/>\nbarvy m\u016f\u017eeme p\u0159izp\u016fsobit na z\u00e1klad\u011b vzork\u016f z\u00e1kazn\u00edk\u016f.<\/td>\n<\/tr>\n<tr>\n<td class=\"label\">Povrchov\u00e1 \u00faprava<\/td>\n<td>pr\u00e1\u0161kov\u00e9 lakov\u00e1n\u00ed, elektrofor\u00e9za, kresba d\u0159eva, eloxov\u00e1n\u00ed, kart\u00e1\u010dov\u00e1n\u00ed, le\u0161t\u011bn\u00ed<\/td>\n<\/tr>\n<tr>\n<td class=\"label\">Hloubkov\u00e9 zpracov\u00e1n\u00ed<\/td>\n<td>\u0158ez\u00e1n\u00ed, vrt\u00e1n\u00ed, obr\u00e1b\u011bn\u00ed, d\u011brov\u00e1n\u00ed, oh\u00fdb\u00e1n\u00ed, z\u00e1vitov\u00e1n\u00ed atd.<\/td>\n<\/tr>\n<tr>\n<td class=\"label\">V\u00fdb\u011br vzor\u016f<\/td>\n<td>Design na m\u00edru, ODM design<\/td>\n<\/tr>\n<tr>\n<td class=\"label\">Aplikace<\/td>\n<td>N\u00e1kupn\u00ed centrum, supermarket<br \/>\nLeti\u0161t\u011b, autobusov\u00e9 n\u00e1dra\u017e\u00ed, restaurace<br \/>\nPloty, panely a m\u0159\u00ed\u017ee<br \/>\nKovov\u00e9 st\u011bny;<br \/>\n5. M\u0159\u00ed\u017ee a plo\u0161iny;<br \/>\nSt\u00edn\u011bn\u00ed fas\u00e1dy.<\/td>\n<\/tr>\n<tr>\n<td class=\"label\">V\u00fdhoda<\/td>\n<td>1, Snadn\u00e1 cirkulace vzduchu, v\u00fdfuk, odvod tepla;<br \/>\n2, antistatick\u00e1, odolnost proti korozi, dlouh\u00e1 \u017eivotnost.<br \/>\n3, odolnost proti opot\u0159eben\u00ed;<br \/>\n4. Zabra\u0148te vlhkosti.<\/td>\n<\/tr>\n<tr>\n<td class=\"label\">Certifik\u00e1ty<\/td>\n<td>ISO:9001, SONCAP , certifik\u00e1t BV, TUV, SGS nebo certifik\u00e1t z\u00e1kazn\u00edka k dispozici<\/td>\n<\/tr>\n<tr>\n<td class=\"label\">Slu\u017eba<\/td>\n<td>V\u00fdroba v\u00fdrobk\u016f podle v\u00fdkres\u016f z\u00e1kazn\u00edka<\/td>\n<\/tr>\n<tr>\n<td class=\"label\">Doba dod\u00e1n\u00ed<\/td>\n<td>V\u00fdvoj formy a konformace vzorku trv\u00e1 12-15 dn\u00ed, v\u00fdroba pak 15-25 dn\u00ed po obdr\u017een\u00ed z\u00e1lohy od kupuj\u00edc\u00edho.<\/td>\n<\/tr>\n<tr>\n<td class=\"label\">Dal\u0161\u00ed slu\u017eby<\/td>\n<td>OEM, \/ODM, vzorky zdarma.<\/td>\n<\/tr>\n<tr>\n<td class=\"label\">Pr\u016fb\u011bh procesu<\/td>\n<td>V\u00fdvoj forem-hlin\u00edkov\u00e9 p\u0159edvalky-vyh\u0159\u00edv\u00e1n\u00ed-formov\u00e1n\u00ed se surov\u00fdm hlin\u00edkem-povrchov\u00e1 \u00faprava a barva<\/td>\n<\/tr>\n<\/table>\n<h2>Na\u0161e v\u00fdrobn\u00ed z\u00e1kladna<\/h2>\n<h3>Panorama tov\u00e1rny<\/h3>\n<p><img decoding=\"async\" src=\"\/wp-content\/uploads\/factory-01.webp\"\/><\/p>\n<h3>D\u00edlna na v\u00fdrobu hlin\u00edkov\u00fdch ty\u010d\u00ed<\/h3>\n<p><img decoding=\"async\" src=\"\/wp-content\/uploads\/factory-02.webp\"\/><\/p>\n<p><img decoding=\"async\" src=\"\/wp-content\/uploads\/factory-03.webp\"\/><\/p>\n<h3>Sklad pl\u00edsn\u00ed<\/h3>\n<p><img decoding=\"async\" src=\"\/wp-content\/uploads\/factory-04.webp\"\/><\/p>\n<h3>43 linek na vytla\u010dov\u00e1n\u00ed hlin\u00edku (500 - 5500 tun)<\/h3>\n<p><img decoding=\"async\" src=\"\/wp-content\/uploads\/factory-05.webp\"\/><\/p>\n<p><img decoding=\"async\" src=\"\/wp-content\/uploads\/factory-06.webp\"\/><\/p>\n<p><img decoding=\"async\" src=\"\/wp-content\/uploads\/factory-07.webp\"\/><\/p>\n<h3>D\u00edlna pr\u00e1\u0161kov\u00e9ho lakov\u00e1n\u00ed<\/h3>\n<p><img decoding=\"async\" src=\"\/wp-content\/uploads\/factory-09.webp\"\/><\/p>\n<h3>D\u00edlna eloxov\u00e1n\u00ed<\/h3>\n<p><img decoding=\"async\" src=\"\/wp-content\/uploads\/factory-10.webp\"\/><\/p>\n<h3>Workshop o hloubkov\u00e9m zpracov\u00e1n\u00ed<\/h3>\n<p><img decoding=\"async\" src=\"\/wp-content\/uploads\/factory-11.webp\"\/><\/p>\n<h3>D\u00edlna CNC p\u0159esn\u00e9ho obr\u00e1b\u011bn\u00ed<\/h3>\n<p><img decoding=\"async\" src=\"\/wp-content\/uploads\/factory-11.5.webp\"\/><\/p>\n<h3>Sklad hotov\u00fdch v\u00fdrobk\u016f a exportn\u00ed sklad<\/h3>\n<p><img decoding=\"async\" src=\"\/wp-content\/uploads\/factory-12.webp\"\/><\/p>\n<p><img decoding=\"async\" src=\"\/wp-content\/uploads\/factory-13.webp\"\/><\/p>\n<p><img decoding=\"async\" src=\"\/wp-content\/uploads\/factory-14.webp\"\/><\/p>\n<h2>\u010cASTO KLADEN\u00c9 DOTAZY<\/h2>\n<p><p><b>1.Co je hlin\u00edkov\u00e1 dekorativn\u00ed d\u0159ev\u011bn\u00e1 la\u0165 3D hlin\u00edkov\u00e9 profily D\u0159ev\u011bn\u00e9 stropy ve tvaru U?<\/b><\/p>\n<p>Jedn\u00e1 se o dekorativn\u00ed stropn\u00ed syst\u00e9m z hlin\u00edku s povrchovou \u00fapravou p\u0159ipom\u00ednaj\u00edc\u00ed d\u0159evo a profily ve tvaru U, kter\u00fd je navr\u017een tak, aby vytv\u00e1\u0159el modern\u00ed 3D architektonick\u00fd efekt.<br \/>\n<\/p><br \/>\n<br \/>\n<p><b>2.Jak\u00e9 jsou v\u00fdhody pou\u017eit\u00ed hlin\u00edkov\u00fdch stropn\u00edch lat\u00ed ve vzhledu d\u0159eva?<\/b><\/p>\n<p>Nab\u00edzej\u00ed vzhled d\u0159eva s trvanlivost\u00ed, odolnost\u00ed proti ohni a nen\u00e1ro\u010dnou \u00fadr\u017ebou hlin\u00edku.<br \/>\n<\/p><br \/>\n<br \/>\n<p><b>3.Jsou hlin\u00edkov\u00e9 podhledy ve tvaru U vhodn\u00e9 pro komer\u010dn\u00ed interi\u00e9ry?<\/b><\/p>\n<p>Ano, jsou hojn\u011b vyu\u017e\u00edv\u00e1ny v kancel\u00e1\u0159\u00edch, n\u00e1kupn\u00edch centrech, na leti\u0161t\u00edch a ve ve\u0159ejn\u00fdch prostor\u00e1ch pro sv\u016fj estetick\u00fd vzhled a v\u00fdkon.<br \/>\n<\/p><br \/>\n<br \/>\n<p><b>4.Lze povrchovou \u00fapravu d\u0159eva na t\u011bchto hlin\u00edkov\u00fdch profilech p\u0159izp\u016fsobit?<\/b><\/p>\n<p>Ano, nab\u00edz\u00edme r\u016fzn\u00e9 vzory d\u0159eva, barvy a povrchov\u00e9 \u00fapravy, kter\u00e9 vyhovuj\u00ed r\u016fzn\u00fdm designov\u00fdm pot\u0159eb\u00e1m.<br \/>\n<\/p><br \/>\n<br \/>\n<p><b>5.Jak tyto stropy zlep\u0161uj\u00ed vizu\u00e1ln\u00ed dojem?<\/b><\/p>\n<p>3D profil ve tvaru p\u00edsmene U dod\u00e1v\u00e1 strop\u016fm hloubku a strukturu, \u010d\u00edm\u017e zv\u00fdraz\u0148uje jejich architektonick\u00fd styl.<br \/>\n<\/p><br \/>\n<br \/>\n<p><b>6.Snadno se tyto hlin\u00edkov\u00e9 stropn\u00ed profily instaluj\u00ed?<\/b><\/p>\n<p>Ano, jsou navr\u017eeny pro rychlou instalaci pomoc\u00ed standardn\u00edch z\u00e1v\u011bsn\u00fdch syst\u00e9m\u016f se skryt\u00fdmi spojovac\u00edmi prvky.<br \/>\n<\/p><br \/>\n<br \/>\n<p><b>7.Odol\u00e1vaj\u00ed hlin\u00edkov\u00e9 d\u0159ev\u011bn\u00e9 stropy vlhkosti a deformac\u00edm?<\/b><\/p>\n<p>Ano, jsou odoln\u00e9 proti vlhkosti a nedeformuj\u00ed se, nepraskaj\u00ed ani neblednou jako p\u0159\u00edrodn\u00ed d\u0159evo, tak\u017ee jsou ide\u00e1ln\u00ed pro oblasti s vysokou vlhkost\u00ed.<br \/>\n<\/p><br \/>\n<br \/>\n<p><b>8.Co \u010din\u00ed tyto v\u00fdrobky \u0161etrn\u00fdmi k \u017eivotn\u00edmu prost\u0159ed\u00ed?<\/b><\/p>\n<p>Jsou vyrobeny z recyklovateln\u00e9ho hlin\u00edku a slou\u017e\u00ed jako udr\u017eiteln\u00e1 alternativa k \u0159ez\u00e1n\u00ed p\u0159\u00edrodn\u00edho d\u0159eva.<br \/>\n<\/p><br \/><\/p>","protected":false},"featured_media":7353,"template":"","categories":[67],"class_list":["post-7354","product","type-product","status-publish","has-post-thumbnail","hentry","category-architectural-aluminium-profile"],"meta_box":{"hilight_text_group":{"product_hilight_text":"<li>Realistic timber-look aluminum profiles for modern ceiling aesthetics<\/li>\r\r\n<li>Lightweight and corrosion-resistant for long-lasting performance<\/li>\r\r\n<li>U-shaped baffle design provides depth and a 3D visual effect<\/li>\r\r\n<li>Easy to install and maintain with concealed suspension systems<\/li>\r\r\n<li>Flame-retardant and moisture-resistant, ideal for commercial interiors<\/li>\r\r\n<li>Available in multiple wood grain finishes and custom colors<\/li>\r\r\n<li>Eco-friendly alternative to natural timber with no warping or cracking<\/li>","product_chanpin_blog":"<ul>\r\r\n<li><a href=\"https:\/\/sinoextrud.com\/t-slot-v-slot-differences\/\" target=\"_blank\">t slot vs v slot<\/a><\/li>\r\r\n<li><a href=\"https:\/\/sinoextrud.com\/what-is-4040-aluminium-extrud\/\" target=\"_blank\">4040 aluminium extrusion<\/a><\/li>\r\r\n<li><a href=\"https:\/\/sinoextrud.com\/what-is-4040-aluminium-extrud\/\" target=\"_blank\">aluminum extrusions for industrial racks<\/a><\/li>\r\r\n<li><a href=\"https:\/\/sinoextrud.com\/powder-coating-aluminium-process\/\" target=\"_blank\">powder coating aluminium<\/a><\/li>\r\r\n<li><a href=\"https:\/\/sinoextrud.com\/what-is-an-aluminium-strip-ceiling\/\" target=\"_blank\">aluminium strip ceiling<\/a><\/li>\r\r\n<li><a href=\"https:\/\/sinoextrud.com\/what-is-a-heat-sink\/\" target=\"_blank\">what is a heat sink<\/a><\/li>\r\r\n<\/ul>","product_chanpin_chanpin":"<li><a href=\"https:\/\/sinoextrud.com\/product\/aluminum-corner-extrusion-profiles\/\" target=\"_blank\">Aluminum Corner Extrusion Profiles<\/a><\/li>\r\n<li><a href=\"https:\/\/sinoextrud.com\/product\/aluminum-profile-for-windows-and-door-aluminum-curtain-wall-profile-extrusion\/\" target=\"_blank\">Aluminum Profile for Windows and Door Aluminum Curtain Wall Profile Extrusion<\/a><\/li>\r\n<li><a href=\"https:\/\/sinoextrud.com\/product\/aluminum-profiles-partition\/\" target=\"_blank\">Aluminum Profiles Partition<\/a><\/li>\r\n<li><a href=\"https:\/\/sinoextrud.com\/product\/aluminum-handle-profile\/\" target=\"_blank\">Aluminum Handle Profile<\/a><\/li>\r\n<li><a href=\"https:\/\/sinoextrud.com\/product\/aluminum-decorative-timber-batten-3d-aluminum-profiles-timber-ceilings-u-shaped-baffle-ceiling\/\" target=\"_blank\">Aluminum Decorative Timber Batten 3D Aluminum Profiles Timber Ceilings U-shaped Baffle Ceiling<\/a><\/li>\r\n<li><a href=\"https:\/\/sinoextrud.com\/product\/aluminum-alloy-profile\/\" target=\"_blank\">Aluminum Alloy Profile<\/a><\/li>\r\n<li><a href=\"https:\/\/sinoextrud.com\/product\/aluminum-louver-blades\/\" target=\"_blank\">Aluminum Louver Blades<\/a><\/li>\r\n<li><a href=\"https:\/\/sinoextrud.com\/product\/fabricated-aluminium-extrusions-electrophoresis-champagne\/\" target=\"_blank\">Fabricated Aluminium Extrusions Electrophoresis Champagne<\/a><\/li>\r\n<li><a href=\"https:\/\/sinoextrud.com\/product\/aluminum-extruded-profile-f-channel\/\" target=\"_blank\">Aluminum Extruded Profile F Channel<\/a><\/li>\r\n<li><a href=\"https:\/\/sinoextrud.com\/product\/v-rail-aluminum-extrusion-profiles-pipeline\/\" target=\"_blank\">V Rail Aluminum Extrusion Profiles Pipeline<\/a><\/li>\r\n<li><a href=\"https:\/\/sinoextrud.com\/product\/aluminum-boat-extrusions-6082\/\" target=\"_blank\">Aluminum Boat Extrusions 6082<\/a><\/li>"},"feature_list":[]},"_links":{"self":[{"href":"https:\/\/sinoextrud.com\/cs\/wp-json\/wp\/v2\/product\/7354","targetHints":{"allow":["GET"]}}],"collection":[{"href":"https:\/\/sinoextrud.com\/cs\/wp-json\/wp\/v2\/product"}],"about":[{"href":"https:\/\/sinoextrud.com\/cs\/wp-json\/wp\/v2\/types\/product"}],"wp:featuredmedia":[{"embeddable":true,"href":"https:\/\/sinoextrud.com\/cs\/wp-json\/wp\/v2\/media\/7353"}],"wp:attachment":[{"href":"https:\/\/sinoextrud.com\/cs\/wp-json\/wp\/v2\/media?parent=7354"}],"wp:term":[{"taxonomy":"category","embeddable":true,"href":"https:\/\/sinoextrud.com\/cs\/wp-json\/wp\/v2\/categories?post=7354"}],"curies":[{"name":"wp","href":"https:\/\/api.w.org\/{rel}","templated":true}]}}