{"id":7350,"date":"2025-06-07T03:39:22","date_gmt":"2025-06-07T03:39:22","guid":{"rendered":"https:\/\/sinoextrud.com\/product\/aluminum-profiles-partition\/"},"modified":"2025-06-24T06:12:36","modified_gmt":"2025-06-24T06:12:36","slug":"hlinikove-profily-pricky","status":"publish","type":"product","link":"https:\/\/sinoextrud.com\/cs\/product\/aluminum-profiles-partition\/","title":{"rendered":"Hlin\u00edkov\u00e9 profily Partition"},"content":{"rendered":"<h2>Podrobnosti o produktech<\/h2>\n<table class=\"custom-table\">\n<tr>\n<td class=\"label\">Stupe\u0148 :<\/td>\n<td>6063<\/td>\n<\/tr>\n<tr>\n<td class=\"label\">Temperamentn\u00ed :<\/td>\n<td>T5<\/td>\n<\/tr>\n<tr>\n<td class=\"label\">Tlou\u0161\u0165ka pr\u00e1\u0161ku :<\/td>\n<td>40 ~ 78 \u03bcm<\/td>\n<\/tr>\n<tr>\n<td class=\"label\">Pevnost v tahu :<\/td>\n<td>\u2265 230Mpa<\/td>\n<\/tr>\n<tr>\n<td class=\"label\">Pevnost v tahu :<\/td>\n<td>\u2265 210Mpa<\/td>\n<\/tr>\n<tr>\n<td class=\"label\">Tvrdost :<\/td>\n<td>\u2265 11HW<\/td>\n<\/tr>\n<tr>\n<td class=\"label\">V\u00fdstup :<\/td>\n<td>15000 t\/m\u011bs\u00edc<\/td>\n<\/tr>\n<tr>\n<td class=\"label\">MOQ :<\/td>\n<td>200KG\/polo\u017eka<\/td>\n<\/tr>\n<tr>\n<td class=\"label\">Obalov\u00fd materi\u00e1l:<\/td>\n<td>PE+PVC nebo PE+EPE<\/td>\n<\/tr>\n<tr>\n<td class=\"label\">Platebn\u00ed podm\u00ednky :<\/td>\n<td>T\/T, L\/C<\/td>\n<\/tr>\n<tr>\n<td class=\"label\">Term\u00edn dod\u00e1n\u00ed :<\/td>\n<td>20 ~ 25 dn\u00ed po obdr\u017een\u00ed z\u00e1lohy<\/td>\n<\/tr>\n<tr>\n<td class=\"label\">Nakl\u00e1dac\u00ed hmotnost :<\/td>\n<td>10t~12t\/20'GP, 20t~24t\/40'GP<\/td>\n<\/tr>\n<tr>\n<td class=\"label\">Na\u010d\u00edtac\u00ed p\u0159\u00edstav :<\/td>\n<td>Foshan, Guangzhou, Shenzhen<\/td>\n<\/tr>\n<tr>\n<td class=\"label\">OEM &amp; ODM :<\/td>\n<td>P\u0159ijateln\u00e9. Vzorky nab\u00edzen\u00e9 zdarma<\/td>\n<\/tr>\n<tr>\n<td class=\"label\">D\u00e9lka v\u00fdvozu :<\/td>\n<td>Pravideln\u00e9 3 ~ 6 m nebo roz\u0159ezan\u00e9 na ur\u010ditou velikost podle po\u017eadavku<\/td>\n<\/tr>\n<tr>\n<td class=\"label\">Povrchov\u00e9 \u00fapravy:<\/td>\n<td>Ml\u00fdn, pr\u00e1\u0161kov\u00fd lak, eloxovan\u00fd, elektrofor\u00e9za, d\u0159evo zrnit\u00e9<\/td>\n<\/tr>\n<tr>\n<td class=\"label\">Barva :<\/td>\n<td>St\u0159\u00edbrn\u00e1, \u0161ampa\u0148sk\u00e1, bronzov\u00e1, zlat\u00e1, \u010dern\u00e1, b\u00edl\u00e1 nebo podle po\u017eadavk\u016f<\/td>\n<\/tr>\n<tr>\n<td class=\"label\">Pou\u017eit\u00ed :<\/td>\n<td>Okna a dve\u0159e, p\u0159\u00ed\u010dky, architektura Decration, pr\u016fmyslov\u00e9 atd.<\/td>\n<\/tr>\n<tr>\n<td class=\"label\">Hot Sell Market :<\/td>\n<td>Po cel\u00e9m sv\u011bt\u011b<\/td>\n<\/tr>\n<tr>\n<td class=\"label\">Certifikace:<\/td>\n<td>GB5237-2008 , ISO9001:2008 , CQM , CE<\/td>\n<\/tr>\n<\/table>\n<h2>Na\u0161e v\u00fdrobn\u00ed z\u00e1kladna<\/h2>\n<h3>Panorama tov\u00e1rny<\/h3>\n<p><img decoding=\"async\" src=\"\/wp-content\/uploads\/factory-01.webp\"\/><\/p>\n<h3>D\u00edlna na v\u00fdrobu hlin\u00edkov\u00fdch ty\u010d\u00ed<\/h3>\n<p><img decoding=\"async\" src=\"\/wp-content\/uploads\/factory-02.webp\"\/><\/p>\n<\/p>\n<p><img decoding=\"async\" src=\"\/wp-content\/uploads\/factory-03.webp\"\/><\/p>\n<h3>Sklad pl\u00edsn\u00ed<\/h3>\n<p><img decoding=\"async\" src=\"\/wp-content\/uploads\/factory-04.webp\"\/><\/p>\n<h3>43 linek na vytla\u010dov\u00e1n\u00ed hlin\u00edku (500-5500 tun)<\/h3>\n<p><img decoding=\"async\" src=\"\/wp-content\/uploads\/factory-05.webp\"\/><\/p>\n<p><img decoding=\"async\" src=\"\/wp-content\/uploads\/factory-06.webp\"\/><\/p>\n<p><img decoding=\"async\" src=\"\/wp-content\/uploads\/factory-07.webp\"\/><\/p>\n<h3>D\u00edlna pr\u00e1\u0161kov\u00e9ho lakov\u00e1n\u00ed<\/h3>\n<p><img decoding=\"async\" src=\"\/wp-content\/uploads\/factory-09.webp\"\/><\/p>\n<h3>D\u00edlna eloxov\u00e1n\u00ed<\/h3>\n<p><img decoding=\"async\" src=\"\/wp-content\/uploads\/factory-10.webp\"\/><\/p>\n<h3>Workshop o hloubkov\u00e9m zpracov\u00e1n\u00ed<\/h3>\n<p><img decoding=\"async\" src=\"\/wp-content\/uploads\/factory-11.webp\"\/><\/p>\n<h3>D\u00edlna CNC p\u0159esn\u00e9ho obr\u00e1b\u011bn\u00ed<\/h3>\n<p><img decoding=\"async\" src=\"\/wp-content\/uploads\/factory-11.5.webp\"\/><\/p>\n<h3>Sklad hotov\u00fdch v\u00fdrobk\u016f a exportn\u00ed sklad<\/h3>\n<p><img decoding=\"async\" src=\"\/wp-content\/uploads\/factory-12.webp\"\/><\/p>\n<p><img decoding=\"async\" src=\"\/wp-content\/uploads\/factory-13.webp\"\/><\/p>\n<p><img decoding=\"async\" src=\"\/wp-content\/uploads\/factory-14.webp\"\/><\/p>\n<h2>\u010cASTO KLADEN\u00c9 DOTAZY<\/h2>\n<p><b>1.Co jsou hlin\u00edkov\u00e9 profily pro p\u0159\u00ed\u010dky?<\/b><\/p>\n<p>Hlin\u00edkov\u00e9 profily pro p\u0159\u00ed\u010dky jsou konstruk\u010dn\u00ed prvky pou\u017e\u00edvan\u00e9 k vytv\u00e1\u0159en\u00ed modul\u00e1rn\u00edch st\u011bnov\u00fdch syst\u00e9m\u016f v kancel\u00e1\u0159\u00edch, obchodn\u00edch prostor\u00e1ch a ve\u0159ejn\u00fdch budov\u00e1ch.\n<\/p>\n<p><\/p>\n<p><b>2.Pro\u010d pou\u017e\u00edvat hlin\u00edkov\u00e9 profily pro d\u011bl\u00edc\u00ed syst\u00e9my?<\/b><\/p>\n<p>Hlin\u00edk je lehk\u00fd, odoln\u00fd proti korozi a nab\u00edz\u00ed elegantn\u00ed modern\u00ed vzhled, tak\u017ee je ide\u00e1ln\u00ed pro odoln\u00e9 a stylov\u00e9 p\u0159\u00ed\u010dky.\n<\/p>\n<p><\/p>\n<p><b>3.Lze hlin\u00edkov\u00e9 d\u011blic\u00ed profily p\u0159izp\u016fsobit?<\/b><\/p>\n<p>Ano, jejich velikost, pr\u016f\u0159ez, barvu a povrchovou \u00fapravu lze p\u0159izp\u016fsobit r\u016fzn\u00fdm po\u017eadavk\u016fm na design a funk\u010dnost interi\u00e9ru.\n<\/p>\n<p><\/p>\n<p><b>4.Jak\u00e9 typy panel\u016f funguj\u00ed s hlin\u00edkov\u00fdmi p\u0159\u00ed\u010dkov\u00fdmi profily?<\/b><\/p>\n<p>Hlin\u00edkov\u00e9 p\u0159\u00ed\u010dky jsou kompatibiln\u00ed se sklem, d\u0159evem, PVC, akryl\u00e1tov\u00fdmi a kompozitn\u00edmi panely.\n<\/p>\n<p><\/p>\n<p><b>5.Je instalace hlin\u00edkov\u00fdch d\u011blic\u00edch profil\u016f snadn\u00e1?<\/b><\/p>\n<p>Rozhodn\u011b jsou navr\u017eeny pro rychlou mont\u00e1\u017e se z\u00e1kladn\u00edm n\u00e1\u0159ad\u00edm a minimem pr\u00e1ce.\n<\/p>\n<p><\/p>\n<p><b>6.Jsou tyto profily vhodn\u00e9 pro komer\u010dn\u00ed kancel\u00e1\u0159sk\u00e9 prost\u0159ed\u00ed?<\/b><\/p>\n<p>Ano, d\u00edky sv\u00e9mu profesion\u00e1ln\u00edmu vzhledu a flexibilit\u011b se hojn\u011b pou\u017e\u00edvaj\u00ed v kancel\u00e1\u0159\u00edch, showroomech, bank\u00e1ch a coworkingov\u00fdch prostor\u00e1ch.\n<\/p>\n<p><\/p>\n<p><b>7.Jak\u00e9 povrchov\u00e9 \u00fapravy jsou k dispozici pro hlin\u00edkov\u00e9 p\u0159\u00ed\u010dkov\u00e9 profily?<\/b><\/p>\n<p>Mezi b\u011b\u017en\u00e9 povrchov\u00e9 \u00fapravy pat\u0159\u00ed eloxov\u00e1n\u00ed, pr\u00e1\u0161kov\u00e9 lakov\u00e1n\u00ed, kart\u00e1\u010dov\u00e1n\u00ed a d\u0159ev\u011bn\u00e1 struktura, kter\u00e9 zaji\u0161\u0165uj\u00ed odolnost a vizu\u00e1ln\u00ed p\u0159ita\u017elivost.\n<\/p>\n<p><\/p>","protected":false},"featured_media":7349,"template":"","categories":[67],"class_list":["post-7350","product","type-product","status-publish","has-post-thumbnail","hentry","category-architectural-aluminium-profile"],"meta_box":{"hilight_text_group":{"product_hilight_text":"<li>Durable aluminum construction ensures long-lasting partition support<\/li>\r\r\n<li>Lightweight material allows for easy handling and installation<\/li>\r\r\n<li>Corrosion-resistant surface suitable for indoor office and commercial use<\/li>\r\r\n<li>Modern and minimal design enhances space aesthetics<\/li>\r\r\n<li>Customizable in shape, color, and finish to match interior styles<\/li>\r\r\n<li>Compatible with glass, wood, and panel inserts for flexible configurations<\/li>","product_chanpin_blog":"<ul>\r\r\n<li><a href=\"https:\/\/sinoextrud.com\/t-slot-v-slot-differences\/\" target=\"_blank\">t slot vs v slot<\/a><\/li>\r\r\n<li><a href=\"https:\/\/sinoextrud.com\/what-is-4040-aluminium-extrud\/\" target=\"_blank\">4040 aluminium extrusion<\/a><\/li>\r\r\n<li><a href=\"https:\/\/sinoextrud.com\/what-is-4040-aluminium-extrud\/\" target=\"_blank\">aluminum extrusions for industrial racks<\/a><\/li>\r\r\n<li><a href=\"https:\/\/sinoextrud.com\/powder-coating-aluminium-process\/\" target=\"_blank\">powder coating aluminium<\/a><\/li>\r\r\n<li><a href=\"https:\/\/sinoextrud.com\/what-is-an-aluminium-strip-ceiling\/\" target=\"_blank\">aluminium strip ceiling<\/a><\/li>\r\r\n<li><a href=\"https:\/\/sinoextrud.com\/what-is-a-heat-sink\/\" target=\"_blank\">what is a heat sink<\/a><\/li>\r\r\n<\/ul>","product_chanpin_chanpin":"<li><a href=\"https:\/\/sinoextrud.com\/product\/aluminum-profile-for-office-partition-catalog\/\" target=\"_blank\">Aluminum Profile For Office Partition Catalog<\/a><\/li>\r\n<li><a href=\"https:\/\/sinoextrud.com\/product\/modular-aluminium-extrusions\/\" target=\"_blank\">Modular Aluminium Extrusions<\/a><\/li>\r\n<li><a href=\"https:\/\/sinoextrud.com\/product\/aluminum-corner-extrusion-profiles\/\" target=\"_blank\">Aluminum Corner Extrusion Profiles<\/a><\/li>\r\n<li><a href=\"https:\/\/sinoextrud.com\/product\/aluminum-profile-for-windows-and-door-aluminum-curtain-wall-profile-extrusion\/\" target=\"_blank\">Aluminum Profile for Windows and Door Aluminum Curtain Wall Profile Extrusion<\/a><\/li>\r\n<li><a href=\"https:\/\/sinoextrud.com\/product\/aluminum-profiles-partition\/\" target=\"_blank\">Aluminum Profiles Partition<\/a><\/li>\r\n<li><a href=\"https:\/\/sinoextrud.com\/product\/aluminum-handle-profile\/\" target=\"_blank\">Aluminum Handle Profile<\/a><\/li>\r\n<li><a href=\"https:\/\/sinoextrud.com\/product\/aluminum-decorative-timber-batten-3d-aluminum-profiles-timber-ceilings-u-shaped-baffle-ceiling\/\" target=\"_blank\">Aluminum Decorative Timber Batten 3D Aluminum Profiles Timber Ceilings U-shaped Baffle Ceiling<\/a><\/li>\r\n<li><a href=\"https:\/\/sinoextrud.com\/product\/aluminum-alloy-profile\/\" target=\"_blank\">Aluminum Alloy Profile<\/a><\/li>\r\n<li><a href=\"https:\/\/sinoextrud.com\/product\/aluminum-louver-blades\/\" target=\"_blank\">Aluminum Louver Blades<\/a><\/li>\r\n<li><a href=\"https:\/\/sinoextrud.com\/product\/aluminum-extrusion-box\/\" target=\"_blank\">aluminum extrusion box<\/a><\/li>\r\n<li><a href=\"https:\/\/sinoextrud.com\/product\/extrusion-aluminum-pipe-anodized-sandblasted-black\/\" target=\"_blank\">Extrusion Aluminum Pipe Anodized Sandblasted Black<\/a><\/li>"},"feature_list":[]},"_links":{"self":[{"href":"https:\/\/sinoextrud.com\/cs\/wp-json\/wp\/v2\/product\/7350","targetHints":{"allow":["GET"]}}],"collection":[{"href":"https:\/\/sinoextrud.com\/cs\/wp-json\/wp\/v2\/product"}],"about":[{"href":"https:\/\/sinoextrud.com\/cs\/wp-json\/wp\/v2\/types\/product"}],"wp:featuredmedia":[{"embeddable":true,"href":"https:\/\/sinoextrud.com\/cs\/wp-json\/wp\/v2\/media\/7349"}],"wp:attachment":[{"href":"https:\/\/sinoextrud.com\/cs\/wp-json\/wp\/v2\/media?parent=7350"}],"wp:term":[{"taxonomy":"category","embeddable":true,"href":"https:\/\/sinoextrud.com\/cs\/wp-json\/wp\/v2\/categories?post=7350"}],"curies":[{"name":"wp","href":"https:\/\/api.w.org\/{rel}","templated":true}]}}