{"id":7348,"date":"2025-06-07T03:37:34","date_gmt":"2025-06-07T03:37:34","guid":{"rendered":"https:\/\/sinoextrud.com\/product\/aluminum-profile-for-windows-and-door-aluminum-curtain-wall-profile-extrusion\/"},"modified":"2025-06-24T06:12:36","modified_gmt":"2025-06-24T06:12:36","slug":"hlinikove-profily-pro-okna-a-dvere-hlinikove-profily-pro-obvodove-steny","status":"publish","type":"product","link":"https:\/\/sinoextrud.com\/cs\/product\/aluminum-profile-for-windows-and-door-aluminum-curtain-wall-profile-extrusion\/","title":{"rendered":"Hlin\u00edkov\u00fd profil pro okna a dve\u0159e Hlin\u00edkov\u00fd profil pro z\u00e1v\u011bsov\u00e9 st\u011bny Extrusion"},"content":{"rendered":"<h2>Podrobnosti o produktech<\/h2>\n<table class=\"custom-table\">\n<tr>\n<td class=\"label\">Polo\u017eka:<\/td>\n<td>Hlin\u00edkov\u00fd profil pro okna a dve\u0159e Hlin\u00edkov\u00fd profil pro z\u00e1v\u011bsov\u00e9 st\u011bny Extrusion<\/td>\n<\/tr>\n<tr>\n<td class=\"label\">Materi\u00e1l:<\/td>\n<td>100% slitina hlin\u00edkov\u00fdch profil\u016f: 6063-T5, 6061-T6, 6463-T5, 7075-T6, 6082, 5052, 2024, 7005, 6013, 7020 atd.<\/td>\n<\/tr>\n<tr>\n<td class=\"label\">Zna\u010dka :<\/td>\n<td>Sinoextrud hlin\u00edk\/Sinoextrud hlin\u00edkov\u00e9 profily <\/td>\n<\/tr>\n<tr>\n<td class=\"label\">Velikost:<\/td>\n<td>1m-9m nebo p\u0159izp\u016fsoben\u00e1 velikost<\/td>\n<\/tr>\n<tr>\n<td class=\"label\">Aplikace<\/td>\n<td>N\u00e1bytek, okna a dve\u0159e, dekorace, pr\u016fmysl, stavebnictv\u00ed atd.<\/td>\n<\/tr>\n<tr>\n<td class=\"label\">Barvy:<\/td>\n<td>eloxovan\u00e9, s kresbou d\u0159eva, pr\u00e1\u0161kov\u00e9 lakov\u00e1n\u00ed, eloxovan\u00e9 le\u0161t\u011bn\u00e9 a kart\u00e1\u010dovan\u00e9, elektrofor\u00e9za, flurokarbonov\u00e9 pr\u00e1\u0161kov\u00e9 lakov\u00e1n\u00ed atd.<\/td>\n<\/tr>\n<tr>\n<td class=\"label\">MOQ:<\/td>\n<td>200 kg pro ka\u017ed\u00fd profil<\/td>\n<\/tr>\n<tr>\n<td class=\"label\">Slu\u017eba OEM<\/td>\n<td>na z\u00e1klad\u011b v\u00fdkres\u016f nebo vzork\u016f navr\u017een\u00fdch z\u00e1kazn\u00edkem<\/td>\n<\/tr>\n<tr>\n<td class=\"label\">Certifikace je k dispozici<\/td>\n<td>ISO:9001, SONCAP , BV certifik\u00e1t nebo certifik\u00e1t z\u00e1kazn\u00edka k dispozici<\/td>\n<\/tr>\n<tr>\n<td class=\"label\">Podrobnosti o balen\u00ed<\/td>\n<td>(1) Uvnit\u0159: baleno s plastovou ochrannou f\u00f3li\u00ed, kter\u00e1 chr\u00e1n\u00ed ka\u017ed\u00fd profil.<br \/>\n(2) Vn\u011bj\u0161\u00ed strana: baleno s vod\u011bodoln\u00fdm kraftov\u00fdm pap\u00edrem<\/td>\n<\/tr>\n<tr>\n<td class=\"label\">Doba dod\u00e1n\u00ed:<\/td>\n<td>(1) V\u00fdvoj a zkou\u0161ka vzorku: 12-18 dn\u00ed.<br \/>\n(2) Doba v\u00fdroby: 25-30 dn\u00ed po potvrzen\u00ed vzorku kupuj\u00edc\u00edm.<\/td>\n<\/tr>\n<tr>\n<td class=\"label\">Platebn\u00ed podm\u00ednky:<\/td>\n<td>T\/T, 30% z\u00e1lohov\u00e1 platba, zat\u00edmco z\u016fstatek bude splacen p\u0159ed dod\u00e1n\u00edm<\/td>\n<\/tr>\n<tr>\n<td class=\"label\">Term\u00edn vypo\u0159\u00e1d\u00e1n\u00ed:<\/td>\n<td>Kone\u010dn\u00e1 platba se prov\u00e1d\u00ed na z\u00e1klad\u011b kone\u010dn\u00e9ho skute\u010dn\u00e9ho fyzick\u00e9ho v\u00e1\u017een\u00ed.<\/td>\n<\/tr>\n<tr>\n<td class=\"label\">V\u00fdrobn\u00ed kapacita:<\/td>\n<td>V\u00edce ne\u017e 15 000 tun m\u011bs\u00ed\u010dn\u011b.<\/td>\n<\/tr>\n<tr>\n<td class=\"label\">Z\u00e1ruka v\u00fdroby<\/td>\n<td>Barva povrchu vydr\u017e\u00ed 10 a\u017e 20 let p\u0159i pou\u017eit\u00ed v interi\u00e9ru.<\/td>\n<\/tr>\n<tr>\n<td class=\"label\">P\u0159\u00edstav:<\/td>\n<td>FOB Shenzhen, Guangzhou, Foshan<\/td>\n<\/tr>\n<\/table>\n<h2>Na\u0161e v\u00fdrobn\u00ed z\u00e1kladna<\/h2>\n<h3>Panorama tov\u00e1rny<\/h3>\n<p><img decoding=\"async\" src=\"\/wp-content\/uploads\/factory-01.webp\"\/><\/p>\n<h3>D\u00edlna na v\u00fdrobu hlin\u00edkov\u00fdch ty\u010d\u00ed<\/h3>\n<p><img decoding=\"async\" src=\"\/wp-content\/uploads\/factory-02.webp\"\/><\/p>\n<\/p>\n<p><img decoding=\"async\" src=\"\/wp-content\/uploads\/factory-03.webp\"\/><\/p>\n<h3>Sklad pl\u00edsn\u00ed<\/h3>\n<p><img decoding=\"async\" src=\"\/wp-content\/uploads\/factory-04.webp\"\/><\/p>\n<h3>43 linek na vytla\u010dov\u00e1n\u00ed hlin\u00edku (500 - 5500 tun)<\/h3>\n<p><img decoding=\"async\" src=\"\/wp-content\/uploads\/factory-05.webp\"\/><\/p>\n<p><img decoding=\"async\" src=\"\/wp-content\/uploads\/factory-06.webp\"\/><\/p>\n<p><img decoding=\"async\" src=\"\/wp-content\/uploads\/factory-07.webp\"\/><\/p>\n<h3>D\u00edlna pr\u00e1\u0161kov\u00e9ho lakov\u00e1n\u00ed<\/h3>\n<p><img decoding=\"async\" src=\"\/wp-content\/uploads\/factory-09.webp\"\/><\/p>\n<h3>D\u00edlna eloxov\u00e1n\u00ed<\/h3>\n<p><img decoding=\"async\" src=\"\/wp-content\/uploads\/factory-10.webp\"\/><\/p>\n<h3>Workshop o hloubkov\u00e9m zpracov\u00e1n\u00ed<\/h3>\n<p><img decoding=\"async\" src=\"\/wp-content\/uploads\/factory-11.webp\"\/><\/p>\n<h3>D\u00edlna CNC p\u0159esn\u00e9ho obr\u00e1b\u011bn\u00ed<\/h3>\n<p><img decoding=\"async\" src=\"\/wp-content\/uploads\/factory-11.5.webp\"\/><\/p>\n<h3>Sklad hotov\u00fdch v\u00fdrobk\u016f a exportn\u00ed sklad<\/h3>\n<p><img decoding=\"async\" src=\"\/wp-content\/uploads\/factory-12.webp\"\/><\/p>\n<p><img decoding=\"async\" src=\"\/wp-content\/uploads\/factory-13.webp\"\/><\/p>\n<p><img decoding=\"async\" src=\"\/wp-content\/uploads\/factory-14.webp\"\/><\/p>\n<h2>\u010cASTO KLADEN\u00c9 DOTAZY<\/h2>\n<p><b>1.Co je hlin\u00edkov\u00fd profil pro okna, dve\u0159e a z\u00e1v\u011bsy?<\/b><\/p>\n<p>Jedn\u00e1 se o extrudovan\u00fd hlin\u00edkov\u00fd profil speci\u00e1ln\u011b navr\u017een\u00fd pro r\u00e1mov\u00e1n\u00ed a podep\u0159en\u00ed skla v oknech, dve\u0159\u00edch a syst\u00e9mech obvodov\u00fdch st\u011bn.\n<\/p>\n<p><\/p>\n<p><b>2.Pro\u010d pou\u017e\u00edvat hlin\u00edkov\u00e9 profily pro dve\u0159e a obvodov\u00e9 st\u011bny?<\/b><\/p>\n<p>Hlin\u00edk nab\u00edz\u00ed vysokou pevnost, odolnost proti korozi a flexibilitu konstrukce, tak\u017ee je ide\u00e1ln\u00ed pro modern\u00ed a energeticky \u00fasporn\u00e9 architektonick\u00e9 syst\u00e9my.\n<\/p>\n<p><\/p>\n<p><b>3.Jsou tyto hlin\u00edkov\u00e9 profily vhodn\u00e9 pro velk\u00e9 sklen\u011bn\u00e9 z\u00e1v\u011bsn\u00e9 st\u011bny?<\/b><\/p>\n<p>Ano, jsou konstruov\u00e1ny tak, aby zvl\u00e1dly velk\u00e1 rozp\u011bt\u00ed a t\u011b\u017ek\u00e1 zasklen\u00ed a z\u00e1rove\u0148 zachovaly konstruk\u010dn\u00ed integritu a vizu\u00e1ln\u00ed p\u0159ita\u017elivost.\n<\/p>\n<p><\/p>\n<p><b>4.Lze hlin\u00edkov\u00e9 profily p\u0159izp\u016fsobit konkr\u00e9tn\u00edm projekt\u016fm?<\/b><\/p>\n<p>Pro jedine\u010dn\u00e9 rozm\u011bry, tvary, povrchov\u00e9 \u00fapravy a po\u017eadavky na v\u00fdkon jsou k dispozici slu\u017eby vytla\u010dov\u00e1n\u00ed na zak\u00e1zku.\n<\/p>\n<p><\/p>\n<p><b>5.Jak\u00e9 povrchov\u00e9 \u00fapravy jsou nab\u00edzeny pro hlin\u00edkov\u00e9 profily obvodov\u00fdch st\u011bn?<\/b><\/p>\n<p>Mezi b\u011b\u017en\u00e9 povrchov\u00e9 \u00fapravy pat\u0159\u00ed eloxov\u00e1n\u00ed, pr\u00e1\u0161kov\u00e9 lakov\u00e1n\u00ed, PVDF lakov\u00e1n\u00ed a kresba d\u0159eva pro zv\u00fd\u0161en\u00ed estetiky a odolnosti proti pov\u011btrnostn\u00edm vliv\u016fm.\n<\/p>\n<p><\/p>\n<p><b>6.Podporuj\u00ed hlin\u00edkov\u00e9 profily tepelnou izolaci ve stavebn\u00edch syst\u00e9mech?<\/b><\/p>\n<p>Ano, mnoho profil\u016f m\u016f\u017ee b\u00fdt vybaveno tepelnou mezerou a izola\u010dn\u00edm sklem pro zlep\u0161en\u00ed energetick\u00e9 \u00fa\u010dinnosti a sn\u00ed\u017een\u00ed p\u0159enosu tepla.\n<\/p>\n<p><\/p>\n<p><b>7.Je k dispozici p\u0159\u00edm\u00e1 tov\u00e1rn\u00ed cena pro hromadn\u00e9 vytla\u010dov\u00e1n\u00ed hlin\u00edkov\u00fdch profil\u016f?<\/b><\/p>\n<p>Ano, v\u011bt\u0161ina v\u00fdrobc\u016f nab\u00edz\u00ed konkurenceschopn\u00e9 v\u00fdrobn\u00ed ceny pro velk\u00e9 objedn\u00e1vky a partnerstv\u00ed s OEM.\n<\/p>\n<p><\/p>","protected":false},"featured_media":7347,"template":"","categories":[67],"class_list":["post-7348","product","type-product","status-publish","has-post-thumbnail","hentry","category-architectural-aluminium-profile"],"meta_box":{"hilight_text_group":{"product_hilight_text":"<li>High-strength aluminum profiles ensure structural integrity for windows, doors, and curtain walls<\/li>\r\r\n<li>Lightweight material simplifies transportation and installation<\/li>\r\r\n<li>Excellent thermal and sound insulation with compatible glazing systems<\/li>\r\r\n<li>Corrosion-resistant finishes like anodizing and powder coating available<\/li>\r\r\n<li>Custom extrusion profiles for OEM and architectural project requirements<\/li>\r\r\n<li>Precision manufacturing guarantees consistent quality and tight tolerances<\/li>","product_chanpin_blog":"<ul>\r\r\n<li><a href=\"https:\/\/sinoextrud.com\/t-slot-v-slot-differences\/\" target=\"_blank\">t slot vs v slot<\/a><\/li>\r\r\n<li><a href=\"https:\/\/sinoextrud.com\/what-is-4040-aluminium-extrud\/\" target=\"_blank\">4040 aluminium extrusion<\/a><\/li>\r\r\n<li><a href=\"https:\/\/sinoextrud.com\/what-is-4040-aluminium-extrud\/\" target=\"_blank\">aluminum extrusions for industrial racks<\/a><\/li>\r\r\n<li><a href=\"https:\/\/sinoextrud.com\/powder-coating-aluminium-process\/\" target=\"_blank\">powder coating aluminium<\/a><\/li>\r\r\n<li><a href=\"https:\/\/sinoextrud.com\/what-is-an-aluminium-strip-ceiling\/\" target=\"_blank\">aluminium strip ceiling<\/a><\/li>\r\r\n<li><a href=\"https:\/\/sinoextrud.com\/what-is-a-heat-sink\/\" target=\"_blank\">what is a heat sink<\/a><\/li>\r\r\n<\/ul>","product_chanpin_chanpin":"<li><a href=\"https:\/\/sinoextrud.com\/product\/aluminum-railing\/\" target=\"_blank\">Aluminum Railing<\/a><\/li>\r\n<li><a href=\"https:\/\/sinoextrud.com\/product\/aluminum-profile-for-office-partition-catalog\/\" target=\"_blank\">Aluminum Profile For Office Partition Catalog<\/a><\/li>\r\n<li><a href=\"https:\/\/sinoextrud.com\/product\/modular-aluminium-extrusions\/\" target=\"_blank\">Modular Aluminium Extrusions<\/a><\/li>\r\n<li><a href=\"https:\/\/sinoextrud.com\/product\/aluminum-corner-extrusion-profiles\/\" target=\"_blank\">Aluminum Corner Extrusion Profiles<\/a><\/li>\r\n<li><a href=\"https:\/\/sinoextrud.com\/product\/aluminum-profile-for-windows-and-door-aluminum-curtain-wall-profile-extrusion\/\" target=\"_blank\">Aluminum Profile for Windows and Door Aluminum Curtain Wall Profile Extrusion<\/a><\/li>\r\n<li><a href=\"https:\/\/sinoextrud.com\/product\/aluminum-profiles-partition\/\" target=\"_blank\">Aluminum Profiles Partition<\/a><\/li>\r\n<li><a href=\"https:\/\/sinoextrud.com\/product\/aluminum-handle-profile\/\" target=\"_blank\">Aluminum Handle Profile<\/a><\/li>\r\n<li><a href=\"https:\/\/sinoextrud.com\/product\/aluminum-decorative-timber-batten-3d-aluminum-profiles-timber-ceilings-u-shaped-baffle-ceiling\/\" target=\"_blank\">Aluminum Decorative Timber Batten 3D Aluminum Profiles Timber Ceilings U-shaped Baffle Ceiling<\/a><\/li>\r\n<li><a href=\"https:\/\/sinoextrud.com\/product\/aluminum-alloy-profile\/\" target=\"_blank\">Aluminum Alloy Profile<\/a><\/li>\r\n<li><a href=\"https:\/\/sinoextrud.com\/product\/aluminum-channel-for-plexiglass\/\" target=\"_blank\">Aluminum Channel For Plexiglass<\/a><\/li>\r\n<li><a href=\"https:\/\/sinoextrud.com\/product\/aluminum-extrusion-profile-suppliers-for-good-kitchen-cabinet-manufacturers-cabinet-extrusion-pricing-construction-aluminium\/\" target=\"_blank\">aluminum extrusion profile suppliers for Good Kitchen cabinet manufacturers Cabinet extrusion pricing construction aluminium<\/a><\/li>"},"feature_list":[]},"_links":{"self":[{"href":"https:\/\/sinoextrud.com\/cs\/wp-json\/wp\/v2\/product\/7348","targetHints":{"allow":["GET"]}}],"collection":[{"href":"https:\/\/sinoextrud.com\/cs\/wp-json\/wp\/v2\/product"}],"about":[{"href":"https:\/\/sinoextrud.com\/cs\/wp-json\/wp\/v2\/types\/product"}],"wp:featuredmedia":[{"embeddable":true,"href":"https:\/\/sinoextrud.com\/cs\/wp-json\/wp\/v2\/media\/7347"}],"wp:attachment":[{"href":"https:\/\/sinoextrud.com\/cs\/wp-json\/wp\/v2\/media?parent=7348"}],"wp:term":[{"taxonomy":"category","embeddable":true,"href":"https:\/\/sinoextrud.com\/cs\/wp-json\/wp\/v2\/categories?post=7348"}],"curies":[{"name":"wp","href":"https:\/\/api.w.org\/{rel}","templated":true}]}}