{"id":7332,"date":"2025-06-07T03:23:16","date_gmt":"2025-06-07T03:23:16","guid":{"rendered":"https:\/\/sinoextrud.com\/product\/china-industrial-extruded-aluminium-heatsink-profile\/"},"modified":"2025-06-24T06:12:33","modified_gmt":"2025-06-24T06:12:33","slug":"cina-prumyslovy-extrudovany-hlinikovy-profil-chladice","status":"publish","type":"product","link":"https:\/\/sinoextrud.com\/cs\/product\/china-industrial-extruded-aluminium-heatsink-profile\/","title":{"rendered":"\u010c\u00edna Pr\u016fmyslov\u00fd extrudovan\u00fd hlin\u00edkov\u00fd chladi\u010d Profil"},"content":{"rendered":"<h2>Podrobnosti o produktech<\/h2>\n<table class=\"custom-table\">\n<tr>\n<td class=\"label\">Polo\u017eka:<\/td>\n<td> Extrudovan\u00fd hlin\u00edkov\u00fd profil chladi\u010de<\/td>\n<\/tr>\n<tr>\n<td class=\"label\">Pou\u017eit\u00ed:<\/td>\n<td> Chladi\u010d<\/td>\n<\/tr>\n<tr>\n<td class=\"label\">T\u0159\u00edda:<\/td>\n<td> \u0158ada 6000<\/td>\n<\/tr>\n<tr>\n<td class=\"label\">M\u00edrnost:<\/td>\n<td> T3 - T8<\/td>\n<\/tr>\n<tr>\n<td class=\"label\">Pou\u017eit\u00ed:<\/td>\n<td> LED\/ Elektronick\u00e1 sou\u010d\u00e1stka<\/td>\n<\/tr>\n<tr>\n<td class=\"label\">Kontrola kvality:<\/td>\n<td> 100% Kontrola p\u0159ed odesl\u00e1n\u00edm<\/td>\n<\/tr>\n<tr>\n<td class=\"label\">Um\u00edst\u011bn\u00ed tov\u00e1rny:<\/td>\n<td> Foshan, \u010c\u00edna<\/td>\n<\/tr>\n<tr>\n<td class=\"label\">Specifikace:<\/td>\n<td> RoHS<\/td>\n<\/tr>\n<tr>\n<td class=\"label\">Typ:<\/td>\n<td> Hlin\u00edkov\u00e9 profily<\/td>\n<\/tr>\n<tr>\n<td class=\"label\">Slitina:<\/td>\n<td> Slitina<\/td>\n<\/tr>\n<tr>\n<td class=\"label\">Certifikace:<\/td>\n<td> GB\/T<\/td>\n<\/tr>\n<tr>\n<td class=\"label\">Velikost:<\/td>\n<td> Vlastn\u00ed<\/td>\n<\/tr>\n<tr>\n<td class=\"label\">Slu\u017eba:<\/td>\n<td> OEM\/ODM<\/td>\n<\/tr>\n<tr>\n<td class=\"label\">Doba dod\u00e1n\u00ed:<\/td>\n<td> 7-25 pracovn\u00edch dn\u016f (podle va\u0161eho mno\u017estv\u00ed)<\/td>\n<\/tr>\n<tr>\n<td class=\"label\">Detail balen\u00ed:<\/td>\n<td> Standardn\u00ed exportn\u00ed balen\u00ed<\/td>\n<\/tr>\n<tr>\n<td class=\"label\">Ochrann\u00e1 zn\u00e1mka:<\/td>\n<td>Sinoextrud(Sinoextrud)\/OEM<\/td>\n<\/tr>\n<tr>\n<td class=\"label\">P\u016fvod:<\/td>\n<td> Foshan, \u010c\u00edna<\/td>\n<\/tr>\n<\/table>\n<h2>Na\u0161e v\u00fdrobn\u00ed z\u00e1kladna<\/h2>\n<h3>Panorama tov\u00e1rny<\/h3>\n<p><img decoding=\"async\" src=\"\/wp-content\/uploads\/factory-01.webp\"\/><\/p>\n<h3>D\u00edlna na v\u00fdrobu hlin\u00edkov\u00fdch ty\u010d\u00ed<\/h3>\n<p><img decoding=\"async\" src=\"\/wp-content\/uploads\/factory-02.webp\"\/><\/p>\n<\/p>\n<p><img decoding=\"async\" src=\"\/wp-content\/uploads\/factory-03.webp\"\/><\/p>\n<h3>Sklad pl\u00edsn\u00ed<\/h3>\n<p><img decoding=\"async\" src=\"\/wp-content\/uploads\/factory-04.webp\"\/><\/p>\n<h3>43 linek na vytla\u010dov\u00e1n\u00ed hlin\u00edku (500 - 5500 tun)<\/h3>\n<p><img decoding=\"async\" src=\"\/wp-content\/uploads\/factory-05.webp\"\/><\/p>\n<p><img decoding=\"async\" src=\"\/wp-content\/uploads\/factory-06.webp\"\/><\/p>\n<p><img decoding=\"async\" src=\"\/wp-content\/uploads\/factory-07.webp\"\/><\/p>\n<h3>D\u00edlna pr\u00e1\u0161kov\u00e9ho lakov\u00e1n\u00ed<\/h3>\n<p><img decoding=\"async\" src=\"\/wp-content\/uploads\/factory-09.webp\"\/><\/p>\n<h3>D\u00edlna eloxov\u00e1n\u00ed<\/h3>\n<p><img decoding=\"async\" src=\"\/wp-content\/uploads\/factory-10.webp\"\/><\/p>\n<h3>Workshop o hloubkov\u00e9m zpracov\u00e1n\u00ed<\/h3>\n<p><img decoding=\"async\" src=\"\/wp-content\/uploads\/factory-11.webp\"\/><\/p>\n<h3>D\u00edlna CNC p\u0159esn\u00e9ho obr\u00e1b\u011bn\u00ed<\/h3>\n<p><img decoding=\"async\" src=\"\/wp-content\/uploads\/factory-11.5.webp\"\/><\/p>\n<h3>Sklad hotov\u00fdch v\u00fdrobk\u016f a exportn\u00ed sklad<\/h3>\n<p><img decoding=\"async\" src=\"\/wp-content\/uploads\/factory-12.webp\"\/><\/p>\n<p><img decoding=\"async\" src=\"\/wp-content\/uploads\/factory-13.webp\"\/><\/p>\n<p><img decoding=\"async\" src=\"\/wp-content\/uploads\/factory-14.webp\"\/><\/p>\n<h2>\u010cASTO KLADEN\u00c9 DOTAZY<\/h2>\n<p><b>1.What je \u010c\u00edna pr\u016fmyslov\u00fd extrudovan\u00fd hlin\u00edkov\u00fd chladi\u010d profil?<\/b><\/p>\n<p>Jedn\u00e1 se o hlin\u00edkov\u00fd profil vyr\u00e1b\u011bn\u00fd v \u010c\u00edn\u011b technologi\u00ed vytla\u010dov\u00e1n\u00ed, ur\u010den\u00fd k odv\u00e1d\u011bn\u00ed tepla v pr\u016fmyslov\u00fdch elektronick\u00fdch a mechanick\u00fdch syst\u00e9mech.\n<\/p>\n<p><\/p>\n<p><b>2.Pro\u010d si vybrat extrudovan\u00e9 hlin\u00edkov\u00e9 chladic\u00ed profily z \u010c\u00edny?<\/b><\/p>\n<p>\u010c\u00edna nab\u00edz\u00ed vysoce kvalitn\u00ed pr\u016fmyslov\u00e9 extrudovan\u00e9 hlin\u00edkov\u00e9 chladi\u010de za konkurenceschopn\u00e9 ceny se spolehliv\u00fdmi v\u00fdrobn\u00edmi kapacitami a mo\u017enostmi p\u0159izp\u016fsoben\u00ed.\n<\/p>\n<p><\/p>\n<p><b>3.Jak hlin\u00edkov\u00fd profil chladi\u010de zlep\u0161uje chlazen\u00ed?<\/b><\/p>\n<p>Jeho vysok\u00e1 tepeln\u00e1 vodivost a optimalizovan\u00e1 struktura \u017eeber zv\u011bt\u0161uj\u00ed povrch, co\u017e umo\u017e\u0148uje rychlej\u0161\u00ed p\u0159enos tepla z komponent do okol\u00ed.\n<\/p>\n<p><\/p>\n<p><b>4.Lze hlin\u00edkov\u00e9 profily chladi\u010d\u016f p\u0159izp\u016fsobit?<\/b><\/p>\n<p>Ano, v\u00fdrobci nab\u00edzej\u00ed v\u00fdlisky na zak\u00e1zku podle tepeln\u00fdch po\u017eadavk\u016f, rozm\u011br\u016f, mont\u00e1\u017en\u00edch prvk\u016f a povrchov\u00fdch \u00faprav.\n<\/p>\n<p><\/p>\n<p><b>5.Jsou \u010d\u00ednsk\u00e9 hlin\u00edkov\u00e9 profily chladi\u010d\u016f n\u00e1kladov\u011b efektivn\u00ed?<\/b><\/p>\n<p>\u010c\u00edn\u0161t\u00ed dodavatel\u00e9 rozhodn\u011b nab\u00edzej\u00ed konkurenceschopn\u00e9 ceny, ani\u017e by sni\u017eovali kvalitu, co\u017e je ide\u00e1ln\u00ed pro velkoobjemov\u00e9 pr\u016fmyslov\u00e9 aplikace.\n<\/p>\n<p><\/p>\n<p><b>6.V jak\u00fdch pr\u016fmyslov\u00fdch odv\u011btv\u00edch se pou\u017e\u00edvaj\u00ed vytla\u010dovan\u00e9 hlin\u00edkov\u00e9 profily chladi\u010d\u016f?<\/b><\/p>\n<p>Tyto profily se \u0161iroce pou\u017e\u00edvaj\u00ed v elektronice, automobilov\u00e9m pr\u016fmyslu, LED osv\u011btlen\u00ed, nap\u00e1jec\u00edch zdroj\u00edch a pr\u016fmyslov\u00fdch stroj\u00edch pro efektivn\u00ed tepeln\u00fd management.\n<\/p>\n<p><\/p>\n<p><b>7.Je povrchov\u00e1 \u00faprava hlin\u00edkov\u00fdch chladi\u010d\u016f d\u016fle\u017eit\u00e1?<\/b><\/p>\n<p>Ano, eloxov\u00e1n\u00ed nebo pr\u00e1\u0161kov\u00e9 lakov\u00e1n\u00ed zaji\u0161\u0165uje odolnost proti korozi a zlep\u0161uje tepeln\u00e9 vyza\u0159ov\u00e1n\u00ed, \u010d\u00edm\u017e prodlu\u017euje \u017eivotnost a v\u00fdkon chladi\u010de.\n<\/p>\n<p><\/p>","protected":false},"featured_media":7331,"template":"","categories":[67],"class_list":["post-7332","product","type-product","status-publish","has-post-thumbnail","hentry","category-architectural-aluminium-profile"],"meta_box":{"hilight_text_group":{"product_hilight_text":"<li>High thermal conductivity aluminum enhances heat dissipation efficiency<\/li>\r\r\n<li>Precision extrusion ensures consistent fin structure for optimal cooling<\/li>\r\r\n<li>Lightweight and durable design ideal for industrial applications<\/li>\r\r\n<li>Custom shapes and sizes available to fit specific heat management needs<\/li>\r\r\n<li>Cost-effective manufacturing from reliable China-based suppliers<\/li>\r\r\n<li>Corrosion-resistant surface treatment extends service life<\/li>","product_chanpin_blog":"<ul>\r\r\n<li><a href=\"https:\/\/sinoextrud.com\/t-slot-v-slot-differences\/\" target=\"_blank\">t slot vs v slot<\/a><\/li>\r\r\n<li><a href=\"https:\/\/sinoextrud.com\/what-is-4040-aluminium-extrud\/\" target=\"_blank\">4040 aluminium extrusion<\/a><\/li>\r\r\n<li><a href=\"https:\/\/sinoextrud.com\/what-is-4040-aluminium-extrud\/\" target=\"_blank\">aluminum extrusions for industrial racks<\/a><\/li>\r\r\n<li><a href=\"https:\/\/sinoextrud.com\/powder-coating-aluminium-process\/\" target=\"_blank\">powder coating aluminium<\/a><\/li>\r\r\n<li><a href=\"https:\/\/sinoextrud.com\/what-is-an-aluminium-strip-ceiling\/\" target=\"_blank\">aluminium strip ceiling<\/a><\/li>\r\r\n<li><a href=\"https:\/\/sinoextrud.com\/what-is-a-heat-sink\/\" target=\"_blank\">what is a heat sink<\/a><\/li>\r\r\n<\/ul>","product_chanpin_chanpin":"<li><a href=\"https:\/\/sinoextrud.com\/product\/roller-blind-aluminium-profiles\/\" target=\"_blank\">Roller blind aluminium profiles<\/a><\/li>\r\n<li><a href=\"https:\/\/sinoextrud.com\/product\/outdoor-aluminium-sun-shutters-louvres-system\/\" target=\"_blank\">Outdoor aluminium sun shutters( louvres) system<\/a><\/li>\r\n<li><a href=\"https:\/\/sinoextrud.com\/product\/anodized-and-powder-coated-t-slotted-aluminum-extrusion\/\" target=\"_blank\">Anodized and Powder Coated T-Slotted Aluminum Extrusion<\/a><\/li>\r\n<li><a href=\"https:\/\/sinoextrud.com\/product\/aluminum-extrusion-profile-suppliers-for-good-kitchen-cabinet-manufacturers-cabinet-extrusion-pricing-construction-aluminium\/\" target=\"_blank\">aluminum extrusion profile suppliers for Good Kitchen cabinet manufacturers Cabinet extrusion pricing construction aluminium<\/a><\/li>\r\n<li><a href=\"https:\/\/sinoextrud.com\/product\/china-industrial-extruded-aluminium-heatsink-profile\/\" target=\"_blank\">China Industrial Extruded Aluminium Heatsink Profile<\/a><\/li>\r\n<li><a href=\"https:\/\/sinoextrud.com\/product\/aluminium-window-frame-profiles\/\" target=\"_blank\">Aluminium Window Frame Profiles<\/a><\/li>\r\n<li><a href=\"https:\/\/sinoextrud.com\/product\/customized-extruded-aluminum-enclosure-profile\/\" target=\"_blank\">Customized Extruded Aluminum Enclosure Profile<\/a><\/li>\r\n<li><a href=\"https:\/\/sinoextrud.com\/product\/aluminum-alloy-wall-decoration-edge-trim-strip\/\" target=\"_blank\">Aluminum Alloy Wall Decoration Edge Trim Strip<\/a><\/li>\r\n<li><a href=\"https:\/\/sinoextrud.com\/product\/aluminum-railing\/\" target=\"_blank\">Aluminum Railing<\/a><\/li>\r\n<li><a href=\"https:\/\/sinoextrud.com\/product\/extruded-aluminum-tubing-shapes\/\" target=\"_blank\">Extruded Aluminum Tubing Shapes<\/a><\/li>\r\n<li><a href=\"https:\/\/sinoextrud.com\/product\/extruded-aluminum-enclosure-case\/\" target=\"_blank\">Extruded Aluminum Enclosure Case<\/a><\/li>"},"feature_list":[]},"_links":{"self":[{"href":"https:\/\/sinoextrud.com\/cs\/wp-json\/wp\/v2\/product\/7332","targetHints":{"allow":["GET"]}}],"collection":[{"href":"https:\/\/sinoextrud.com\/cs\/wp-json\/wp\/v2\/product"}],"about":[{"href":"https:\/\/sinoextrud.com\/cs\/wp-json\/wp\/v2\/types\/product"}],"wp:featuredmedia":[{"embeddable":true,"href":"https:\/\/sinoextrud.com\/cs\/wp-json\/wp\/v2\/media\/7331"}],"wp:attachment":[{"href":"https:\/\/sinoextrud.com\/cs\/wp-json\/wp\/v2\/media?parent=7332"}],"wp:term":[{"taxonomy":"category","embeddable":true,"href":"https:\/\/sinoextrud.com\/cs\/wp-json\/wp\/v2\/categories?post=7332"}],"curies":[{"name":"wp","href":"https:\/\/api.w.org\/{rel}","templated":true}]}}