{"id":7328,"date":"2025-06-07T03:18:26","date_gmt":"2025-06-07T03:18:26","guid":{"rendered":"https:\/\/sinoextrud.com\/product\/anodized-and-powder-coated-t-slotted-aluminum-extrusion\/"},"modified":"2025-06-24T06:12:33","modified_gmt":"2025-06-24T06:12:33","slug":"eloxovany-a-praskove-lakovany-hlinikovy-vylisek-s-drazkou-t","status":"publish","type":"product","link":"https:\/\/sinoextrud.com\/cs\/product\/anodized-and-powder-coated-t-slotted-aluminum-extrusion\/","title":{"rendered":"eloxovan\u00fd a pr\u00e1\u0161kov\u011b lakovan\u00fd hlin\u00edkov\u00fd v\u00fdlisek s T-dr\u00e1\u017ekou"},"content":{"rendered":"<h2>Podrobnosti o produktech<\/h2>\n<table class=\"custom-table\">\n<tr>\n<td class=\"label\">Pou\u017eit\u00ed:<\/td>\n<td> Dve\u0159e a okna, chladi\u010d, sklen\u011bn\u00e1 st\u011bna, dekorace, dopravn\u00ed n\u00e1\u0159ad\u00ed<\/td>\n<\/tr>\n<tr>\n<td class=\"label\">M\u00edrnost:<\/td>\n<td> T3-T8<\/td>\n<\/tr>\n<tr>\n<td class=\"label\">Hlin\u00edkov\u00e9 profily oken a dve\u0159\u00ed:<\/td>\n<td> \u0158ada 60<\/td>\n<\/tr>\n<tr>\n<td class=\"label\">Slitina:<\/td>\n<td> Slitina<\/td>\n<\/tr>\n<tr>\n<td class=\"label\">Materi\u00e1l:<\/td>\n<td> 6063\/6061\/6005\/6060 T5\/T6<\/td>\n<\/tr>\n<tr>\n<td class=\"label\">Polo\u017eky:<\/td>\n<td> Hlin\u00edkov\u00fd v\u00fdlisek s T-dr\u00e1\u017ekou<\/td>\n<\/tr>\n<tr>\n<td class=\"label\">Specifikace:<\/td>\n<td> ISO 9001<\/td>\n<\/tr>\n<tr>\n<td class=\"label\">K\u00f3d HS:<\/td>\n<td> 7604299000<\/td>\n<\/tr>\n<tr>\n<td class=\"label\">Certifikace:<\/td>\n<td> CE, ISO, GB<\/td>\n<\/tr>\n<tr>\n<td class=\"label\">Tvar:<\/td>\n<td> \u010ctverec<\/td>\n<\/tr>\n<tr>\n<td class=\"label\">Povrchov\u00e1 \u00faprava:<\/td>\n<td> Eloxovan\u00e9 a pr\u00e1\u0161kov\u011b lakovan\u00e9 <\/td>\n<\/tr>\n<tr>\n<td class=\"label\">Leguj\u00edc\u00ed slo\u017eka:<\/td>\n<td> 6063<\/td>\n<\/tr>\n<tr>\n<td class=\"label\">Profil z le\u0161t\u011bn\u00e9ho hlin\u00edku:<\/td>\n<td> Chemick\u00e9 le\u0161t\u011bn\u00ed<\/td>\n<\/tr>\n<tr>\n<td class=\"label\">Dokon\u010den\u00ed:<\/td>\n<td> eloxov\u00e1n\u00ed, pr\u00e1\u0161kov\u00e9 lakov\u00e1n\u00ed, d\u0159evo, le\u0161t\u011bn\u00ed<\/td>\n<\/tr>\n<tr>\n<td class=\"label\">P\u016fvod:<\/td>\n<td> Foshan, \u010c\u00edna<\/td>\n<\/tr>\n<\/table>\n<h2>Na\u0161e v\u00fdrobn\u00ed z\u00e1kladna<\/h2>\n<h3>Panorama tov\u00e1rny<\/h3>\n<p><img decoding=\"async\" src=\"\/wp-content\/uploads\/factory-01.webp\"\/><\/p>\n<h3>D\u00edlna na v\u00fdrobu hlin\u00edkov\u00fdch ty\u010d\u00ed<\/h3>\n<p><img decoding=\"async\" src=\"\/wp-content\/uploads\/factory-02.webp\"\/><\/p>\n<p><img decoding=\"async\" src=\"\/wp-content\/uploads\/factory-03.webp\"\/><\/p>\n<h3>Sklad pl\u00edsn\u00ed<\/h3>\n<p><img decoding=\"async\" src=\"\/wp-content\/uploads\/factory-04.webp\"\/><\/p>\n<h3>43 linek na vytla\u010dov\u00e1n\u00ed hlin\u00edku (500 - 5500 tun)<\/h3>\n<p><img decoding=\"async\" src=\"\/wp-content\/uploads\/factory-05.webp\"\/><\/p>\n<p><img decoding=\"async\" src=\"\/wp-content\/uploads\/factory-06.webp\"\/><\/p>\n<p><img decoding=\"async\" src=\"\/wp-content\/uploads\/factory-07.webp\"\/><\/p>\n<h3>D\u00edlna pr\u00e1\u0161kov\u00e9ho lakov\u00e1n\u00ed<\/h3>\n<p><img decoding=\"async\" src=\"\/wp-content\/uploads\/factory-09.webp\"\/><\/p>\n<h3>D\u00edlna eloxov\u00e1n\u00ed<\/h3>\n<p><img decoding=\"async\" src=\"\/wp-content\/uploads\/factory-10.webp\"\/><\/p>\n<h3>Workshop o hloubkov\u00e9m zpracov\u00e1n\u00ed<\/h3>\n<p><img decoding=\"async\" src=\"\/wp-content\/uploads\/factory-11.webp\"\/><\/p>\n<h3>D\u00edlna CNC p\u0159esn\u00e9ho obr\u00e1b\u011bn\u00ed<\/h3>\n<p><img decoding=\"async\" src=\"\/wp-content\/uploads\/factory-11.5.webp\"\/><\/p>\n<h3>Sklad hotov\u00fdch v\u00fdrobk\u016f a exportn\u00ed sklad<\/h3>\n<p><img decoding=\"async\" src=\"\/wp-content\/uploads\/factory-12.webp\"\/><\/p>\n<p><img decoding=\"async\" src=\"\/wp-content\/uploads\/factory-13.webp\"\/><\/p>\n<p><img decoding=\"async\" src=\"\/wp-content\/uploads\/factory-14.webp\"\/><\/p>\n<h2>\u010cASTO KLADEN\u00c9 DOTAZY<\/h2>\n<p><p><b>1.Co je eloxovan\u00fd a pr\u00e1\u0161kov\u011b lakovan\u00fd hlin\u00edkov\u00fd v\u00fdlisek s T-dr\u00e1\u017ekou?<\/b><\/p>\n<p>Jedn\u00e1 se o modul\u00e1rn\u00ed hlin\u00edkov\u00fd profil s T-dr\u00e1\u017ekami s povrchovou \u00fapravou eloxov\u00e1n\u00edm nebo pr\u00e1\u0161kov\u00fdm lakov\u00e1n\u00edm pro zv\u00fd\u0161en\u00ed trvanlivosti, odolnosti proti korozi a estetiky.<br \/>\n<\/p><br \/>\n<br \/>\n<p><b>2.Pro\u010d pou\u017e\u00edvat hlin\u00edkov\u00e9 v\u00fdlisky s T-dr\u00e1\u017ekou v pr\u016fmyslov\u00fdch aplikac\u00edch?<\/b><\/p>\n<p>Hlin\u00edkov\u00fd v\u00fdlisek s dr\u00e1\u017ekou T nab\u00edz\u00ed flexibiln\u00ed konstrukci, snadnou mont\u00e1\u017e a pevnou konstruk\u010dn\u00ed podporu, ide\u00e1ln\u00ed pro automatiza\u010dn\u00ed syst\u00e9my a pr\u016fmyslov\u00e9 r\u00e1my.<br \/>\n<\/p><br \/>\n<br \/>\n<p><b>3.Jak\u00e9 jsou v\u00fdhody eloxovan\u00fdch a pr\u00e1\u0161kov\u00fdch povrchov\u00fdch \u00faprav?<\/b><\/p>\n<p>Eloxovan\u00e9 a pr\u00e1\u0161kov\u00e9 povrchov\u00e9 \u00fapravy poskytuj\u00ed vynikaj\u00edc\u00ed ochranu povrchu, odolnost proti korozi a barevn\u00e9 mo\u017enosti pro r\u016fzn\u00e9 aplikace.<br \/>\n<\/p><br \/>\n<br \/>\n<p><b>4.Mohou b\u00fdt tyto hlin\u00edkov\u00e9 v\u00fdlisky p\u0159izp\u016fsobeny?<\/b><\/p>\n<p>Ano, jejich velikost, barvu a zpracov\u00e1n\u00ed lze p\u0159izp\u016fsobit specifick\u00fdm po\u017eadavk\u016fm projektu nebo OEM.<br \/>\n<\/p><br \/>\n<br \/>\n<p><b>5.Je mont\u00e1\u017e hlin\u00edkov\u00fdch v\u00fdlisk\u016f s T-dr\u00e1\u017ekami snadn\u00e1?<\/b><\/p>\n<p>Modul\u00e1rn\u00ed konstrukce umo\u017e\u0148uje rychlou mont\u00e1\u017e bez pou\u017eit\u00ed n\u00e1\u0159ad\u00ed pomoc\u00ed standardn\u00edch konektor\u016f a spojovac\u00edho materi\u00e1lu.<br \/>\n<\/p><br \/>\n<br \/>\n<p><b>6.Je tento typ hlin\u00edkov\u00e9ho v\u00fdlisku vhodn\u00fd pro venkovn\u00ed pou\u017eit\u00ed?<\/b><\/p>\n<p>Ano, d\u00edky eloxovan\u00e9mu a pr\u00e1\u0161kov\u011b lakovan\u00e9mu povrchu odoln\u00e9mu proti korozi je vhodn\u00fd do vnit\u0159n\u00edho i venkovn\u00edho prost\u0159ed\u00ed.<br \/>\n<\/p><br \/>\n<br \/>\n<p><b>7.V jak\u00fdch pr\u016fmyslov\u00fdch odv\u011btv\u00edch se pou\u017e\u00edvaj\u00ed eloxovan\u00e9 a pr\u00e1\u0161kov\u011b lakovan\u00e9 hlin\u00edkov\u00e9 v\u00fdlisky s T-dr\u00e1\u017ekou?<\/b><\/p>\n<p>D\u00edky sv\u00e9 p\u0159izp\u016fsobivosti a odolnosti se hojn\u011b pou\u017e\u00edvaj\u00ed v automatizaci, v\u00fdrob\u011b, robotice, \u010dist\u00fdch prostor\u00e1ch a na zak\u00e1zkov\u00fdch pracovi\u0161t\u00edch.<br \/>\n<\/p><br \/><\/p>","protected":false},"featured_media":7327,"template":"","categories":[67],"class_list":["post-7328","product","type-product","status-publish","has-post-thumbnail","hentry","category-architectural-aluminium-profile"],"meta_box":{"hilight_text_group":{"product_hilight_text":"<li>Durable anodized and powder coated finishes for enhanced surface protection<\/li>\r\r\n<li>T-slotted design allows flexible and modular assembly<\/li>\r\r\n<li>Corrosion-resistant for use in industrial and outdoor environments<\/li>\r\r\n<li>Compatible with a wide range of connectors and accessories<\/li>\r\r\n<li>Lightweight yet high-strength aluminum alloy ensures structural integrity<\/li>\r\r\n<li>Ideal for machine frames, workstations, enclosures, and automation systems<\/li>","product_chanpin_blog":"<ul>\r\r\n<li><a href=\"https:\/\/sinoextrud.com\/t-slot-v-slot-differences\/\" target=\"_blank\">t slot vs v slot<\/a><\/li>\r\r\n<li><a href=\"https:\/\/sinoextrud.com\/what-is-4040-aluminium-extrud\/\" target=\"_blank\">4040 aluminium extrusion<\/a><\/li>\r\r\n<li><a href=\"https:\/\/sinoextrud.com\/what-is-4040-aluminium-extrud\/\" target=\"_blank\">aluminum extrusions for industrial racks<\/a><\/li>\r\r\n<li><a href=\"https:\/\/sinoextrud.com\/powder-coating-aluminium-process\/\" target=\"_blank\">powder coating aluminium<\/a><\/li>\r\r\n<li><a href=\"https:\/\/sinoextrud.com\/what-is-an-aluminium-strip-ceiling\/\" target=\"_blank\">aluminium strip ceiling<\/a><\/li>\r\r\n<li><a href=\"https:\/\/sinoextrud.com\/what-is-a-heat-sink\/\" target=\"_blank\">what is a heat sink<\/a><\/li>\r\r\n<\/ul>","product_chanpin_chanpin":"<li><a href=\"https:\/\/sinoextrud.com\/product\/cabinet-aluminum-profile\/\" target=\"_blank\">Cabinet Aluminum Profile<\/a><\/li>\r\n<li><a href=\"https:\/\/sinoextrud.com\/product\/square-aluminum-tubing-with-anodized-mill-finish-polishing-treatment\/\" target=\"_blank\">Square Aluminum Tubing With Anodized Mill Finish Polishing Treatment<\/a><\/li>\r\n<li><a href=\"https:\/\/sinoextrud.com\/product\/roller-blind-aluminium-profiles\/\" target=\"_blank\">Roller blind aluminium profiles<\/a><\/li>\r\n<li><a href=\"https:\/\/sinoextrud.com\/product\/outdoor-aluminium-sun-shutters-louvres-system\/\" target=\"_blank\">Outdoor aluminium sun shutters( louvres) system<\/a><\/li>\r\n<li><a href=\"https:\/\/sinoextrud.com\/product\/anodized-and-powder-coated-t-slotted-aluminum-extrusion\/\" target=\"_blank\">Anodized and Powder Coated T-Slotted Aluminum Extrusion<\/a><\/li>\r\n<li><a href=\"https:\/\/sinoextrud.com\/product\/aluminum-extrusion-profile-suppliers-for-good-kitchen-cabinet-manufacturers-cabinet-extrusion-pricing-construction-aluminium\/\" target=\"_blank\">aluminum extrusion profile suppliers for Good Kitchen cabinet manufacturers Cabinet extrusion pricing construction aluminium<\/a><\/li>\r\n<li><a href=\"https:\/\/sinoextrud.com\/product\/china-industrial-extruded-aluminium-heatsink-profile\/\" target=\"_blank\">China Industrial Extruded Aluminium Heatsink Profile<\/a><\/li>\r\n<li><a href=\"https:\/\/sinoextrud.com\/product\/aluminium-window-frame-profiles\/\" target=\"_blank\">Aluminium Window Frame Profiles<\/a><\/li>\r\n<li><a href=\"https:\/\/sinoextrud.com\/product\/customized-extruded-aluminum-enclosure-profile\/\" target=\"_blank\">Customized Extruded Aluminum Enclosure Profile<\/a><\/li>\r\n<li><a href=\"https:\/\/sinoextrud.com\/product\/led-strip-lights-aluminum-profile\/\" target=\"_blank\">Led Strip Lights Aluminum Profile<\/a><\/li>\r\n<li><a href=\"https:\/\/sinoextrud.com\/product\/aluminum-tube-profile-processing-with-6060-material\/\" target=\"_blank\">Aluminum Tube Profile Processing with 6060 material<\/a><\/li>"},"feature_list":[]},"_links":{"self":[{"href":"https:\/\/sinoextrud.com\/cs\/wp-json\/wp\/v2\/product\/7328","targetHints":{"allow":["GET"]}}],"collection":[{"href":"https:\/\/sinoextrud.com\/cs\/wp-json\/wp\/v2\/product"}],"about":[{"href":"https:\/\/sinoextrud.com\/cs\/wp-json\/wp\/v2\/types\/product"}],"wp:featuredmedia":[{"embeddable":true,"href":"https:\/\/sinoextrud.com\/cs\/wp-json\/wp\/v2\/media\/7327"}],"wp:attachment":[{"href":"https:\/\/sinoextrud.com\/cs\/wp-json\/wp\/v2\/media?parent=7328"}],"wp:term":[{"taxonomy":"category","embeddable":true,"href":"https:\/\/sinoextrud.com\/cs\/wp-json\/wp\/v2\/categories?post=7328"}],"curies":[{"name":"wp","href":"https:\/\/api.w.org\/{rel}","templated":true}]}}