{"id":7324,"date":"2025-06-07T03:14:47","date_gmt":"2025-06-07T03:14:47","guid":{"rendered":"https:\/\/sinoextrud.com\/product\/roller-blind-aluminium-profiles\/"},"modified":"2025-06-24T06:12:31","modified_gmt":"2025-06-24T06:12:31","slug":"hlinikove-profily-pro-rolety","status":"publish","type":"product","link":"https:\/\/sinoextrud.com\/cs\/product\/roller-blind-aluminium-profiles\/","title":{"rendered":"Hlin\u00edkov\u00e9 profily pro rolety"},"content":{"rendered":"<h2>Podrobnosti o produktech<\/h2>\n<table class=\"custom-table\">\n<tbody>\n<tr>\n<td> Produkt<\/td>\n<td> Hlin\u00edkov\u00e9 profily pro rolety<\/td>\n<\/tr>\n<tr>\n<td> Zna\u010dka<\/td>\n<td> Sinoextrud hlin\u00edk<\/td>\n<\/tr>\n<tr>\n<td> Slitina<\/td>\n<td> 6063,6061,6005,6082<\/td>\n<\/tr>\n<tr>\n<td> Temperament<\/td>\n<td> T4,T5,T6<\/td>\n<\/tr>\n<tr>\n<td> Tlou\u0161\u0165ka<\/td>\n<td> 0,4 mm-500 mm<\/td>\n<\/tr>\n<tr>\n<td> Velikost<\/td>\n<td> vlastn\u00ed<\/td>\n<\/tr>\n<tr>\n<td> Tolerance<\/td>\n<td> +\/-0,1 mm<\/td>\n<\/tr>\n<tr>\n<td> Dokon\u010dovac\u00ed pr\u00e1ce<\/td>\n<td> st\u0159\u00edbrn\u00fd eloxovan\u00fd, alkalick\u00fd, alkalick\u00e9 p\u00edskov\u00e1n\u00ed, dr\u00e1tota\u017een\u00ed (kart\u00e1\u010dov\u00e1n\u00ed), le\u0161t\u011bn\u00ed, pr\u00e1\u0161kov\u00e9 lakov\u00e1n\u00ed, elektrofor\u00e9za, r\u016fzn\u00e9 barvy (st\u0159\u00edbrn\u00e1, sat\u00e9nov\u00e1 nerezov\u00e1, \u010dern\u00e1 matn\u00e1, \u010derven\u00e1, hn\u011bd\u00e1, zlat\u00e1, \u0161ampa\u0148sk\u00e9 a tak d\u00e1le).<\/td>\n<\/tr>\n<tr>\n<td> Certifikace<\/td>\n<td> ISO9001:2008<\/td>\n<\/tr>\n<tr>\n<td> Proces CNC<\/td>\n<td> CNC obr\u00e1b\u011bn\u00ed, kov\u00e1n\u00ed, oh\u00fdb\u00e1n\u00ed, sva\u0159ov\u00e1n\u00ed, lisov\u00e1n\u00ed, p\u0159esn\u00e9 \u0159ez\u00e1n\u00ed<\/td>\n<\/tr>\n<tr>\n<td> Uk\u00e1zka<\/td>\n<td> zdarma<\/td>\n<\/tr>\n<tr>\n<td> MOQ<\/td>\n<td> 200 KG<\/td>\n<\/tr>\n<\/tbody>\n<\/table>\n<h2>Na\u0161e v\u00fdrobn\u00ed z\u00e1kladna<\/h2>\n<h3>Panorama tov\u00e1rny<\/h3>\n<p><img decoding=\"async\" src=\"\/wp-content\/uploads\/factory-01.webp\"\/><\/p>\n<h3>D\u00edlna na v\u00fdrobu hlin\u00edkov\u00fdch ty\u010d\u00ed<\/h3>\n<p><img decoding=\"async\" src=\"\/wp-content\/uploads\/factory-02.webp\"\/><\/p>\n<p><img decoding=\"async\" src=\"\/wp-content\/uploads\/factory-03.webp\"\/><\/p>\n<h3>Sklad pl\u00edsn\u00ed<\/h3>\n<p><img decoding=\"async\" src=\"\/wp-content\/uploads\/factory-04.webp\"\/><\/p>\n<h3>43 linek na vytla\u010dov\u00e1n\u00ed hlin\u00edku (500 - 5500 tun)<\/h3>\n<p><img decoding=\"async\" src=\"\/wp-content\/uploads\/factory-05.webp\"\/><\/p>\n<p><img decoding=\"async\" src=\"\/wp-content\/uploads\/factory-06.webp\"\/><\/p>\n<p><img decoding=\"async\" src=\"\/wp-content\/uploads\/factory-07.webp\"\/><\/p>\n<h3>D\u00edlna pr\u00e1\u0161kov\u00e9ho lakov\u00e1n\u00ed<\/h3>\n<p><img decoding=\"async\" src=\"\/wp-content\/uploads\/factory-09.webp\"\/><\/p>\n<h3>D\u00edlna eloxov\u00e1n\u00ed<\/h3>\n<p><img decoding=\"async\" src=\"\/wp-content\/uploads\/factory-10.webp\"\/><\/p>\n<h3>Workshop o hloubkov\u00e9m zpracov\u00e1n\u00ed<\/h3>\n<p><img decoding=\"async\" src=\"\/wp-content\/uploads\/factory-11.webp\"\/><\/p>\n<h3>D\u00edlna CNC p\u0159esn\u00e9ho obr\u00e1b\u011bn\u00ed<\/h3>\n<p><img decoding=\"async\" src=\"\/wp-content\/uploads\/factory-11.5.webp\"\/><\/p>\n<h3>Sklad hotov\u00fdch v\u00fdrobk\u016f a exportn\u00ed sklad<\/h3>\n<p><img decoding=\"async\" src=\"\/wp-content\/uploads\/factory-12.webp\"\/><\/p>\n<p><img decoding=\"async\" src=\"\/wp-content\/uploads\/factory-13.webp\"\/><\/p>\n<p><img decoding=\"async\" src=\"\/wp-content\/uploads\/factory-14.webp\"\/><\/p>\n<h2>\u010cASTO KLADEN\u00c9 DOTAZY<\/h2>\n<p><p><b>1.Co jsou hlin\u00edkov\u00e9 profily pro rolety?<\/b><\/p>\n<p>Hlin\u00edkov\u00e9 profily pro rolety jsou extrudovan\u00e9 r\u00e1my, kter\u00e9 se pou\u017e\u00edvaj\u00ed k podep\u0159en\u00ed a ovl\u00e1d\u00e1n\u00ed l\u00e1tkov\u00fdch rolet v obytn\u00fdch nebo komer\u010dn\u00edch prostorech.<br \/>\n<\/p><br \/>\n<br \/>\n<p><b>2.Pro\u010d pou\u017e\u00edvat hlin\u00edkov\u00e9 profily pro rolety?<\/b><\/p>\n<p>Hlin\u00edk je lehk\u00fd, pevn\u00fd a odoln\u00fd proti korozi, tak\u017ee je ide\u00e1ln\u00ed pro bezprobl\u00e9mov\u00fd provoz a dlouhodob\u00e9 pou\u017e\u00edv\u00e1n\u00ed.<br \/>\n<\/p><br \/>\n<br \/>\n<p><b>3.Lze tyto profily p\u0159izp\u016fsobit?<\/b><\/p>\n<p>Ano, hlin\u00edkov\u00e9 profily rolet lze p\u0159izp\u016fsobit velikosti, povrchov\u00e9 \u00faprav\u011b a designu tak, aby vyhovovaly r\u016fzn\u00fdm po\u017eadavk\u016fm na okna a interi\u00e9r.<br \/>\n<\/p><br \/>\n<br \/>\n<p><b>4.Jsou hlin\u00edkov\u00e9 profily kompatibiln\u00ed se v\u0161emi roletov\u00fdmi syst\u00e9my?<\/b><\/p>\n<p>V\u011bt\u0161ina profil\u016f je navr\u017eena tak, aby byla kompatibiln\u00ed se standardn\u00edmi roletov\u00fdmi komponenty, v\u010detn\u011b trubek, dr\u017e\u00e1k\u016f a koncovek.<br \/>\n<\/p><br \/>\n<br \/>\n<p><b>5.Jak\u00e9 povrchov\u00e9 \u00fapravy jsou k dispozici?<\/b><\/p>\n<p>Mezi b\u011b\u017en\u00e9 povrchov\u00e9 \u00fapravy pat\u0159\u00ed eloxov\u00e1n\u00ed, pr\u00e1\u0161kov\u00e9 lakov\u00e1n\u00ed, kart\u00e1\u010dov\u00e1n\u00ed a mat, kter\u00e9 nab\u00edzej\u00ed jak estetick\u00fd vzhled, tak ochranu.<br \/>\n<\/p><br \/>\n<br \/>\n<p><b>6.Je instalace roletov\u00fdch profil\u016f snadn\u00e1?<\/b><\/p>\n<p>Ano, jsou navr\u017eeny pro rychlou a jednoduchou instalaci s minimem pot\u0159ebn\u00e9ho n\u00e1\u0159ad\u00ed.<br \/>\n<\/p><br \/>\n<br \/>\n<p><b>7.Jsou tyto profily vhodn\u00e9 do vlhk\u00e9ho prost\u0159ed\u00ed?<\/b><\/p>\n<p>Ano, eloxovan\u00fd hlin\u00edk a hlin\u00edk s povrchovou \u00fapravou odol\u00e1vaj\u00ed vlhkosti, tak\u017ee jsou vhodn\u00e9 do kuchyn\u00ed, koupelen a pob\u0159e\u017en\u00edch oblast\u00ed.<br \/>\n<\/p><br \/>\n<br \/>\n<p><b>8.Je hlin\u00edk udr\u017eiteln\u00fdm materi\u00e1lem pro rolety?<\/b><\/p>\n<p>Ano, hlin\u00edk je 100% recyklovateln\u00fd a p\u0159isp\u00edv\u00e1 k ekologick\u00e9mu designu interi\u00e9ru.<br \/>\n<\/p><br \/><\/p>","protected":false},"featured_media":7323,"template":"","categories":[67],"class_list":["post-7324","product","type-product","status-publish","has-post-thumbnail","hentry","category-architectural-aluminium-profile"],"meta_box":{"hilight_text_group":{"product_hilight_text":"<li>Lightweight aluminum ensures easy roller blind operation<\/li>\r\r\n<li>Corrosion-resistant surface ideal for long-term indoor use<\/li>\r\r\n<li>Compatible with various fabric and blind mechanisms<\/li>\r\r\n<li>Available in multiple finishes including anodized and powder-coated<\/li>\r\r\n<li>Customizable sizes and designs to fit different window systems<\/li>\r\r\n<li>Sleek and modern design enhances interior aesthetics<\/li>\r\r\n<li>Durable material supports frequent use and extended lifespan<\/li>","product_chanpin_blog":"<ul>\r\r\n<li><a href=\"https:\/\/sinoextrud.com\/t-slot-v-slot-differences\/\" target=\"_blank\">t slot vs v slot<\/a><\/li>\r\r\n<li><a href=\"https:\/\/sinoextrud.com\/what-is-4040-aluminium-extrud\/\" target=\"_blank\">4040 aluminium extrusion<\/a><\/li>\r\r\n<li><a href=\"https:\/\/sinoextrud.com\/what-is-4040-aluminium-extrud\/\" target=\"_blank\">aluminum extrusions for industrial racks<\/a><\/li>\r\r\n<li><a href=\"https:\/\/sinoextrud.com\/powder-coating-aluminium-process\/\" target=\"_blank\">powder coating aluminium<\/a><\/li>\r\r\n<li><a href=\"https:\/\/sinoextrud.com\/what-is-an-aluminium-strip-ceiling\/\" target=\"_blank\">aluminium strip ceiling<\/a><\/li>\r\r\n<li><a href=\"https:\/\/sinoextrud.com\/what-is-a-heat-sink\/\" target=\"_blank\">what is a heat sink<\/a><\/li>\r\r\n<\/ul>","product_chanpin_chanpin":"<li><a href=\"https:\/\/sinoextrud.com\/product\/china-aluminum-angle-bar-alloy-profile\/\" target=\"_blank\">China Aluminum Angle Bar Alloy Profile<\/a><\/li>\r\n<li><a href=\"https:\/\/sinoextrud.com\/product\/aluminium-profile-structure\/\" target=\"_blank\">Aluminium Profile Structure<\/a><\/li>\r\n<li><a href=\"https:\/\/sinoextrud.com\/product\/cabinet-aluminum-profile\/\" target=\"_blank\">Cabinet Aluminum Profile<\/a><\/li>\r\n<li><a href=\"https:\/\/sinoextrud.com\/product\/square-aluminum-tubing-with-anodized-mill-finish-polishing-treatment\/\" target=\"_blank\">Square Aluminum Tubing With Anodized Mill Finish Polishing Treatment<\/a><\/li>\r\n<li><a href=\"https:\/\/sinoextrud.com\/product\/roller-blind-aluminium-profiles\/\" target=\"_blank\">Roller blind aluminium profiles<\/a><\/li>\r\n<li><a href=\"https:\/\/sinoextrud.com\/product\/outdoor-aluminium-sun-shutters-louvres-system\/\" target=\"_blank\">Outdoor aluminium sun shutters( louvres) system<\/a><\/li>\r\n<li><a href=\"https:\/\/sinoextrud.com\/product\/anodized-and-powder-coated-t-slotted-aluminum-extrusion\/\" target=\"_blank\">Anodized and Powder Coated T-Slotted Aluminum Extrusion<\/a><\/li>\r\n<li><a href=\"https:\/\/sinoextrud.com\/product\/aluminum-extrusion-profile-suppliers-for-good-kitchen-cabinet-manufacturers-cabinet-extrusion-pricing-construction-aluminium\/\" target=\"_blank\">aluminum extrusion profile suppliers for Good Kitchen cabinet manufacturers Cabinet extrusion pricing construction aluminium<\/a><\/li>\r\n<li><a href=\"https:\/\/sinoextrud.com\/product\/china-industrial-extruded-aluminium-heatsink-profile\/\" target=\"_blank\">China Industrial Extruded Aluminium Heatsink Profile<\/a><\/li>\r\n<li><a href=\"https:\/\/sinoextrud.com\/product\/aluminium-extrusion-profile-for-led-light-strip-heat-sink\/\" target=\"_blank\">Aluminium Extrusion Profile For LED Light Strip Heat Sink<\/a><\/li>\r\n<li><a href=\"https:\/\/sinoextrud.com\/product\/aluminum-frame-extrusion-profiles\/\" target=\"_blank\">Aluminum Frame Extrusion Profiles<\/a><\/li>"},"feature_list":[]},"_links":{"self":[{"href":"https:\/\/sinoextrud.com\/cs\/wp-json\/wp\/v2\/product\/7324","targetHints":{"allow":["GET"]}}],"collection":[{"href":"https:\/\/sinoextrud.com\/cs\/wp-json\/wp\/v2\/product"}],"about":[{"href":"https:\/\/sinoextrud.com\/cs\/wp-json\/wp\/v2\/types\/product"}],"wp:featuredmedia":[{"embeddable":true,"href":"https:\/\/sinoextrud.com\/cs\/wp-json\/wp\/v2\/media\/7323"}],"wp:attachment":[{"href":"https:\/\/sinoextrud.com\/cs\/wp-json\/wp\/v2\/media?parent=7324"}],"wp:term":[{"taxonomy":"category","embeddable":true,"href":"https:\/\/sinoextrud.com\/cs\/wp-json\/wp\/v2\/categories?post=7324"}],"curies":[{"name":"wp","href":"https:\/\/api.w.org\/{rel}","templated":true}]}}