{"id":7320,"date":"2025-06-07T03:10:37","date_gmt":"2025-06-07T03:10:37","guid":{"rendered":"https:\/\/sinoextrud.com\/product\/cabinet-aluminum-profile\/"},"modified":"2025-06-24T06:12:31","modified_gmt":"2025-06-24T06:12:31","slug":"skrinovy-hlinikovy-profil","status":"publish","type":"product","link":"https:\/\/sinoextrud.com\/cs\/product\/cabinet-aluminum-profile\/","title":{"rendered":"Sk\u0159\u00ed\u0148ov\u00fd hlin\u00edkov\u00fd profil"},"content":{"rendered":"<h2>Podrobnosti o produktech<\/h2>\n<table class=\"custom-table\">\n<tr>\n<td class=\"label\">Polo\u017eka<\/td>\n<td>Sk\u0159\u00ed\u0148ov\u00fd hlin\u00edkov\u00fd profil<\/td>\n<\/tr>\n<tr>\n<td class=\"label\">Materi\u00e1l<\/td>\n<td>Hlin\u00edk \u0159ady 6000<\/td>\n<\/tr>\n<tr>\n<td class=\"label\">Temperament<\/td>\n<td>T4, T5, T6<\/td>\n<\/tr>\n<tr>\n<td class=\"label\">Velikost \/ tlou\u0161\u0165ka<\/td>\n<td>Obecn\u00e1 tlou\u0161\u0165ka profil\u016f od 0,8 do 5,0 mm, d\u00e9lka od 1 m do 9 m nebo na zak\u00e1zku; tlou\u0161\u0165ka eloxovac\u00ed ochrann\u00e9 vrstvy od 8 do 25 um, pr\u00e1\u0161kov\u00e9 lakov\u00e1n\u00ed od 40 do 120 um.<\/td>\n<\/tr>\n<tr>\n<td class=\"label\">Tvar<\/td>\n<td>P\u0159izp\u016fsoben\u00e9<\/td>\n<\/tr>\n<tr>\n<td class=\"label\">Aplikace<\/td>\n<td>V n\u00e1bytku, oknech a dve\u0159\u00edch, dekorac\u00edch, pr\u016fmyslu, stavebnictv\u00ed atd.<\/td>\n<\/tr>\n<tr>\n<td class=\"label\">Povrchov\u00e1 \u00faprava<\/td>\n<td>pr\u00e1\u0161kov\u00e9 lakov\u00e1n\u00ed, elektrofor\u00e9za, d\u0159ev\u011bn\u00e1 struktura , eloxov\u00e1n\u00ed atd.<\/td>\n<\/tr>\n<tr>\n<td class=\"label\">Barvy<\/td>\n<td>Ref pr\u00e1\u0161kov\u00e9 lakov\u00e1n\u00ed barevn\u00fd list a p\u0159izp\u016fsoben\u00e9 barvy k dispozici<\/td>\n<\/tr>\n<tr>\n<td class=\"label\">Hloubkov\u00fd proces<\/td>\n<td>CNC, vrt\u00e1n\u00ed, fr\u00e9zov\u00e1n\u00ed, \u0159ez\u00e1n\u00ed, sva\u0159ov\u00e1n\u00ed, oh\u00fdb\u00e1n\u00ed, mont\u00e1\u017e<\/td>\n<\/tr>\n<tr>\n<td class=\"label\">MOQ<\/td>\n<td>200 kg pro ka\u017edou polo\u017eku<\/td>\n<\/tr>\n<tr>\n<td class=\"label\">Podrobnosti o balen\u00ed<\/td>\n<td>(1) Uvnit\u0159: baleno s plastovou ochrannou f\u00f3li\u00ed, kter\u00e1 chr\u00e1n\u00ed ka\u017ed\u00fd kus.<\/td>\n<\/tr>\n<tr>\n<td class=\"label\"><\/td>\n<td>(2) Venku: Zabalte svazky do vod\u011bodoln\u00e9ho \u0159emesln\u00e9ho pap\u00edru.<\/td>\n<\/tr>\n<tr>\n<td class=\"label\">Doba dod\u00e1n\u00ed<\/td>\n<td>(1) V\u00fdvoj a testov\u00e1n\u00ed vzork\u016f: 12-18 dn\u00ed.<\/td>\n<\/tr>\n<tr>\n<td class=\"label\"><\/td>\n<td>(2) Dokon\u010den\u00ed hromadn\u00e9 v\u00fdroby: 20-30 dn\u00ed po potvrzen\u00ed vzorku kupuj\u00edc\u00edm.<\/td>\n<\/tr>\n<tr>\n<td class=\"label\">P\u0159\u00edstav FOB<\/td>\n<td>SHENZHEN \/ GUANGZHOU \/ FOSHAN<\/td>\n<\/tr>\n<tr>\n<td class=\"label\">platebn\u00ed podm\u00ednky<\/td>\n<td>T\/T 30% pro vklad, z\u016fstatek p\u0159ed odesl\u00e1n\u00edm.<\/td>\n<\/tr>\n<tr>\n<td class=\"label\">term\u00edn vypo\u0159\u00e1d\u00e1n\u00ed<\/td>\n<td>\u00da\u010dtujte podle kone\u010dn\u00e9 skute\u010dn\u00e9 hmotnosti nebo podle teoretick\u00e9 hmotnosti p\u0159i \u010derp\u00e1n\u00ed.<\/td>\n<\/tr>\n<tr>\n<td class=\"label\">Certifik\u00e1t a norma<\/td>\n<td>CQM, SGS, CE, BV, SONCAP \/ GB, ISO, JIS, AS, NZS, QUALICOAT, QUOLANOD k dispozici<\/td>\n<\/tr>\n<tr>\n<td class=\"label\">Z\u00e1ruka<\/td>\n<td>Barva povrchu m\u016f\u017ee b\u00fdt stabiln\u00ed po dobu 10 ~ 20 let pou\u017e\u00edv\u00e1n\u00ed v interi\u00e9ru.<\/td>\n<\/tr>\n<\/table>\n<h2>Na\u0161e v\u00fdrobn\u00ed z\u00e1kladna<\/h2>\n<h3>Panorama tov\u00e1rny<\/h3>\n<p><img decoding=\"async\" src=\"\/wp-content\/uploads\/factory-01.webp\"\/><\/p>\n<h3>D\u00edlna na v\u00fdrobu hlin\u00edkov\u00fdch ty\u010d\u00ed<\/h3>\n<p><img decoding=\"async\" src=\"\/wp-content\/uploads\/factory-02.webp\"\/><\/p>\n<\/p>\n<p><img decoding=\"async\" src=\"\/wp-content\/uploads\/factory-03.webp\"\/><\/p>\n<h3>Sklad pl\u00edsn\u00ed<\/h3>\n<p><img decoding=\"async\" src=\"\/wp-content\/uploads\/factory-04.webp\"\/><\/p>\n<h3>43 linek na vytla\u010dov\u00e1n\u00ed hlin\u00edku (500 - 5500 tun)<\/h3>\n<p><img decoding=\"async\" src=\"\/wp-content\/uploads\/factory-05.webp\"\/><\/p>\n<p><img decoding=\"async\" src=\"\/wp-content\/uploads\/factory-06.webp\"\/><\/p>\n<p><img decoding=\"async\" src=\"\/wp-content\/uploads\/factory-07.webp\"\/><\/p>\n<h3>D\u00edlna pr\u00e1\u0161kov\u00e9ho lakov\u00e1n\u00ed<\/h3>\n<p><img decoding=\"async\" src=\"\/wp-content\/uploads\/factory-09.webp\"\/><\/p>\n<h3>D\u00edlna eloxov\u00e1n\u00ed<\/h3>\n<p><img decoding=\"async\" src=\"\/wp-content\/uploads\/factory-10.webp\"\/><\/p>\n<h3>Workshop o hloubkov\u00e9m zpracov\u00e1n\u00ed<\/h3>\n<p><img decoding=\"async\" src=\"\/wp-content\/uploads\/factory-11.webp\"\/><\/p>\n<h3>D\u00edlna CNC p\u0159esn\u00e9ho obr\u00e1b\u011bn\u00ed<\/h3>\n<p><img decoding=\"async\" src=\"\/wp-content\/uploads\/factory-11.5.webp\"\/><\/p>\n<h3>Sklad hotov\u00fdch v\u00fdrobk\u016f a exportn\u00ed sklad<\/h3>\n<p><img decoding=\"async\" src=\"\/wp-content\/uploads\/factory-12.webp\"\/><\/p>\n<p><img decoding=\"async\" src=\"\/wp-content\/uploads\/factory-13.webp\"\/><\/p>\n<p><img decoding=\"async\" src=\"\/wp-content\/uploads\/factory-14.webp\"\/><\/p>\n<h2>\u010cASTO KLADEN\u00c9 DOTAZY<\/h2>\n<p><b>1.Co je hlin\u00edkov\u00fd profil sk\u0159\u00edn\u011b?<\/b><\/p>\n<p>Sk\u0159\u00ed\u0148ov\u00fd hlin\u00edkov\u00fd profil je extrudovan\u00fd hlin\u00edkov\u00fd r\u00e1m, kter\u00fd se pou\u017e\u00edv\u00e1 ke konstrukci a podpo\u0159e sk\u0159\u00ed\u0148ov\u00fdch konstrukc\u00ed v obytn\u00fdch nebo komer\u010dn\u00edch interi\u00e9rech.\n<\/p>\n<p><\/p>\n<p><b>2.Pro\u010d pou\u017e\u00edvat hlin\u00edkov\u00e9 profily pro sk\u0159\u00edn\u011b?<\/b><\/p>\n<p>Hlin\u00edkov\u00e9 profily se vyzna\u010duj\u00ed pevnost\u00ed, n\u00edzkou hmotnost\u00ed, odolnost\u00ed proti korozi a elegantn\u00edm vzhledem, tak\u017ee jsou ide\u00e1ln\u00ed pro modern\u00ed sk\u0159\u00edn\u011b.\n<\/p>\n<p><\/p>\n<p><b>3.Jsou hlin\u00edkov\u00e9 profily sk\u0159\u00edn\u00ed odoln\u00e9 proti vlhkosti?<\/b><\/p>\n<p>Ano, maj\u00ed antikorozn\u00ed povrchovou \u00fapravu, d\u00edky kter\u00e9 jsou vhodn\u00e9 do prostor s vysokou vlhkost\u00ed, jako jsou kuchyn\u011b a koupelny.\n<\/p>\n<p><\/p>\n<p><b>4.Lze hlin\u00edkov\u00e9 profily pou\u017e\u00edt s jin\u00fdmi materi\u00e1ly?<\/b><\/p>\n<p>Ano, jsou navr\u017eeny tak, aby je bylo mo\u017en\u00e9 integrovat se sklem, d\u0159evem, akrylem nebo jin\u00fdmi deskov\u00fdmi materi\u00e1ly a vytvo\u0159it tak univerz\u00e1ln\u00ed design sk\u0159\u00edn\u011bk.\n<\/p>\n<p><\/p>\n<p><b>5.Snadno se tyto profily instaluj\u00ed?<\/b><\/p>\n<p>Rozhodn\u011b jsou lehk\u00e9 a podporuj\u00ed modul\u00e1rn\u00ed mont\u00e1\u017e, co\u017e zjednodu\u0161uje proces instalace.\n<\/p>\n<p><\/p>\n<p><b>6.Jak\u00e9 povrchov\u00e9 \u00fapravy jsou k dispozici pro sk\u0159\u00ed\u0148ov\u00e9 hlin\u00edkov\u00e9 profily?<\/b><\/p>\n<p>Mezi b\u011b\u017en\u00e9 povrchov\u00e9 \u00fapravy pat\u0159\u00ed eloxovan\u00e1, kart\u00e1\u010dovan\u00e1, matn\u00e1 a pr\u00e1\u0161kov\u00e1 barva, kter\u00e9 zaji\u0161\u0165uj\u00ed estetickou rozmanitost.\n<\/p>\n<p><\/p>\n<p><b>7.Mohu si p\u0159izp\u016fsobit hlin\u00edkov\u00e9 profily sk\u0159\u00edn\u011bk?<\/b><\/p>\n<p>Ano, profily lze tvarov\u011b, velikostn\u011b, barevn\u011b a povrchov\u011b upravit tak, aby spl\u0148ovaly specifick\u00e9 po\u017eadavky na design nebo OEM.\n<\/p>\n<p><\/p>\n<p><b>8.Je hlin\u00edk ekologick\u00fd materi\u00e1l pro sk\u0159\u00edn\u011b?<\/b><\/p>\n<p>Ano, hlin\u00edk je 100% recyklovateln\u00fd a podporuje udr\u017eiteln\u00e9 postupy p\u0159i navrhov\u00e1n\u00ed interi\u00e9r\u016f.\n<\/p>\n<p><\/p>","protected":false},"featured_media":7319,"template":"","categories":[67],"class_list":["post-7320","product","type-product","status-publish","has-post-thumbnail","hentry","category-architectural-aluminium-profile"],"meta_box":{"hilight_text_group":{"product_hilight_text":"<li>Durable aluminum construction ensures long-lasting cabinet structure<\/li>\r\r\n<li>Lightweight profile allows for easy handling and installation<\/li>\r\r\n<li>Corrosion-resistant surface finish ideal for kitchen and bathroom use<\/li>\r\r\n<li>Modern design enhances the appearance of furniture and interiors<\/li>\r\r\n<li>Compatible with glass, wood, or acrylic panel integration<\/li>\r\r\n<li>Customizable sizes, colors, and finishes to match cabinet designs<\/li>\r\r\n<li>Low maintenance and eco-friendly recyclable material<\/li>","product_chanpin_blog":"<ul>\r\r\n<li><a href=\"https:\/\/sinoextrud.com\/t-slot-v-slot-differences\/\" target=\"_blank\">t slot vs v slot<\/a><\/li>\r\r\n<li><a href=\"https:\/\/sinoextrud.com\/what-is-4040-aluminium-extrud\/\" target=\"_blank\">4040 aluminium extrusion<\/a><\/li>\r\r\n<li><a href=\"https:\/\/sinoextrud.com\/what-is-4040-aluminium-extrud\/\" target=\"_blank\">aluminum extrusions for industrial racks<\/a><\/li>\r\r\n<li><a href=\"https:\/\/sinoextrud.com\/powder-coating-aluminium-process\/\" target=\"_blank\">powder coating aluminium<\/a><\/li>\r\r\n<li><a href=\"https:\/\/sinoextrud.com\/what-is-an-aluminium-strip-ceiling\/\" target=\"_blank\">aluminium strip ceiling<\/a><\/li>\r\r\n<li><a href=\"https:\/\/sinoextrud.com\/what-is-a-heat-sink\/\" target=\"_blank\">what is a heat sink<\/a><\/li>\r\r\n<\/ul>","product_chanpin_chanpin":"<li><a href=\"https:\/\/sinoextrud.com\/product\/aluminum-profile-for-tent\/\" target=\"_blank\">Aluminum profile for tent<\/a><\/li>\r\n<li><a href=\"https:\/\/sinoextrud.com\/product\/aluminium-profile-quarter-round-bar\/\" target=\"_blank\">Aluminium Profile Quarter Round Bar<\/a><\/li>\r\n<li><a href=\"https:\/\/sinoextrud.com\/product\/china-aluminum-angle-bar-alloy-profile\/\" target=\"_blank\">China Aluminum Angle Bar Alloy Profile<\/a><\/li>\r\n<li><a href=\"https:\/\/sinoextrud.com\/product\/aluminium-profile-structure\/\" target=\"_blank\">Aluminium Profile Structure<\/a><\/li>\r\n<li><a href=\"https:\/\/sinoextrud.com\/product\/cabinet-aluminum-profile\/\" target=\"_blank\">Cabinet Aluminum Profile<\/a><\/li>\r\n<li><a href=\"https:\/\/sinoextrud.com\/product\/square-aluminum-tubing-with-anodized-mill-finish-polishing-treatment\/\" target=\"_blank\">Square Aluminum Tubing With Anodized Mill Finish Polishing Treatment<\/a><\/li>\r\n<li><a href=\"https:\/\/sinoextrud.com\/product\/roller-blind-aluminium-profiles\/\" target=\"_blank\">Roller blind aluminium profiles<\/a><\/li>\r\n<li><a href=\"https:\/\/sinoextrud.com\/product\/outdoor-aluminium-sun-shutters-louvres-system\/\" target=\"_blank\">Outdoor aluminium sun shutters( louvres) system<\/a><\/li>\r\n<li><a href=\"https:\/\/sinoextrud.com\/product\/anodized-and-powder-coated-t-slotted-aluminum-extrusion\/\" target=\"_blank\">Anodized and Powder Coated T-Slotted Aluminum Extrusion<\/a><\/li>\r\n<li><a href=\"https:\/\/sinoextrud.com\/product\/aluminum-light-box-extrusion\/\" target=\"_blank\">Aluminum Light Box Extrusion<\/a><\/li>\r\n<li><a href=\"https:\/\/sinoextrud.com\/product\/aluminum-extrusion-aluminum-roof-rack-profiles\/\" target=\"_blank\">Aluminum Extrusion Aluminum Roof Rack Profiles<\/a><\/li>"},"feature_list":[]},"_links":{"self":[{"href":"https:\/\/sinoextrud.com\/cs\/wp-json\/wp\/v2\/product\/7320","targetHints":{"allow":["GET"]}}],"collection":[{"href":"https:\/\/sinoextrud.com\/cs\/wp-json\/wp\/v2\/product"}],"about":[{"href":"https:\/\/sinoextrud.com\/cs\/wp-json\/wp\/v2\/types\/product"}],"wp:featuredmedia":[{"embeddable":true,"href":"https:\/\/sinoextrud.com\/cs\/wp-json\/wp\/v2\/media\/7319"}],"wp:attachment":[{"href":"https:\/\/sinoextrud.com\/cs\/wp-json\/wp\/v2\/media?parent=7320"}],"wp:term":[{"taxonomy":"category","embeddable":true,"href":"https:\/\/sinoextrud.com\/cs\/wp-json\/wp\/v2\/categories?post=7320"}],"curies":[{"name":"wp","href":"https:\/\/api.w.org\/{rel}","templated":true}]}}