{"id":7318,"date":"2025-06-07T03:08:30","date_gmt":"2025-06-07T03:08:30","guid":{"rendered":"https:\/\/sinoextrud.com\/product\/aluminium-profile-structure\/"},"modified":"2025-06-24T06:12:31","modified_gmt":"2025-06-24T06:12:31","slug":"konstrukce-z-hlinikovych-profilu","status":"publish","type":"product","link":"https:\/\/sinoextrud.com\/cs\/product\/aluminium-profile-structure\/","title":{"rendered":"Hlin\u00edkov\u00e1 profilov\u00e1 konstrukce"},"content":{"rendered":"<h2>Podrobnosti o produktech<\/h2>\n<table class=\"custom-table\">\n<tbody>\n<tr>\n<td> Polo\u017eka:<\/td>\n<td> Hlin\u00edkov\u00e1 profilov\u00e1 konstrukce<\/td>\n<td> T\u0159\u00edda:<\/td>\n<td> \u0158ada 6000 6063<\/td>\n<\/tr>\n<tr>\n<td> M\u00edrnost:<\/td>\n<td> 6063-T5<\/td>\n<td> M\u00edsto p\u016fvodu:<\/td>\n<td> Foshan, Guangdong<\/td>\n<\/tr>\n<tr>\n<td> Tvar:<\/td>\n<td> Kan\u00e1l ve tvaru U<\/td>\n<td> Slitina nebo ne:<\/td>\n<td> Slitina Alunimun<\/td>\n<\/tr>\n<tr>\n<td> Tolerance:<\/td>\n<td> \u00b10,5%<\/td>\n<td> Zna\u010dka:<\/td>\n<td> Sinoextrud, Sinoextrud<\/td>\n<\/tr>\n<tr>\n<td> Standardn\u00ed:<\/td>\n<td> st\u0159edn\u00ed a vysok\u00e1 kvalita<\/td>\n<td> Povrchov\u00e1 \u00faprava:<\/td>\n<td> pr\u00e1\u0161kov\u00e9 lakov\u00e1n\u00ed, elektrofor\u00e9za, kresba d\u0159eva, eloxov\u00e1n\u00ed, kart\u00e1\u010dov\u00e1n\u00ed, le\u0161t\u011bn\u00ed<\/td>\n<\/tr>\n<tr>\n<td> Doba dod\u00e1n\u00ed:<\/td>\n<td> 25-30 dn\u00ed<\/td>\n<td> MOQ:<\/td>\n<td> 200 kg<\/td>\n<\/tr>\n<tr>\n<td> Term\u00edn platby:<\/td>\n<td> T\/T (30% z\u00e1loha), L\/C<\/td>\n<td> Slu\u017eba zpracov\u00e1n\u00ed:<\/td>\n<td> Oh\u00fdb\u00e1n\u00ed, odv\u00edjen\u00ed, sva\u0159ov\u00e1n\u00ed, d\u011brov\u00e1n\u00ed, \u0159ez\u00e1n\u00ed<\/td>\n<\/tr>\n<tr>\n<td> P\u0159\u00edstav:<\/td>\n<td> Guangzhou, Shenzhen<\/td>\n<td> D\u00e9lka::<\/td>\n<td> 1-9m nebo na m\u00edru<\/td>\n<\/tr>\n<\/tbody>\n<\/table>\n<h2>Na\u0161e v\u00fdrobn\u00ed z\u00e1kladna<\/h2>\n<h3>Panorama tov\u00e1rny<\/h3>\n<p><img decoding=\"async\" src=\"\/wp-content\/uploads\/factory-01.webp\"\/><\/p>\n<h3>D\u00edlna na v\u00fdrobu hlin\u00edkov\u00fdch ty\u010d\u00ed<\/h3>\n<p><img decoding=\"async\" src=\"\/wp-content\/uploads\/factory-02.webp\"\/><\/p>\n<p><img decoding=\"async\" src=\"\/wp-content\/uploads\/factory-03.webp\"\/><\/p>\n<h3>Sklad pl\u00edsn\u00ed<\/h3>\n<p><img decoding=\"async\" src=\"\/wp-content\/uploads\/factory-04.webp\"\/><\/p>\n<h3>43 linek na vytla\u010dov\u00e1n\u00ed hlin\u00edku (500-5500 tun)<\/h3>\n<p><img decoding=\"async\" src=\"\/wp-content\/uploads\/factory-05.webp\"\/><\/p>\n<p><img decoding=\"async\" src=\"\/wp-content\/uploads\/factory-06.webp\"\/><\/p>\n<p><img decoding=\"async\" src=\"\/wp-content\/uploads\/factory-07.webp\"\/><\/p>\n<h3>D\u00edlna pr\u00e1\u0161kov\u00e9ho lakov\u00e1n\u00ed<\/h3>\n<p><img decoding=\"async\" src=\"\/wp-content\/uploads\/factory-09.webp\"\/><\/p>\n<h3>D\u00edlna eloxov\u00e1n\u00ed<\/h3>\n<p><img decoding=\"async\" src=\"\/wp-content\/uploads\/factory-10.webp\"\/><\/p>\n<h3>Workshop o hloubkov\u00e9m zpracov\u00e1n\u00ed<\/h3>\n<p><img decoding=\"async\" src=\"\/wp-content\/uploads\/factory-11.webp\"\/><\/p>\n<h3>D\u00edlna CNC p\u0159esn\u00e9ho obr\u00e1b\u011bn\u00ed<\/h3>\n<p><img decoding=\"async\" src=\"\/wp-content\/uploads\/factory-11.5.webp\"\/><\/p>\n<h3>Sklad hotov\u00fdch v\u00fdrobk\u016f a exportn\u00ed sklad<\/h3>\n<p><img decoding=\"async\" src=\"\/wp-content\/uploads\/factory-12.webp\"\/><\/p>\n<p><img decoding=\"async\" src=\"\/wp-content\/uploads\/factory-13.webp\"\/><\/p>\n<p><img decoding=\"async\" src=\"\/wp-content\/uploads\/factory-14.webp\"\/><\/p>\n<h2>\u010cASTO KLADEN\u00c9 DOTAZY<\/h2>\n<p><p><b>1.Co je to hlin\u00edkov\u00e1 profilov\u00e1 konstrukce? <\/b><\/p>\n<p> Hlin\u00edkov\u00e1 profilov\u00e1 konstrukce je konstruk\u010dn\u00ed skelet z hlin\u00edkov\u00fdch profil\u016f ur\u010den\u00fd pro pou\u017eit\u00ed v r\u016fzn\u00fdch pr\u016fmyslov\u00fdch, architektonick\u00fdch a stroj\u00edrensk\u00fdch aplikac\u00edch.<br \/>\n<\/p><br \/>\n<br \/>\n<p><b>2.Pro\u010d zvolit hlin\u00edk pro konstruk\u010dn\u00ed profily? <\/b><\/p>\n<p> Hlin\u00edk je lehk\u00fd, trvanliv\u00fd, odoln\u00fd proti korozi a m\u00e1 vysok\u00fd pom\u011br pevnosti k hmotnosti, tak\u017ee je ide\u00e1ln\u00ed pro \u0161irokou \u0161k\u00e1lu konstruk\u010dn\u00edch pou\u017eit\u00ed.<br \/>\n<\/p><br \/>\n<br \/>\n<p><b>3.Lze tyto profily p\u0159izp\u016fsobit? <\/b><\/p>\n<p> Ano, konstrukce z hlin\u00edkov\u00fdch profil\u016f lze p\u0159izp\u016fsobit z hlediska velikosti, tvaru, slitiny a povrchov\u00e9 \u00fapravy tak, aby spl\u0148ovaly konkr\u00e9tn\u00ed po\u017eadavky projektu.<br \/>\n<\/p><br \/>\n<br \/>\n<p><b>4.V jak\u00fdch typech aplikac\u00ed se pou\u017e\u00edvaj\u00ed konstrukce z hlin\u00edkov\u00fdch profil\u016f? <\/b><\/p>\n<p> B\u011b\u017en\u011b se pou\u017e\u00edvaj\u00ed v r\u00e1mov\u00fdch konstrukc\u00edch budov, automatiza\u010dn\u00edch za\u0159\u00edzen\u00edch, krytech stroj\u016f a zobrazovac\u00edch syst\u00e9mech.<br \/>\n<\/p><br \/>\n<br \/>\n<p><b>5.Jsou konstrukce z hlin\u00edkov\u00fdch profil\u016f odoln\u00e9 proti korozi? <\/b><\/p>\n<p> Ano, hlin\u00edk je p\u0159irozen\u011b odoln\u00fd proti korozi a s dal\u0161\u00edmi povrchov\u00fdmi \u00fapravami, jako je eloxov\u00e1n\u00ed nebo pr\u00e1\u0161kov\u00e9 lakov\u00e1n\u00ed, se jeho odolnost v\u00fdrazn\u011b zvy\u0161uje.<br \/>\n<\/p><br \/>\n<br \/>\n<p><b>6.Jak snadno se montuj\u00ed konstrukce z hlin\u00edkov\u00fdch profil\u016f? <\/b><\/p>\n<p> Modul\u00e1rn\u00ed konstrukce a kompatibilita se standardn\u00edmi konektory a spojovac\u00edmi prvky umo\u017e\u0148uj\u00ed rychlou a snadnou mont\u00e1\u017e bez nutnosti pou\u017eit\u00ed specializovan\u00e9ho n\u00e1\u0159ad\u00ed.<br \/>\n<\/p><br \/>\n<br \/>\n<p><b>7.Je hlin\u00edk \u0161etrn\u00fd k \u017eivotn\u00edmu prost\u0159ed\u00ed? <\/b><\/p>\n<p> Ano, hlin\u00edk je 100% recyklovateln\u00fd, co\u017e z n\u011bj \u010din\u00ed ekologicky \u0161etrnou volbu pro konstruk\u010dn\u00ed aplikace v udr\u017eiteln\u00fdch stavebn\u00edch postupech.<br \/>\n<\/p><br \/><\/p>","protected":false},"featured_media":7317,"template":"","categories":[67],"class_list":["post-7318","product","type-product","status-publish","has-post-thumbnail","hentry","category-architectural-aluminium-profile"],"meta_box":{"hilight_text_group":{"product_hilight_text":"<li>High-strength aluminum construction ensures durability and reliability in various structural applications.<\/li>\r\r\n<li>Lightweight material reduces overall weight without compromising strength or stability.<\/li>\r\r\n<li>Corrosion-resistant surface provides long-lasting performance in both indoor and outdoor environments.<\/li>\r\r\n<li>Modular design allows for easy assembly and customization to fit specific structural needs.<\/li>\r\r\n<li>Compatible with a wide range of accessories, connectors, and fasteners for versatile applications.<\/li>\r\r\n<li>Cost-effective solution with low maintenance requirements and high structural integrity.<\/li>","product_chanpin_blog":"<ul>\r\r\n<li><a href=\"https:\/\/sinoextrud.com\/t-slot-v-slot-differences\/\" target=\"_blank\">t slot vs v slot<\/a><\/li>\r\r\n<li><a href=\"https:\/\/sinoextrud.com\/what-is-4040-aluminium-extrud\/\" target=\"_blank\">4040 aluminium extrusion<\/a><\/li>\r\r\n<li><a href=\"https:\/\/sinoextrud.com\/what-is-4040-aluminium-extrud\/\" target=\"_blank\">aluminum extrusions for industrial racks<\/a><\/li>\r\r\n<li><a href=\"https:\/\/sinoextrud.com\/powder-coating-aluminium-process\/\" target=\"_blank\">powder coating aluminium<\/a><\/li>\r\r\n<li><a href=\"https:\/\/sinoextrud.com\/what-is-an-aluminium-strip-ceiling\/\" target=\"_blank\">aluminium strip ceiling<\/a><\/li>\r\r\n<li><a href=\"https:\/\/sinoextrud.com\/what-is-a-heat-sink\/\" target=\"_blank\">what is a heat sink<\/a><\/li>\r\r\n<\/ul>","product_chanpin_chanpin":"<li><a href=\"https:\/\/sinoextrud.com\/product\/aluminium-profile-frame-for-fly-screen\/\" target=\"_blank\">Aluminium Profile Frame For Fly Screen<\/a><\/li>\r\n<li><a href=\"https:\/\/sinoextrud.com\/product\/aluminum-profile-for-tent\/\" target=\"_blank\">Aluminum profile for tent<\/a><\/li>\r\n<li><a href=\"https:\/\/sinoextrud.com\/product\/aluminium-profile-quarter-round-bar\/\" target=\"_blank\">Aluminium Profile Quarter Round Bar<\/a><\/li>\r\n<li><a href=\"https:\/\/sinoextrud.com\/product\/china-aluminum-angle-bar-alloy-profile\/\" target=\"_blank\">China Aluminum Angle Bar Alloy Profile<\/a><\/li>\r\n<li><a href=\"https:\/\/sinoextrud.com\/product\/aluminium-profile-structure\/\" target=\"_blank\">Aluminium Profile Structure<\/a><\/li>\r\n<li><a href=\"https:\/\/sinoextrud.com\/product\/cabinet-aluminum-profile\/\" target=\"_blank\">Cabinet Aluminum Profile<\/a><\/li>\r\n<li><a href=\"https:\/\/sinoextrud.com\/product\/square-aluminum-tubing-with-anodized-mill-finish-polishing-treatment\/\" target=\"_blank\">Square Aluminum Tubing With Anodized Mill Finish Polishing Treatment<\/a><\/li>\r\n<li><a href=\"https:\/\/sinoextrud.com\/product\/roller-blind-aluminium-profiles\/\" target=\"_blank\">Roller blind aluminium profiles<\/a><\/li>\r\n<li><a href=\"https:\/\/sinoextrud.com\/product\/outdoor-aluminium-sun-shutters-louvres-system\/\" target=\"_blank\">Outdoor aluminium sun shutters( louvres) system<\/a><\/li>\r\n<li><a href=\"https:\/\/sinoextrud.com\/product\/industrial-large-aluminum-heat-sink\/\" target=\"_blank\">Industrial Large Aluminum Heat Sink<\/a><\/li>\r\n<li><a href=\"https:\/\/sinoextrud.com\/product\/aluminum-rail-profile-precision\/\" target=\"_blank\">Aluminum Rail Profile Precision<\/a><\/li>"},"feature_list":[]},"_links":{"self":[{"href":"https:\/\/sinoextrud.com\/cs\/wp-json\/wp\/v2\/product\/7318","targetHints":{"allow":["GET"]}}],"collection":[{"href":"https:\/\/sinoextrud.com\/cs\/wp-json\/wp\/v2\/product"}],"about":[{"href":"https:\/\/sinoextrud.com\/cs\/wp-json\/wp\/v2\/types\/product"}],"wp:featuredmedia":[{"embeddable":true,"href":"https:\/\/sinoextrud.com\/cs\/wp-json\/wp\/v2\/media\/7317"}],"wp:attachment":[{"href":"https:\/\/sinoextrud.com\/cs\/wp-json\/wp\/v2\/media?parent=7318"}],"wp:term":[{"taxonomy":"category","embeddable":true,"href":"https:\/\/sinoextrud.com\/cs\/wp-json\/wp\/v2\/categories?post=7318"}],"curies":[{"name":"wp","href":"https:\/\/api.w.org\/{rel}","templated":true}]}}