{"id":7304,"date":"2025-06-07T02:39:53","date_gmt":"2025-06-07T02:39:53","guid":{"rendered":"https:\/\/sinoextrud.com\/product\/customized-ome-aluminium-profile-extruded-with-the-anodized-black-champage-silver-white-and-blasted-treatment\/"},"modified":"2025-06-24T06:12:28","modified_gmt":"2025-06-24T06:12:28","slug":"na-miru-vyrobeny-hlinikovy-profil-s-eloxovanou-cernou-barvou-champage-silver-white-a-tryskanou-upravou","status":"publish","type":"product","link":"https:\/\/sinoextrud.com\/cs\/product\/customized-ome-aluminium-profile-extruded-with-the-anodized-black-champage-silver-white-and-blasted-treatment\/","title":{"rendered":"P\u0159izp\u016fsoben\u00fd hlin\u00edkov\u00fd profil OME Extrudovan\u00fd s eloxovanou \u010dernou Champage Silver White a tryskanou \u00fapravou"},"content":{"rendered":"<h2>Podrobnosti o produktech<\/h2>\n<table class=\"custom-table\">\n<tr>\n<td class=\"label\">\nModel NO:<\/td>\n<td> okna a dve\u0159e z hlin\u00edkov\u00fdch profil\u016f s pr\u00e1\u0161kov\u00fdm n\u00e1st\u0159ikem posuvn\u00fdm zp\u016fsobem<\/td>\n<\/tr>\n<tr>\n<td class=\"label\">Tvar:<\/td>\n<td> T - Profil<\/td>\n<\/tr>\n<tr>\n<td class=\"label\">M\u00edrnost:<\/td>\n<td> T5-T6<\/td>\n<\/tr>\n<tr>\n<td class=\"label\">Slitina:<\/td>\n<td> Slitina<\/td>\n<\/tr>\n<tr>\n<td class=\"label\">Leguj\u00edc\u00ed slo\u017eka:<\/td>\n<td> 6082<\/td>\n<\/tr>\n<tr>\n<td class=\"label\">Profil z le\u0161t\u011bn\u00e9ho hlin\u00edku:<\/td>\n<td> hlin\u00edkov\u00e9 posuvn\u00e9 dve\u0159e s pr\u00e1\u0161kov\u00fdm n\u00e1st\u0159ikem<\/td>\n<\/tr>\n<tr>\n<td class=\"label\">P\u016fvod:<\/td>\n<td> \u010c\u00edna<\/td>\n<\/tr>\n<tr>\n<td class=\"label\">Typ:<\/td>\n<td> Hlin\u00edkov\u00fd profil pro okna a dve\u0159e, Dekora\u010dn\u00ed hlin\u00edkov\u00fd profil, Hlin\u00edkov\u00fd profil pro chladi\u010de, Hlin\u00edkov\u00fd profil pro sklen\u011bn\u00e9 st\u011bny, Hlin\u00edkov\u00fd profil pro dopravu<\/td>\n<\/tr>\n<tr>\n<td class=\"label\">T\u0159\u00edda:<\/td>\n<td> \u0158ada 6000<\/td>\n<\/tr>\n<tr>\n<td class=\"label\">okna a dve\u0159e z hlin\u00edkov\u00fdch profil\u016f:<\/td>\n<td> \u0158ada 100<\/td>\n<\/tr>\n<tr>\n<td class=\"label\">Povrchov\u00e1 \u00faprava:<\/td>\n<td> Fluorouhl\u00edkov\u00fd post\u0159ik<\/td>\n<\/tr>\n<tr>\n<td class=\"label\">Certifikace:<\/td>\n<td> ISO<\/td>\n<\/tr>\n<\/table>\n<h2>Na\u0161e v\u00fdrobn\u00ed z\u00e1kladna<\/h2>\n<h3>Panorama tov\u00e1rny<\/h3>\n<p><img decoding=\"async\" src=\"\/wp-content\/uploads\/factory-01.webp\"\/><\/p>\n<h3>D\u00edlna na v\u00fdrobu hlin\u00edkov\u00fdch ty\u010d\u00ed<\/h3>\n<p><img decoding=\"async\" src=\"\/wp-content\/uploads\/factory-02.webp\"\/><\/p>\n<\/p>\n<p><img decoding=\"async\" src=\"\/wp-content\/uploads\/factory-03.webp\"\/><\/p>\n<h3>Sklad pl\u00edsn\u00ed<\/h3>\n<p><img decoding=\"async\" src=\"\/wp-content\/uploads\/factory-04.webp\"\/><\/p>\n<h3>43 linek na vytla\u010dov\u00e1n\u00ed hlin\u00edku (500-5500 tun)<\/h3>\n<p><img decoding=\"async\" src=\"\/wp-content\/uploads\/factory-05.webp\"\/><\/p>\n<p><img decoding=\"async\" src=\"\/wp-content\/uploads\/factory-06.webp\"\/><\/p>\n<p><img decoding=\"async\" src=\"\/wp-content\/uploads\/factory-07.webp\"\/><\/p>\n<h3>D\u00edlna pr\u00e1\u0161kov\u00e9ho lakov\u00e1n\u00ed<\/h3>\n<p><img decoding=\"async\" src=\"\/wp-content\/uploads\/factory-09.webp\"\/><\/p>\n<h3>D\u00edlna eloxov\u00e1n\u00ed<\/h3>\n<p><img decoding=\"async\" src=\"\/wp-content\/uploads\/factory-10.webp\"\/><\/p>\n<h3>Workshop o hloubkov\u00e9m zpracov\u00e1n\u00ed<\/h3>\n<p><img decoding=\"async\" src=\"\/wp-content\/uploads\/factory-11.webp\"\/><\/p>\n<h3>D\u00edlna CNC p\u0159esn\u00e9ho obr\u00e1b\u011bn\u00ed<\/h3>\n<p><img decoding=\"async\" src=\"\/wp-content\/uploads\/factory-11.5.webp\"\/><\/p>\n<h3>Sklad hotov\u00fdch v\u00fdrobk\u016f a exportn\u00ed sklad<\/h3>\n<p><img decoding=\"async\" src=\"\/wp-content\/uploads\/factory-12.webp\"\/><\/p>\n<p><img decoding=\"async\" src=\"\/wp-content\/uploads\/factory-13.webp\"\/><\/p>\n<p><img decoding=\"async\" src=\"\/wp-content\/uploads\/factory-14.webp\"\/><\/p>\n<h2>\u010cASTO KLADEN\u00c9 DOTAZY<\/h2>\n<p><b>1.Co je to hlin\u00edkov\u00fd profil na m\u00edru OEM vytla\u010dovan\u00fd s eloxovanou a tryskanou \u00fapravou?<\/b><\/p>\n<p>Jedn\u00e1 se o hlin\u00edkov\u00fd profil vyroben\u00fd na m\u00edru vytla\u010dov\u00e1n\u00edm s povrchovou \u00fapravou v eloxovan\u00fdch barv\u00e1ch a volitelnou tryskanou strukturou pro zv\u00fd\u0161en\u00ed odolnosti a estetiky.\n<\/p>\n<p><\/p>\n<p><b>2.Jak\u00e9 jsou dostupn\u00e9 eloxovan\u00e9 povrchov\u00e9 \u00fapravy?<\/b><\/p>\n<p>Profily jsou k dispozici v \u010dern\u00e9m, \u0161ampa\u0148sk\u00e9m, st\u0159\u00edbrn\u00e9m a b\u00edl\u00e9m eloxovan\u00e9m proveden\u00ed, kter\u00e9 se hod\u00ed k r\u016fzn\u00fdm designov\u00fdm styl\u016fm.\n<\/p>\n<p><\/p>\n<p><b>3.Jak\u00fd je p\u0159\u00ednos tryskan\u00e9 povrchov\u00e9 \u00fapravy?<\/b><\/p>\n<p>Trysk\u00e1n\u00ed dod\u00e1v\u00e1 hlin\u00edkov\u00e9mu povrchu matnou strukturu, zlep\u0161uje p\u0159ilnavost a zvy\u0161uje jeho vizu\u00e1ln\u00ed atraktivitu.\n<\/p>\n<p><\/p>\n<p><b>4.Je tento profil vhodn\u00fd pro venkovn\u00ed pou\u017eit\u00ed?<\/b><\/p>\n<p>Ano, eloxovan\u00e9 a otryskan\u00e9 povrchov\u00e9 \u00fapravy zaji\u0161\u0165uj\u00ed vynikaj\u00edc\u00ed odolnost proti korozi a UV z\u00e1\u0159en\u00ed ve venkovn\u00edm prost\u0159ed\u00ed.\n<\/p>\n<p><\/p>\n<p><b>5.Mohu si vy\u017e\u00e1dat vlastn\u00ed tvar nebo velikost hlin\u00edkov\u00e9ho profilu OEM?<\/b><\/p>\n<p>Proces vytla\u010dov\u00e1n\u00ed umo\u017e\u0148uje zcela p\u0159izp\u016fsobit profily specifick\u00fdm konstruk\u010dn\u00edm nebo designov\u00fdm po\u017eadavk\u016fm.\n<\/p>\n<p><\/p>\n<p><b>6.V jak\u00fdch aplikac\u00edch se tyto hlin\u00edkov\u00e9 profily na m\u00edru pou\u017e\u00edvaj\u00ed?<\/b><\/p>\n<p>Jsou ide\u00e1ln\u00ed pro architekturu, kryty elektroniky, zobrazovac\u00ed syst\u00e9my, n\u00e1bytek a pr\u016fmyslov\u00e9 konstrukce.\n<\/p>\n<p><\/p>\n<p><b>7.Jak odoln\u00e9 jsou eloxovan\u00e9 hlin\u00edkov\u00e9 profily?<\/b><\/p>\n<p>Anodizace zpev\u0148uje povrch, tak\u017ee je odoln\u00fd proti po\u0161kr\u00e1b\u00e1n\u00ed, pov\u011btrnostn\u00edm vliv\u016fm a dlouho vydr\u017e\u00ed i v n\u00e1ro\u010dn\u00fdch podm\u00ednk\u00e1ch.\n<\/p>\n<p><\/p>\n<p><b>8.Je tento v\u00fdrobek \u0161etrn\u00fd k \u017eivotn\u00edmu prost\u0159ed\u00ed?<\/b><\/p>\n<p>Ano, hlin\u00edk je 100% recyklovateln\u00fd a eloxov\u00e1n\u00ed i trysk\u00e1n\u00ed jsou udr\u017eiteln\u00e9 procesy s n\u00edzk\u00fdm dopadem.\n<\/p>\n<p><\/p>","protected":false},"featured_media":7303,"template":"","categories":[67],"class_list":["post-7304","product","type-product","status-publish","has-post-thumbnail","hentry","category-architectural-aluminium-profile"],"meta_box":{"hilight_text_group":{"product_hilight_text":"<li>Custom OEM aluminium extrusion tailored to specific design requirements<\/li>\r\r\n<li>Available in anodized finishes: black, champagne, silver, white<\/li>\r\r\n<li>Optional blasted surface treatment for enhanced texture and appearance<\/li>\r\r\n<li>Corrosion-resistant finish ideal for indoor and outdoor applications<\/li>\r\r\n<li>Precision extruded profiles ensure consistent quality and tight tolerances<\/li>\r\r\n<li>Suitable for architectural, industrial, and consumer product use<\/li>\r\r\n<li>Eco-friendly and recyclable aluminum material<\/li>","product_chanpin_blog":"<ul>\r\r\n<li><a href=\"https:\/\/sinoextrud.com\/t-slot-v-slot-differences\/\" target=\"_blank\">t slot vs v slot<\/a><\/li>\r\r\n<li><a href=\"https:\/\/sinoextrud.com\/what-is-4040-aluminium-extrud\/\" target=\"_blank\">4040 aluminium extrusion<\/a><\/li>\r\r\n<li><a href=\"https:\/\/sinoextrud.com\/what-is-4040-aluminium-extrud\/\" target=\"_blank\">aluminum extrusions for industrial racks<\/a><\/li>\r\r\n<li><a href=\"https:\/\/sinoextrud.com\/powder-coating-aluminium-process\/\" target=\"_blank\">powder coating aluminium<\/a><\/li>\r\r\n<li><a href=\"https:\/\/sinoextrud.com\/what-is-an-aluminium-strip-ceiling\/\" target=\"_blank\">aluminium strip ceiling<\/a><\/li>\r\r\n<li><a href=\"https:\/\/sinoextrud.com\/what-is-a-heat-sink\/\" target=\"_blank\">what is a heat sink<\/a><\/li>\r\r\n<\/ul>","product_chanpin_chanpin":"<li><a href=\"https:\/\/sinoextrud.com\/product\/aluminium-furniture\/\" target=\"_blank\">Aluminium Furniture<\/a><\/li>\r\n<li><a href=\"https:\/\/sinoextrud.com\/product\/aluminium-glass-fitting-channel\/\" target=\"_blank\">Aluminium Glass Fitting Channel<\/a><\/li>\r\n<li><a href=\"https:\/\/sinoextrud.com\/product\/aluminum-price-per-pound\/\" target=\"_blank\">Aluminum Price Per Pound<\/a><\/li>\r\n<li><a href=\"https:\/\/sinoextrud.com\/product\/aluminum-profile-extrusion-of-heatsink-sections-for-sale\/\" target=\"_blank\">Aluminum Profile Extrusion Of Heatsink Sections For Sale<\/a><\/li>\r\n<li><a href=\"https:\/\/sinoextrud.com\/product\/customized-ome-aluminium-profile-extruded-with-the-anodized-black-champage-silver-white-and-blasted-treatment\/\" target=\"_blank\">Customized OME Aluminium Profile Extruded With The Anodized Black Champage Silver White And Blasted Treatment<\/a><\/li>\r\n<li><a href=\"https:\/\/sinoextrud.com\/product\/aluminum-profile-windows-and-door-powder-coated-sliding-way\/\" target=\"_blank\">aluminum profile windows and door powder coated sliding way<\/a><\/li>\r\n<li><a href=\"https:\/\/sinoextrud.com\/product\/aluminium-profile-for-wardrobe-sliding-door-frame\/\" target=\"_blank\">Aluminium Profile For Wardrobe Sliding Door Frame<\/a><\/li>\r\n<li><a href=\"https:\/\/sinoextrud.com\/product\/aluminium-profile-frame-for-fly-screen\/\" target=\"_blank\">Aluminium Profile Frame For Fly Screen<\/a><\/li>\r\n<li><a href=\"https:\/\/sinoextrud.com\/product\/aluminum-profile-for-tent\/\" target=\"_blank\">Aluminum profile for tent<\/a><\/li>\r\n<li><a href=\"https:\/\/sinoextrud.com\/product\/sandblasted-aluminum-profile\/\" target=\"_blank\">Sandblasted Aluminum Profile<\/a><\/li>\r\n<li><a href=\"https:\/\/sinoextrud.com\/product\/machined-aluminum-rail-extrusion-profile-cnc-aviation-aluminum-gantry\/\" target=\"_blank\">Machined Aluminum Rail Extrusion Profile CNC Aviation Aluminum Gantry<\/a><\/li>"},"feature_list":[]},"_links":{"self":[{"href":"https:\/\/sinoextrud.com\/cs\/wp-json\/wp\/v2\/product\/7304","targetHints":{"allow":["GET"]}}],"collection":[{"href":"https:\/\/sinoextrud.com\/cs\/wp-json\/wp\/v2\/product"}],"about":[{"href":"https:\/\/sinoextrud.com\/cs\/wp-json\/wp\/v2\/types\/product"}],"wp:featuredmedia":[{"embeddable":true,"href":"https:\/\/sinoextrud.com\/cs\/wp-json\/wp\/v2\/media\/7303"}],"wp:attachment":[{"href":"https:\/\/sinoextrud.com\/cs\/wp-json\/wp\/v2\/media?parent=7304"}],"wp:term":[{"taxonomy":"category","embeddable":true,"href":"https:\/\/sinoextrud.com\/cs\/wp-json\/wp\/v2\/categories?post=7304"}],"curies":[{"name":"wp","href":"https:\/\/api.w.org\/{rel}","templated":true}]}}