{"id":7286,"date":"2025-06-06T04:04:58","date_gmt":"2025-06-06T04:04:58","guid":{"rendered":"https:\/\/sinoextrud.com\/product\/aluminium-fabrication\/"},"modified":"2025-06-24T06:12:26","modified_gmt":"2025-06-24T06:12:26","slug":"vyroba-hliniku-2","status":"publish","type":"product","link":"https:\/\/sinoextrud.com\/cs\/product\/aluminium-fabrication\/","title":{"rendered":"V\u00fdroba hlin\u00edku"},"content":{"rendered":"<h2>Podrobnosti o produktech<\/h2>\n<table class=\"custom-table\">\n<tr>\n<td class=\"label\">1. Polo\u017eka<\/td>\n<td>V\u00fdroba hlin\u00edku<\/td>\n<\/tr>\n<tr>\n<td class=\"label\">2. Tvary \u0159ez\u016f<\/td>\n<td>I, U, T, C, Z, L, H, \u010dtvercov\u00e9, kulat\u00e9, ploch\u00e9, dut\u00e9, t-dr\u00e1\u017ekov\u00e9 a dal\u0161\u00ed slo\u017eit\u00e9 tvary podle vlastn\u00edho n\u00e1vrhu.<\/td>\n<\/tr>\n<tr>\n<td class=\"label\">3. Povrchov\u00e1 \u00faprava<\/td>\n<td>Povrchov\u00e1 \u00faprava ml\u00fdnem\/n\u00f3dov\u00e1n\u00ed (oxidace)\/p\u00edskov\u00e1n\u00ed\/pr\u00e1\u0161kov\u00e1 \u00faprava\/elektrofor\u00e9za\/d\u0159ev\u011bn\u00e9 zrno atd.<\/td>\n<\/tr>\n<tr>\n<td class=\"label\">4. MOQ<\/td>\n<td>200 kg pro ka\u017edou polo\u017eku<\/td>\n<\/tr>\n<tr>\n<td class=\"label\">5. Materi\u00e1l<\/td>\n<td>100% slitina: 6063 T5 \/ 6061 T6<\/td>\n<\/tr>\n<tr>\n<td class=\"label\">6. D\u00e9lka<\/td>\n<td>Norm\u00e1ln\u00ed = 6 m, 1-9 m nebo na m\u00edru<\/td>\n<\/tr>\n<tr>\n<td class=\"label\">7. Aplikace<\/td>\n<td>1) - pro r\u00e1my oken a dve\u0159\u00ed<br \/>\n2) - pro sklen\u011bn\u00e9 st\u011bny budov<br \/>\n3) - pro r\u00e1my sol\u00e1rn\u00edch panel\u016f, dr\u017e\u00e1ky pro mont\u00e1\u017e sol\u00e1rn\u00edch panel\u016f \/ st\u0159e\u0161n\u00ed krytiny<br \/>\n4) - pro za\u0159\u00edzen\u00ed pr\u016fmyslov\u00fdch mont\u00e1\u017en\u00edch linek<br \/>\n5) - pro chladi\u010de<br \/>\n6) - pro osv\u011btlen\u00ed LED<br \/>\n7) - jin\u00e9 podle velikosti a rozm\u011bru vlastn\u00edho n\u00e1vrhu<\/td>\n<\/tr>\n<tr>\n<td class=\"label\">8. Slu\u017eby<\/td>\n<td>1). Slu\u017eba OEM.<br \/>\n2). Design podle po\u017eadavk\u016f z\u00e1kazn\u00edk\u016f.<br \/>\n3). 29 let profesn\u00ed praxe ve v\u00fdzkumu, v\u00fdrob\u011b a produkci.<br \/>\n4). Na\u0161e modern\u00ed centrum pro hloubkov\u00e9 obr\u00e1b\u011bn\u00ed m\u016f\u017ee prov\u00e1d\u011bt obr\u00e1b\u011bn\u00ed, jako je \u0159ez\u00e1n\u00ed, d\u011brov\u00e1n\u00ed, vrt\u00e1n\u00ed, oh\u00fdb\u00e1n\u00ed, z\u00e1vitov\u00e1n\u00ed atd.<\/td>\n<\/tr>\n<tr>\n<td class=\"label\">9. Kontrola kvality<\/td>\n<td>Provozujeme nejp\u0159\u00edsn\u011bj\u0161\u00ed syst\u00e9m kontroly kvality, 100% kontrola p\u0159ed odesl\u00e1n\u00edm<\/td>\n<\/tr>\n<tr>\n<td class=\"label\">10. Proces<\/td>\n<td>Popt\u00e1vka - Vzorek nebo v\u00fdkres CAD (dodan\u00fd z\u00e1kazn\u00edkem) - V\u00fdkres CAD (na\u0161e spole\u010dnost) - Potvrzen\u00ed v\u00fdkresu - V\u00fdroba formy - Konformace vzorku - Hromadn\u00e1 v\u00fdroba - Kontrola Dod\u00e1n\u00ed\uff0c<\/td>\n<\/tr>\n<\/table>\n<h2>Na\u0161e v\u00fdrobn\u00ed z\u00e1kladna<\/h2>\n<h3>Panorama tov\u00e1rny<\/h3>\n<p><img decoding=\"async\" src=\"\/wp-content\/uploads\/factory-01.webp\"\/><\/p>\n<h3>D\u00edlna na v\u00fdrobu hlin\u00edkov\u00fdch ty\u010d\u00ed<\/h3>\n<p><img decoding=\"async\" src=\"\/wp-content\/uploads\/factory-02.webp\"\/><\/p>\n<\/p>\n<p><img decoding=\"async\" src=\"\/wp-content\/uploads\/factory-03.webp\"\/><\/p>\n<h3>Sklad pl\u00edsn\u00ed<\/h3>\n<p><img decoding=\"async\" src=\"\/wp-content\/uploads\/factory-04.webp\"\/><\/p>\n<h3>43 linek na vytla\u010dov\u00e1n\u00ed hlin\u00edku (500-5500 tun)<\/h3>\n<p><img decoding=\"async\" src=\"\/wp-content\/uploads\/factory-05.webp\"\/><\/p>\n<p><img decoding=\"async\" src=\"\/wp-content\/uploads\/factory-06.webp\"\/><\/p>\n<p><img decoding=\"async\" src=\"\/wp-content\/uploads\/factory-07.webp\"\/><\/p>\n<h3>D\u00edlna pr\u00e1\u0161kov\u00e9ho lakov\u00e1n\u00ed<\/h3>\n<p><img decoding=\"async\" src=\"\/wp-content\/uploads\/factory-09.webp\"\/><\/p>\n<h3>D\u00edlna eloxov\u00e1n\u00ed<\/h3>\n<p><img decoding=\"async\" src=\"\/wp-content\/uploads\/factory-10.webp\"\/><\/p>\n<h3>Workshop o hloubkov\u00e9m zpracov\u00e1n\u00ed<\/h3>\n<p><img decoding=\"async\" src=\"\/wp-content\/uploads\/factory-11.webp\"\/><\/p>\n<h3>D\u00edlna CNC p\u0159esn\u00e9ho obr\u00e1b\u011bn\u00ed<\/h3>\n<p><img decoding=\"async\" src=\"\/wp-content\/uploads\/factory-11.5.webp\"\/><\/p>\n<h3>Sklad hotov\u00fdch v\u00fdrobk\u016f a exportn\u00ed sklad<\/h3>\n<p><img decoding=\"async\" src=\"\/wp-content\/uploads\/factory-12.webp\"\/><\/p>\n<p><img decoding=\"async\" src=\"\/wp-content\/uploads\/factory-13.webp\"\/><\/p>\n<p><img decoding=\"async\" src=\"\/wp-content\/uploads\/factory-14.webp\"\/><\/p>\n<h2>\u010cASTO KLADEN\u00c9 DOTAZY<\/h2>\n<p><b>1.Co je to v\u00fdroba hlin\u00edku?<\/b><\/p>\n<p>V\u00fdroba hlin\u00edku je proces \u0159ez\u00e1n\u00ed, oh\u00fdb\u00e1n\u00ed, sva\u0159ov\u00e1n\u00ed a mont\u00e1\u017ee hlin\u00edkov\u00fdch d\u00edl\u016f do vlastn\u00edch konstrukc\u00ed nebo sou\u010d\u00e1st\u00ed.\n<\/p>\n<p><\/p>\n<p><b>2.Pro\u010d si pro v\u00fdrobu vybrat hlin\u00edk?<\/b><\/p>\n<p>Hlin\u00edk je lehk\u00fd, odoln\u00fd proti korozi a snadno se s n\u00edm pracuje, tak\u017ee je ide\u00e1ln\u00ed pro zak\u00e1zkovou v\u00fdrobu a stavebn\u00ed projekty.\n<\/p>\n<p><\/p>\n<p><b>3.Jak\u00e1 pr\u016fmyslov\u00e1 odv\u011btv\u00ed pou\u017e\u00edvaj\u00ed v\u00fdrobu hlin\u00edku?<\/b><\/p>\n<p>Odv\u011btv\u00ed, jako je stavebnictv\u00ed, automobilov\u00fd a leteck\u00fd pr\u016fmysl, lodn\u00ed pr\u016fmysl a elektronika, vyu\u017e\u00edvaj\u00ed v\u00fdrobu hlin\u00edku pro konstruk\u010dn\u00ed aplikace a v\u00fdrobu sou\u010d\u00e1st\u00ed.\n<\/p>\n<p><\/p>\n<p><b>4.Lze v\u00fdrobu hlin\u00edku p\u0159izp\u016fsobit?<\/b><\/p>\n<p>Ano, hlin\u00edk lze vyrobit prakticky do jak\u00e9hokoli tvaru nebo velikosti na z\u00e1klad\u011b specifick\u00fdch po\u017eadavk\u016f na konstrukci a v\u00fdkon.\n<\/p>\n<p><\/p>\n<p><b>5.Je hlin\u00edkov\u00e1 v\u00fdroba vhodn\u00e1 pro venkovn\u00ed pou\u017eit\u00ed?<\/b><\/p>\n<p>P\u0159irozen\u00e1 odolnost hlin\u00edku proti korozi jej p\u0159edur\u010duje k pou\u017eit\u00ed v exteri\u00e9ru a v mo\u0159sk\u00e9m prost\u0159ed\u00ed.\n<\/p>\n<p><\/p>\n<p><b>6.Jak\u00e9 povrchov\u00e9 \u00fapravy jsou k dispozici pro vyroben\u00fd hlin\u00edk?<\/b><\/p>\n<p>Povrchov\u00e9 \u00fapravy zahrnuj\u00ed eloxov\u00e1n\u00ed, pr\u00e1\u0161kov\u00e9 lakov\u00e1n\u00ed, kart\u00e1\u010dov\u00e1n\u00ed, le\u0161t\u011bn\u00ed a lakov\u00e1n\u00ed pro estetick\u00e9 i funk\u010dn\u00ed \u00fa\u010dely.\n<\/p>\n<p><\/p>\n<p><b>7.Je v\u00fdroba hlin\u00edku n\u00e1kladov\u011b efektivn\u00ed?<\/b><\/p>\n<p>Ano, hlin\u00edk je cenov\u011b dostupn\u00fd, snadno se obr\u00e1b\u00ed a vy\u017eaduje m\u00e9n\u011b \u00fadr\u017eby, co\u017e sni\u017euje celkov\u00e9 n\u00e1klady na projekt.\n<\/p>\n<p><\/p>\n<p><b>8.Je vyroben\u00fd hlin\u00edk \u0161etrn\u00fd k \u017eivotn\u00edmu prost\u0159ed\u00ed?<\/b><\/p>\n<p>Ano, hlin\u00edk je 100% recyklovateln\u00fd a podporuje ekologick\u00e9 v\u00fdrobn\u00ed postupy.\n<\/p>\n<p><\/p>","protected":false},"featured_media":7285,"template":"","categories":[67],"class_list":["post-7286","product","type-product","status-publish","has-post-thumbnail","hentry","category-architectural-aluminium-profile"],"meta_box":{"hilight_text_group":{"product_hilight_text":"<li>Custom aluminum fabrication for diverse industrial and architectural needs<\/li>\r\r\n<li>Lightweight yet strong material for efficient structural solutions<\/li>\r\r\n<li>Excellent corrosion resistance for long-lasting outdoor performance<\/li>\r\r\n<li>Precision cutting, welding, and bending for complex designs<\/li>\r\r\n<li>Cost-effective production with quick turnaround times<\/li>\r\r\n<li>Compatible with a wide range of surface finishes and treatments<\/li>\r\r\n<li>Eco-friendly and recyclable material for sustainable manufacturing<\/li>","product_chanpin_blog":"<ul>\r\r\n<li><a href=\"https:\/\/sinoextrud.com\/t-slot-v-slot-differences\/\" target=\"_blank\">t slot vs v slot<\/a><\/li>\r\r\n<li><a href=\"https:\/\/sinoextrud.com\/what-is-4040-aluminium-extrud\/\" target=\"_blank\">4040 aluminium extrusion<\/a><\/li>\r\r\n<li><a href=\"https:\/\/sinoextrud.com\/what-is-4040-aluminium-extrud\/\" target=\"_blank\">aluminum extrusions for industrial racks<\/a><\/li>\r\r\n<li><a href=\"https:\/\/sinoextrud.com\/powder-coating-aluminium-process\/\" target=\"_blank\">powder coating aluminium<\/a><\/li>\r\r\n<li><a href=\"https:\/\/sinoextrud.com\/what-is-an-aluminium-strip-ceiling\/\" target=\"_blank\">aluminium strip ceiling<\/a><\/li>\r\r\n<li><a href=\"https:\/\/sinoextrud.com\/what-is-a-heat-sink\/\" target=\"_blank\">what is a heat sink<\/a><\/li>\r\r\n<\/ul>","product_chanpin_chanpin":"<li><a href=\"https:\/\/sinoextrud.com\/product\/aluminium-extrusion-machining\/\" target=\"_blank\">Aluminium Extrusion Machining<\/a><\/li>\r\n<li><a href=\"https:\/\/sinoextrud.com\/product\/aluminum-price-per-ton\/\" target=\"_blank\">Aluminum Price Per Ton<\/a><\/li>\r\n<li><a href=\"https:\/\/sinoextrud.com\/product\/aluminium-extrusion-sections\/\" target=\"_blank\">Aluminium Extrusion Sections<\/a><\/li>\r\n<li><a href=\"https:\/\/sinoextrud.com\/product\/types-of-aluminum-profiles\/\" target=\"_blank\">Types Of Aluminum Profiles<\/a><\/li>\r\n<li><a href=\"https:\/\/sinoextrud.com\/product\/aluminium-fabrication\/\" target=\"_blank\">Aluminium Fabrication<\/a><\/li>\r\n<li><a href=\"https:\/\/sinoextrud.com\/product\/aluminium-profile-for-window\/\" target=\"_blank\">Aluminium Profile For Window<\/a><\/li>\r\n<li><a href=\"https:\/\/sinoextrud.com\/product\/powder-coating-aluminium-roller-shutter-profile\/\" target=\"_blank\">Powder Coating Aluminium Roller shutter Profile<\/a><\/li>\r\n<li><a href=\"https:\/\/sinoextrud.com\/product\/aluminium-furniture\/\" target=\"_blank\">Aluminium Furniture<\/a><\/li>\r\n<li><a href=\"https:\/\/sinoextrud.com\/product\/aluminium-glass-fitting-channel\/\" target=\"_blank\">Aluminium Glass Fitting Channel<\/a><\/li>\r\n<li><a href=\"https:\/\/sinoextrud.com\/product\/customize-extruded-aluminum-channel-profiles\/\" target=\"_blank\">Customize Extruded Aluminum Channel Profiles<\/a><\/li>\r\n<li><a href=\"https:\/\/sinoextrud.com\/product\/bulk-extruded-aluminum\/\" target=\"_blank\">Bulk Extruded Aluminum<\/a><\/li>"},"feature_list":[]},"_links":{"self":[{"href":"https:\/\/sinoextrud.com\/cs\/wp-json\/wp\/v2\/product\/7286","targetHints":{"allow":["GET"]}}],"collection":[{"href":"https:\/\/sinoextrud.com\/cs\/wp-json\/wp\/v2\/product"}],"about":[{"href":"https:\/\/sinoextrud.com\/cs\/wp-json\/wp\/v2\/types\/product"}],"wp:featuredmedia":[{"embeddable":true,"href":"https:\/\/sinoextrud.com\/cs\/wp-json\/wp\/v2\/media\/7285"}],"wp:attachment":[{"href":"https:\/\/sinoextrud.com\/cs\/wp-json\/wp\/v2\/media?parent=7286"}],"wp:term":[{"taxonomy":"category","embeddable":true,"href":"https:\/\/sinoextrud.com\/cs\/wp-json\/wp\/v2\/categories?post=7286"}],"curies":[{"name":"wp","href":"https:\/\/api.w.org\/{rel}","templated":true}]}}