{"id":7280,"date":"2025-06-06T03:56:18","date_gmt":"2025-06-06T03:56:18","guid":{"rendered":"https:\/\/sinoextrud.com\/product\/aluminum-price-per-ton\/"},"modified":"2025-06-24T06:12:25","modified_gmt":"2025-06-24T06:12:25","slug":"cena-hliniku-za-tunu","status":"publish","type":"product","link":"https:\/\/sinoextrud.com\/cs\/product\/aluminum-price-per-ton\/","title":{"rendered":"Cena hlin\u00edku za tunu"},"content":{"rendered":"<h2>Podrobnosti o produktech<\/h2>\n<table class=\"custom-table\">\n<tbody>\n<tr>\n<td> Polo\u017eka:<\/td>\n<td> Cena hlin\u00edku za tunu, Cena hlin\u00edku za KG<\/td>\n<\/tr>\n<tr>\n<td> Materi\u00e1l:<\/td>\n<td> 100% hlin\u00edkov\u00fd profil<\/td>\n<\/tr>\n<tr>\n<td> slitina:<\/td>\n<td> 6063-T5,6061-T6,6463-T5,6082etc<\/td>\n<\/tr>\n<tr>\n<td> Zna\u010dka:<\/td>\n<td> Sinoextrud hlin\u00edk\/Sinoextrud hlin\u00edkov\u00e9 profily <\/td>\n<\/tr>\n<tr>\n<td> Velikost:<\/td>\n<td> 1m-9m nebo p\u0159izp\u016fsoben\u00e1 velikost<\/td>\n<\/tr>\n<tr>\n<td> Pou\u017eit\u00ed:<\/td>\n<td> N\u00e1bytek, okna a dve\u0159e, dekorace, pr\u016fmysl, stavebnictv\u00ed atd.<\/td>\n<\/tr>\n<tr>\n<td> Barvy:<\/td>\n<td> eloxovan\u00e9, s kresbou d\u0159eva, pr\u00e1\u0161kov\u00e9 lakov\u00e1n\u00ed, eloxovan\u00e9 le\u0161t\u011bn\u00e9 a kart\u00e1\u010dovan\u00e9, elektrofor\u00e9za, flurokarbonov\u00e9 pr\u00e1\u0161kov\u00e9 lakov\u00e1n\u00ed atd.<\/td>\n<\/tr>\n<tr>\n<td> MOQ:<\/td>\n<td> 200 kg pro ka\u017ed\u00fd profil<\/td>\n<\/tr>\n<tr>\n<td> Slu\u017eba OEM:<\/td>\n<td> na z\u00e1klad\u011b v\u00fdkres\u016f nebo vzork\u016f navr\u017een\u00fdch z\u00e1kazn\u00edkem<\/td>\n<\/tr>\n<tr>\n<td> K dispozici je certifikace:<\/td>\n<td> ISO:9001, SONCAP, BV certifik\u00e1t nebo certifik\u00e1t z\u00e1kazn\u00edka k dispozici<\/td>\n<\/tr>\n<tr>\n<td> Platebn\u00ed podm\u00ednky:<\/td>\n<td> T\/T, 30% z\u00e1lohov\u00e1 platba, zat\u00edmco z\u016fstatek bude splacen p\u0159ed dod\u00e1n\u00edm<\/td>\n<\/tr>\n<tr>\n<td> Term\u00edn vypo\u0159\u00e1d\u00e1n\u00ed:<\/td>\n<td> Kone\u010dn\u00e1 platba se prov\u00e1d\u00ed na z\u00e1klad\u011b kone\u010dn\u00e9 skute\u010dn\u00e9 fyzick\u00e9 hmotnosti<\/td>\n<\/tr>\n<tr>\n<td> Z\u00e1ruka v\u00fdroby<\/td>\n<td> Barva povrchu vydr\u017e\u00ed 10 a\u017e 20 let p\u0159i pou\u017eit\u00ed v interi\u00e9ru.<\/td>\n<\/tr>\n<tr>\n<td> P\u0159\u00edstav:<\/td>\n<td> Pro Shenzhen, Guangzhou, Foshan<\/td>\n<\/tr>\n<\/tbody>\n<\/table>\n<h2>Na\u0161e v\u00fdrobn\u00ed z\u00e1kladna<\/h2>\n<h3>Panorama tov\u00e1rny<\/h3>\n<p><img decoding=\"async\" src=\"\/wp-content\/uploads\/factory-01.webp\"\/><\/p>\n<h3>D\u00edlna na v\u00fdrobu hlin\u00edkov\u00fdch ty\u010d\u00ed<\/h3>\n<p><img decoding=\"async\" src=\"\/wp-content\/uploads\/factory-02.webp\"\/><\/p>\n<\/p>\n<p><img decoding=\"async\" src=\"\/wp-content\/uploads\/factory-03.webp\"\/><\/p>\n<h3>Sklad pl\u00edsn\u00ed<\/h3>\n<p><img decoding=\"async\" src=\"\/wp-content\/uploads\/factory-04.webp\"\/><\/p>\n<h3>43 linek na vytla\u010dov\u00e1n\u00ed hlin\u00edku (500 - 5500 tun)<\/h3>\n<p><img decoding=\"async\" src=\"\/wp-content\/uploads\/factory-05.webp\"\/><\/p>\n<p><img decoding=\"async\" src=\"\/wp-content\/uploads\/factory-06.webp\"\/><\/p>\n<p><img decoding=\"async\" src=\"\/wp-content\/uploads\/factory-07.webp\"\/><\/p>\n<h3>D\u00edlna pr\u00e1\u0161kov\u00e9ho lakov\u00e1n\u00ed<\/h3>\n<p><img decoding=\"async\" src=\"\/wp-content\/uploads\/factory-09.webp\"\/><\/p>\n<h3>D\u00edlna eloxov\u00e1n\u00ed<\/h3>\n<p><img decoding=\"async\" src=\"\/wp-content\/uploads\/factory-10.webp\"\/><\/p>\n<h3>Workshop o hloubkov\u00e9m zpracov\u00e1n\u00ed<\/h3>\n<p><img decoding=\"async\" src=\"\/wp-content\/uploads\/factory-11.webp\"\/><\/p>\n<h3>D\u00edlna CNC p\u0159esn\u00e9ho obr\u00e1b\u011bn\u00ed<\/h3>\n<p><img decoding=\"async\" src=\"\/wp-content\/uploads\/factory-11.5.webp\"\/><\/p>\n<h3>Sklad hotov\u00fdch v\u00fdrobk\u016f a exportn\u00ed sklad<\/h3>\n<p><img decoding=\"async\" src=\"\/wp-content\/uploads\/factory-12.webp\"\/><\/p>\n<p><img decoding=\"async\" src=\"\/wp-content\/uploads\/factory-13.webp\"\/><\/p>\n<p><img decoding=\"async\" src=\"\/wp-content\/uploads\/factory-14.webp\"\/><\/p>\n<h2>\u010cASTO KLADEN\u00c9 DOTAZY<\/h2>\n<p><b>1.Co znamen\u00e1 cena hlin\u00edku za tunu?<\/b><\/p>\n<p>Cena hlin\u00edku za tunu ozna\u010duje n\u00e1klady na n\u00e1kup jedn\u00e9 metrick\u00e9 tuny surov\u00e9ho nebo zpracovan\u00e9ho hlin\u00edku, kter\u00e9 se b\u011b\u017en\u011b pou\u017e\u00edvaj\u00ed p\u0159i hromadn\u00fdch pr\u016fmyslov\u00fdch n\u00e1kupech.\n<\/p>\n<p><\/p>\n<p><b>2.Pro\u010d je d\u016fle\u017eit\u00e9 sledovat cenu hlin\u00edku za tunu?<\/b><\/p>\n<p>Znalost ceny za tunu pom\u00e1h\u00e1 v\u00fdrobc\u016fm a n\u00e1kup\u010d\u00edm \u0159\u00eddit rozpo\u010dty, kontrolovat n\u00e1klady a efektivn\u011b pl\u00e1novat v\u00fdrobu.\n<\/p>\n<p><\/p>\n<p><b>3.Jak\u00e9 faktory ovliv\u0148uj\u00ed cenu hlin\u00edku za tunu?<\/b><\/p>\n<p>Mezi kl\u00ed\u010dov\u00e9 faktory pat\u0159\u00ed popt\u00e1vka na sv\u011btov\u00e9m trhu, n\u00e1klady na energii, t\u0159\u00edda slitiny, naru\u0161en\u00ed dodavatelsk\u00e9ho \u0159et\u011bzce a v\u00fdrobn\u00ed kapacita.\n<\/p>\n<p><\/p>\n<p><b>4.Je cena hlin\u00edku za tunu stejn\u00e1 pro v\u0161echny druhy?<\/b><\/p>\n<p>Ne, ceny se li\u0161\u00ed v z\u00e1vislosti na typu hlin\u00edkov\u00e9 slitiny, zp\u016fsobu zpracov\u00e1n\u00ed a po\u017eadovan\u00fdch specifikac\u00edch.\n<\/p>\n<p><\/p>\n<p><b>5.Mohu z\u00edskat p\u0159izp\u016fsoben\u00e9 ceny pro velk\u00e9 objedn\u00e1vky?<\/b><\/p>\n<p>Ano, v\u011bt\u0161ina dodavatel\u016f nab\u00edz\u00ed slevy nebo vyjednan\u00e9 ceny na z\u00e1klad\u011b velk\u00fdch mno\u017estv\u00ed a dlouhodob\u00fdch smluv.\n<\/p>\n<p><\/p>\n<p><b>6.Jak zajist\u00edm kvalitu hlin\u00edku za uvedenou cenu za tunu?<\/b><\/p>\n<p>Vyb\u00edrejte si renomovan\u00e9 dodavatele s certifikacemi, dohledatelnost\u00ed materi\u00e1lu a procesy zaji\u0161t\u011bn\u00ed kvality, kter\u00e9 zaru\u010duj\u00ed standardy v\u00fdrobk\u016f.\n<\/p>\n<p><\/p>\n<p><b>7.Je cena hlin\u00edku za tunu stabiln\u00ed?<\/b><\/p>\n<p>Ceny mohou denn\u011b kol\u00edsat v z\u00e1vislosti na v\u00fdvoji komoditn\u00edch trh\u016f, proto je d\u016fle\u017eit\u00e9 kontrolovat aktu\u00e1ln\u00ed sazby a zv\u00e1\u017eit mo\u017enost uzav\u00edr\u00e1n\u00ed term\u00ednovan\u00fdch kontrakt\u016f, kter\u00e9 zajist\u00ed stabilitu.\n<\/p>\n<p><\/p>\n<p><b>8.Kde mohu pou\u017e\u00edt hlin\u00edk zakoupen\u00fd na tuny?<\/b><\/p>\n<p>Hlin\u00edk nakoupen\u00fd na tunu se pou\u017e\u00edv\u00e1 v pr\u016fmyslov\u00fdch odv\u011btv\u00edch, jako je stavebnictv\u00ed, doprava, balen\u00ed, elektronika a energetick\u00e9 syst\u00e9my.\n<\/p>\n<p><\/p>","protected":false},"featured_media":7279,"template":"","categories":[67],"class_list":["post-7280","product","type-product","status-publish","has-post-thumbnail","hentry","category-architectural-aluminium-profile"],"meta_box":{"hilight_text_group":{"product_hilight_text":"<li>Competitive aluminum price per ton for bulk industrial orders<\/li>\r\r\n<li>Direct factory pricing ensures cost efficiency and stable supply<\/li>\r\r\n<li>Suitable for a wide range of applications across various industries<\/li>\r\r\n<li>Flexible pricing options based on alloy type and order volume<\/li>\r\r\n<li>High-quality raw aluminum with consistent purity and performance<\/li>\r\r\n<li>Timely delivery and logistics support for global customers<\/li>\r\r\n<li>Customized alloy grades available to match specific production needs<\/li>","product_chanpin_blog":"<ul>\r\r\n<li><a href=\"https:\/\/sinoextrud.com\/t-slot-v-slot-differences\/\" target=\"_blank\">t slot vs v slot<\/a><\/li>\r\r\n<li><a href=\"https:\/\/sinoextrud.com\/what-is-4040-aluminium-extrud\/\" target=\"_blank\">4040 aluminium extrusion<\/a><\/li>\r\r\n<li><a href=\"https:\/\/sinoextrud.com\/what-is-4040-aluminium-extrud\/\" target=\"_blank\">aluminum extrusions for industrial racks<\/a><\/li>\r\r\n<li><a href=\"https:\/\/sinoextrud.com\/powder-coating-aluminium-process\/\" target=\"_blank\">powder coating aluminium<\/a><\/li>\r\r\n<li><a href=\"https:\/\/sinoextrud.com\/what-is-an-aluminium-strip-ceiling\/\" target=\"_blank\">aluminium strip ceiling<\/a><\/li>\r\r\n<li><a href=\"https:\/\/sinoextrud.com\/what-is-a-heat-sink\/\" target=\"_blank\">what is a heat sink<\/a><\/li>\r\r\n<\/ul>","product_chanpin_chanpin":"<li><a href=\"https:\/\/sinoextrud.com\/product\/customized-aluminium-heavy-duty-door-hinge\/\" target=\"_blank\">Customized Aluminium Heavy Duty Door Hinge<\/a><\/li>\r\n<li><a href=\"https:\/\/sinoextrud.com\/product\/extruded-aluminium-curtain-walls\/\" target=\"_blank\">Extruded Aluminium Curtain Walls<\/a><\/li>\r\n<li><a href=\"https:\/\/sinoextrud.com\/product\/aluminium-extrusion-handles-for-closet\/\" target=\"_blank\">Aluminium Extrusion Handles for Closet<\/a><\/li>\r\n<li><a href=\"https:\/\/sinoextrud.com\/product\/aluminium-extrusion-machining\/\" target=\"_blank\">Aluminium Extrusion Machining<\/a><\/li>\r\n<li><a href=\"https:\/\/sinoextrud.com\/product\/aluminum-price-per-ton\/\" target=\"_blank\">Aluminum Price Per Ton<\/a><\/li>\r\n<li><a href=\"https:\/\/sinoextrud.com\/product\/aluminium-extrusion-sections\/\" target=\"_blank\">Aluminium Extrusion Sections<\/a><\/li>\r\n<li><a href=\"https:\/\/sinoextrud.com\/product\/types-of-aluminum-profiles\/\" target=\"_blank\">Types Of Aluminum Profiles<\/a><\/li>\r\n<li><a href=\"https:\/\/sinoextrud.com\/product\/aluminium-fabrication\/\" target=\"_blank\">Aluminium Fabrication<\/a><\/li>\r\n<li><a href=\"https:\/\/sinoextrud.com\/product\/aluminium-profile-for-window\/\" target=\"_blank\">Aluminium Profile For Window<\/a><\/li>\r\n<li><a href=\"https:\/\/sinoextrud.com\/product\/aluminium-kitchen-cabinet-handles\/\" target=\"_blank\">Aluminium Kitchen Cabinet Handles<\/a><\/li>\r\n<li><a href=\"https:\/\/sinoextrud.com\/product\/anodized-extruded-aluminium-glazing-profiles\/\" target=\"_blank\">Anodized Extruded Aluminium Glazing Profiles<\/a><\/li>"},"feature_list":[]},"_links":{"self":[{"href":"https:\/\/sinoextrud.com\/cs\/wp-json\/wp\/v2\/product\/7280","targetHints":{"allow":["GET"]}}],"collection":[{"href":"https:\/\/sinoextrud.com\/cs\/wp-json\/wp\/v2\/product"}],"about":[{"href":"https:\/\/sinoextrud.com\/cs\/wp-json\/wp\/v2\/types\/product"}],"wp:featuredmedia":[{"embeddable":true,"href":"https:\/\/sinoextrud.com\/cs\/wp-json\/wp\/v2\/media\/7279"}],"wp:attachment":[{"href":"https:\/\/sinoextrud.com\/cs\/wp-json\/wp\/v2\/media?parent=7280"}],"wp:term":[{"taxonomy":"category","embeddable":true,"href":"https:\/\/sinoextrud.com\/cs\/wp-json\/wp\/v2\/categories?post=7280"}],"curies":[{"name":"wp","href":"https:\/\/api.w.org\/{rel}","templated":true}]}}