{"id":7270,"date":"2025-06-06T03:43:29","date_gmt":"2025-06-06T03:43:29","guid":{"rendered":"https:\/\/sinoextrud.com\/product\/aluminium-extrusion-curtain-wall-profile-with-powder-coated-surface-manufacturer-direct-selling\/"},"modified":"2025-06-24T06:12:24","modified_gmt":"2025-06-24T06:12:24","slug":"hlinikovy-vytlacovaci-profil-pro-zavesove-steny-s-praskove-lakovanym-povrchem-vyrobce-primy-prodej","status":"publish","type":"product","link":"https:\/\/sinoextrud.com\/cs\/product\/aluminium-extrusion-curtain-wall-profile-with-powder-coated-surface-manufacturer-direct-selling\/","title":{"rendered":"Hlin\u00edkov\u00fd vytla\u010dovac\u00ed st\u011bnov\u00fd profil s pr\u00e1\u0161kov\u00fdm povrchem V\u00fdrobce p\u0159\u00edm\u00e9ho prodeje"},"content":{"rendered":"<h2>Podrobnosti o produktech<\/h2>\n<table class=\"custom-table\">\n<tbody>\n<tr>\n<td> 1<\/td>\n<td> Polo\u017eka<\/td>\n<td> Hlin\u00edkov\u00fd vytla\u010dovac\u00ed st\u011bnov\u00fd profil s pr\u00e1\u0161kov\u00fdm povrchem V\u00fdrobce p\u0159\u00edm\u00e9ho prodeje<\/td>\n<\/tr>\n<tr>\n<td> 2<\/td>\n<td> Materi\u00e1l<\/td>\n<td> Slitina 6063<\/td>\n<\/tr>\n<tr>\n<td> 3<\/td>\n<td> Temperament<\/td>\n<td> T5<\/td>\n<\/tr>\n<tr>\n<td> 4<\/td>\n<td> Certifik\u00e1t<\/td>\n<td> ISO9001, ISO14001<\/td>\n<\/tr>\n<tr>\n<td> 5<\/td>\n<td> Schopnosti<\/td>\n<td> Ro\u010dn\u00ed produkce v\u00edce ne\u017e 60 000 tun<\/td>\n<\/tr>\n<tr>\n<td> 6<\/td>\n<td> Barva<\/td>\n<td> K dispozici na m\u00edru<\/td>\n<\/tr>\n<tr>\n<td> 7<\/td>\n<td> D\u00e9lka<\/td>\n<td> 1-9 metr\u016f nebo na m\u00edru<\/td>\n<\/tr>\n<tr>\n<td> 8<\/td>\n<td> Tlou\u0161\u0165ka<\/td>\n<td> P\u0159izp\u016fsoben\u00e9<\/td>\n<\/tr>\n<tr>\n<td> 9<\/td>\n<td> Povrchov\u00e1 \u00faprava<\/td>\n<td> povrchov\u00e1 \u00faprava ml\u00fdnem, eloxov\u00e1n\u00ed, elektrofor\u00e9za, pr\u00e1\u0161kov\u00e9 lakov\u00e1n\u00ed, p\u0159enos d\u0159ev\u011bn\u00fdch zrn, fluorokarbonov\u00fd povlak atd.<\/td>\n<\/tr>\n<tr>\n<td> 10<\/td>\n<td> Aplikace<\/td>\n<td> okenn\u00ed a dve\u0159n\u00ed \u010d\u00e1st, z\u00e1bradl\u00ed, z\u00e1v\u011bsov\u00e1 st\u011bna<\/td>\n<\/tr>\n<tr>\n<td> 11<\/td>\n<td> Nakl\u00e1dac\u00ed port<\/td>\n<td> Shenzhen, Guangzhou, Foshan Port<\/td>\n<\/tr>\n<tr>\n<td> 12<\/td>\n<td> Platba<\/td>\n<td> T\/T, 30% z\u00e1lohov\u00e1 platba, zat\u00edmco z\u016fstatek bude splacen p\u0159ed dod\u00e1n\u00edm<\/td>\n<\/tr>\n<tr>\n<td> 13<\/td>\n<td> Bal\u00ed\u010dek<\/td>\n<td> 1.Inside: baleno s plastovou ochrannou f\u00f3li\u00ed pro ochranu ka\u017ed\u00e9ho profilu<br \/>\n2.Outside: baleno s vod\u011bodoln\u00fdm \u0159emesln\u00fdm pap\u00edrem<\/td>\n<\/tr>\n<tr>\n<td> 14<\/td>\n<td> Dod\u00e1vka<\/td>\n<td> 25-30 dn\u00ed po zaplacen\u00ed z\u00e1lohy<\/td>\n<\/tr>\n<tr>\n<td> 15<\/td>\n<td> Po\u0159ad\u00ed objedn\u00e1vek<\/td>\n<td> 1. Potvr\u010fte v\u00fdkresy, povrchovou \u00fapravu a cenu;<br \/>\n2. Zapla\u0165te poplatek za formu a my za\u010dneme vyr\u00e1b\u011bt formy;<br \/>\n3. Pro potvrzen\u00ed v\u00e1m za\u0161leme vzorky;<br \/>\n4. Prove\u010fte platbu z\u00e1lohy 30% a zahajte v\u00fdrobu;<\/td>\n<\/tr>\n<\/tbody>\n<\/table>\n<h2>Na\u0161e v\u00fdrobn\u00ed z\u00e1kladna<\/h2>\n<h3>Panorama tov\u00e1rny<\/h3>\n<p><img decoding=\"async\" src=\"\/wp-content\/uploads\/factory-01.webp\"\/><\/p>\n<h3>D\u00edlna na v\u00fdrobu hlin\u00edkov\u00fdch ty\u010d\u00ed<\/h3>\n<p><img decoding=\"async\" src=\"\/wp-content\/uploads\/factory-02.webp\"\/><\/p>\n<p><img decoding=\"async\" src=\"\/wp-content\/uploads\/factory-03.webp\"\/><\/p>\n<h3>Sklad pl\u00edsn\u00ed<\/h3>\n<p><img decoding=\"async\" src=\"\/wp-content\/uploads\/factory-04.webp\"\/><\/p>\n<h3>43 linek na vytla\u010dov\u00e1n\u00ed hlin\u00edku (500 - 5500 tun)<\/h3>\n<p><img decoding=\"async\" src=\"\/wp-content\/uploads\/factory-05.webp\"\/><\/p>\n<p><img decoding=\"async\" src=\"\/wp-content\/uploads\/factory-06.webp\"\/><\/p>\n<p><img decoding=\"async\" src=\"\/wp-content\/uploads\/factory-07.webp\"\/><\/p>\n<h3>D\u00edlna pr\u00e1\u0161kov\u00e9ho lakov\u00e1n\u00ed<\/h3>\n<p><img decoding=\"async\" src=\"\/wp-content\/uploads\/factory-09.webp\"\/><\/p>\n<h3>D\u00edlna eloxov\u00e1n\u00ed<\/h3>\n<p><img decoding=\"async\" src=\"\/wp-content\/uploads\/factory-10.webp\"\/><\/p>\n<h3>Workshop o hloubkov\u00e9m zpracov\u00e1n\u00ed<\/h3>\n<p><img decoding=\"async\" src=\"\/wp-content\/uploads\/factory-11.webp\"\/><\/p>\n<h3>D\u00edlna CNC p\u0159esn\u00e9ho obr\u00e1b\u011bn\u00ed<\/h3>\n<p><img decoding=\"async\" src=\"\/wp-content\/uploads\/factory-11.5.webp\"\/><\/p>\n<h3>Sklad hotov\u00fdch v\u00fdrobk\u016f a exportn\u00ed sklad<\/h3>\n<p><img decoding=\"async\" src=\"\/wp-content\/uploads\/factory-12.webp\"\/><\/p>\n<p><img decoding=\"async\" src=\"\/wp-content\/uploads\/factory-13.webp\"\/><\/p>\n<p><img decoding=\"async\" src=\"\/wp-content\/uploads\/factory-14.webp\"\/><\/p>\n<h2>\u010cASTO KLADEN\u00c9 DOTAZY<\/h2>\n<p><p><b>1.Co je to hlin\u00edkov\u00fd vytla\u010dovac\u00ed profil pro opony s pr\u00e1\u0161kov\u00fdm povrchem?<\/b><\/p>\n<p>Jedn\u00e1 se o konstruk\u010dn\u00ed hlin\u00edkov\u00fd profil, kter\u00fd se pou\u017e\u00edv\u00e1 v syst\u00e9mech obvodov\u00fdch st\u011bn a je opat\u0159en pr\u00e1\u0161kov\u00fdm lakem pro zv\u00fd\u0161en\u00ed odolnosti a estetiky.<br \/>\n<\/p><br \/>\n<br \/>\n<p><b>2.Pro\u010d zvolit pr\u00e1\u0161kov\u011b lakovan\u00e9 hlin\u00edkov\u00e9 profily pro obvodov\u00e9 st\u011bny?<\/b><\/p>\n<p>Pr\u00e1\u0161kov\u00e9 lakov\u00e1n\u00ed nab\u00edz\u00ed vynikaj\u00edc\u00ed odolnost proti UV z\u00e1\u0159en\u00ed, korozi a po\u0161kr\u00e1b\u00e1n\u00ed, tak\u017ee je ide\u00e1ln\u00ed pro dlouhodob\u00e9 venkovn\u00ed pou\u017eit\u00ed.<br \/>\n<\/p><br \/>\n<br \/>\n<p><b>3.Lze hlin\u00edkov\u00e9 profily pro obvodov\u00e9 st\u011bny p\u0159izp\u016fsobit?<\/b><\/p>\n<p>Ano, tyto profily lze p\u0159izp\u016fsobit z hlediska velikosti, tvaru, barvy a povrchov\u00e9 \u00fapravy tak, aby spl\u0148ovaly architektonick\u00e9 po\u017eadavky a po\u017eadavky konkr\u00e9tn\u00edho projektu.<br \/>\n<\/p><br \/>\n<br \/>\n<p><b>4.Jak\u00fd p\u0159\u00ednos m\u00e1 p\u0159\u00edm\u00fd prodej od v\u00fdrobce pro kupuj\u00edc\u00ed?<\/b><\/p>\n<p>P\u0159\u00edm\u00fd prodej v\u00fdrobcem sni\u017euje n\u00e1klady na zprost\u0159edkovatele, \u010d\u00edm\u017e zaji\u0161\u0165uje konkurenceschopn\u011bj\u0161\u00ed ceny a spolehliv\u00e9 dod\u00e1vky pro hromadn\u00e9 projekty obvodov\u00fdch st\u011bn.<br \/>\n<\/p><br \/>\n<br \/>\n<p><b>5.Jak\u00e9 jsou v\u00fdhody pou\u017eit\u00ed hlin\u00edkov\u00fdch profil\u016f v obvodov\u00fdch st\u011bn\u00e1ch?<\/b><\/p>\n<p>Hlin\u00edkov\u00e9 v\u00fdlisky jsou lehk\u00e9, pevn\u00e9, odoln\u00e9 proti korozi a umo\u017e\u0148uj\u00ed vytv\u00e1\u0159et elegantn\u00ed, modern\u00ed architektonick\u00e9 n\u00e1vrhy.<br \/>\n<\/p><br \/>\n<br \/>\n<p><b>6.Je pr\u00e1\u0161kov\u011b lakovan\u00fd hlin\u00edk vhodn\u00fd pro v\u00fd\u0161kov\u00e9 budovy?<\/b><\/p>\n<p>D\u00edky sv\u00e9 odolnosti v\u016f\u010di pov\u011btrnostn\u00edm vliv\u016fm a pevnosti je ide\u00e1ln\u00ed pro v\u00fd\u0161kov\u00e9 a rozs\u00e1hl\u00e9 komer\u010dn\u00ed fas\u00e1dn\u00ed syst\u00e9my.<br \/>\n<\/p><br \/>\n<br \/>\n<p><b>7.Mohou tyto profily podporovat energeticky \u00fa\u010dinn\u00e9 konstrukce obvodov\u00fdch st\u011bn?<\/b><\/p>\n<p>Ano, profily lze integrovat se syst\u00e9my tepeln\u00e9 izolace a s panely s dvojit\u00fdm zasklen\u00edm, kter\u00e9 zvy\u0161uj\u00ed energetickou \u00fa\u010dinnost.<br \/>\n<\/p><br \/><\/p>","protected":false},"featured_media":7269,"template":"","categories":[67],"class_list":["post-7270","product","type-product","status-publish","has-post-thumbnail","hentry","category-architectural-aluminium-profile"],"meta_box":{"hilight_text_group":{"product_hilight_text":"<li>High-strength aluminum extrusion ideal for curtain wall systems<\/li>\r\r\n<li>Durable powder coated surface for enhanced weather resistance<\/li>\r\r\n<li>Modern aesthetics with customizable colors and finishes<\/li>\r\r\n<li>Direct manufacturer pricing for cost-effective sourcing<\/li>\r\r\n<li>Precision-engineered profiles ensure easy installation and stability<\/li>\r\r\n<li>Suitable for commercial, residential, and high-rise applications<\/li>","product_chanpin_blog":"<ul>\r\r\n<li><a href=\"https:\/\/sinoextrud.com\/t-slot-v-slot-differences\/\" target=\"_blank\">t slot vs v slot<\/a><\/li>\r\r\n<li><a href=\"https:\/\/sinoextrud.com\/what-is-4040-aluminium-extrud\/\" target=\"_blank\">4040 aluminium extrusion<\/a><\/li>\r\r\n<li><a href=\"https:\/\/sinoextrud.com\/what-is-4040-aluminium-extrud\/\" target=\"_blank\">aluminum extrusions for industrial racks<\/a><\/li>\r\r\n<li><a href=\"https:\/\/sinoextrud.com\/powder-coating-aluminium-process\/\" target=\"_blank\">powder coating aluminium<\/a><\/li>\r\r\n<li><a href=\"https:\/\/sinoextrud.com\/what-is-an-aluminium-strip-ceiling\/\" target=\"_blank\">aluminium strip ceiling<\/a><\/li>\r\r\n<li><a href=\"https:\/\/sinoextrud.com\/what-is-a-heat-sink\/\" target=\"_blank\">what is a heat sink<\/a><\/li>\r\r\n<\/ul>","product_chanpin_chanpin":"<li><a href=\"https:\/\/sinoextrud.com\/product\/extruded-aluminum-profiles\/\" target=\"_blank\">Extruded Aluminum Profiles<\/a><\/li>\r\n<li><a href=\"https:\/\/sinoextrud.com\/product\/aluminium-system-profile\/\" target=\"_blank\">Aluminium System Profile<\/a><\/li>\r\n<li><a href=\"https:\/\/sinoextrud.com\/product\/aluminium-extrusion-c-beam\/\" target=\"_blank\">Aluminium Extrusion C Beam<\/a><\/li>\r\n<li><a href=\"https:\/\/sinoextrud.com\/product\/extruded-aluminum-tubing-for-stair-rail\/\" target=\"_blank\">Extruded Aluminum Tubing For Stair Rail<\/a><\/li>\r\n<li><a href=\"https:\/\/sinoextrud.com\/product\/aluminium-extrusion-curtain-wall-profile-with-powder-coated-surface-manufacturer-direct-selling\/\" target=\"_blank\">Aluminium Extrusion Curtain Wall Profile With Powder Coated Surface Manufacturer Direct Selling<\/a><\/li>\r\n<li><a href=\"https:\/\/sinoextrud.com\/product\/customized-aluminium-heavy-duty-door-hinge\/\" target=\"_blank\">Customized Aluminium Heavy Duty Door Hinge<\/a><\/li>\r\n<li><a href=\"https:\/\/sinoextrud.com\/product\/extruded-aluminium-curtain-walls\/\" target=\"_blank\">Extruded Aluminium Curtain Walls<\/a><\/li>\r\n<li><a href=\"https:\/\/sinoextrud.com\/product\/aluminium-extrusion-handles-for-closet\/\" target=\"_blank\">Aluminium Extrusion Handles for Closet<\/a><\/li>\r\n<li><a href=\"https:\/\/sinoextrud.com\/product\/aluminium-extrusion-machining\/\" target=\"_blank\">Aluminium Extrusion Machining<\/a><\/li>\r\n<li><a href=\"https:\/\/sinoextrud.com\/product\/aluminium-sections-for-sliding-doors\/\" target=\"_blank\">Aluminium Sections For Sliding Doors<\/a><\/li>\r\n<li><a href=\"https:\/\/sinoextrud.com\/product\/extruded-aluminum-channel-shapes-customized\/\" target=\"_blank\">Extruded Aluminum Channel Shapes Customized<\/a><\/li>"},"feature_list":[]},"_links":{"self":[{"href":"https:\/\/sinoextrud.com\/cs\/wp-json\/wp\/v2\/product\/7270","targetHints":{"allow":["GET"]}}],"collection":[{"href":"https:\/\/sinoextrud.com\/cs\/wp-json\/wp\/v2\/product"}],"about":[{"href":"https:\/\/sinoextrud.com\/cs\/wp-json\/wp\/v2\/types\/product"}],"wp:featuredmedia":[{"embeddable":true,"href":"https:\/\/sinoextrud.com\/cs\/wp-json\/wp\/v2\/media\/7269"}],"wp:attachment":[{"href":"https:\/\/sinoextrud.com\/cs\/wp-json\/wp\/v2\/media?parent=7270"}],"wp:term":[{"taxonomy":"category","embeddable":true,"href":"https:\/\/sinoextrud.com\/cs\/wp-json\/wp\/v2\/categories?post=7270"}],"curies":[{"name":"wp","href":"https:\/\/api.w.org\/{rel}","templated":true}]}}