{"id":7268,"date":"2025-06-06T03:40:48","date_gmt":"2025-06-06T03:40:48","guid":{"rendered":"https:\/\/sinoextrud.com\/product\/extruded-aluminum-tubing-for-stair-rail\/"},"modified":"2025-06-24T06:12:24","modified_gmt":"2025-06-24T06:12:24","slug":"extrudovane-hlinikove-trubky-pro-schodistove-zabradli","status":"publish","type":"product","link":"https:\/\/sinoextrud.com\/cs\/product\/extruded-aluminum-tubing-for-stair-rail\/","title":{"rendered":"Extrudovan\u00e9 hlin\u00edkov\u00e9 trubky pro schodi\u0161\u0165ov\u00e9 z\u00e1bradl\u00ed"},"content":{"rendered":"<h2>Podrobnosti o produktech<\/h2>\n<table class=\"custom-table\">\n<tbody>\n<tr>\n<td> N\u00e1zev produktu<\/td>\n<td> hlin\u00edkov\u00fd profil s t-dr\u00e1\u017ekou<\/td>\n<\/tr>\n<tr>\n<td> Materi\u00e1l<\/td>\n<td> 6063<\/td>\n<\/tr>\n<tr>\n<td> Temperament<\/td>\n<td> T5, T6<\/td>\n<\/tr>\n<tr>\n<td> Tlou\u0161\u0165ka<\/td>\n<td> Tlou\u0161\u0165ka profilu jako custimize<\/td>\n<\/tr>\n<tr>\n<td> D\u00e9lka<\/td>\n<td> 5,8 m na kus. K dispozici je \u017e\u00e1dost na m\u00edru<\/td>\n<\/tr>\n<tr>\n<td> Tvar<\/td>\n<td> \u010dtvercov\u00fd stejn\u00fd jako obr\u00e1zek. k dispozici na zak\u00e1zku<\/td>\n<\/tr>\n<tr>\n<td> Povrchov\u00e1 \u00faprava<\/td>\n<td> Tlou\u0161\u0165ka barvy pr\u00e1\u0161kov\u00e9ho lakov\u00e1n\u00ed: 80 micorn.<\/td>\n<\/tr>\n<tr>\n<td> Barva<\/td>\n<td> B\u00edl\u00e1<\/td>\n<\/tr>\n<tr>\n<td> Aplikace<\/td>\n<td> Strojn\u00ed v\u00fdrobn\u00ed linka, dopravn\u00ed kolejnice<\/td>\n<\/tr>\n<tr>\n<td> Hloubkov\u00fd proces<\/td>\n<td> CNC, vrt\u00e1n\u00ed, \u0159ez\u00e1n\u00ed, sva\u0159ov\u00e1n\u00ed, mont\u00e1\u017e<\/td>\n<\/tr>\n<tr>\n<td> MOQ<\/td>\n<td> 200 kg pro ka\u017edou polo\u017eku<\/td>\n<\/tr>\n<tr>\n<td> V\u00fdrobn\u00ed kapacita<\/td>\n<td> V\u00edce ne\u017e 15 000 tun m\u011bs\u00ed\u010dn\u011b<\/td>\n<\/tr>\n<tr>\n<td> Certifik\u00e1t a norma<\/td>\n<td> 1) ISO9001-2008\/ISO 9001:2008;<br \/>\n2) Certifikace CQM;<br \/>\n3) SGS, BV, ROSH k dispozici<\/td>\n<\/tr>\n<tr>\n<td> Z\u00e1ruka<\/td>\n<td> Barva povrchu m\u016f\u017ee b\u00fdt stabiln\u00ed po dobu 10 ~ 20 let pou\u017e\u00edv\u00e1n\u00ed v interi\u00e9ru.<\/td>\n<\/tr>\n<tr>\n<td> Podrobnosti o balen\u00ed<\/td>\n<td> Uvnit\u0159: zabaleno v plastov\u00e9 f\u00f3lii, kter\u00e1 chr\u00e1n\u00ed ka\u017ed\u00fd kus.<\/td>\n<\/tr>\n<tr>\n<td> Doba realizace<\/td>\n<td> V\u00fdvoj a testov\u00e1n\u00ed vzork\u016f: 12-18 dn\u00ed.<\/td>\n<\/tr>\n<tr>\n<td> P\u0159\u00edstav<\/td>\n<td> Shenzhen \/ Guangzhou \/ Foshan<\/td>\n<\/tr>\n<tr>\n<td> Platebn\u00ed podm\u00ednky<\/td>\n<td> T\/T 30% pro z\u00e1lohu, z\u016fstatek p\u0159ed dod\u00e1n\u00edm.<\/td>\n<\/tr>\n<\/tbody>\n<\/table>\n<h2>Na\u0161e v\u00fdrobn\u00ed z\u00e1kladna<\/h2>\n<h3>Panorama tov\u00e1rny<\/h3>\n<p><img decoding=\"async\" src=\"\/wp-content\/uploads\/factory-01.webp\"\/><\/p>\n<h3>D\u00edlna na v\u00fdrobu hlin\u00edkov\u00fdch ty\u010d\u00ed<\/h3>\n<p><img decoding=\"async\" src=\"\/wp-content\/uploads\/factory-02.webp\"\/><\/p>\n<\/p>\n<p><img decoding=\"async\" src=\"\/wp-content\/uploads\/factory-03.webp\"\/><\/p>\n<h3>Sklad pl\u00edsn\u00ed<\/h3>\n<p><img decoding=\"async\" src=\"\/wp-content\/uploads\/factory-04.webp\"\/><\/p>\n<h3>43 linek na vytla\u010dov\u00e1n\u00ed hlin\u00edku (500-5500 tun)<\/h3>\n<p><img decoding=\"async\" src=\"\/wp-content\/uploads\/factory-05.webp\"\/><\/p>\n<p><img decoding=\"async\" src=\"\/wp-content\/uploads\/factory-06.webp\"\/><\/p>\n<p><img decoding=\"async\" src=\"\/wp-content\/uploads\/factory-07.webp\"\/><\/p>\n<h3>D\u00edlna pr\u00e1\u0161kov\u00e9ho lakov\u00e1n\u00ed<\/h3>\n<p><img decoding=\"async\" src=\"\/wp-content\/uploads\/factory-09.webp\"\/><\/p>\n<h3>D\u00edlna eloxov\u00e1n\u00ed<\/h3>\n<p><img decoding=\"async\" src=\"\/wp-content\/uploads\/factory-10.webp\"\/><\/p>\n<h3>Workshop o hloubkov\u00e9m zpracov\u00e1n\u00ed<\/h3>\n<p><img decoding=\"async\" src=\"\/wp-content\/uploads\/factory-11.webp\"\/><\/p>\n<h3>D\u00edlna CNC p\u0159esn\u00e9ho obr\u00e1b\u011bn\u00ed<\/h3>\n<p><img decoding=\"async\" src=\"\/wp-content\/uploads\/factory-11.5.webp\"\/><\/p>\n<h3>Sklad hotov\u00fdch v\u00fdrobk\u016f a exportn\u00ed sklad<\/h3>\n<p><img decoding=\"async\" src=\"\/wp-content\/uploads\/factory-12.webp\"\/><\/p>\n<p><img decoding=\"async\" src=\"\/wp-content\/uploads\/factory-13.webp\"\/><\/p>\n<p><img decoding=\"async\" src=\"\/wp-content\/uploads\/factory-14.webp\"\/><\/p>\n<h2>\u010cASTO KLADEN\u00c9 DOTAZY<\/h2>\n<p><b>1.Co je extrudovan\u00e1 hlin\u00edkov\u00e1 trubka pro schodi\u0161\u0165ov\u00e9 z\u00e1bradl\u00ed?<\/b><\/p>\n<p>Jedn\u00e1 se o dut\u00fd hlin\u00edkov\u00fd profil navr\u017een\u00fd speci\u00e1ln\u011b pro schodi\u0161\u0165ov\u00e9 z\u00e1bradl\u00ed, kter\u00fd nab\u00edz\u00ed pevnost, odolnost a estetick\u00fd vzhled.\n<\/p>\n<p><\/p>\n<p><b>2.Pro\u010d pou\u017e\u00edvat hlin\u00edkov\u00e9 trubky pro schodi\u0161\u0165ov\u00e9 z\u00e1bradl\u00ed?<\/b><\/p>\n<p>Hlin\u00edkov\u00e9 trubky jsou lehk\u00e9, odoln\u00e9 proti korozi a snadno se instaluj\u00ed, tak\u017ee jsou ide\u00e1ln\u00ed pro obytn\u00e9 i komer\u010dn\u00ed z\u00e1bradl\u00ed.\n<\/p>\n<p><\/p>\n<p><b>3.Jsou hlin\u00edkov\u00e9 trubky vhodn\u00e9 pro venkovn\u00ed schodi\u0161\u0165ov\u00e9 z\u00e1bradl\u00ed?<\/b><\/p>\n<p>Ano, trubky jsou pota\u017eeny vrstvou, kter\u00e1 odol\u00e1v\u00e1 korozi, UV z\u00e1\u0159en\u00ed a pov\u011btrnostn\u00edm vliv\u016fm, tak\u017ee jsou ide\u00e1ln\u00ed pro pou\u017eit\u00ed v exteri\u00e9ru.\n<\/p>\n<p><\/p>\n<p><b>4.Jak\u00e9 jsou b\u011b\u017en\u00e9 velikosti hlin\u00edkov\u00fdch trubek pro schodi\u0161\u0165ov\u00e9 z\u00e1bradl\u00ed?<\/b><\/p>\n<p>Dod\u00e1v\u00e1 se v r\u016fzn\u00fdch pr\u016fm\u011brech a tlou\u0161\u0165k\u00e1ch st\u011bn, aby vyhovoval r\u016fzn\u00fdm konstruk\u010dn\u00edm a bezpe\u010dnostn\u00edm po\u017eadavk\u016fm.\n<\/p>\n<p><\/p>\n<p><b>5.Lze hlin\u00edkov\u00e9 schodi\u0161\u0165ov\u00e9 trubky p\u0159izp\u016fsobit?<\/b><\/p>\n<p>Ano, lze jej \u0159ezat na d\u00e9lku, tvarovat a povrchov\u011b upravovat v r\u016fzn\u00fdch barv\u00e1ch nebo struktur\u00e1ch podle pot\u0159eb projektu.\n<\/p>\n<p><\/p>\n<p><b>6.Jsou trubky kompatibiln\u00ed se standardn\u00edm p\u0159\u00edslu\u0161enstv\u00edm z\u00e1bradl\u00ed?<\/b><\/p>\n<p>Rozhodn\u011b funguje s v\u011bt\u0161inou dr\u017e\u00e1k\u016f, koncov\u00fdch kryt\u016f a konektor\u016f pro snadnou mont\u00e1\u017e a instalaci.\n<\/p>\n<p><\/p>\n<p><b>7.Vy\u017eaduje hlin\u00edkov\u00e1 trubka \u00fadr\u017ebu?<\/b><\/p>\n<p>\u00dadr\u017eba je minim\u00e1ln\u00ed - sta\u010d\u00ed pravideln\u00e9 \u010di\u0161t\u011bn\u00ed pro zachov\u00e1n\u00ed vzhledu a funk\u010dnosti.\n<\/p>\n<p><\/p>\n<p><b>8.Jsou hlin\u00edkov\u00e9 trubky pro schodi\u0161\u0165ov\u00e9 z\u00e1bradl\u00ed ekologick\u00e9?<\/b><\/p>\n<p>Ano, hlin\u00edk je 100% recyklovateln\u00fd a p\u0159isp\u00edv\u00e1 k udr\u017eiteln\u00fdm stavebn\u00edm postup\u016fm.\n<\/p>\n<p><\/p>","protected":false},"featured_media":7267,"template":"","categories":[67],"class_list":["post-7268","product","type-product","status-publish","has-post-thumbnail","hentry","category-architectural-aluminium-profile"],"meta_box":{"hilight_text_group":{"product_hilight_text":"<li>High-strength aluminum provides secure support for stair rail systems<\/li>\r\r\n<li>Corrosion-resistant finish ensures long-term outdoor and indoor use<\/li>\r\r\n<li>Lightweight tubing allows for easy handling and installation<\/li>\r\r\n<li>Clean, modern appearance enhances architectural aesthetics<\/li>\r\r\n<li>Available in various sizes and finishes to meet design needs<\/li>\r\r\n<li>Low maintenance and highly durable in high-traffic areas<\/li>\r\r\n<li>Compatible with a wide range of railing connectors and accessories<\/li>","product_chanpin_blog":"<ul>\r\r\n<li><a href=\"https:\/\/sinoextrud.com\/t-slot-v-slot-differences\/\" target=\"_blank\">t slot vs v slot<\/a><\/li>\r\r\n<li><a href=\"https:\/\/sinoextrud.com\/what-is-4040-aluminium-extrud\/\" target=\"_blank\">4040 aluminium extrusion<\/a><\/li>\r\r\n<li><a href=\"https:\/\/sinoextrud.com\/what-is-4040-aluminium-extrud\/\" target=\"_blank\">aluminum extrusions for industrial racks<\/a><\/li>\r\r\n<li><a href=\"https:\/\/sinoextrud.com\/powder-coating-aluminium-process\/\" target=\"_blank\">powder coating aluminium<\/a><\/li>\r\r\n<li><a href=\"https:\/\/sinoextrud.com\/what-is-an-aluminium-strip-ceiling\/\" target=\"_blank\">aluminium strip ceiling<\/a><\/li>\r\r\n<li><a href=\"https:\/\/sinoextrud.com\/what-is-a-heat-sink\/\" target=\"_blank\">what is a heat sink<\/a><\/li>\r\r\n<\/ul>","product_chanpin_chanpin":"<li><a href=\"https:\/\/sinoextrud.com\/product\/aluminium-anodizing\/\" target=\"_blank\">Aluminium Anodizing<\/a><\/li>\r\n<li><a href=\"https:\/\/sinoextrud.com\/product\/extruded-aluminum-profiles\/\" target=\"_blank\">Extruded Aluminum Profiles<\/a><\/li>\r\n<li><a href=\"https:\/\/sinoextrud.com\/product\/aluminium-system-profile\/\" target=\"_blank\">Aluminium System Profile<\/a><\/li>\r\n<li><a href=\"https:\/\/sinoextrud.com\/product\/aluminium-extrusion-c-beam\/\" target=\"_blank\">Aluminium Extrusion C Beam<\/a><\/li>\r\n<li><a href=\"https:\/\/sinoextrud.com\/product\/extruded-aluminum-tubing-for-stair-rail\/\" target=\"_blank\">Extruded Aluminum Tubing For Stair Rail<\/a><\/li>\r\n<li><a href=\"https:\/\/sinoextrud.com\/product\/aluminium-extrusion-curtain-wall-profile-with-powder-coated-surface-manufacturer-direct-selling\/\" target=\"_blank\">Aluminium Extrusion Curtain Wall Profile With Powder Coated Surface Manufacturer Direct Selling<\/a><\/li>\r\n<li><a href=\"https:\/\/sinoextrud.com\/product\/customized-aluminium-heavy-duty-door-hinge\/\" target=\"_blank\">Customized Aluminium Heavy Duty Door Hinge<\/a><\/li>\r\n<li><a href=\"https:\/\/sinoextrud.com\/product\/extruded-aluminium-curtain-walls\/\" target=\"_blank\">Extruded Aluminium Curtain Walls<\/a><\/li>\r\n<li><a href=\"https:\/\/sinoextrud.com\/product\/aluminium-extrusion-handles-for-closet\/\" target=\"_blank\">Aluminium Extrusion Handles for Closet<\/a><\/li>\r\n<li><a href=\"https:\/\/sinoextrud.com\/product\/anodized-mill-finish-auminium-extrusion-angle\/\" target=\"_blank\">Anodized Mill Finish Auminium Extrusion Angle<\/a><\/li>\r\n<li><a href=\"https:\/\/sinoextrud.com\/product\/u-shaped-aluminum-extrusion\/\" target=\"_blank\">U Shaped Aluminum Extrusion<\/a><\/li>"},"feature_list":[]},"_links":{"self":[{"href":"https:\/\/sinoextrud.com\/cs\/wp-json\/wp\/v2\/product\/7268","targetHints":{"allow":["GET"]}}],"collection":[{"href":"https:\/\/sinoextrud.com\/cs\/wp-json\/wp\/v2\/product"}],"about":[{"href":"https:\/\/sinoextrud.com\/cs\/wp-json\/wp\/v2\/types\/product"}],"wp:featuredmedia":[{"embeddable":true,"href":"https:\/\/sinoextrud.com\/cs\/wp-json\/wp\/v2\/media\/7267"}],"wp:attachment":[{"href":"https:\/\/sinoextrud.com\/cs\/wp-json\/wp\/v2\/media?parent=7268"}],"wp:term":[{"taxonomy":"category","embeddable":true,"href":"https:\/\/sinoextrud.com\/cs\/wp-json\/wp\/v2\/categories?post=7268"}],"curies":[{"name":"wp","href":"https:\/\/api.w.org\/{rel}","templated":true}]}}