{"id":7264,"date":"2025-06-06T03:33:12","date_gmt":"2025-06-06T03:33:12","guid":{"rendered":"https:\/\/sinoextrud.com\/product\/aluminium-system-profile\/"},"modified":"2025-06-24T06:12:23","modified_gmt":"2025-06-24T06:12:23","slug":"hlinikovy-systemovy-profil","status":"publish","type":"product","link":"https:\/\/sinoextrud.com\/cs\/product\/aluminium-system-profile\/","title":{"rendered":"Hlin\u00edkov\u00fd syst\u00e9mov\u00fd profil"},"content":{"rendered":"<h2>Podrobnosti o produktech<\/h2>\n<table class=\"custom-table\">\n<tr>\n<td class=\"label\">\nTyp:<\/td>\n<td>tepeln\u00fd zlom\uff0c<\/td>\n<\/tr>\n<tr>\n<td class=\"label\">Pou\u017eit\u00ed:<\/td>\n<td>Dekorace, dve\u0159e a okna\uff0c<\/td>\n<\/tr>\n<tr>\n<td class=\"label\">Tvar:<\/td>\n<td> cusotmzied\uff0c<\/td>\n<\/tr>\n<tr>\n<td class=\"label\">T\u0159\u00edda:<\/td>\n<td>\u0158ada 6000\uff0c<\/td>\n<\/tr>\n<tr>\n<td class=\"label\">Povrchov\u00e1 \u00faprava:<\/td>\n<td> Pr\u00e1\u0161kov\u00e9 lakov\u00e1n\u00ed\uff0c<\/td>\n<\/tr>\n<tr>\n<td class=\"label\">Technika:<\/td>\n<td>Extrudovan\u00e9\uff0c<\/td>\n<\/tr>\n<tr>\n<td class=\"label\">Slitina:<\/td>\n<td>Slitina\uff0c<\/td>\n<\/tr>\n<tr>\n<td class=\"label\">M\u00edrnost:<\/td>\n<td>T6\uff0c<\/td>\n<\/tr>\n<tr>\n<td class=\"label\">Certifikace:<\/td>\n<td>ISO 9001-2008\uff0c<\/td>\n<\/tr>\n<tr>\n<td class=\"label\">D\u00e9lka:<\/td>\n<td>1-7 m nebo na m\u00edru<\/td>\n<\/tr>\n<tr>\n<td class=\"label\">Tlou\u0161\u0165ka profil\u016f:<\/td>\n<td>0,85-1,1 mm\uff0c<\/td>\n<\/tr>\n<tr>\n<td class=\"label\">Tlou\u0161\u0165ka eloxov\u00e1n\u00ed:<\/td>\n<td>&gt; =9 Um\uff0c<\/td>\n<\/tr>\n<tr>\n<td class=\"label\">Tlou\u0161\u0165ka pr\u00e1\u0161kov\u00e9ho lakov\u00e1n\u00ed:<\/td>\n<td>40-120 Um\uff0c<\/td>\n<\/tr>\n<tr>\n<td class=\"label\">Pevnost v tahu:<\/td>\n<td>&gt;= 160 MPa\uff0c<\/td>\n<\/tr>\n<tr>\n<td class=\"label\">Pevnost v tahu:<\/td>\n<td>&gt;= 110 MPa\uff0c<\/td>\n<\/tr>\n<tr>\n<td class=\"label\">P\u016fvod:<\/td>\n<td>\u010c\u00edna\uff0c<\/td>\n<\/tr>\n<\/table>\n<h2>Na\u0161e v\u00fdrobn\u00ed z\u00e1kladna<\/h2>\n<h3>Panorama tov\u00e1rny<\/h3>\n<p><img decoding=\"async\" src=\"\/wp-content\/uploads\/factory-01.webp\"\/><\/p>\n<h3>D\u00edlna na v\u00fdrobu hlin\u00edkov\u00fdch ty\u010d\u00ed<\/h3>\n<p><img decoding=\"async\" src=\"\/wp-content\/uploads\/factory-02.webp\"\/><\/p>\n<\/p>\n<p><img decoding=\"async\" src=\"\/wp-content\/uploads\/factory-03.webp\"\/><\/p>\n<h3>Sklad pl\u00edsn\u00ed<\/h3>\n<p><img decoding=\"async\" src=\"\/wp-content\/uploads\/factory-04.webp\"\/><\/p>\n<h3>43 linek na vytla\u010dov\u00e1n\u00ed hlin\u00edku (500-5500 tun)<\/h3>\n<p><img decoding=\"async\" src=\"\/wp-content\/uploads\/factory-05.webp\"\/><\/p>\n<p><img decoding=\"async\" src=\"\/wp-content\/uploads\/factory-06.webp\"\/><\/p>\n<p><img decoding=\"async\" src=\"\/wp-content\/uploads\/factory-07.webp\"\/><\/p>\n<h3>D\u00edlna pr\u00e1\u0161kov\u00e9ho lakov\u00e1n\u00ed<\/h3>\n<p><img decoding=\"async\" src=\"\/wp-content\/uploads\/factory-09.webp\"\/><\/p>\n<h3>D\u00edlna eloxov\u00e1n\u00ed<\/h3>\n<p><img decoding=\"async\" src=\"\/wp-content\/uploads\/factory-10.webp\"\/><\/p>\n<h3>Workshop o hloubkov\u00e9m zpracov\u00e1n\u00ed<\/h3>\n<p><img decoding=\"async\" src=\"\/wp-content\/uploads\/factory-11.webp\"\/><\/p>\n<h3>D\u00edlna CNC p\u0159esn\u00e9ho obr\u00e1b\u011bn\u00ed<\/h3>\n<p><img decoding=\"async\" src=\"\/wp-content\/uploads\/factory-11.5.webp\"\/><\/p>\n<h3>Sklad hotov\u00fdch v\u00fdrobk\u016f a exportn\u00ed sklad<\/h3>\n<p><img decoding=\"async\" src=\"\/wp-content\/uploads\/factory-12.webp\"\/><\/p>\n<p><img decoding=\"async\" src=\"\/wp-content\/uploads\/factory-13.webp\"\/><\/p>\n<p><img decoding=\"async\" src=\"\/wp-content\/uploads\/factory-14.webp\"\/><\/p>\n<h2>\u010cASTO KLADEN\u00c9 DOTAZY<\/h2>\n<p><b>1.Co je to hlin\u00edkov\u00fd syst\u00e9mov\u00fd profil?<\/b><\/p>\n<p>Hlin\u00edkov\u00fd syst\u00e9mov\u00fd profil je modul\u00e1rn\u00ed hlin\u00edkov\u00fd v\u00fdlisek, kter\u00fd se pou\u017e\u00edv\u00e1 k v\u00fdrob\u011b zak\u00e1zkov\u00fdch konstrukc\u00ed v automatiza\u010dn\u00edch, pr\u016fmyslov\u00fdch a architektonick\u00fdch syst\u00e9mech.\n<\/p>\n<p><\/p>\n<p><b>2.Pro\u010d pou\u017e\u00edvat hlin\u00edkov\u00e9 syst\u00e9mov\u00e9 profily v pr\u016fmyslov\u00e9m designu?<\/b><\/p>\n<p>Hlin\u00edkov\u00e9 syst\u00e9mov\u00e9 profily nab\u00edzej\u00ed vysokou pevnost, lehkou konstrukci a modul\u00e1rn\u00ed kompatibilitu pro efektivn\u00ed integraci syst\u00e9mu.\n<\/p>\n<p><\/p>\n<p><b>3.Je mont\u00e1\u017e hlin\u00edkov\u00fdch syst\u00e9mov\u00fdch profil\u016f snadn\u00e1?<\/b><\/p>\n<p>Ano, jsou navr\u017eeny pro rychlou mont\u00e1\u017e pomoc\u00ed standardn\u00edch konektor\u016f a minim\u00e1ln\u00edho mno\u017estv\u00ed n\u00e1\u0159ad\u00ed, co\u017e zkracuje dobu instalace a sni\u017euje pracnost.\n<\/p>\n<p><\/p>\n<p><b>4.Lze hlin\u00edkov\u00e9 syst\u00e9mov\u00e9 profily p\u0159izp\u016fsobit?<\/b><\/p>\n<p>Profily lze zcela jist\u011b p\u0159izp\u016fsobit velikost\u00ed, tvarem a povrchovou \u00fapravou tak, aby odpov\u00eddaly specifick\u00fdm konstruk\u010dn\u00edm nebo syst\u00e9mov\u00fdm po\u017eadavk\u016fm.\n<\/p>\n<p><\/p>\n<p><b>5.Odol\u00e1vaj\u00ed hlin\u00edkov\u00e9 syst\u00e9mov\u00e9 profily korozi?<\/b><\/p>\n<p>Ano, hlin\u00edkov\u00fd povrch je p\u0159irozen\u011b odoln\u00fd proti korozi, tak\u017ee je vhodn\u00fd pro r\u016fzn\u00e9 vnit\u0159n\u00ed i venkovn\u00ed aplikace.\n<\/p>\n<p><\/p>\n<p><b>6.V jak\u00fdch aplikac\u00edch se pou\u017e\u00edvaj\u00ed hlin\u00edkov\u00e9 syst\u00e9mov\u00e9 profily?<\/b><\/p>\n<p>B\u011b\u017en\u011b se pou\u017e\u00edvaj\u00ed v r\u00e1mech stroj\u016f, pracovn\u00edch stanic\u00edch, dopravn\u00edc\u00edch, zobrazovac\u00edch jednotk\u00e1ch a automatiza\u010dn\u00edch syst\u00e9mech.\n<\/p>\n<p><\/p>\n<p><b>7.Jsou hlin\u00edkov\u00e9 syst\u00e9mov\u00e9 profily udr\u017eiteln\u00e9?<\/b><\/p>\n<p>Ano, hlin\u00edk je pln\u011b recyklovateln\u00fd, tak\u017ee syst\u00e9mov\u00e9 profily jsou ekologickou volbou pro pr\u016fmyslov\u00fd design.\n<\/p>\n<p><\/p>\n<p><b>8.Jak hlin\u00edkov\u00e9 syst\u00e9mov\u00e9 profily zlep\u0161uj\u00ed efektivitu pracovn\u00edch postup\u016f?<\/b><\/p>\n<p>Jejich modularita, p\u0159esnost a kompatibilita zjednodu\u0161uj\u00ed instalaci a umo\u017e\u0148uj\u00ed flexibiln\u00ed \u00fapravy, \u010d\u00edm\u017e optimalizuj\u00ed pracovn\u00ed prostor a provoz.\n<\/p>\n<p><\/p>","protected":false},"featured_media":7263,"template":"","categories":[67],"class_list":["post-7264","product","type-product","status-publish","has-post-thumbnail","hentry","category-architectural-aluminium-profile"],"meta_box":{"hilight_text_group":{"product_hilight_text":"<li>Engineered for modular construction and high design flexibility<\/li>\r\r\n<li>Lightweight yet strong aluminum structure ensures reliable performance<\/li>\r\r\n<li>Corrosion-resistant surface ideal for harsh environments<\/li>\r\r\n<li>Compatible with standardized connectors and accessories<\/li>\r\r\n<li>Quick to assemble with minimal tools, saving time and labor<\/li>\r\r\n<li>Supports custom automation and industrial system integration<\/li>\r\r\n<li>Recyclable material contributes to sustainable manufacturing<\/li>","product_chanpin_blog":"<ul>\r\r\n<li><a href=\"https:\/\/sinoextrud.com\/t-slot-v-slot-differences\/\" target=\"_blank\">t slot vs v slot<\/a><\/li>\r\r\n<li><a href=\"https:\/\/sinoextrud.com\/what-is-4040-aluminium-extrud\/\" target=\"_blank\">4040 aluminium extrusion<\/a><\/li>\r\r\n<li><a href=\"https:\/\/sinoextrud.com\/what-is-4040-aluminium-extrud\/\" target=\"_blank\">aluminum extrusions for industrial racks<\/a><\/li>\r\r\n<li><a href=\"https:\/\/sinoextrud.com\/powder-coating-aluminium-process\/\" target=\"_blank\">powder coating aluminium<\/a><\/li>\r\r\n<li><a href=\"https:\/\/sinoextrud.com\/what-is-an-aluminium-strip-ceiling\/\" target=\"_blank\">aluminium strip ceiling<\/a><\/li>\r\r\n<li><a href=\"https:\/\/sinoextrud.com\/what-is-a-heat-sink\/\" target=\"_blank\">what is a heat sink<\/a><\/li>\r\r\n<\/ul>","product_chanpin_chanpin":"<li><a href=\"https:\/\/sinoextrud.com\/product\/bright-anodized-aluminum-profile\/\" target=\"_blank\">Bright Anodized Aluminum Profile<\/a><\/li>\r\n<li><a href=\"https:\/\/sinoextrud.com\/product\/modular-framing-systems\/\" target=\"_blank\">Modular Framing Systems<\/a><\/li>\r\n<li><a href=\"https:\/\/sinoextrud.com\/product\/aluminium-anodizing\/\" target=\"_blank\">Aluminium Anodizing<\/a><\/li>\r\n<li><a href=\"https:\/\/sinoextrud.com\/product\/extruded-aluminum-profiles\/\" target=\"_blank\">Extruded Aluminum Profiles<\/a><\/li>\r\n<li><a href=\"https:\/\/sinoextrud.com\/product\/aluminium-system-profile\/\" target=\"_blank\">Aluminium System Profile<\/a><\/li>\r\n<li><a href=\"https:\/\/sinoextrud.com\/product\/aluminium-extrusion-c-beam\/\" target=\"_blank\">Aluminium Extrusion C Beam<\/a><\/li>\r\n<li><a href=\"https:\/\/sinoextrud.com\/product\/extruded-aluminum-tubing-for-stair-rail\/\" target=\"_blank\">Extruded Aluminum Tubing For Stair Rail<\/a><\/li>\r\n<li><a href=\"https:\/\/sinoextrud.com\/product\/aluminium-extrusion-curtain-wall-profile-with-powder-coated-surface-manufacturer-direct-selling\/\" target=\"_blank\">Aluminium Extrusion Curtain Wall Profile With Powder Coated Surface Manufacturer Direct Selling<\/a><\/li>\r\n<li><a href=\"https:\/\/sinoextrud.com\/product\/customized-aluminium-heavy-duty-door-hinge\/\" target=\"_blank\">Customized Aluminium Heavy Duty Door Hinge<\/a><\/li>\r\n<li><a href=\"https:\/\/sinoextrud.com\/product\/shining-polishing-aluminum-profile-anodizing-silver\/\" target=\"_blank\">Shining Polishing Aluminum Profile Anodizing Silver<\/a><\/li>\r\n<li><a href=\"https:\/\/sinoextrud.com\/product\/aluminium-anodizing\/\" target=\"_blank\">Aluminium Anodizing<\/a><\/li>"},"feature_list":[]},"_links":{"self":[{"href":"https:\/\/sinoextrud.com\/cs\/wp-json\/wp\/v2\/product\/7264","targetHints":{"allow":["GET"]}}],"collection":[{"href":"https:\/\/sinoextrud.com\/cs\/wp-json\/wp\/v2\/product"}],"about":[{"href":"https:\/\/sinoextrud.com\/cs\/wp-json\/wp\/v2\/types\/product"}],"wp:featuredmedia":[{"embeddable":true,"href":"https:\/\/sinoextrud.com\/cs\/wp-json\/wp\/v2\/media\/7263"}],"wp:attachment":[{"href":"https:\/\/sinoextrud.com\/cs\/wp-json\/wp\/v2\/media?parent=7264"}],"wp:term":[{"taxonomy":"category","embeddable":true,"href":"https:\/\/sinoextrud.com\/cs\/wp-json\/wp\/v2\/categories?post=7264"}],"curies":[{"name":"wp","href":"https:\/\/api.w.org\/{rel}","templated":true}]}}