{"id":7260,"date":"2025-06-06T03:29:40","date_gmt":"2025-06-06T03:29:40","guid":{"rendered":"https:\/\/sinoextrud.com\/product\/aluminium-anodizing\/"},"modified":"2025-06-24T06:12:22","modified_gmt":"2025-06-24T06:12:22","slug":"eloxovani-hliniku","status":"publish","type":"product","link":"https:\/\/sinoextrud.com\/cs\/product\/aluminium-anodizing\/","title":{"rendered":"Eloxov\u00e1n\u00ed hlin\u00edku"},"content":{"rendered":"<h2>Podrobnosti o produktech<\/h2>\n<table class=\"custom-table\">\n<tbody>\n<tr>\n<td> <\/td>\n<td>Profil pro eloxov\u00e1n\u00ed hlin\u00edku<\/td>\n<\/tr>\n<tr>\n<td>Slitina:<\/td>\n<td>Je slitina<\/td>\n<\/tr>\n<tr>\n<td>T\u0159\u00edda:<\/td>\n<td>\u0158ada 6000<\/td>\n<\/tr>\n<tr>\n<td>M\u00edrnost:<\/td>\n<td>T3-T8<\/td>\n<\/tr>\n<tr>\n<td>D\u00e9lka:<\/td>\n<td>1-9 metr\u016f nebo na m\u00edru<\/td>\n<\/tr>\n<tr>\n<td>Certifikace:<\/td>\n<td>ISO<\/td>\n<\/tr>\n<tr>\n<td>Slu\u017eba:<\/td>\n<td>OEM\/ODM<\/td>\n<\/tr>\n<tr>\n<td>Odstran\u011bn\u00ed pl\u00edsn\u00ed:<\/td>\n<td>8-15 dn\u00ed<\/td>\n<\/tr>\n<tr>\n<td>Doba dod\u00e1n\u00ed:<\/td>\n<td>25-30 dn\u016f po potvrzen\u00ed vzorku kupuj\u00edc\u00edm<\/td>\n<\/tr>\n<tr>\n<td>P\u0159epravn\u00ed bal\u00ed\u010dek:<\/td>\n<td>Plastov\u00e1 ochrann\u00e1 f\u00f3lie a vod\u011bodoln\u00fd pap\u00edr pro \u0159emesln\u00edky<\/td>\n<\/tr>\n<tr>\n<td>Kontrola kvality:<\/td>\n<td>100% Kontrola p\u0159ed odesl\u00e1n\u00edm<\/td>\n<\/tr>\n<tr>\n<td>Specifikace:<\/td>\n<td>ISO14001, ISO9001<\/td>\n<\/tr>\n<\/tbody>\n<\/table>\n<h2>Na\u0161e v\u00fdrobn\u00ed z\u00e1kladna<\/h2>\n<h3>Panorama tov\u00e1rny<\/h3>\n<p><img decoding=\"async\" src=\"\/wp-content\/uploads\/factory-01.webp\"\/><\/p>\n<h3>D\u00edlna na v\u00fdrobu hlin\u00edkov\u00fdch ty\u010d\u00ed<\/h3>\n<p><img decoding=\"async\" src=\"\/wp-content\/uploads\/factory-02.webp\"\/><\/p>\n<p><img decoding=\"async\" src=\"\/wp-content\/uploads\/factory-03.webp\"\/><\/p>\n<h3>Sklad pl\u00edsn\u00ed<\/h3>\n<p><img decoding=\"async\" src=\"\/wp-content\/uploads\/factory-04.webp\"\/><\/p>\n<h3>43 linek na vytla\u010dov\u00e1n\u00ed hlin\u00edku (500 - 5500 tun)<\/h3>\n<p><img decoding=\"async\" src=\"\/wp-content\/uploads\/factory-05.webp\"\/><\/p>\n<p><img decoding=\"async\" src=\"\/wp-content\/uploads\/factory-06.webp\"\/><\/p>\n<p><img decoding=\"async\" src=\"\/wp-content\/uploads\/factory-07.webp\"\/><\/p>\n<h3>D\u00edlna pr\u00e1\u0161kov\u00e9ho lakov\u00e1n\u00ed<\/h3>\n<p><img decoding=\"async\" src=\"\/wp-content\/uploads\/factory-09.webp\"\/><\/p>\n<h3>D\u00edlna eloxov\u00e1n\u00ed<\/h3>\n<p><img decoding=\"async\" src=\"\/wp-content\/uploads\/factory-10.webp\"\/><\/p>\n<h3>Workshop o hloubkov\u00e9m zpracov\u00e1n\u00ed<\/h3>\n<p><img decoding=\"async\" src=\"\/wp-content\/uploads\/factory-11.webp\"\/><\/p>\n<h3>D\u00edlna CNC p\u0159esn\u00e9ho obr\u00e1b\u011bn\u00ed<\/h3>\n<p><img decoding=\"async\" src=\"\/wp-content\/uploads\/factory-11.5.webp\"\/><\/p>\n<h3>Sklad hotov\u00fdch v\u00fdrobk\u016f a exportn\u00ed sklad<\/h3>\n<p><img decoding=\"async\" src=\"\/wp-content\/uploads\/factory-12.webp\"\/><\/p>\n<p><img decoding=\"async\" src=\"\/wp-content\/uploads\/factory-13.webp\"\/><\/p>\n<p><img decoding=\"async\" src=\"\/wp-content\/uploads\/factory-14.webp\"\/><\/p>\n<h2>\u010cASTO KLADEN\u00c9 DOTAZY<\/h2>\n<p><p><b>1.Co je to eloxov\u00e1n\u00ed hlin\u00edku?<\/b><\/p>\n<p>Eloxov\u00e1n\u00ed hlin\u00edku je elektrochemick\u00fd proces, kter\u00fd zesiluje p\u0159irozenou vrstvu oxidu na hlin\u00edku, \u010d\u00edm\u017e zlep\u0161uje jeho odolnost a vzhled.<br \/>\n<\/p><br \/>\n<br \/>\n<p><b>2.Jak\u00e9 jsou v\u00fdhody eloxov\u00e1n\u00ed hlin\u00edku?<\/b><\/p>\n<p>Eloxov\u00e1n\u00ed zvy\u0161uje odolnost proti korozi, zlep\u0161uje odolnost proti opot\u0159eben\u00ed a umo\u017e\u0148uje dos\u00e1hnout atraktivn\u00edch barevn\u00fdch povrch\u016f.<br \/>\n<\/p><br \/>\n<br \/>\n<p><b>3.Je eloxovan\u00fd hlin\u00edk vhodn\u00fd pro venkovn\u00ed pou\u017eit\u00ed?<\/b><\/p>\n<p>Ano, eloxovan\u00e9 povrchy jsou vysoce odoln\u00e9 v\u016f\u010di UV z\u00e1\u0159en\u00ed a pov\u011btrnostn\u00edm vliv\u016fm, tak\u017ee jsou ide\u00e1ln\u00ed pro pou\u017eit\u00ed v exteri\u00e9ru.<br \/>\n<\/p><br \/>\n<br \/>\n<p><b>4.M\u016f\u017ee b\u00fdt eloxovan\u00fd hlin\u00edk barevn\u00fd?<\/b><\/p>\n<p>Ano, proces eloxov\u00e1n\u00ed umo\u017e\u0148uje barven\u00ed hlin\u00edku do r\u016fzn\u00fdch barev p\u0159i zachov\u00e1n\u00ed kovov\u00e9ho povrchu.<br \/>\n<\/p><br \/>\n<br \/>\n<p><b>5.M\u00e1 eloxov\u00e1n\u00ed vliv na pevnost hlin\u00edku?<\/b><\/p>\n<p>Ne, eloxov\u00e1n\u00ed zlep\u0161uje povrchov\u00e9 vlastnosti, ani\u017e by naru\u0161ilo struktur\u00e1ln\u00ed integritu z\u00e1kladn\u00edho kovu.<br \/>\n<\/p><br \/>\n<br \/>\n<p><b>6.V jak\u00fdch odv\u011btv\u00edch se pou\u017e\u00edv\u00e1 eloxovan\u00fd hlin\u00edk?<\/b><\/p>\n<p>Odv\u011btv\u00ed, jako je architektura, elektronika, doprava a spot\u0159ebn\u00ed zbo\u017e\u00ed, hojn\u011b vyu\u017e\u00edvaj\u00ed eloxovan\u00fd hlin\u00edk pro funk\u010dn\u00ed a dekorativn\u00ed \u00fa\u010dely.<br \/>\n<\/p><br \/>\n<br \/>\n<p><b>7.Je eloxov\u00e1n\u00ed hlin\u00edku \u0161etrn\u00e9 k \u017eivotn\u00edmu prost\u0159ed\u00ed?<\/b><\/p>\n<p>Ano, eloxov\u00e1n\u00ed je bezpe\u010dn\u00fd proces na b\u00e1zi vody, kter\u00fd produkuje minimum odpadu a pou\u017e\u00edv\u00e1 netoxick\u00e9 materi\u00e1ly.<br \/>\n<\/p><br \/>\n<br \/>\n<p><b>8.Jak dlouho vydr\u017e\u00ed eloxovan\u00fd povrch?<\/b><\/p>\n<p>P\u0159i spr\u00e1vn\u00e9 p\u00e9\u010di mohou eloxovan\u00e9 povrchy vydr\u017eet des\u00edtky let, zejm\u00e9na v architektonick\u00e9m nebo n\u00e1mo\u0159n\u00edm prost\u0159ed\u00ed.<br \/>\n<\/p><br \/><\/p>","protected":false},"featured_media":7259,"template":"","categories":[67],"class_list":["post-7260","product","type-product","status-publish","has-post-thumbnail","hentry","category-architectural-aluminium-profile"],"meta_box":{"hilight_text_group":{"product_hilight_text":"<li>Enhances surface durability and corrosion resistance of aluminum<\/li>\r\r\n<li>Improves aesthetic appearance with a variety of color finishes<\/li>\r\r\n<li>Environmentally friendly and non-toxic surface treatment<\/li>\r\r\n<li>Provides excellent adhesion for paints and sealants<\/li>\r\r\n<li>Increases wear resistance for industrial and architectural applications<\/li>\r\r\n<li>Customizable anodizing thickness for specific performance needs<\/li>\r\r\n<li>UV-resistant finish maintains color and surface quality over time<\/li>","product_chanpin_blog":"<ul>\r\r\n<li><a href=\"https:\/\/sinoextrud.com\/t-slot-v-slot-differences\/\" target=\"_blank\">t slot vs v slot<\/a><\/li>\r\r\n<li><a href=\"https:\/\/sinoextrud.com\/what-is-4040-aluminium-extrud\/\" target=\"_blank\">4040 aluminium extrusion<\/a><\/li>\r\r\n<li><a href=\"https:\/\/sinoextrud.com\/what-is-4040-aluminium-extrud\/\" target=\"_blank\">aluminum extrusions for industrial racks<\/a><\/li>\r\r\n<li><a href=\"https:\/\/sinoextrud.com\/powder-coating-aluminium-process\/\" target=\"_blank\">powder coating aluminium<\/a><\/li>\r\r\n<li><a href=\"https:\/\/sinoextrud.com\/what-is-an-aluminium-strip-ceiling\/\" target=\"_blank\">aluminium strip ceiling<\/a><\/li>\r\r\n<li><a href=\"https:\/\/sinoextrud.com\/what-is-a-heat-sink\/\" target=\"_blank\">what is a heat sink<\/a><\/li>\r\r\n<\/ul>","product_chanpin_chanpin":"<li><a href=\"https:\/\/sinoextrud.com\/product\/customized-matt-electrophoresis-aluminum-extrusions-profile-for-building-material\/\" target=\"_blank\">Customized Matt Electrophoresis Aluminum Extrusions Profile For Building Material<\/a><\/li>\r\n<li><a href=\"https:\/\/sinoextrud.com\/product\/aluminium-profile-for-shower-room\/\" target=\"_blank\">Aluminium Profile For Shower Room<\/a><\/li>\r\n<li><a href=\"https:\/\/sinoextrud.com\/product\/bright-anodized-aluminum-profile\/\" target=\"_blank\">Bright Anodized Aluminum Profile<\/a><\/li>\r\n<li><a href=\"https:\/\/sinoextrud.com\/product\/modular-framing-systems\/\" target=\"_blank\">Modular Framing Systems<\/a><\/li>\r\n<li><a href=\"https:\/\/sinoextrud.com\/product\/aluminium-anodizing\/\" target=\"_blank\">Aluminium Anodizing<\/a><\/li>\r\n<li><a href=\"https:\/\/sinoextrud.com\/product\/extruded-aluminum-profiles\/\" target=\"_blank\">Extruded Aluminum Profiles<\/a><\/li>\r\n<li><a href=\"https:\/\/sinoextrud.com\/product\/aluminium-system-profile\/\" target=\"_blank\">Aluminium System Profile<\/a><\/li>\r\n<li><a href=\"https:\/\/sinoextrud.com\/product\/aluminium-extrusion-c-beam\/\" target=\"_blank\">Aluminium Extrusion C Beam<\/a><\/li>\r\n<li><a href=\"https:\/\/sinoextrud.com\/product\/extruded-aluminum-tubing-for-stair-rail\/\" target=\"_blank\">Extruded Aluminum Tubing For Stair Rail<\/a><\/li>\r\n<li><a href=\"https:\/\/sinoextrud.com\/product\/aluminum-extruded-handles\/\" target=\"_blank\">Aluminum Extruded Handles<\/a><\/li>\r\n<li><a href=\"https:\/\/sinoextrud.com\/product\/6063-t5-aluminum-extrusion-profile-for-windows-and-doors-and-curtain-walls\/\" target=\"_blank\">6063 T5 Aluminum Extrusion Profile for Windows and Doors and Curtain Walls<\/a><\/li>"},"feature_list":[]},"_links":{"self":[{"href":"https:\/\/sinoextrud.com\/cs\/wp-json\/wp\/v2\/product\/7260","targetHints":{"allow":["GET"]}}],"collection":[{"href":"https:\/\/sinoextrud.com\/cs\/wp-json\/wp\/v2\/product"}],"about":[{"href":"https:\/\/sinoextrud.com\/cs\/wp-json\/wp\/v2\/types\/product"}],"wp:featuredmedia":[{"embeddable":true,"href":"https:\/\/sinoextrud.com\/cs\/wp-json\/wp\/v2\/media\/7259"}],"wp:attachment":[{"href":"https:\/\/sinoextrud.com\/cs\/wp-json\/wp\/v2\/media?parent=7260"}],"wp:term":[{"taxonomy":"category","embeddable":true,"href":"https:\/\/sinoextrud.com\/cs\/wp-json\/wp\/v2\/categories?post=7260"}],"curies":[{"name":"wp","href":"https:\/\/api.w.org\/{rel}","templated":true}]}}