{"id":7258,"date":"2025-06-06T03:28:27","date_gmt":"2025-06-06T03:28:27","guid":{"rendered":"https:\/\/sinoextrud.com\/product\/modular-framing-systems\/"},"modified":"2025-06-24T06:12:22","modified_gmt":"2025-06-24T06:12:22","slug":"modularni-ramove-systemy","status":"publish","type":"product","link":"https:\/\/sinoextrud.com\/cs\/product\/modular-framing-systems\/","title":{"rendered":"Modul\u00e1rn\u00ed r\u00e1mov\u00e9 syst\u00e9my"},"content":{"rendered":"<h2>Podrobnosti o produktech<\/h2>\n<table class=\"custom-table\">\n<tr>\n<td class=\"label\">\nTvar:<\/td>\n<td> h - Profil\uff0c<\/td>\n<\/tr>\n<tr>\n<td class=\"label\">M\u00edrnost:<\/td>\n<td> T3-T8\uff0c<\/td>\n<\/tr>\n<tr>\n<td class=\"label\">Leguj\u00edc\u00ed slo\u017eka:<\/td>\n<td> 6063\uff0c<\/td>\n<\/tr>\n<tr>\n<td class=\"label\">Profil z le\u0161t\u011bn\u00e9ho hlin\u00edku:<\/td>\n<td> Chemick\u00e9 le\u0161t\u011bn\u00ed Brushed\uff0c<\/td>\n<\/tr>\n<tr>\n<td class=\"label\">Velikost:<\/td>\n<td> 20*10mm podle p\u0159\u00e1n\u00ed z\u00e1kazn\u00edka<\/td>\n<\/tr>\n<tr>\n<td class=\"label\">Zam\u011b\u0159te se na:<\/td>\n<td> Architektura, Dom\u00e1c\u00ed spot\u0159ebi\u010de\uff0c<\/td>\n<\/tr>\n<tr>\n<td class=\"label\">Z\u00e1ruka:<\/td>\n<td> 15-20 let z\u00e1ruka barev\uff0c<\/td>\n<\/tr>\n<tr>\n<td class=\"label\">Hornors:<\/td>\n<td> \u010c\u00edna Top 10 Zaru\u010den\u00e1 kvalita dodavatele\uff0c<\/td>\n<\/tr>\n<tr>\n<td class=\"label\">P\u016fvod:<\/td>\n<td> \u010c\u00edna, Guangdong\uff0c<\/td>\n<\/tr>\n<tr>\n<td class=\"label\">N\u00e1zev produktu:<\/td>\n<td> Hlin\u00edkov\u00fd n\u00e1bytek\uff0c<\/td>\n<\/tr>\n<tr>\n<td class=\"label\">Barvy:<\/td>\n<td> K dispozici je libovoln\u00fd\uff0c<\/td>\n<\/tr>\n<tr>\n<td class=\"label\">Dokon\u010den\u00ed:<\/td>\n<td> modul\u00e1rn\u00ed r\u00e1mov\u00e9 syst\u00e9my\uff0c<\/td>\n<\/tr>\n<tr>\n<td class=\"label\">N\u00e1\u0161 slib:<\/td>\n<td> 100% Dobr\u00e9 produkty p\u0159ed odesl\u00e1n\u00edm\uff0c<\/td>\n<\/tr>\n<\/table>\n<h2>Na\u0161e v\u00fdrobn\u00ed z\u00e1kladna<\/h2>\n<h3>Panorama tov\u00e1rny<\/h3>\n<p><img decoding=\"async\" src=\"\/wp-content\/uploads\/factory-01.webp\"\/><\/p>\n<h3>D\u00edlna na v\u00fdrobu hlin\u00edkov\u00fdch ty\u010d\u00ed<\/h3>\n<p><img decoding=\"async\" src=\"\/wp-content\/uploads\/factory-02.webp\"\/><\/p>\n<p><img decoding=\"async\" src=\"\/wp-content\/uploads\/factory-03.webp\"\/><\/p>\n<h3>Sklad pl\u00edsn\u00ed<\/h3>\n<p><img decoding=\"async\" src=\"\/wp-content\/uploads\/factory-04.webp\"\/><\/p>\n<h3>43 linek na vytla\u010dov\u00e1n\u00ed hlin\u00edku (500-5500 tun)<\/h3>\n<p><img decoding=\"async\" src=\"\/wp-content\/uploads\/factory-05.webp\"\/><\/p>\n<p><img decoding=\"async\" src=\"\/wp-content\/uploads\/factory-06.webp\"\/><\/p>\n<p><img decoding=\"async\" src=\"\/wp-content\/uploads\/factory-07.webp\"\/><\/p>\n<h3>D\u00edlna pr\u00e1\u0161kov\u00e9ho lakov\u00e1n\u00ed<\/h3>\n<p><img decoding=\"async\" src=\"\/wp-content\/uploads\/factory-09.webp\"\/><\/p>\n<h3>D\u00edlna eloxov\u00e1n\u00ed<\/h3>\n<p><img decoding=\"async\" src=\"\/wp-content\/uploads\/factory-10.webp\"\/><\/p>\n<h3>Workshop o hloubkov\u00e9m zpracov\u00e1n\u00ed<\/h3>\n<p><img decoding=\"async\" src=\"\/wp-content\/uploads\/factory-11.webp\"\/><\/p>\n<h3>D\u00edlna CNC p\u0159esn\u00e9ho obr\u00e1b\u011bn\u00ed<\/h3>\n<p><img decoding=\"async\" src=\"\/wp-content\/uploads\/factory-11.5.webp\"\/><\/p>\n<h3>Sklad hotov\u00fdch v\u00fdrobk\u016f a exportn\u00ed sklad<\/h3>\n<p><img decoding=\"async\" src=\"\/wp-content\/uploads\/factory-12.webp\"\/><\/p>\n<p><img decoding=\"async\" src=\"\/wp-content\/uploads\/factory-13.webp\"\/><\/p>\n<p><img decoding=\"async\" src=\"\/wp-content\/uploads\/factory-14.webp\"\/><\/p>\n<h2>\u010cASTO KLADEN\u00c9 DOTAZY<\/h2>\n<p><p><b>1.Jak\u00e9 jsou v\u00fdhody pou\u017eit\u00ed hlin\u00edkov\u00e9 slitiny 6063-T5 v modul\u00e1rn\u00edch r\u00e1mov\u00fdch syst\u00e9mech? <\/b><\/p>\n<p>Slitina hlin\u00edku 6063-T5 poskytuje vynikaj\u00edc\u00ed pom\u011br pevnosti a hmotnosti a vynikaj\u00edc\u00ed odolnost proti korozi, tak\u017ee je ide\u00e1ln\u00ed pro odoln\u00e9 a lehk\u00e9 modul\u00e1rn\u00ed r\u00e1mov\u00e9 syst\u00e9my.<br \/>\n<\/p><br \/>\n<br \/>\n<p><b>2.Jak modul\u00e1rn\u00ed konstrukce s T-dr\u00e1\u017ekami zlep\u0161uje mont\u00e1\u017en\u00ed procesy? <\/b><\/p>\n<p>Konstrukce s T-dr\u00e1\u017ekou umo\u017e\u0148uje rychlou a snadnou mont\u00e1\u017e, \u00fapravu a demont\u00e1\u017e konstrukc\u00ed bez nutnosti sva\u0159ov\u00e1n\u00ed nebo pou\u017eit\u00ed specializovan\u00fdch n\u00e1stroj\u016f, co\u017e zvy\u0161uje flexibilitu a sni\u017euje n\u00e1klady na pracovn\u00ed s\u00edlu.<br \/>\n<\/p><br \/>\n<br \/>\n<p><b>3.Lze modul\u00e1rn\u00ed hlin\u00edkov\u00e9 r\u00e1mov\u00e9 syst\u00e9my p\u0159izp\u016fsobit pro konkr\u00e9tn\u00ed aplikace? <\/b><\/p>\n<p>Ano, modul\u00e1rn\u00ed hlin\u00edkov\u00e9 r\u00e1mov\u00e9 syst\u00e9my jsou vysoce p\u0159izp\u016fsobiteln\u00e9, s r\u016fzn\u00fdmi profily a d\u00e9lkami, kter\u00e9 spl\u0148uj\u00ed r\u016fzn\u00e9 po\u017eadavky projektu.<br \/>\n<\/p><br \/>\n<br \/>\n<p><b>4.Jsou tyto r\u00e1mov\u00e9 syst\u00e9my vhodn\u00e9 pro vnit\u0159n\u00ed i venkovn\u00ed pou\u017eit\u00ed? <\/b><\/p>\n<p>D\u00edky korozivzdorn\u00fdm vlastnostem hlin\u00edku 6063-T5 jsou tyto r\u00e1mov\u00e9 syst\u00e9my vhodn\u00e9 pro \u0161irokou \u0161k\u00e1lu prost\u0159ed\u00ed, v\u010detn\u011b vnit\u0159n\u00edch i venkovn\u00edch aplikac\u00ed.<br \/>\n<\/p><br \/>\n<br \/>\n<p><b>5.Jak modul\u00e1rn\u00ed hlin\u00edkov\u00e9 r\u00e1mov\u00e9 syst\u00e9my p\u0159isp\u00edvaj\u00ed k \u00faspo\u0159e n\u00e1klad\u016f? <\/b><\/p>\n<p>Modul\u00e1rn\u00ed hlin\u00edkov\u00e9 r\u00e1mov\u00e9 syst\u00e9my, kter\u00e9 sni\u017euj\u00ed pot\u0159ebu specializovan\u00e9 pracovn\u00ed s\u00edly, minimalizuj\u00ed po\u017eadavky na \u00fadr\u017ebu a umo\u017e\u0148uj\u00ed snadnou zm\u011bnu konfigurace, p\u0159in\u00e1\u0161ej\u00ed v\u00fdrazn\u00e9 \u00faspory n\u00e1klad\u016f oproti tradi\u010dn\u00edm stavebn\u00edm metod\u00e1m.<br \/>\n<\/p><br \/><\/p>","protected":false},"featured_media":7257,"template":"","categories":[67],"class_list":["post-7258","product","type-product","status-publish","has-post-thumbnail","hentry","category-architectural-aluminium-profile"],"meta_box":{"hilight_text_group":{"product_hilight_text":"<li>Constructed from high-strength 6063-T5 aluminum alloy, offering excellent corrosion resistance and durability for modular framing applications<\/li>\r\r\n<li>Modular T-slot design enables easy assembly, modification, and disassembly without the need for welding or specialized tools<\/li>\r\r\n<li>Lightweight yet robust construction facilitates rapid deployment and reduces overall structural load<\/li>\r\r\n<li>Available in various profiles and customizable lengths to meet specific project requirements<\/li>\r\r\n<li>Cost-effective solution with reduced labor and maintenance costs, enhancing overall project efficiency<\/li>","product_chanpin_blog":"<ul>\r\r\n<li><a href=\"https:\/\/sinoextrud.com\/t-slot-v-slot-differences\/\" target=\"_blank\">t slot vs v slot<\/a><\/li>\r\r\n<li><a href=\"https:\/\/sinoextrud.com\/what-is-4040-aluminium-extrud\/\" target=\"_blank\">4040 aluminium extrusion<\/a><\/li>\r\r\n<li><a href=\"https:\/\/sinoextrud.com\/what-is-4040-aluminium-extrud\/\" target=\"_blank\">aluminum extrusions for industrial racks<\/a><\/li>\r\r\n<li><a href=\"https:\/\/sinoextrud.com\/powder-coating-aluminium-process\/\" target=\"_blank\">powder coating aluminium<\/a><\/li>\r\r\n<li><a href=\"https:\/\/sinoextrud.com\/what-is-an-aluminium-strip-ceiling\/\" target=\"_blank\">aluminium strip ceiling<\/a><\/li>\r\r\n<li><a href=\"https:\/\/sinoextrud.com\/what-is-a-heat-sink\/\" target=\"_blank\">what is a heat sink<\/a><\/li>\r\r\n<\/ul>","product_chanpin_chanpin":"<li><a href=\"https:\/\/sinoextrud.com\/product\/aluminium-glass-profile\/\" target=\"_blank\">Aluminium Glass Profile<\/a><\/li>\r\n<li><a href=\"https:\/\/sinoextrud.com\/product\/customized-matt-electrophoresis-aluminum-extrusions-profile-for-building-material\/\" target=\"_blank\">Customized Matt Electrophoresis Aluminum Extrusions Profile For Building Material<\/a><\/li>\r\n<li><a href=\"https:\/\/sinoextrud.com\/product\/aluminium-profile-for-shower-room\/\" target=\"_blank\">Aluminium Profile For Shower Room<\/a><\/li>\r\n<li><a href=\"https:\/\/sinoextrud.com\/product\/bright-anodized-aluminum-profile\/\" target=\"_blank\">Bright Anodized Aluminum Profile<\/a><\/li>\r\n<li><a href=\"https:\/\/sinoextrud.com\/product\/modular-framing-systems\/\" target=\"_blank\">Modular Framing Systems<\/a><\/li>\r\n<li><a href=\"https:\/\/sinoextrud.com\/product\/aluminium-anodizing\/\" target=\"_blank\">Aluminium Anodizing<\/a><\/li>\r\n<li><a href=\"https:\/\/sinoextrud.com\/product\/extruded-aluminum-profiles\/\" target=\"_blank\">Extruded Aluminum Profiles<\/a><\/li>\r\n<li><a href=\"https:\/\/sinoextrud.com\/product\/aluminium-system-profile\/\" target=\"_blank\">Aluminium System Profile<\/a><\/li>\r\n<li><a href=\"https:\/\/sinoextrud.com\/product\/aluminium-extrusion-c-beam\/\" target=\"_blank\">Aluminium Extrusion C Beam<\/a><\/li>\r\n<li><a href=\"https:\/\/sinoextrud.com\/product\/extruded-aluminum-rectangular-tubing\/\" target=\"_blank\">Extruded Aluminum Rectangular Tubing<\/a><\/li>\r\n<li><a href=\"https:\/\/sinoextrud.com\/product\/aluminum-window-frames-mosquito-netting-suppliers\/\" target=\"_blank\">Aluminum Window Frames Mosquito Netting Suppliers<\/a><\/li>"},"feature_list":[]},"_links":{"self":[{"href":"https:\/\/sinoextrud.com\/cs\/wp-json\/wp\/v2\/product\/7258","targetHints":{"allow":["GET"]}}],"collection":[{"href":"https:\/\/sinoextrud.com\/cs\/wp-json\/wp\/v2\/product"}],"about":[{"href":"https:\/\/sinoextrud.com\/cs\/wp-json\/wp\/v2\/types\/product"}],"wp:featuredmedia":[{"embeddable":true,"href":"https:\/\/sinoextrud.com\/cs\/wp-json\/wp\/v2\/media\/7257"}],"wp:attachment":[{"href":"https:\/\/sinoextrud.com\/cs\/wp-json\/wp\/v2\/media?parent=7258"}],"wp:term":[{"taxonomy":"category","embeddable":true,"href":"https:\/\/sinoextrud.com\/cs\/wp-json\/wp\/v2\/categories?post=7258"}],"curies":[{"name":"wp","href":"https:\/\/api.w.org\/{rel}","templated":true}]}}