{"id":7256,"date":"2025-06-06T03:26:58","date_gmt":"2025-06-06T03:26:58","guid":{"rendered":"https:\/\/sinoextrud.com\/product\/bright-anodized-aluminum-profile\/"},"modified":"2025-06-24T06:12:22","modified_gmt":"2025-06-24T06:12:22","slug":"leskly-eloxovany-hlinikovy-profil","status":"publish","type":"product","link":"https:\/\/sinoextrud.com\/cs\/product\/bright-anodized-aluminum-profile\/","title":{"rendered":"Sv\u011btle eloxovan\u00fd hlin\u00edkov\u00fd profil"},"content":{"rendered":"<h2>Podrobnosti o produktech<\/h2>\n<table class=\"custom-table\">\n<tbody>\n<tr>\n<td> N\u00e1zev produktu<\/td>\n<td> Sv\u011btle eloxovan\u00fd hlin\u00edkov\u00fd profil s le\u0161t\u011bnou barvou<\/td>\n<\/tr>\n<tr>\n<td> Aplikace<\/td>\n<td> Koupelna, m\u0159\u00ed\u017eov\u00e9 z\u00e1bradl\u00ed, stavba atd.<\/td>\n<\/tr>\n<tr>\n<td> Slitina<\/td>\n<td> 6063, 6463, 6061 atd.<\/td>\n<\/tr>\n<tr>\n<td> Temperament<\/td>\n<td> T5, T6<\/td>\n<\/tr>\n<tr>\n<td> Povrch<\/td>\n<td> 1. Eloxov\u00e1n\u00ed\/anodizace (tlou\u0161\u0165ka: 8-25um)<br \/>\n2. Pr\u00e1\u0161kov\u00e9 lakov\u00e1n\u00ed (tlou\u0161\u0165ka: 60-120um)<br \/>\n3. elektrofor\u00e9za<br \/>\n4. p\u00edskov\u00e1n\u00ed<br \/>\n5. Polsk\u00fd<br \/>\n6. Kart\u00e1\u010dovan\u00fd<br \/>\n7. Povlak PVDF<br \/>\n8. efekt d\u0159eva<\/td>\n<\/tr>\n<tr>\n<td> Tolerance<\/td>\n<td> GB 5237.1-2008 nebo na zak\u00e1zku<\/td>\n<\/tr>\n<tr>\n<td> Barva<\/td>\n<td> Siver, zlat\u00e1, \u0161ed\u00e1, champane, \u010dern\u00e1, stovky, podle vzorku nebo po\u017eadavku z\u00e1kazn\u00edka<\/td>\n<\/tr>\n<tr>\n<td> Tlou\u0161\u0165ka<\/td>\n<td> Nad 0,7 mm, z\u00e1le\u017e\u00ed na p\u0159esn\u00e9m tvaru; doporu\u010dujeme 1,2 mm a v\u00edce, nebo na m\u00edru.<\/td>\n<\/tr>\n<tr>\n<td> D\u00e9lka<\/td>\n<td> maxim\u00e1ln\u00ed d\u00e9lka eloxov\u00e1n\u00ed: 21 stop\/6400 mm<br \/>\nmaxim\u00e1ln\u00ed d\u00e9lka pr\u00e1\u0161kov\u00e9ho lakov\u00e1n\u00ed: 21 stop\/6400 mm<\/td>\n<\/tr>\n<tr>\n<td> Tvar profilu<\/td>\n<td> 1, podle v\u00fdkresu nebo po\u017eadavku z\u00e1kazn\u00edka<br \/>\n2, designov\u00e9 slu\u017eby jsou k dispozici<\/td>\n<\/tr>\n<tr>\n<td> Charakteristika<\/td>\n<td> 1, vynikaj\u00edc\u00ed vodot\u011bsnost, odolnost proti teplu<br \/>\n2, zvukov\u00e1 izolace, odolnost proti v\u011btru, vzduchot\u011bsnost<br \/>\n3, antikorozn\u00ed a protitlakov\u00e1 ochrana<\/td>\n<\/tr>\n<\/tbody>\n<\/table>\n<h2>Na\u0161e v\u00fdrobn\u00ed z\u00e1kladna<\/h2>\n<h3>Panorama tov\u00e1rny<\/h3>\n<p><img decoding=\"async\" src=\"\/wp-content\/uploads\/factory-01.webp\"\/><\/p>\n<h3>D\u00edlna na v\u00fdrobu hlin\u00edkov\u00fdch ty\u010d\u00ed<\/h3>\n<p><img decoding=\"async\" src=\"\/wp-content\/uploads\/factory-02.webp\"\/><\/p>\n<p><img decoding=\"async\" src=\"\/wp-content\/uploads\/factory-03.webp\"\/><\/p>\n<h3>Sklad pl\u00edsn\u00ed<\/h3>\n<p><img decoding=\"async\" src=\"\/wp-content\/uploads\/factory-04.webp\"\/><\/p>\n<h3>43 linek na vytla\u010dov\u00e1n\u00ed hlin\u00edku (500 - 5500 tun)<\/h3>\n<p><img decoding=\"async\" src=\"\/wp-content\/uploads\/factory-05.webp\"\/><\/p>\n<p><img decoding=\"async\" src=\"\/wp-content\/uploads\/factory-06.webp\"\/><\/p>\n<p><img decoding=\"async\" src=\"\/wp-content\/uploads\/factory-07.webp\"\/><\/p>\n<h3>D\u00edlna pr\u00e1\u0161kov\u00e9ho lakov\u00e1n\u00ed<\/h3>\n<p><img decoding=\"async\" src=\"\/wp-content\/uploads\/factory-09.webp\"\/><\/p>\n<h3>D\u00edlna eloxov\u00e1n\u00ed<\/h3>\n<p><img decoding=\"async\" src=\"\/wp-content\/uploads\/factory-10.webp\"\/><\/p>\n<h3>Workshop o hloubkov\u00e9m zpracov\u00e1n\u00ed<\/h3>\n<p><img decoding=\"async\" src=\"\/wp-content\/uploads\/factory-11.webp\"\/><\/p>\n<h3>D\u00edlna CNC p\u0159esn\u00e9ho obr\u00e1b\u011bn\u00ed<\/h3>\n<p><img decoding=\"async\" src=\"\/wp-content\/uploads\/factory-11.5.webp\"\/><\/p>\n<h3>Sklad hotov\u00fdch v\u00fdrobk\u016f a exportn\u00ed sklad<\/h3>\n<p><img decoding=\"async\" src=\"\/wp-content\/uploads\/factory-12.webp\"\/><\/p>\n<p><img decoding=\"async\" src=\"\/wp-content\/uploads\/factory-13.webp\"\/><\/p>\n<p><img decoding=\"async\" src=\"\/wp-content\/uploads\/factory-14.webp\"\/><\/p>\n<h2>\u010cASTO KLADEN\u00c9 DOTAZY<\/h2>\n<p><p><b>1.Co je sv\u011btl\u00fd eloxovan\u00fd hlin\u00edkov\u00fd profil? <\/b><\/p>\n<p>Sv\u011btle eloxovan\u00fd hlin\u00edkov\u00fd profil ozna\u010duje hlin\u00edkov\u00e9 v\u00fdlisky, kter\u00e9 byly podrobeny sv\u011btl\u00e9mu eloxov\u00e1n\u00ed ponorem, co\u017e vede k vysoce leskl\u00e9mu, zrcadlov\u00e9mu povrchu ide\u00e1ln\u00edmu pro dekorativn\u00ed aplikace.<br \/>\n<\/p><br \/>\n<br \/>\n<p><b>2.Jak se eloxov\u00e1n\u00edm leskl\u00fdm ponorem vylep\u0161uj\u00ed hlin\u00edkov\u00e9 profily? <\/b><\/p>\n<p>Chemick\u00e9 le\u0161t\u011bn\u00ed hlin\u00edkov\u00e9ho povrchu pomoc\u00ed leskl\u00e9ho ponoru vytv\u00e1\u0159\u00ed reflexn\u00ed povrch a z\u00e1rove\u0148 p\u0159id\u00e1v\u00e1 ochrannou eloxovanou vrstvu, kter\u00e1 zvy\u0161uje odolnost proti korozi.<br \/>\n<\/p><br \/>\n<br \/>\n<p><b>3.Jak\u00e9 jsou typick\u00e9 aplikace leskle eloxovan\u00fdch hlin\u00edkov\u00fdch profil\u016f? <\/b><\/p>\n<p>Sv\u011btle eloxovan\u00e9 hlin\u00edkov\u00e9 profily se b\u011b\u017en\u011b pou\u017e\u00edvaj\u00ed v architektonick\u00fdch prvc\u00edch, interi\u00e9rech, zna\u010den\u00ed a spot\u0159ebn\u00edch v\u00fdrobc\u00edch, kde je po\u017eadov\u00e1n elegantn\u00ed, le\u0161t\u011bn\u00fd vzhled.<br \/>\n<\/p><br \/>\n<br \/>\n<p><b>4.Lze sv\u011btle eloxovan\u00e9 hlin\u00edkov\u00e9 profily p\u0159izp\u016fsobit z hlediska tvaru a velikosti? <\/b><\/p>\n<p>Ano, leskle eloxovan\u00e9 hlin\u00edkov\u00e9 profily lze p\u0159izp\u016fsobit specifick\u00fdm tvar\u016fm, velikostem a d\u00e9lk\u00e1m, aby spl\u0148ovaly r\u016fzn\u00e9 po\u017eadavky projektu.<br \/>\n<\/p><br \/>\n<br \/>\n<p><b>5.Jsou sv\u011btle eloxovan\u00e9 hlin\u00edkov\u00e9 profily vhodn\u00e9 pro venkovn\u00ed pou\u017eit\u00ed? <\/b><\/p>\n<p>Eloxovan\u00e1 vrstva poskytuje vynikaj\u00edc\u00ed ochranu proti pov\u011btrnostn\u00edm vliv\u016fm, tak\u017ee tyto profily jsou ide\u00e1ln\u00ed pro vnit\u0159n\u00ed i venkovn\u00ed pou\u017eit\u00ed.<br \/>\n<\/p><br \/><\/p>","protected":false},"featured_media":7255,"template":"","categories":[67],"class_list":["post-7256","product","type-product","status-publish","has-post-thumbnail","hentry","category-architectural-aluminium-profile"],"meta_box":{"hilight_text_group":{"product_hilight_text":"<li>High-gloss mirror finish achieved through bright dip anodizing, enhancing aesthetic appeal for architectural and decorative applications<\/li>\r\r\n<li>Manufactured from premium 6063-T5 aluminum alloy, offering excellent corrosion resistance and durability<\/li>\r\r\n<li>Lightweight yet robust construction facilitates easy handling and installation, reducing labor costs and time<\/li>\r\r\n<li>Available in various profiles and customizable lengths to meet specific project requirements<\/li>\r\r\n<li>Eco-friendly anodizing process provides a non-toxic, UV-resistant, and maintenance-free surface<\/li>","product_chanpin_blog":"<ul>\r\r\n<li><a href=\"https:\/\/sinoextrud.com\/t-slot-v-slot-differences\/\" target=\"_blank\">t slot vs v slot<\/a><\/li>\r\r\n<li><a href=\"https:\/\/sinoextrud.com\/what-is-4040-aluminium-extrud\/\" target=\"_blank\">4040 aluminium extrusion<\/a><\/li>\r\r\n<li><a href=\"https:\/\/sinoextrud.com\/what-is-4040-aluminium-extrud\/\" target=\"_blank\">aluminum extrusions for industrial racks<\/a><\/li>\r\r\n<li><a href=\"https:\/\/sinoextrud.com\/powder-coating-aluminium-process\/\" target=\"_blank\">powder coating aluminium<\/a><\/li>\r\r\n<li><a href=\"https:\/\/sinoextrud.com\/what-is-an-aluminium-strip-ceiling\/\" target=\"_blank\">aluminium strip ceiling<\/a><\/li>\r\r\n<li><a href=\"https:\/\/sinoextrud.com\/what-is-a-heat-sink\/\" target=\"_blank\">what is a heat sink<\/a><\/li>\r\r\n<\/ul>","product_chanpin_chanpin":"<li><a href=\"https:\/\/sinoextrud.com\/product\/6463-electroplated-finish-shower-enclosure-aluminum-profile\/\" target=\"_blank\">6463 Electroplated Finish Shower Enclosure Aluminum Profile<\/a><\/li>\r\n<li><a href=\"https:\/\/sinoextrud.com\/product\/aluminium-glass-profile\/\" target=\"_blank\">Aluminium Glass Profile<\/a><\/li>\r\n<li><a href=\"https:\/\/sinoextrud.com\/product\/customized-matt-electrophoresis-aluminum-extrusions-profile-for-building-material\/\" target=\"_blank\">Customized Matt Electrophoresis Aluminum Extrusions Profile For Building Material<\/a><\/li>\r\n<li><a href=\"https:\/\/sinoextrud.com\/product\/aluminium-profile-for-shower-room\/\" target=\"_blank\">Aluminium Profile For Shower Room<\/a><\/li>\r\n<li><a href=\"https:\/\/sinoextrud.com\/product\/bright-anodized-aluminum-profile\/\" target=\"_blank\">Bright Anodized Aluminum Profile<\/a><\/li>\r\n<li><a href=\"https:\/\/sinoextrud.com\/product\/modular-framing-systems\/\" target=\"_blank\">Modular Framing Systems<\/a><\/li>\r\n<li><a href=\"https:\/\/sinoextrud.com\/product\/aluminium-anodizing\/\" target=\"_blank\">Aluminium Anodizing<\/a><\/li>\r\n<li><a href=\"https:\/\/sinoextrud.com\/product\/extruded-aluminum-profiles\/\" target=\"_blank\">Extruded Aluminum Profiles<\/a><\/li>\r\n<li><a href=\"https:\/\/sinoextrud.com\/product\/aluminium-system-profile\/\" target=\"_blank\">Aluminium System Profile<\/a><\/li>\r\n<li><a href=\"https:\/\/sinoextrud.com\/product\/aluminum-extrusion-alloys\/\" target=\"_blank\">Aluminum Extrusion Alloys<\/a><\/li>\r\n<li><a href=\"https:\/\/sinoextrud.com\/product\/building-materials-aluminium-profile-curtain-rod\/\" target=\"_blank\">Building Materials Aluminium Profile Curtain Rod<\/a><\/li>"},"feature_list":[]},"_links":{"self":[{"href":"https:\/\/sinoextrud.com\/cs\/wp-json\/wp\/v2\/product\/7256","targetHints":{"allow":["GET"]}}],"collection":[{"href":"https:\/\/sinoextrud.com\/cs\/wp-json\/wp\/v2\/product"}],"about":[{"href":"https:\/\/sinoextrud.com\/cs\/wp-json\/wp\/v2\/types\/product"}],"wp:featuredmedia":[{"embeddable":true,"href":"https:\/\/sinoextrud.com\/cs\/wp-json\/wp\/v2\/media\/7255"}],"wp:attachment":[{"href":"https:\/\/sinoextrud.com\/cs\/wp-json\/wp\/v2\/media?parent=7256"}],"wp:term":[{"taxonomy":"category","embeddable":true,"href":"https:\/\/sinoextrud.com\/cs\/wp-json\/wp\/v2\/categories?post=7256"}],"curies":[{"name":"wp","href":"https:\/\/api.w.org\/{rel}","templated":true}]}}