{"id":7254,"date":"2025-06-06T03:22:54","date_gmt":"2025-06-06T03:22:54","guid":{"rendered":"https:\/\/sinoextrud.com\/product\/aluminium-profile-for-shower-room\/"},"modified":"2025-06-24T06:12:21","modified_gmt":"2025-06-24T06:12:21","slug":"hlinikovy-profil-pro-sprchovy-kout","status":"publish","type":"product","link":"https:\/\/sinoextrud.com\/cs\/product\/aluminium-profile-for-shower-room\/","title":{"rendered":"Hlin\u00edkov\u00fd profil pro sprchov\u00fd kout"},"content":{"rendered":"<h2>Podrobnosti o produktech<\/h2>\n<table class=\"custom-table\">\n<tbody>\n<tr>\n<td> N\u00e1zev produktu<\/td>\n<td> Hlin\u00edkov\u00fd profil pro sprchov\u00fd kout<\/td>\n<\/tr>\n<tr>\n<td> Materi\u00e1l<\/td>\n<td> Hlin\u00edkov\u00e1 slitina 6063,6061,6005,6463,6005A,6060,6101,6082,6351<\/td>\n<\/tr>\n<tr>\n<td> Temperament<\/td>\n<td> T4,T5, T6,T66,T52<\/td>\n<\/tr>\n<tr>\n<td> Povrch<\/td>\n<td> eloxov\u00e1n\u00ed, elektrofor\u00e9za, pr\u00e1\u0161kov\u00e9 lakov\u00e1n\u00ed, PVDF lakov\u00e1n\u00ed, lakov\u00e1n\u00ed d\u0159eva, kart\u00e1\u010dov\u00e1n\u00ed<\/td>\n<\/tr>\n<tr>\n<td> Barva<\/td>\n<td> St\u0159\u00edbrn\u00e1 b\u00edl\u00e1, bronzov\u00e1, zlat\u00e1, \u010dern\u00e1, \u0161ampa\u0148sk\u00e9, na zak\u00e1zku<\/td>\n<\/tr>\n<tr>\n<td> Tlou\u0161\u0165ka st\u011bny<\/td>\n<td> &gt;0,8 mm, 1,0, 1,2, 2,0, 4,0...<\/td>\n<\/tr>\n<tr>\n<td> Tvar<\/td>\n<td> \u010ctvercov\u00e9, kulat\u00e9, ploch\u00e9, ov\u00e1ln\u00e9, nepravideln\u00e9...<\/td>\n<\/tr>\n<tr>\n<td> D\u00e9lka<\/td>\n<td> Norm\u00e1ln\u00ed = 5,8 m, 5,9 m, 6 m, 3 m-7 m je p\u0159izp\u016fsoben\u00e1 velikost<\/td>\n<\/tr>\n<tr>\n<td> MOQ<\/td>\n<td> 200 kg<\/td>\n<\/tr>\n<tr>\n<td> V\u00fdroba OEM slu\u017eeb<\/td>\n<td> V\u00fdkresy\/vzorky z\u00e1kazn\u00edk\u016f nebo nab\u00edzen\u00e9 slu\u017eby v oblasti designu<\/td>\n<\/tr>\n<tr>\n<td> Z\u00e1ruka<\/td>\n<td> Barva povrchu m\u016f\u017ee b\u00fdt stabiln\u00ed po dobu 10-20 let p\u0159i pou\u017e\u00edv\u00e1n\u00ed v interi\u00e9ru.<\/td>\n<\/tr>\n<tr>\n<td> V\u00fdroba<\/td>\n<td> Fr\u00e9zov\u00e1n\u00ed, vrt\u00e1n\u00ed, \u0159ez\u00e1n\u00ed, CNC, r\u00e1my oken a dve\u0159\u00ed<\/td>\n<\/tr>\n<tr>\n<td> V\u00fdhody Vlastnosti<\/td>\n<td> 1.Air proof, vodot\u011bsnost, tepeln\u00e1 izolace, tepeln\u00e1 izolace, proti st\u00e1rnut\u00ed, odolnost proti n\u00e1raz\u016fm<br \/>\n2.Environment\u00e1ln\u011b \u0161etrn\u00e9<br \/>\n3.Corrosion odoln\u00e9, leskl\u00e9<br \/>\n4.Modern vzhled<\/td>\n<\/tr>\n<tr>\n<td> Testovac\u00ed norma<\/td>\n<td> GB,JIS,AAMA,BS,EN,AS\/NZS,AA<\/td>\n<\/tr>\n<\/tbody>\n<\/table>\n<h2>Na\u0161e v\u00fdrobn\u00ed z\u00e1kladna<\/h2>\n<h3>Panorama tov\u00e1rny<\/h3>\n<p><img decoding=\"async\" src=\"\/wp-content\/uploads\/factory-01.webp\"\/><\/p>\n<h3>D\u00edlna na v\u00fdrobu hlin\u00edkov\u00fdch ty\u010d\u00ed<\/h3>\n<p><img decoding=\"async\" src=\"\/wp-content\/uploads\/factory-02.webp\"\/><\/p>\n<\/p>\n<p><img decoding=\"async\" src=\"\/wp-content\/uploads\/factory-03.webp\"\/><\/p>\n<h3>Sklad pl\u00edsn\u00ed<\/h3>\n<p><img decoding=\"async\" src=\"\/wp-content\/uploads\/factory-04.webp\"\/><\/p>\n<h3>43 linek na vytla\u010dov\u00e1n\u00ed hlin\u00edku (500-5500 tun)<\/h3>\n<p><img decoding=\"async\" src=\"\/wp-content\/uploads\/factory-05.webp\"\/><\/p>\n<p><img decoding=\"async\" src=\"\/wp-content\/uploads\/factory-06.webp\"\/><\/p>\n<p><img decoding=\"async\" src=\"\/wp-content\/uploads\/factory-07.webp\"\/><\/p>\n<h3>D\u00edlna pr\u00e1\u0161kov\u00e9ho lakov\u00e1n\u00ed<\/h3>\n<p><img decoding=\"async\" src=\"\/wp-content\/uploads\/factory-09.webp\"\/><\/p>\n<h3>D\u00edlna eloxov\u00e1n\u00ed<\/h3>\n<p><img decoding=\"async\" src=\"\/wp-content\/uploads\/factory-10.webp\"\/><\/p>\n<h3>Workshop o hloubkov\u00e9m zpracov\u00e1n\u00ed<\/h3>\n<p><img decoding=\"async\" src=\"\/wp-content\/uploads\/factory-11.webp\"\/><\/p>\n<h3>D\u00edlna CNC p\u0159esn\u00e9ho obr\u00e1b\u011bn\u00ed<\/h3>\n<p><img decoding=\"async\" src=\"\/wp-content\/uploads\/factory-11.5.webp\"\/><\/p>\n<h3>Sklad hotov\u00fdch v\u00fdrobk\u016f a exportn\u00ed sklad<\/h3>\n<p><img decoding=\"async\" src=\"\/wp-content\/uploads\/factory-12.webp\"\/><\/p>\n<p><img decoding=\"async\" src=\"\/wp-content\/uploads\/factory-13.webp\"\/><\/p>\n<p><img decoding=\"async\" src=\"\/wp-content\/uploads\/factory-14.webp\"\/><\/p>\n<h2>\u010cASTO KLADEN\u00c9 DOTAZY<\/h2>\n<p><b>1.Jak\u00e9 jsou v\u00fdhody pou\u017eit\u00ed hlin\u00edkov\u00fdch profil\u016f 6063-T5 ve sprch\u00e1ch? <\/b><\/p>\n<p>Hlin\u00edkov\u00e9 profily 6063-T5 maj\u00ed vynikaj\u00edc\u00ed odolnost proti korozi, n\u00edzkou hmotnost a snadnou v\u00fdrobu, tak\u017ee jsou ide\u00e1ln\u00ed pro pou\u017eit\u00ed ve sprch\u00e1ch.\n<\/p>\n<p><\/p>\n<p><b>2.Lze hlin\u00edkov\u00e9 profily p\u0159izp\u016fsobit konkr\u00e9tn\u00edmu designu sprchov\u00e9ho koutu? <\/b><\/p>\n<p>Ano, hlin\u00edkov\u00e9 profily lze tvarov\u011b, rozm\u011brov\u011b a povrchov\u011b upravit tak, aby spl\u0148ovaly jedine\u010dn\u00e9 po\u017eadavky na design sprchov\u00e9ho koutu.\n<\/p>\n<p><\/p>\n<p><b>3.Jsou tyto hlin\u00edkov\u00e9 profily vhodn\u00e9 do prost\u0159ed\u00ed s vysokou vlhkost\u00ed, jako jsou koupelny? <\/b><\/p>\n<p>D\u00edky korozivzdorn\u00fdm vlastnostem hlin\u00edku 6063-T5 jsou tyto profily ide\u00e1ln\u00ed pro prost\u0159ed\u00ed s vysokou vlhkost\u00ed, jako jsou koupelny.\n<\/p>\n<p><\/p>\n<p><b>4.Jak\u00e9 typy povrchov\u00fdch \u00faprav jsou k dispozici pro hlin\u00edkov\u00e9 profily pou\u017e\u00edvan\u00e9 ve sprch\u00e1ch? <\/b><\/p>\n<p>Hlin\u00edkov\u00e9 profily pro sprchov\u00e9 kouty jsou k dispozici v r\u016fzn\u00fdch povrchov\u00fdch \u00faprav\u00e1ch, v\u010detn\u011b eloxovan\u00fdch, pr\u00e1\u0161kov\u00fdch a fr\u00e9zovan\u00fdch, aby vyhovovaly r\u016fzn\u00fdm estetick\u00fdm preferenc\u00edm.\n<\/p>\n<p><\/p>\n<p><b>5.Jak hlin\u00edkov\u00e9 profily zvy\u0161uj\u00ed odolnost instalac\u00ed sprchov\u00fdch kout\u016f? <\/b><\/p>\n<p>Hlin\u00edkov\u00e9 profily poskytuj\u00ed konstruk\u010dn\u00ed podporu a chr\u00e1n\u00ed proti korozi, \u010d\u00edm\u017e zvy\u0161uj\u00ed \u017eivotnost a odolnost instalac\u00ed sprchov\u00fdch kout\u016f.\n<\/p>\n<p><\/p>","protected":false},"featured_media":7253,"template":"","categories":[67],"class_list":["post-7254","product","type-product","status-publish","has-post-thumbnail","hentry","category-architectural-aluminium-profile"],"meta_box":{"hilight_text_group":{"product_hilight_text":"<li>Manufactured from high-quality 6063-T5 aluminum alloy, ensuring excellent corrosion resistance and durability for shower room applications<\/li>\r\r\n<li>Lightweight design facilitates easy handling and installation, reducing labor costs and time<\/li>\r\r\n<li>Available in various finishes, including anodized and powder-coated options, to match diverse aesthetic requirements<\/li>\r\r\n<li>Customizable profiles to accommodate different glass thicknesses and shower room designs<\/li>\r\r\n<li>Cost-effective manufacturing prices, starting from $0.50 per piece for bulk orders<\/li>","product_chanpin_blog":"<ul>\r\r\n<li><a href=\"https:\/\/sinoextrud.com\/t-slot-v-slot-differences\/\" target=\"_blank\">t slot vs v slot<\/a><\/li>\r\r\n<li><a href=\"https:\/\/sinoextrud.com\/what-is-4040-aluminium-extrud\/\" target=\"_blank\">4040 aluminium extrusion<\/a><\/li>\r\r\n<li><a href=\"https:\/\/sinoextrud.com\/what-is-4040-aluminium-extrud\/\" target=\"_blank\">aluminum extrusions for industrial racks<\/a><\/li>\r\r\n<li><a href=\"https:\/\/sinoextrud.com\/powder-coating-aluminium-process\/\" target=\"_blank\">powder coating aluminium<\/a><\/li>\r\r\n<li><a href=\"https:\/\/sinoextrud.com\/what-is-an-aluminium-strip-ceiling\/\" target=\"_blank\">aluminium strip ceiling<\/a><\/li>\r\r\n<li><a href=\"https:\/\/sinoextrud.com\/what-is-a-heat-sink\/\" target=\"_blank\">what is a heat sink<\/a><\/li>\r\r\n<\/ul>","product_chanpin_chanpin":"<li><a href=\"https:\/\/sinoextrud.com\/product\/cnc-machined-6063-extruded-aluminum-fasteners\/\" target=\"_blank\">CNC Machined 6063 Extruded Aluminum Fasteners<\/a><\/li>\r\n<li><a href=\"https:\/\/sinoextrud.com\/product\/6463-electroplated-finish-shower-enclosure-aluminum-profile\/\" target=\"_blank\">6463 Electroplated Finish Shower Enclosure Aluminum Profile<\/a><\/li>\r\n<li><a href=\"https:\/\/sinoextrud.com\/product\/aluminium-glass-profile\/\" target=\"_blank\">Aluminium Glass Profile<\/a><\/li>\r\n<li><a href=\"https:\/\/sinoextrud.com\/product\/customized-matt-electrophoresis-aluminum-extrusions-profile-for-building-material\/\" target=\"_blank\">Customized Matt Electrophoresis Aluminum Extrusions Profile For Building Material<\/a><\/li>\r\n<li><a href=\"https:\/\/sinoextrud.com\/product\/aluminium-profile-for-shower-room\/\" target=\"_blank\">Aluminium Profile For Shower Room<\/a><\/li>\r\n<li><a href=\"https:\/\/sinoextrud.com\/product\/bright-anodized-aluminum-profile\/\" target=\"_blank\">Bright Anodized Aluminum Profile<\/a><\/li>\r\n<li><a href=\"https:\/\/sinoextrud.com\/product\/modular-framing-systems\/\" target=\"_blank\">Modular Framing Systems<\/a><\/li>\r\n<li><a href=\"https:\/\/sinoextrud.com\/product\/aluminium-anodizing\/\" target=\"_blank\">Aluminium Anodizing<\/a><\/li>\r\n<li><a href=\"https:\/\/sinoextrud.com\/product\/extruded-aluminum-profiles\/\" target=\"_blank\">Extruded Aluminum Profiles<\/a><\/li>\r\n<li><a href=\"https:\/\/sinoextrud.com\/product\/architectural-aluminum-extrusion-profiles\/\" target=\"_blank\">Architectural Aluminum Extrusion Profiles<\/a><\/li>\r\n<li><a href=\"https:\/\/sinoextrud.com\/product\/octagon-aluminum-extrusion\/\" target=\"_blank\">Octagon Aluminum Extrusion<\/a><\/li>"},"feature_list":[]},"_links":{"self":[{"href":"https:\/\/sinoextrud.com\/cs\/wp-json\/wp\/v2\/product\/7254","targetHints":{"allow":["GET"]}}],"collection":[{"href":"https:\/\/sinoextrud.com\/cs\/wp-json\/wp\/v2\/product"}],"about":[{"href":"https:\/\/sinoextrud.com\/cs\/wp-json\/wp\/v2\/types\/product"}],"wp:featuredmedia":[{"embeddable":true,"href":"https:\/\/sinoextrud.com\/cs\/wp-json\/wp\/v2\/media\/7253"}],"wp:attachment":[{"href":"https:\/\/sinoextrud.com\/cs\/wp-json\/wp\/v2\/media?parent=7254"}],"wp:term":[{"taxonomy":"category","embeddable":true,"href":"https:\/\/sinoextrud.com\/cs\/wp-json\/wp\/v2\/categories?post=7254"}],"curies":[{"name":"wp","href":"https:\/\/api.w.org\/{rel}","templated":true}]}}