{"id":7252,"date":"2025-06-06T03:19:26","date_gmt":"2025-06-06T03:19:26","guid":{"rendered":"https:\/\/sinoextrud.com\/product\/customized-matt-electrophoresis-aluminum-extrusions-profile-for-building-material\/"},"modified":"2025-06-24T06:12:21","modified_gmt":"2025-06-24T06:12:21","slug":"prizpusobene-matne-elektroforezy-hlinikove-vylisky-profil-pro-stavebni-material","status":"publish","type":"product","link":"https:\/\/sinoextrud.com\/cs\/product\/customized-matt-electrophoresis-aluminum-extrusions-profile-for-building-material\/","title":{"rendered":"P\u0159izp\u016fsoben\u00e9 matn\u00e9 elektrofor\u00e9zy hlin\u00edkov\u00e9 profily pro stavebn\u00ed materi\u00e1l"},"content":{"rendered":"<h2>Podrobnosti o produktech<\/h2>\n<table class=\"custom-table\">\n<tbody>\n<tr>\n<td> <\/td>\n<td>Polo\u017eka<\/td>\n<td>P\u0159izp\u016fsoben\u00e9 matn\u00e9 elektrofor\u00e9zy hlin\u00edkov\u00fdch v\u00fdlisk\u016f profilu <br \/> Pro stavebn\u00ed materi\u00e1l<\/td>\n<\/tr>\n<tr>\n<td>2<\/td>\n<td>Materi\u00e1l<\/td>\n<td>Slitina6063<\/td>\n<\/tr>\n<tr>\n<td>3<\/td>\n<td>Temperament<\/td>\n<td>T5<\/td>\n<\/tr>\n<tr>\n<td>4<\/td>\n<td>Certifik\u00e1t<\/td>\n<td>ISO9001,ISO14001<\/td>\n<\/tr>\n<tr>\n<td>5<\/td>\n<td>Schopnosti<\/td>\n<td>Ro\u010dn\u00ed v\u00fdkon v\u00edce ne\u017e 200 000 tun<\/td>\n<\/tr>\n<tr>\n<td>6<\/td>\n<td>Barva<\/td>\n<td>P\u0159izp\u016fsoben\u00e9 na m\u00edruK dispozici<\/td>\n<\/tr>\n<tr>\n<td>7<\/td>\n<td>D\u00e9lka<\/td>\n<td>1-9 metr\u016f nebo na m\u00edru<\/td>\n<\/tr>\n<tr>\n<td>8<\/td>\n<td>Tlou\u0161\u0165ka<\/td>\n<td>P\u0159izp\u016fsoben\u00e9<\/td>\n<\/tr>\n<tr>\n<td>9<\/td>\n<td>Povrchov\u00e1 \u00fapravaFinish<\/td>\n<td>Ml\u00fdnsk\u00e1 povrchov\u00e1 \u00faprava, eloxov\u00e1n\u00ed, elektrofor\u00e9za, pr\u00e1\u0161kov\u00e9 lakov\u00e1n\u00ed, p\u0159enos d\u0159eva, fluorokarbonov\u00e9 povlaky atd.<\/td>\n<\/tr>\n<tr>\n<td>10<\/td>\n<td>Aplikace<\/td>\n<td>okna a dve\u0159e, z\u00e1bradl\u00ed, z\u00e1clonov\u00e1 st\u011bna<\/td>\n<\/tr>\n<tr>\n<td>11<\/td>\n<td>LoadingPort<\/td>\n<td>Shenzhen, Guangzhou, FoshanPort<\/td>\n<\/tr>\n<tr>\n<td>12<\/td>\n<td>Platba<\/td>\n<td>T\/T,30%downpayment, zat\u00edmco zbytek bude vyplacen p\u0159ed dod\u00e1n\u00edm.<\/td>\n<\/tr>\n<tr>\n<td>13<\/td>\n<td>Bal\u00ed\u010dek<\/td>\n<td>1.Uvnit\u0159: baleno s plastovou ochrannou f\u00f3li\u00ed na ochranu ka\u017ed\u00e9ho profilu<br \/>\n2.Outside: baleno s vod\u011bodoln\u00fdm pap\u00edrem<\/td>\n<\/tr>\n<tr>\n<td>14<\/td>\n<td>Dod\u00e1vka<\/td>\n<td>25-30dn\u00ed po splatnosti<\/td>\n<\/tr>\n<tr>\n<td>15<\/td>\n<td>Objedn\u00e1vkov\u00e1 sekvence<\/td>\n<td>1.Potvr\u010fte v\u00fdkresy, povrchovou \u00fapravu a cenu;<br \/>\n2.Zapla\u0165tepoplatekzaformu aza\u010dn\u011btevyr\u00e1b\u011btformy;<br \/>\n3.Po\u0161leme v\u00e1m vzorky pro potvrzen\u00ed;<br \/>\n4.Makethepaymentof30%deposit,startproduction;<\/td>\n<\/tr>\n<\/tbody>\n<\/table>\n<h2>Na\u0161e v\u00fdrobn\u00ed z\u00e1kladna<\/h2>\n<h3>Panorama tov\u00e1rny<\/h3>\n<p><img decoding=\"async\" src=\"\/wp-content\/uploads\/factory-01.webp\"\/><\/p>\n<h3>D\u00edlna na v\u00fdrobu hlin\u00edkov\u00fdch ty\u010d\u00ed<\/h3>\n<p><img decoding=\"async\" src=\"\/wp-content\/uploads\/factory-02.webp\"\/><\/p>\n<\/p>\n<p><img decoding=\"async\" src=\"\/wp-content\/uploads\/factory-03.webp\"\/><\/p>\n<h3>Sklad pl\u00edsn\u00ed<\/h3>\n<p><img decoding=\"async\" src=\"\/wp-content\/uploads\/factory-04.webp\"\/><\/p>\n<h3>43 linek na vytla\u010dov\u00e1n\u00ed hlin\u00edku (500 - 5500 tun)<\/h3>\n<p><img decoding=\"async\" src=\"\/wp-content\/uploads\/factory-05.webp\"\/><\/p>\n<p><img decoding=\"async\" src=\"\/wp-content\/uploads\/factory-06.webp\"\/><\/p>\n<p><img decoding=\"async\" src=\"\/wp-content\/uploads\/factory-07.webp\"\/><\/p>\n<h3>D\u00edlna pr\u00e1\u0161kov\u00e9ho lakov\u00e1n\u00ed<\/h3>\n<p><img decoding=\"async\" src=\"\/wp-content\/uploads\/factory-09.webp\"\/><\/p>\n<h3>D\u00edlna eloxov\u00e1n\u00ed<\/h3>\n<p><img decoding=\"async\" src=\"\/wp-content\/uploads\/factory-10.webp\"\/><\/p>\n<h3>Workshop o hloubkov\u00e9m zpracov\u00e1n\u00ed<\/h3>\n<p><img decoding=\"async\" src=\"\/wp-content\/uploads\/factory-11.webp\"\/><\/p>\n<h3>D\u00edlna CNC p\u0159esn\u00e9ho obr\u00e1b\u011bn\u00ed<\/h3>\n<p><img decoding=\"async\" src=\"\/wp-content\/uploads\/factory-11.5.webp\"\/><\/p>\n<h3>Sklad hotov\u00fdch v\u00fdrobk\u016f a exportn\u00ed sklad<\/h3>\n<p><img decoding=\"async\" src=\"\/wp-content\/uploads\/factory-12.webp\"\/><\/p>\n<p><img decoding=\"async\" src=\"\/wp-content\/uploads\/factory-13.webp\"\/><\/p>\n<p><img decoding=\"async\" src=\"\/wp-content\/uploads\/factory-14.webp\"\/><\/p>\n<h2>\u010cASTO KLADEN\u00c9 DOTAZY<\/h2>\n<p><b>1.Jak\u00e9 v\u00fdhody nab\u00edzej\u00ed matn\u00e9 elektrofor\u00e9zn\u00ed hlin\u00edkov\u00e9 v\u00fdlisky pro stavebn\u00ed materi\u00e1ly? <\/b><\/p>\n<p>Matn\u00e9 elektrofor\u00e9zn\u00ed hlin\u00edkov\u00e9 v\u00fdlisky poskytuj\u00ed zv\u00fd\u0161enou odolnost proti korozi, rovnom\u011brn\u00fd matn\u00fd povrch a zv\u00fd\u0161enou tvrdost povrchu, tak\u017ee jsou ide\u00e1ln\u00ed pro r\u016fzn\u00e9 aplikace stavebn\u00edch materi\u00e1l\u016f.\n<\/p>\n<p><\/p>\n<p><b>2.Lze tyto hlin\u00edkov\u00e9 profily p\u0159izp\u016fsobit konkr\u00e9tn\u00edm architektonick\u00fdm n\u00e1vrh\u016fm? <\/b><\/p>\n<p>Ano, matn\u00e9 elektrofor\u00e9zn\u00ed hlin\u00edkov\u00e9 v\u00fdlisky lze tvarov\u011b, rozm\u011brov\u011b a povrchov\u011b upravit tak, aby spl\u0148ovaly jedine\u010dn\u00e9 architektonick\u00e9 a konstruk\u010dn\u00ed po\u017eadavky.\n<\/p>\n<p><\/p>\n<p><b>3.Jsou matn\u00e9 elektrofor\u00e9zn\u00ed hlin\u00edkov\u00e9 profily vhodn\u00e9 pro venkovn\u00ed pou\u017eit\u00ed? <\/b><\/p>\n<p>Elektroforetick\u00fd povlak zvy\u0161uje odolnost proti pov\u011btrnostn\u00edm vliv\u016fm, tak\u017ee tyto profily jsou vhodn\u00e9 pro pou\u017eit\u00ed ve vnit\u0159n\u00edch i venkovn\u00edch stavebn\u00edch materi\u00e1lech.\n<\/p>\n<p><\/p>\n<p><b>4.Jak\u00e1 je typick\u00e1 doba dod\u00e1n\u00ed hlin\u00edkov\u00fdch v\u00fdlisk\u016f pro matnou elektrofor\u00e9zu na m\u00edru? <\/b><\/p>\n<p>Doba realizace se li\u0161\u00ed v z\u00e1vislosti na slo\u017eitosti a objemu zak\u00e1zky, ale v\u00fdrobci obvykle nab\u00edzej\u00ed konkurenceschopn\u00e9 doby realizace u profil\u016f na m\u00edru.\n<\/p>\n<p><\/p>\n<p><b>5.Jak\u00fd p\u0159\u00ednos m\u00e1 proces elektrofor\u00e9zy pro hlin\u00edkov\u00e9 vytla\u010dovac\u00ed profily? <\/b><\/p>\n<p>Proces elektrofor\u00e9zy zaji\u0161\u0165uje konzistentn\u00ed a trvanliv\u00fd povlak, zlep\u0161uje odolnost proti korozi a tvrdost povrchu, co\u017e prodlu\u017euje \u017eivotnost hlin\u00edkov\u00fdch vytla\u010dovac\u00edch profil\u016f ve stavebn\u00edch materi\u00e1lech.\n<\/p>\n<p><\/p>","protected":false},"featured_media":7251,"template":"","categories":[67],"class_list":["post-7252","product","type-product","status-publish","has-post-thumbnail","hentry","category-architectural-aluminium-profile"],"meta_box":{"hilight_text_group":{"product_hilight_text":"<li>Manufactured from premium 6063-T5 aluminum alloy, ensuring superior strength and corrosion resistance for building material applications<\/li>\r\r\n<li>Matt electrophoresis finish provides a uniform, elegant appearance while enhancing surface hardness and durability<\/li>\r\r\n<li>Customizable profiles available in various shapes and sizes to meet specific architectural and structural requirements<\/li>\r\r\n<li>Lightweight yet robust construction facilitates easy handling and installation, reducing labor costs and time<\/li>\r\r\n<li>Environmentally friendly electrophoretic coating process offers enhanced weather resistance and long-lasting color retention<\/li>","product_chanpin_blog":"<ul>\r\r\n<li><a href=\"https:\/\/sinoextrud.com\/t-slot-v-slot-differences\/\" target=\"_blank\">t slot vs v slot<\/a><\/li>\r\r\n<li><a href=\"https:\/\/sinoextrud.com\/what-is-4040-aluminium-extrud\/\" target=\"_blank\">4040 aluminium extrusion<\/a><\/li>\r\r\n<li><a href=\"https:\/\/sinoextrud.com\/what-is-4040-aluminium-extrud\/\" target=\"_blank\">aluminum extrusions for industrial racks<\/a><\/li>\r\r\n<li><a href=\"https:\/\/sinoextrud.com\/powder-coating-aluminium-process\/\" target=\"_blank\">powder coating aluminium<\/a><\/li>\r\r\n<li><a href=\"https:\/\/sinoextrud.com\/what-is-an-aluminium-strip-ceiling\/\" target=\"_blank\">aluminium strip ceiling<\/a><\/li>\r\r\n<li><a href=\"https:\/\/sinoextrud.com\/what-is-a-heat-sink\/\" target=\"_blank\">what is a heat sink<\/a><\/li>\r\r\n<\/ul>","product_chanpin_chanpin":"<li><a href=\"https:\/\/sinoextrud.com\/product\/extruded-aluminum-trim-shapes\/\" target=\"_blank\">Extruded Aluminum Trim Shapes<\/a><\/li>\r\n<li><a href=\"https:\/\/sinoextrud.com\/product\/cnc-machined-6063-extruded-aluminum-fasteners\/\" target=\"_blank\">CNC Machined 6063 Extruded Aluminum Fasteners<\/a><\/li>\r\n<li><a href=\"https:\/\/sinoextrud.com\/product\/6463-electroplated-finish-shower-enclosure-aluminum-profile\/\" target=\"_blank\">6463 Electroplated Finish Shower Enclosure Aluminum Profile<\/a><\/li>\r\n<li><a href=\"https:\/\/sinoextrud.com\/product\/aluminium-glass-profile\/\" target=\"_blank\">Aluminium Glass Profile<\/a><\/li>\r\n<li><a href=\"https:\/\/sinoextrud.com\/product\/customized-matt-electrophoresis-aluminum-extrusions-profile-for-building-material\/\" target=\"_blank\">Customized Matt Electrophoresis Aluminum Extrusions Profile For Building Material<\/a><\/li>\r\n<li><a href=\"https:\/\/sinoextrud.com\/product\/aluminium-profile-for-shower-room\/\" target=\"_blank\">Aluminium Profile For Shower Room<\/a><\/li>\r\n<li><a href=\"https:\/\/sinoextrud.com\/product\/bright-anodized-aluminum-profile\/\" target=\"_blank\">Bright Anodized Aluminum Profile<\/a><\/li>\r\n<li><a href=\"https:\/\/sinoextrud.com\/product\/modular-framing-systems\/\" target=\"_blank\">Modular Framing Systems<\/a><\/li>\r\n<li><a href=\"https:\/\/sinoextrud.com\/product\/aluminium-anodizing\/\" target=\"_blank\">Aluminium Anodizing<\/a><\/li>\r\n<li><a href=\"https:\/\/sinoextrud.com\/product\/shining-electrophresis-and-crystal-electrophresis-aluminium-profiles\/\" target=\"_blank\">Shining Electrophresis and Crystal electrophresis aluminium profiles<\/a><\/li>\r\n<li><a href=\"https:\/\/sinoextrud.com\/product\/large-custom-aluminum-extrusions\/\" target=\"_blank\">Large Custom Aluminum Extrusions<\/a><\/li>"},"feature_list":[]},"_links":{"self":[{"href":"https:\/\/sinoextrud.com\/cs\/wp-json\/wp\/v2\/product\/7252","targetHints":{"allow":["GET"]}}],"collection":[{"href":"https:\/\/sinoextrud.com\/cs\/wp-json\/wp\/v2\/product"}],"about":[{"href":"https:\/\/sinoextrud.com\/cs\/wp-json\/wp\/v2\/types\/product"}],"wp:featuredmedia":[{"embeddable":true,"href":"https:\/\/sinoextrud.com\/cs\/wp-json\/wp\/v2\/media\/7251"}],"wp:attachment":[{"href":"https:\/\/sinoextrud.com\/cs\/wp-json\/wp\/v2\/media?parent=7252"}],"wp:term":[{"taxonomy":"category","embeddable":true,"href":"https:\/\/sinoextrud.com\/cs\/wp-json\/wp\/v2\/categories?post=7252"}],"curies":[{"name":"wp","href":"https:\/\/api.w.org\/{rel}","templated":true}]}}