{"id":7236,"date":"2025-06-06T02:58:30","date_gmt":"2025-06-06T02:58:30","guid":{"rendered":"https:\/\/sinoextrud.com\/product\/aluminum-profile-for-kitchen-cabinet-accesory-manufacture-price\/"},"modified":"2025-06-24T06:12:18","modified_gmt":"2025-06-24T06:12:18","slug":"hlinikovy-profil-pro-vyrobu-prislusenstvi-kuchynskych-skrinek-cena","status":"publish","type":"product","link":"https:\/\/sinoextrud.com\/cs\/product\/aluminum-profile-for-kitchen-cabinet-accesory-manufacture-price\/","title":{"rendered":"Hlin\u00edkov\u00fd profil pro kuchy\u0148sk\u00e9 sk\u0159\u00ed\u0148ky P\u0159\u00edslu\u0161enstv\u00ed V\u00fdroba Cena"},"content":{"rendered":"<h2>Podrobnosti o produktech<\/h2>\n<table class=\"custom-table\">\n<tbody>\n<tr>\n<td> Polo\u017eka:<\/td>\n<td> Hlin\u00edkov\u00fd profil pro kuchy\u0148sk\u00e9 sk\u0159\u00ed\u0148ky p\u0159\u00edslu\u0161enstv\u00ed V\u00fdroba Cena<\/td>\n<\/tr>\n<tr>\n<td> Styl:<\/td>\n<td> Modern\u00ed<\/td>\n<\/tr>\n<tr>\n<td> D\u00fdha D\u0159evo:<\/td>\n<td> podle popt\u00e1vky<\/td>\n<\/tr>\n<tr>\n<td> Hodnocen\u00ed zabezpe\u010den\u00ed:<\/td>\n<td> A<\/td>\n<\/tr>\n<tr>\n<td> Funkce:<\/td>\n<td> Zabezpe\u010den\u00ed, dekorace<\/td>\n<\/tr>\n<tr>\n<td> N\u00e1klady na v\u00fdrobu:<\/td>\n<td> Bude vr\u00e1ceno<\/td>\n<\/tr>\n<tr>\n<td> Povrchov\u00e1 \u00faprava:<\/td>\n<td> Pr\u00e1\u0161kov\u00e9 lakov\u00e1n\u00ed, d\u0159ev\u011bn\u00e9 zrno, eloxovan\u00e9, ml\u00fdnsk\u00e1 \u00faprava<\/td>\n<\/tr>\n<tr>\n<td> QA:<\/td>\n<td> Kvalita pro v\u00e1s nen\u00ed dobrou n\u00e1hradou<\/td>\n<\/tr>\n<tr>\n<td> Slu\u017eba:<\/td>\n<td> 24 hodin pro v\u00e1s<\/td>\n<\/tr>\n<tr>\n<td> P\u0159epravn\u00ed bal\u00ed\u010dek:<\/td>\n<td> Exportn\u00ed balen\u00ed<\/td>\n<\/tr>\n<tr>\n<td> P\u016fvod:<\/td>\n<td> \u010c\u00edna<\/td>\n<\/tr>\n<\/tbody>\n<\/table>\n<h2>Na\u0161e v\u00fdrobn\u00ed z\u00e1kladna<\/h2>\n<h3>Panorama tov\u00e1rny<\/h3>\n<p><img decoding=\"async\" src=\"\/wp-content\/uploads\/factory-01.webp\"\/><\/p>\n<h3>D\u00edlna na v\u00fdrobu hlin\u00edkov\u00fdch ty\u010d\u00ed<\/h3>\n<p><img decoding=\"async\" src=\"\/wp-content\/uploads\/factory-02.webp\"\/><\/p>\n<p><img decoding=\"async\" src=\"\/wp-content\/uploads\/factory-03.webp\"\/><\/p>\n<h3>Sklad pl\u00edsn\u00ed<\/h3>\n<p><img decoding=\"async\" src=\"\/wp-content\/uploads\/factory-04.webp\"\/><\/p>\n<h3>43 linek na vytla\u010dov\u00e1n\u00ed hlin\u00edku (500 - 5500 tun)<\/h3>\n<p><img decoding=\"async\" src=\"\/wp-content\/uploads\/factory-05.webp\"\/><\/p>\n<p><img decoding=\"async\" src=\"\/wp-content\/uploads\/factory-06.webp\"\/><\/p>\n<p><img decoding=\"async\" src=\"\/wp-content\/uploads\/factory-07.webp\"\/><\/p>\n<h3>D\u00edlna pr\u00e1\u0161kov\u00e9ho lakov\u00e1n\u00ed<\/h3>\n<p><img decoding=\"async\" src=\"\/wp-content\/uploads\/factory-09.webp\"\/><\/p>\n<h3>D\u00edlna eloxov\u00e1n\u00ed<\/h3>\n<p><img decoding=\"async\" src=\"\/wp-content\/uploads\/factory-10.webp\"\/><\/p>\n<h3>Workshop o hloubkov\u00e9m zpracov\u00e1n\u00ed<\/h3>\n<p><img decoding=\"async\" src=\"\/wp-content\/uploads\/factory-11.webp\"\/><\/p>\n<h3>D\u00edlna CNC p\u0159esn\u00e9ho obr\u00e1b\u011bn\u00ed<\/h3>\n<p><img decoding=\"async\" src=\"\/wp-content\/uploads\/factory-11.5.webp\"\/><\/p>\n<h3>Sklad hotov\u00fdch v\u00fdrobk\u016f a exportn\u00ed sklad<\/h3>\n<p><img decoding=\"async\" src=\"\/wp-content\/uploads\/factory-12.webp\"\/><\/p>\n<p><img decoding=\"async\" src=\"\/wp-content\/uploads\/factory-13.webp\"\/><\/p>\n<p><img decoding=\"async\" src=\"\/wp-content\/uploads\/factory-14.webp\"\/><\/p>\n<h2>\u010cASTO KLADEN\u00c9 DOTAZY<\/h2>\n<p><p><b>1.Jak\u00e9 materi\u00e1ly se pou\u017e\u00edvaj\u00ed v hlin\u00edkov\u00fdch profilech pro dopl\u0148ky kuchy\u0148sk\u00fdch sk\u0159\u00edn\u011bk? <\/b><\/p>\n<p>Hlin\u00edkov\u00e9 profily pro p\u0159\u00edslu\u0161enstv\u00ed kuchy\u0148sk\u00fdch sk\u0159\u00edn\u011bk jsou obvykle vyrobeny z vysoce pevn\u00e9 hlin\u00edkov\u00e9 slitiny 6063-T5, kter\u00e1 nab\u00edz\u00ed trvanlivost a odolnost proti korozi.<br \/>\n<\/p><br \/>\n<br \/>\n<p><b>2.Mohu si hlin\u00edkov\u00fd profil p\u0159izp\u016fsobit pro p\u0159\u00edslu\u0161enstv\u00ed kuchy\u0148sk\u00e9 linky? <\/b><\/p>\n<p>Ano, hlin\u00edkov\u00e9 profily lze upravit podle tvaru, velikosti a povrchov\u00e9 \u00fapravy, v\u010detn\u011b mo\u017enost\u00ed, jako je eloxovan\u00fd nebo pr\u00e1\u0161kov\u011b lakovan\u00fd povrch, kter\u00fd se hod\u00ed k designu va\u0161\u00ed kuchyn\u011b.<br \/>\n<\/p><br \/>\n<br \/>\n<p><b>3.Jsou hlin\u00edkov\u00e9 profily lehk\u00e9 pro pou\u017eit\u00ed v kuchy\u0148sk\u00fdch sk\u0159\u00ed\u0148k\u00e1ch? <\/b><\/p>\n<p>Hlin\u00edkov\u00e9 profily jsou zcela jist\u011b lehk\u00e9, tak\u017ee jsou ide\u00e1ln\u00ed pro kuchy\u0148sk\u00e9 sk\u0159\u00ed\u0148ky, proto\u017ee usnad\u0148uj\u00ed instalaci a sni\u017euj\u00ed celkovou hmotnost sk\u0159\u00ed\u0148ky.<br \/>\n<\/p><br \/>\n<br \/>\n<p><b>4.Jak\u00e9 je cenov\u00e9 rozp\u011bt\u00ed hlin\u00edkov\u00fdch profil\u016f pou\u017e\u00edvan\u00fdch v kuchy\u0148sk\u00fdch sk\u0159\u00ed\u0148k\u00e1ch? <\/b><\/p>\n<p>V\u00fdrobn\u00ed cena hlin\u00edkov\u00fdch profil\u016f pou\u017e\u00edvan\u00fdch v kuchy\u0148sk\u00fdch sk\u0159\u00ed\u0148k\u00e1ch za\u010d\u00edn\u00e1 na $0,80 za metr v z\u00e1vislosti na p\u0159izp\u016fsoben\u00ed a objemu objedn\u00e1vky.<br \/>\n<\/p><br \/>\n<br \/>\n<p><b>5.Lze hlin\u00edkov\u00e9 profily dob\u0159e integrovat do standardn\u00edch syst\u00e9m\u016f kuchy\u0148sk\u00fdch sk\u0159\u00edn\u011bk? <\/b><\/p>\n<p>Ano, hlin\u00edkov\u00e9 profily jsou navr\u017eeny tak, aby byly kompatibiln\u00ed se standardn\u00edmi syst\u00e9my kuchy\u0148sk\u00fdch sk\u0159\u00edn\u011bk, co\u017e zvy\u0161uje flexibilitu designu i funk\u010dnost.<br \/>\n<\/p><br \/><\/p>","protected":false},"featured_media":7235,"template":"","categories":[67],"class_list":["post-7236","product","type-product","status-publish","has-post-thumbnail","hentry","category-architectural-aluminium-profile"],"meta_box":{"hilight_text_group":{"product_hilight_text":"## Product Highlights:\r\r\n<li>High-strength 6063-T5 aluminum alloy ensures durability and corrosion resistance for kitchen cabinet accessories<\/li>\r\r\n<li>Customizable profiles available in various shapes and finishes, including anodized and powder-coated options<\/li>\r\r\n<li>Lightweight design facilitates easy installation and reduces overall cabinet weight<\/li>\r\r\n<li>Cost-effective manufacturing prices, starting from $0.80 per meter for bulk orders<\/li>\r\r\n<li>Compatible with standard kitchen cabinet systems, enhancing design flexibility and functionality<\/li>","product_chanpin_blog":"<ul>\r\r\n<li><a href=\"https:\/\/sinoextrud.com\/t-slot-v-slot-differences\/\" target=\"_blank\">t slot vs v slot<\/a><\/li>\r\r\n<li><a href=\"https:\/\/sinoextrud.com\/what-is-4040-aluminium-extrud\/\" target=\"_blank\">4040 aluminium extrusion<\/a><\/li>\r\r\n<li><a href=\"https:\/\/sinoextrud.com\/what-is-4040-aluminium-extrud\/\" target=\"_blank\">aluminum extrusions for industrial racks<\/a><\/li>\r\r\n<li><a href=\"https:\/\/sinoextrud.com\/powder-coating-aluminium-process\/\" target=\"_blank\">powder coating aluminium<\/a><\/li>\r\r\n<li><a href=\"https:\/\/sinoextrud.com\/what-is-an-aluminium-strip-ceiling\/\" target=\"_blank\">aluminium strip ceiling<\/a><\/li>\r\r\n<li><a href=\"https:\/\/sinoextrud.com\/what-is-a-heat-sink\/\" target=\"_blank\">what is a heat sink<\/a><\/li>\r\r\n<\/ul>","product_chanpin_chanpin":"<li><a href=\"https:\/\/sinoextrud.com\/product\/6063-t5-extruded-aluminum-t-slot\/\" target=\"_blank\">6063 T5 Extruded Aluminum T Slot<\/a><\/li>\r\n<li><a href=\"https:\/\/sinoextrud.com\/product\/aluminium-architectural-sections-profiles6063\/\" target=\"_blank\">Aluminium Architectural Sections Profiles6063<\/a><\/li>\r\n<li><a href=\"https:\/\/sinoextrud.com\/product\/aluminium-rail-profile\/\" target=\"_blank\">Aluminium Rail Profile<\/a><\/li>\r\n<li><a href=\"https:\/\/sinoextrud.com\/product\/industrial-aluminum-extrusions-aluminum-profile\/\" target=\"_blank\">Industrial Aluminum Extrusions Aluminum Profile<\/a><\/li>\r\n<li><a href=\"https:\/\/sinoextrud.com\/product\/aluminum-profile-for-kitchen-cabinet-accesory-manufacture-price\/\" target=\"_blank\">Aluminum Profile For Kitchen Cabinet Accesory Manufacture Price<\/a><\/li>\r\n<li><a href=\"https:\/\/sinoextrud.com\/product\/high-quality-aluminium-extrusion-profile-for-curtain-wall\/\" target=\"_blank\">High Quality Aluminium Extrusion Profile for Curtain Wall<\/a><\/li>\r\n<li><a href=\"https:\/\/sinoextrud.com\/product\/oem-precision-cnc-machining-for-aluminum-parts\/\" target=\"_blank\">OEM Precision CNC Machining For Aluminum Parts<\/a><\/li>\r\n<li><a href=\"https:\/\/sinoextrud.com\/product\/60x60-aluminium-extrusion\/\" target=\"_blank\">60\u00c3\u201460 Aluminium Extrusion<\/a><\/li>\r\n<li><a href=\"https:\/\/sinoextrud.com\/product\/extruded-aluminum-trim-shapes\/\" target=\"_blank\">Extruded Aluminum Trim Shapes<\/a><\/li>\r\n<li><a href=\"https:\/\/sinoextrud.com\/product\/cnc-bending-aluminum-frame-profile-for-suitcase-luggage\/\" target=\"_blank\">CNC Bending Aluminum Frame Profile For Suitcase Luggage<\/a><\/li>\r\n<li><a href=\"https:\/\/sinoextrud.com\/product\/item-modular-aluminium-profile-system\/\" target=\"_blank\">Item Modular Aluminium Profile System<\/a><\/li>"},"feature_list":[]},"_links":{"self":[{"href":"https:\/\/sinoextrud.com\/cs\/wp-json\/wp\/v2\/product\/7236","targetHints":{"allow":["GET"]}}],"collection":[{"href":"https:\/\/sinoextrud.com\/cs\/wp-json\/wp\/v2\/product"}],"about":[{"href":"https:\/\/sinoextrud.com\/cs\/wp-json\/wp\/v2\/types\/product"}],"wp:featuredmedia":[{"embeddable":true,"href":"https:\/\/sinoextrud.com\/cs\/wp-json\/wp\/v2\/media\/7235"}],"wp:attachment":[{"href":"https:\/\/sinoextrud.com\/cs\/wp-json\/wp\/v2\/media?parent=7236"}],"wp:term":[{"taxonomy":"category","embeddable":true,"href":"https:\/\/sinoextrud.com\/cs\/wp-json\/wp\/v2\/categories?post=7236"}],"curies":[{"name":"wp","href":"https:\/\/api.w.org\/{rel}","templated":true}]}}