{"id":7218,"date":"2025-06-06T02:26:35","date_gmt":"2025-06-06T02:26:35","guid":{"rendered":"https:\/\/sinoextrud.com\/product\/aluminum-extrusion-framing-systems\/"},"modified":"2025-06-24T06:12:15","modified_gmt":"2025-06-24T06:12:15","slug":"systemy-hlinikovych-ramu","status":"publish","type":"product","link":"https:\/\/sinoextrud.com\/cs\/product\/aluminum-extrusion-framing-systems\/","title":{"rendered":"R\u00e1mov\u00e9 syst\u00e9my z hlin\u00edkov\u00fdch v\u00fdlisk\u016f"},"content":{"rendered":"<h2>Podrobnosti o produktech<\/h2>\n<table class=\"custom-table\">\n<tbody>\n<tr>\n<td> Materi\u00e1l:<\/td>\n<td> Slitina 6063<\/td>\n<\/tr>\n<tr>\n<td> Specifikace:<\/td>\n<td> \u0161\u00ed\u0159ka dna je 25-150 mm a v\u00fd\u0161ka bo\u010dnic 30-300 mm.<\/td>\n<\/tr>\n<tr>\n<td> Tlou\u0161\u0165ka:<\/td>\n<td> 0,8-110 mm<\/td>\n<\/tr>\n<tr>\n<td> D\u00e9lka:<\/td>\n<td> 3 a\u017e 6 metr\u016f<\/td>\n<\/tr>\n<tr>\n<td> Proces:<\/td>\n<td> vytla\u010dov\u00e1n\u00ed<\/td>\n<\/tr>\n<tr>\n<td> Povrchov\u00e1 \u00faprava:<\/td>\n<td> kart\u00e1\u010dovan\u00e9 zlato<\/td>\n<\/tr>\n<tr>\n<td> Barva:<\/td>\n<td> Zlat\u00e1, st\u0159\u00edbrn\u00e1, vzor d\u0159eva,<\/td>\n<\/tr>\n<tr>\n<td> Technologie zpracov\u00e1n\u00ed:<\/td>\n<td> vytla\u010dov\u00e1n\u00ed profil\u016f<\/td>\n<\/tr>\n<tr>\n<td> Zp\u016fsob instalace:<\/td>\n<td> speci\u00e1ln\u00ed pevn\u00e9 p\u0159\u00edslu\u0161enstv\u00ed<\/td>\n<\/tr>\n<\/tbody>\n<\/table>\n<h2>Na\u0161e v\u00fdrobn\u00ed z\u00e1kladna<\/h2>\n<h3>Panorama tov\u00e1rny<\/h3>\n<p><img decoding=\"async\" src=\"\/wp-content\/uploads\/factory-01.webp\"\/><\/p>\n<h3>D\u00edlna na v\u00fdrobu hlin\u00edkov\u00fdch ty\u010d\u00ed<\/h3>\n<p><img decoding=\"async\" src=\"\/wp-content\/uploads\/factory-02.webp\"\/><\/p>\n<p><img decoding=\"async\" src=\"\/wp-content\/uploads\/factory-03.webp\"\/><\/p>\n<h3>Sklad pl\u00edsn\u00ed<\/h3>\n<p><img decoding=\"async\" src=\"\/wp-content\/uploads\/factory-04.webp\"\/><\/p>\n<h3>43 linek na vytla\u010dov\u00e1n\u00ed hlin\u00edku (500 - 5500 tun)<\/h3>\n<p><img decoding=\"async\" src=\"\/wp-content\/uploads\/factory-05.webp\"\/><\/p>\n<p><img decoding=\"async\" src=\"\/wp-content\/uploads\/factory-06.webp\"\/><\/p>\n<p><img decoding=\"async\" src=\"\/wp-content\/uploads\/factory-07.webp\"\/><\/p>\n<h3>D\u00edlna pr\u00e1\u0161kov\u00e9ho lakov\u00e1n\u00ed<\/h3>\n<p><img decoding=\"async\" src=\"\/wp-content\/uploads\/factory-09.webp\"\/><\/p>\n<h3>D\u00edlna eloxov\u00e1n\u00ed<\/h3>\n<p><img decoding=\"async\" src=\"\/wp-content\/uploads\/factory-10.webp\"\/><\/p>\n<h3>Workshop o hloubkov\u00e9m zpracov\u00e1n\u00ed<\/h3>\n<p><img decoding=\"async\" src=\"\/wp-content\/uploads\/factory-11.webp\"\/><\/p>\n<h3>D\u00edlna CNC p\u0159esn\u00e9ho obr\u00e1b\u011bn\u00ed<\/h3>\n<p><img decoding=\"async\" src=\"\/wp-content\/uploads\/factory-11.5.webp\"\/><\/p>\n<h3>Sklad hotov\u00fdch v\u00fdrobk\u016f a exportn\u00ed sklad<\/h3>\n<p><img decoding=\"async\" src=\"\/wp-content\/uploads\/factory-12.webp\"\/><\/p>\n<p><img decoding=\"async\" src=\"\/wp-content\/uploads\/factory-13.webp\"\/><\/p>\n<p><img decoding=\"async\" src=\"\/wp-content\/uploads\/factory-14.webp\"\/><\/p>\n<h2>\u010cASTO KLADEN\u00c9 DOTAZY<\/h2>\n<p><p><b>1.Co jsou hlin\u00edkov\u00e9 vytla\u010dovac\u00ed r\u00e1mov\u00e9 syst\u00e9my? <\/b><\/p>\n<p> R\u00e1mov\u00e9 syst\u00e9my z hlin\u00edkov\u00fdch v\u00fdlisk\u016f jsou modul\u00e1rn\u00ed konstrukce z extrudovan\u00fdch hlin\u00edkov\u00fdch profil\u016f, kter\u00e9 se b\u011b\u017en\u011b pou\u017e\u00edvaj\u00ed k v\u00fdrob\u011b r\u00e1m\u016f pro r\u016fzn\u00e9 aplikace bez nutnosti sva\u0159ov\u00e1n\u00ed.<br \/>\n<\/p><br \/>\n<br \/>\n<p><b>2.Pro\u010d zvolit hlin\u00edkov\u00e9 extrudovan\u00e9 r\u00e1my nam\u00edsto tradi\u010dn\u00edch ocelov\u00fdch konstrukc\u00ed? <\/b><\/p>\n<p> R\u00e1my z hlin\u00edkov\u00fdch v\u00fdlisk\u016f nab\u00edzej\u00ed v\u00fdhody, jako je lehk\u00e1 konstrukce, odolnost proti korozi, snadn\u00e1 mont\u00e1\u017e a flexibilita p\u0159i \u00faprav\u00e1ch, co\u017e z nich \u010din\u00ed p\u0159ednostn\u00ed volbu p\u0159ed tradi\u010dn\u00edmi ocelov\u00fdmi konstrukcemi.<br \/>\n<\/p><br \/>\n<br \/>\n<p><b>3.Lze syst\u00e9my hlin\u00edkov\u00fdch vytla\u010dovac\u00edch r\u00e1m\u016f p\u0159izp\u016fsobit? <\/b><\/p>\n<p> Ano, tyto syst\u00e9my jsou vysoce p\u0159izp\u016fsobiteln\u00e9 a umo\u017e\u0148uj\u00ed p\u0159izp\u016fsoben\u00ed konkr\u00e9tn\u00edm po\u017eadavk\u016fm z hlediska velikosti, tvaru a funk\u010dnosti.<br \/>\n<\/p><br \/>\n<br \/>\n<p><b>4.V jak\u00fdch pr\u016fmyslov\u00fdch odv\u011btv\u00edch se b\u011b\u017en\u011b pou\u017e\u00edvaj\u00ed hlin\u00edkov\u00e9 vytla\u010dovac\u00ed r\u00e1mov\u00e9 syst\u00e9my? <\/b><\/p>\n<p> Odv\u011btv\u00ed, jako je v\u00fdroba, automatizace, leteck\u00fd pr\u016fmysl a stavebnictv\u00ed, vyu\u017e\u00edvaj\u00ed hlin\u00edkov\u00e9 r\u00e1mov\u00e9 syst\u00e9my pro aplikace, jako jsou kryty stroj\u016f, pracovn\u00ed stanice a sk\u0159\u00edn\u011b.<br \/>\n<\/p><br \/>\n<br \/>\n<p><b>5.Jak usnad\u0148uj\u00ed hlin\u00edkov\u00e9 v\u00fdlisky s T-dr\u00e1\u017ekou mont\u00e1\u017e? <\/b><\/p>\n<p> Hlin\u00edkov\u00e9 v\u00fdlisky s T-dr\u00e1\u017ekami umo\u017e\u0148uj\u00ed snadn\u00e9 vkl\u00e1d\u00e1n\u00ed konektor\u016f a spojovac\u00edch prvk\u016f, co\u017e umo\u017e\u0148uje rychlou mont\u00e1\u017e a zm\u011bnu konfigurace bez pou\u017eit\u00ed specializovan\u00fdch n\u00e1stroj\u016f nebo sva\u0159ov\u00e1n\u00ed.<br \/>\n<\/p><br \/>\n<br \/>\n<p><b>6.Jsou hlin\u00edkov\u00e9 vytla\u010dovac\u00ed r\u00e1mov\u00e9 syst\u00e9my vhodn\u00e9 pro venkovn\u00ed pou\u017eit\u00ed? <\/b><\/p>\n<p> Ano, s vhodn\u00fdmi povrchov\u00fdmi \u00fapravami, jako je eloxov\u00e1n\u00ed nebo pr\u00e1\u0161kov\u00e9 lakov\u00e1n\u00ed, mohou hlin\u00edkov\u00e9 vytla\u010dovac\u00ed r\u00e1mov\u00e9 syst\u00e9my odol\u00e1vat venkovn\u00edm podm\u00ednk\u00e1m a nab\u00edzet odolnost proti korozi a trvanlivost.<br \/>\n<\/p><br \/>\n<br \/>\n<p><b>7.Jakou \u00fadr\u017ebu vy\u017eaduj\u00ed syst\u00e9my hlin\u00edkov\u00fdch r\u00e1m\u016f? <\/b><\/p>\n<p> \u00dadr\u017eba je minim\u00e1ln\u00ed; k udr\u017een\u00ed syst\u00e9mu v optim\u00e1ln\u00edm stavu obvykle sta\u010d\u00ed pravideln\u00e9 \u010di\u0161t\u011bn\u00ed za \u00fa\u010delem odstran\u011bn\u00ed prachu a ne\u010distot.<br \/>\n<\/p><br \/>\n<br \/>\n<p><b>8.Jsou syst\u00e9my hlin\u00edkov\u00fdch r\u00e1m\u016f \u0161etrn\u00e9 k \u017eivotn\u00edmu prost\u0159ed\u00ed? <\/b><\/p>\n<p> Hlin\u00edk je pln\u011b recyklovateln\u00fd a modul\u00e1rn\u00ed charakter t\u011bchto syst\u00e9m\u016f podporuje op\u011btovn\u00e9 pou\u017eit\u00ed a sni\u017euje mno\u017estv\u00ed odpadu, \u010d\u00edm\u017e podporuje udr\u017eiteln\u00e9 postupy.<\/p>\n<p><\/p><br \/><\/p>","protected":false},"featured_media":7217,"template":"","categories":[67],"class_list":["post-7218","product","type-product","status-publish","has-post-thumbnail","hentry","category-architectural-aluminium-profile"],"meta_box":{"hilight_text_group":{"product_hilight_text":"<li>Modular design allows for rapid assembly and reconfiguration without welding, reducing labor and downtime.<\/li>\r\r\n<li>Lightweight yet robust aluminum profiles provide high strength-to-weight ratio, ideal for various structural applications.<\/li>\r\r\n<li>Corrosion-resistant anodized finish ensures durability and longevity in diverse environments.<\/li>\r\r\n<li>Compatibility with a wide range of accessories and connectors enhances design flexibility.<\/li>\r\r\n<li>Pre-engineered components streamline the design process, facilitating quick prototyping and customization.<\/li>\r\r\n<li>Environmentally friendly, as aluminum is 100% recyclable, supporting sustainable building practices.<\/li>\r\r\n<li>Cost-effective solution due to reduced assembly time, minimal maintenance, and reusability of components.<\/li>","product_chanpin_blog":"<ul>\r\r\n<li><a href=\"https:\/\/sinoextrud.com\/t-slot-v-slot-differences\/\" target=\"_blank\">t slot vs v slot<\/a><\/li>\r\r\n<li><a href=\"https:\/\/sinoextrud.com\/what-is-4040-aluminium-extrud\/\" target=\"_blank\">4040 aluminium extrusion<\/a><\/li>\r\r\n<li><a href=\"https:\/\/sinoextrud.com\/what-is-4040-aluminium-extrud\/\" target=\"_blank\">aluminum extrusions for industrial racks<\/a><\/li>\r\r\n<li><a href=\"https:\/\/sinoextrud.com\/powder-coating-aluminium-process\/\" target=\"_blank\">powder coating aluminium<\/a><\/li>\r\r\n<li><a href=\"https:\/\/sinoextrud.com\/what-is-an-aluminium-strip-ceiling\/\" target=\"_blank\">aluminium strip ceiling<\/a><\/li>\r\r\n<li><a href=\"https:\/\/sinoextrud.com\/what-is-a-heat-sink\/\" target=\"_blank\">what is a heat sink<\/a><\/li>\r\r\n<\/ul>","product_chanpin_chanpin":"<li><a href=\"https:\/\/sinoextrud.com\/product\/extrusion-aluminium-tube-pipe-aluminum-polishing-style\/\" target=\"_blank\">Extrusion Aluminium Tube Pipe Aluminum Polishing Style<\/a><\/li>\r\n<li><a href=\"https:\/\/sinoextrud.com\/product\/10-series-golden-aluminum-extrusion-profiles\/\" target=\"_blank\">10 Series Golden Aluminum Extrusion Profiles<\/a><\/li>\r\n<li><a href=\"https:\/\/sinoextrud.com\/product\/10x10-aluminum-extrusion-for-decoration\/\" target=\"_blank\">10\u00c3\u201410 Aluminum Extrusion For Decoration<\/a><\/li>\r\n<li><a href=\"https:\/\/sinoextrud.com\/product\/12-to-20-mm-glass-aluminum-glass-railing-price-per-foot\/\" target=\"_blank\">12 To 20 MM Glass Aluminum Glass Railing Price Per Foot<\/a><\/li>\r\n<li><a href=\"https:\/\/sinoextrud.com\/product\/aluminum-extrusion-framing-systems\/\" target=\"_blank\">Aluminum Extrusion Framing Systems<\/a><\/li>\r\n<li><a href=\"https:\/\/sinoextrud.com\/product\/aluminium-door-frame-extrusions\/\" target=\"_blank\">Aluminium Door Frame Extrusions<\/a><\/li>\r\n<li><a href=\"https:\/\/sinoextrud.com\/product\/aluminium-fence-slats-aluminum-strips-aluminium-bean-and-aluminium-channel\/\" target=\"_blank\">Aluminium Fence Slats Aluminum Strips Aluminium Bean and Aluminium Channel<\/a><\/li>\r\n<li><a href=\"https:\/\/sinoextrud.com\/product\/aluminium-sliding-door-with-french-style-bi-folding-glass-wall-door-energy-saving-heat-insulation\/\" target=\"_blank\">Aluminium Sliding Door With French Style Bi-folding Glass Wall Door Energy Saving Heat Insulation<\/a><\/li>\r\n<li><a href=\"https:\/\/sinoextrud.com\/product\/aluminum-glass-frame-extrusion\/\" target=\"_blank\">Aluminum Glass Frame Extrusion<\/a><\/li>\r\n<li><a href=\"https:\/\/sinoextrud.com\/product\/aluminum-extrusion-aluminum-framing-profiles-for-sunroom\/\" target=\"_blank\">Aluminum Extrusion Aluminum Framing Profiles For Sunroom<\/a><\/li>\r\n<li><a href=\"https:\/\/sinoextrud.com\/product\/extruded-aluminum-profile-aluminum-t-slot\/\" target=\"_blank\">Extruded Aluminum Profile Aluminum T Slot<\/a><\/li>"},"feature_list":[]},"_links":{"self":[{"href":"https:\/\/sinoextrud.com\/cs\/wp-json\/wp\/v2\/product\/7218","targetHints":{"allow":["GET"]}}],"collection":[{"href":"https:\/\/sinoextrud.com\/cs\/wp-json\/wp\/v2\/product"}],"about":[{"href":"https:\/\/sinoextrud.com\/cs\/wp-json\/wp\/v2\/types\/product"}],"wp:featuredmedia":[{"embeddable":true,"href":"https:\/\/sinoextrud.com\/cs\/wp-json\/wp\/v2\/media\/7217"}],"wp:attachment":[{"href":"https:\/\/sinoextrud.com\/cs\/wp-json\/wp\/v2\/media?parent=7218"}],"wp:term":[{"taxonomy":"category","embeddable":true,"href":"https:\/\/sinoextrud.com\/cs\/wp-json\/wp\/v2\/categories?post=7218"}],"curies":[{"name":"wp","href":"https:\/\/api.w.org\/{rel}","templated":true}]}}