{"id":7212,"date":"2025-06-06T02:10:37","date_gmt":"2025-06-06T02:10:37","guid":{"rendered":"https:\/\/sinoextrud.com\/product\/10-series-golden-aluminum-extrusion-profiles\/"},"modified":"2025-06-24T06:12:14","modified_gmt":"2025-06-24T06:12:14","slug":"zlate-hlinikove-vytlacovaci-profily-rady-10","status":"publish","type":"product","link":"https:\/\/sinoextrud.com\/cs\/product\/10-series-golden-aluminum-extrusion-profiles\/","title":{"rendered":"Zlat\u00e9 hlin\u00edkov\u00e9 vytla\u010dovac\u00ed profily \u0159ady 10"},"content":{"rendered":"<h2>Podrobnosti o produktech<\/h2>\n<table>\n<tbody>\n<tr>\n<td>\n<p>T\u0159\u00edda:<\/p>\n<\/td>\n<td>\n<p>6063 -t5<\/p>\n<\/td>\n<\/tr>\n<tr>\n<td>\n<p>Technika:<\/p>\n<\/td>\n<td>\n<p>Zlat\u00e9 hlin\u00edkov\u00e9 vytla\u010dovac\u00ed profily \u0159ady 10<\/p>\n<\/td>\n<\/tr>\n<tr>\n<td>\n<p>M\u00edrnost:<\/p>\n<\/td>\n<td>\n<p>T3 - T8<\/p>\n<\/td>\n<\/tr>\n<tr>\n<td>\n<p>Obr\u00e1b\u011bc\u00ed slu\u017eby:<\/p>\n<\/td>\n<td>\n<p>Vrt\u00e1n\u00ed, z\u00e1vitov\u00e1n\u00ed, n\u00fdtov\u00e1n\u00ed, mont\u00e1\u017e atd.<\/p>\n<\/td>\n<\/tr>\n<tr>\n<td>\n<p>Ochrann\u00e1 zn\u00e1mka:<\/p>\n<\/td>\n<td>\n<p>Sinoextrud Sinoextrud <\/p>\n<\/td>\n<\/tr>\n<tr>\n<td>\n<p>Typ:<\/p>\n<\/td>\n<td>\n<p>Zlat\u00e9 hlin\u00edkov\u00e9 vytla\u010dovac\u00ed profily \u0159ady 10<\/p>\n<\/td>\n<\/tr>\n<tr>\n<td>\n<p>Tvar:<\/p>\n<\/td>\n<td>\n<p>Vyrobeno podle n\u00e1vrhu klienta<\/p>\n<\/td>\n<\/tr>\n<tr>\n<td>\n<p>Povrchov\u00e1 \u00faprava:<\/p>\n<\/td>\n<td>\n<p>Anodizovan\u00fd kart\u00e1\u010dovan\u00fd povrch<\/p>\n<\/td>\n<\/tr>\n<tr>\n<td>\n<p>D\u00e9lka:<\/p>\n<\/td>\n<td>\n<p>1m a\u017e 9m na d\u00e9lku<\/p>\n<\/td>\n<\/tr>\n<tr>\n<td>\n<p>Barvy:<\/p>\n<\/td>\n<td>\n<p>St\u0159\u00edbrn\u00e1 \u010dern\u00e1<\/p>\n<\/td>\n<\/tr>\n<tr>\n<td>\n<p>K\u00f3d HS:<\/p>\n<\/td>\n<td>\n<p>76042990<\/p>\n<\/td>\n<\/tr>\n<\/tbody>\n<\/table>\n<h2>Na\u0161e v\u00fdrobn\u00ed z\u00e1kladna<\/h2>\n<h3>Panorama tov\u00e1rny<\/h3>\n<p><img decoding=\"async\" src=\"\/wp-content\/uploads\/factory-01.webp\"\/><\/p>\n<h3>D\u00edlna na v\u00fdrobu hlin\u00edkov\u00fdch ty\u010d\u00ed<\/h3>\n<p><img decoding=\"async\" src=\"\/wp-content\/uploads\/factory-02.webp\"\/><\/p>\n<p><img decoding=\"async\" src=\"\/wp-content\/uploads\/factory-03.webp\"\/><\/p>\n<h3>Sklad pl\u00edsn\u00ed<\/h3>\n<p><img decoding=\"async\" src=\"\/wp-content\/uploads\/factory-04.webp\"\/><\/p>\n<h3>43 linek na vytla\u010dov\u00e1n\u00ed hlin\u00edku (500 - 5500 tun)<\/h3>\n<p><img decoding=\"async\" src=\"\/wp-content\/uploads\/factory-05.webp\"\/><\/p>\n<p><img decoding=\"async\" src=\"\/wp-content\/uploads\/factory-06.webp\"\/><\/p>\n<p><img decoding=\"async\" src=\"\/wp-content\/uploads\/factory-07.webp\"\/><\/p>\n<h3>D\u00edlna pr\u00e1\u0161kov\u00e9ho lakov\u00e1n\u00ed<\/h3>\n<p><img decoding=\"async\" src=\"\/wp-content\/uploads\/factory-09.webp\"\/><\/p>\n<h3>D\u00edlna eloxov\u00e1n\u00ed<\/h3>\n<p><img decoding=\"async\" src=\"\/wp-content\/uploads\/factory-10.webp\"\/><\/p>\n<h3>Workshop o hloubkov\u00e9m zpracov\u00e1n\u00ed<\/h3>\n<p><img decoding=\"async\" src=\"\/wp-content\/uploads\/factory-11.webp\"\/><\/p>\n<h3>D\u00edlna CNC p\u0159esn\u00e9ho obr\u00e1b\u011bn\u00ed<\/h3>\n<p><img decoding=\"async\" src=\"\/wp-content\/uploads\/factory-11.5.webp\"\/><\/p>\n<h3>Sklad hotov\u00fdch v\u00fdrobk\u016f a exportn\u00ed sklad<\/h3>\n<p><img decoding=\"async\" src=\"\/wp-content\/uploads\/factory-12.webp\"\/><\/p>\n<p><img decoding=\"async\" src=\"\/wp-content\/uploads\/factory-13.webp\"\/><\/p>\n<p><img decoding=\"async\" src=\"\/wp-content\/uploads\/factory-14.webp\"\/><\/p>\n<h2>\u010cASTO KLADEN\u00c9 DOTAZY<\/h2>\n<p><p><b>1.Co jsou zlat\u00e9 hlin\u00edkov\u00e9 vytla\u010dovac\u00ed profily \u0159ady 10?<\/b><\/p>\n<p>Zlat\u00e9 hlin\u00edkov\u00e9 vytla\u010dovac\u00ed profily \u0159ady 10 jsou standardizovan\u00e9 hlin\u00edkov\u00e9 profily se zlatou eloxovanou povrchovou \u00fapravou pou\u017e\u00edvan\u00e9 pro stavbu modul\u00e1rn\u00edch konstrukc\u00ed a r\u00e1m\u016f.<br \/>\n<\/p><br \/>\n<br \/>\n<p><b>2.Jak\u00e9 jsou v\u00fdhody pou\u017e\u00edv\u00e1n\u00ed profil\u016f Golden Aluminium Extrusion?<\/b><\/p>\n<p>Nab\u00edzej\u00ed odolnost proti korozi, vysokou pevnost, elegantn\u00ed vzhled a kompatibilitu s komponenty \u0159ady 10.<br \/>\n<\/p><br \/>\n<br \/>\n<p><b>3.Je zlat\u00fd povrch odoln\u00fd pro dlouhodob\u00e9 pou\u017eit\u00ed?<\/b><\/p>\n<p>Ano, zlat\u00fd eloxovan\u00fd povrch je odoln\u00fd proti opot\u0159eben\u00ed a poskytuje dlouhotrvaj\u00edc\u00ed ochranu proti korozi a vyblednut\u00ed.<br \/>\n<\/p><br \/>\n<br \/>\n<p><b>4.Kde se pou\u017e\u00edvaj\u00ed zlat\u00e9 hlin\u00edkov\u00e9 vytla\u010dovac\u00ed profily \u0159ady 10?<\/b><\/p>\n<p>B\u011b\u017en\u011b se pou\u017e\u00edvaj\u00ed ve stojanech, sk\u0159\u00edn\u00edch na zak\u00e1zku, kancel\u00e1\u0159sk\u00fdch p\u0159ep\u00e1\u017ek\u00e1ch a lehk\u00fdch strojn\u00edch r\u00e1mech.<br \/>\n<\/p><br \/>\n<br \/>\n<p><b>5.Jsou tyto profily kompatibiln\u00ed se standardn\u00edm p\u0159\u00edslu\u0161enstv\u00edm?<\/b><\/p>\n<p>Ano, jsou pln\u011b kompatibiln\u00ed s dr\u017e\u00e1ky, spojovac\u00edmi prvky a spojovac\u00edmi deskami \u0159ady 10, tak\u017ee je lze bez probl\u00e9m\u016f integrovat.<br \/>\n<\/p><br \/>\n<br \/>\n<p><b>6.Mohu z\u00edskat vlastn\u00ed d\u00e9lky a povrchov\u00e9 \u00fapravy pro hlin\u00edkov\u00e9 v\u00fdlisky Golden?<\/b><\/p>\n<p>Ano, na vy\u017e\u00e1d\u00e1n\u00ed je k dispozici \u0159ez\u00e1n\u00ed, vrt\u00e1n\u00ed a povrchov\u00e1 \u00faprava na zak\u00e1zku, kter\u00e9 spl\u0148uj\u00ed specifick\u00e9 pot\u0159eby projektu.<br \/>\n<\/p><br \/>\n<br \/>\n<p><b>7.Je mont\u00e1\u017e t\u011bchto hlin\u00edkov\u00fdch profil\u016f snadn\u00e1?<\/b><\/p>\n<p>Ano, jejich modul\u00e1rn\u00ed konstrukce umo\u017e\u0148uje snadnou instalaci pomoc\u00ed standardn\u00edho hardwaru s T-dr\u00e1\u017ekou.<br \/>\n<\/p><br \/>\n<br \/>\n<p><b>8.P\u0159en\u00e1\u0161ej\u00ed profily Golden Aluminium Extrusion konstruk\u010dn\u00ed zat\u00ed\u017een\u00ed?<\/b><\/p>\n<p>Ano, jsou navr\u017eeny tak, aby poskytovaly pevnou a z\u00e1rove\u0148 lehkou kostru vhodnou pro st\u0159edn\u011b n\u00e1ro\u010dn\u00e9 konstruk\u010dn\u00ed aplikace.<br \/>\n<\/p><br \/><\/p>","protected":false},"featured_media":7211,"template":"","categories":[67],"class_list":["post-7212","product","type-product","status-publish","has-post-thumbnail","hentry","category-architectural-aluminium-profile"],"meta_box":{"hilight_text_group":{"product_hilight_text":"<li>10 Series compatibility ensures standard modular assembly<\/li>\r\r\n<li>Golden anodized finish adds premium aesthetic appeal<\/li>\r\r\n<li>Lightweight and durable aluminum for structural stability<\/li>\r\r\n<li>Corrosion-resistant surface ideal for long-term use<\/li>\r\r\n<li>Easy to cut, drill, and assemble with common connectors<\/li>\r\r\n<li>Suitable for displays, workstations, enclosures, and custom frames<\/li>\r\r\n<li>Available in various lengths and customizable options<\/li>","product_chanpin_blog":"<ul>\r\r\n<li><a href=\"https:\/\/sinoextrud.com\/t-slot-v-slot-differences\/\" target=\"_blank\">t slot vs v slot<\/a><\/li>\r\r\n<li><a href=\"https:\/\/sinoextrud.com\/what-is-4040-aluminium-extrud\/\" target=\"_blank\">4040 aluminium extrusion<\/a><\/li>\r\r\n<li><a href=\"https:\/\/sinoextrud.com\/what-is-4040-aluminium-extrud\/\" target=\"_blank\">aluminum extrusions for industrial racks<\/a><\/li>\r\r\n<li><a href=\"https:\/\/sinoextrud.com\/powder-coating-aluminium-process\/\" target=\"_blank\">powder coating aluminium<\/a><\/li>\r\r\n<li><a href=\"https:\/\/sinoextrud.com\/what-is-an-aluminium-strip-ceiling\/\" target=\"_blank\">aluminium strip ceiling<\/a><\/li>\r\r\n<li><a href=\"https:\/\/sinoextrud.com\/what-is-a-heat-sink\/\" target=\"_blank\">what is a heat sink<\/a><\/li>\r\r\n<\/ul>","product_chanpin_chanpin":"<li><a href=\"https:\/\/sinoextrud.com\/product\/aluminum-extrusion-solar-panel-frame\/\" target=\"_blank\">Aluminum extrusion solar panel frame<\/a><\/li>\r\n<li><a href=\"https:\/\/sinoextrud.com\/product\/aluminum-partitioning-windows-doors-nigeria-design\/\" target=\"_blank\">Aluminum Partitioning Windows Doors Nigeria Design<\/a><\/li>\r\n<li><a href=\"https:\/\/sinoextrud.com\/product\/anodized-powder-coated-aluminum-extrusion-profile-for-outdoor-louver-shutter\/\" target=\"_blank\">Anodized Powder Coated Aluminum Extrusion Profile For Outdoor Louver Shutter<\/a><\/li>\r\n<li><a href=\"https:\/\/sinoextrud.com\/product\/extrusion-aluminium-tube-pipe-aluminum-polishing-style\/\" target=\"_blank\">Extrusion Aluminium Tube Pipe Aluminum Polishing Style<\/a><\/li>\r\n<li><a href=\"https:\/\/sinoextrud.com\/product\/10-series-golden-aluminum-extrusion-profiles\/\" target=\"_blank\">10 Series Golden Aluminum Extrusion Profiles<\/a><\/li>\r\n<li><a href=\"https:\/\/sinoextrud.com\/product\/10x10-aluminum-extrusion-for-decoration\/\" target=\"_blank\">10\u00c3\u201410 Aluminum Extrusion For Decoration<\/a><\/li>\r\n<li><a href=\"https:\/\/sinoextrud.com\/product\/12-to-20-mm-glass-aluminum-glass-railing-price-per-foot\/\" target=\"_blank\">12 To 20 MM Glass Aluminum Glass Railing Price Per Foot<\/a><\/li>\r\n<li><a href=\"https:\/\/sinoextrud.com\/product\/aluminum-extrusion-framing-systems\/\" target=\"_blank\">Aluminum Extrusion Framing Systems<\/a><\/li>\r\n<li><a href=\"https:\/\/sinoextrud.com\/product\/aluminium-door-frame-extrusions\/\" target=\"_blank\">Aluminium Door Frame Extrusions<\/a><\/li>\r\n<li><a href=\"https:\/\/sinoextrud.com\/product\/aluminium-window-parts-names-sliding-6063-material-framing-profile\/\" target=\"_blank\">aluminium window parts names sliding 6063 material framing profile<\/a><\/li>\r\n<li><a href=\"https:\/\/sinoextrud.com\/product\/extruded-aluminum-drawer-pulls\/\" target=\"_blank\">Extruded Aluminum Drawer Pulls<\/a><\/li>"},"feature_list":[]},"_links":{"self":[{"href":"https:\/\/sinoextrud.com\/cs\/wp-json\/wp\/v2\/product\/7212","targetHints":{"allow":["GET"]}}],"collection":[{"href":"https:\/\/sinoextrud.com\/cs\/wp-json\/wp\/v2\/product"}],"about":[{"href":"https:\/\/sinoextrud.com\/cs\/wp-json\/wp\/v2\/types\/product"}],"wp:featuredmedia":[{"embeddable":true,"href":"https:\/\/sinoextrud.com\/cs\/wp-json\/wp\/v2\/media\/7211"}],"wp:attachment":[{"href":"https:\/\/sinoextrud.com\/cs\/wp-json\/wp\/v2\/media?parent=7212"}],"wp:term":[{"taxonomy":"category","embeddable":true,"href":"https:\/\/sinoextrud.com\/cs\/wp-json\/wp\/v2\/categories?post=7212"}],"curies":[{"name":"wp","href":"https:\/\/api.w.org\/{rel}","templated":true}]}}