{"id":7204,"date":"2025-06-06T01:50:12","date_gmt":"2025-06-06T01:50:12","guid":{"rendered":"https:\/\/sinoextrud.com\/product\/aluminum-extrusion-solar-panel-frame\/"},"modified":"2025-06-24T06:12:13","modified_gmt":"2025-06-24T06:12:13","slug":"hlinikovy-vytlacovaci-ram-solarniho-panelu","status":"publish","type":"product","link":"https:\/\/sinoextrud.com\/cs\/product\/aluminum-extrusion-solar-panel-frame\/","title":{"rendered":"Hlin\u00edkov\u00fd vytla\u010dovac\u00ed r\u00e1m sol\u00e1rn\u00edho panelu"},"content":{"rendered":"<h2>Podrobnosti o produktech<\/h2>\n<table class=\"custom-table\">\n<tr>\n<td class=\"label\">Polo\u017eka:<\/td>\n<td> Hlin\u00edkov\u00fd vytla\u010dovac\u00ed r\u00e1m sol\u00e1rn\u00edho panelu\uff0c<\/td>\n<\/tr>\n<tr>\n<td class=\"label\">T\u0159\u00edda:<\/td>\n<td> \u0158ada 6000\uff0c<\/td>\n<\/tr>\n<tr>\n<td class=\"label\">M\u00edrnost:<\/td>\n<td> T3 - T8\uff0c<\/td>\n<\/tr>\n<tr>\n<td class=\"label\">D\u00e9lka:<\/td>\n<td>1-9 metr\u016f nebo na m\u00edru<\/td>\n<\/tr>\n<tr>\n<td class=\"label\">Slitina:<\/td>\n<td> Slitina\uff0c<\/td>\n<\/tr>\n<tr>\n<td class=\"label\">Velikost:<\/td>\n<td> Na m\u00edru\uff0c<\/td>\n<\/tr>\n<tr>\n<td class=\"label\">Typ v\u00fdroby:<\/td>\n<td> Hromadn\u00e1 v\u00fdroba\uff0c<\/td>\n<\/tr>\n<tr>\n<td class=\"label\">Pou\u017eit\u00ed:<\/td>\n<td> Hlin\u00edkov\u00fd profil r\u00e1mu panelu Solor\uff0c<\/td>\n<\/tr>\n<tr>\n<td class=\"label\">Ochrann\u00e1 zn\u00e1mka:<\/td>\n<td> Sinoextrud (Sinoextrud) \/ OEM\uff0c<\/td>\n<\/tr>\n<tr>\n<td class=\"label\">P\u016fvod:<\/td>\n<td> Foshan, \u010c\u00edna<br \/>\n \uff0c<\/td>\n<\/tr>\n<\/table>\n<h2>Na\u0161e v\u00fdrobn\u00ed z\u00e1kladna<\/h2>\n<h3>Panorama tov\u00e1rny<\/h3>\n<p><img decoding=\"async\" src=\"\/wp-content\/uploads\/factory-01.webp\"\/><\/p>\n<h3>D\u00edlna na v\u00fdrobu hlin\u00edkov\u00fdch ty\u010d\u00ed<\/h3>\n<p><img decoding=\"async\" src=\"\/wp-content\/uploads\/factory-02.webp\"\/><\/p>\n<p><img decoding=\"async\" src=\"\/wp-content\/uploads\/factory-03.webp\"\/><\/p>\n<h3>Sklad pl\u00edsn\u00ed<\/h3>\n<p><img decoding=\"async\" src=\"\/wp-content\/uploads\/factory-04.webp\"\/><\/p>\n<h3>43 linek na vytla\u010dov\u00e1n\u00ed hlin\u00edku (500-5500 tun)<\/h3>\n<p><img decoding=\"async\" src=\"\/wp-content\/uploads\/factory-05.webp\"\/><\/p>\n<p><img decoding=\"async\" src=\"\/wp-content\/uploads\/factory-06.webp\"\/><\/p>\n<p><img decoding=\"async\" src=\"\/wp-content\/uploads\/factory-07.webp\"\/><\/p>\n<h3>D\u00edlna pr\u00e1\u0161kov\u00e9ho lakov\u00e1n\u00ed<\/h3>\n<p><img decoding=\"async\" src=\"\/wp-content\/uploads\/factory-09.webp\"\/><\/p>\n<h3>D\u00edlna eloxov\u00e1n\u00ed<\/h3>\n<p><img decoding=\"async\" src=\"\/wp-content\/uploads\/factory-10.webp\"\/><\/p>\n<h3>Workshop o hloubkov\u00e9m zpracov\u00e1n\u00ed<\/h3>\n<p><img decoding=\"async\" src=\"\/wp-content\/uploads\/factory-11.webp\"\/><\/p>\n<h3>D\u00edlna CNC p\u0159esn\u00e9ho obr\u00e1b\u011bn\u00ed<\/h3>\n<p><img decoding=\"async\" src=\"\/wp-content\/uploads\/factory-11.5.webp\"\/><\/p>\n<h3>Sklad hotov\u00fdch v\u00fdrobk\u016f a exportn\u00ed sklad<\/h3>\n<p><img decoding=\"async\" src=\"\/wp-content\/uploads\/factory-12.webp\"\/><\/p>\n<p><img decoding=\"async\" src=\"\/wp-content\/uploads\/factory-13.webp\"\/><\/p>\n<p><img decoding=\"async\" src=\"\/wp-content\/uploads\/factory-14.webp\"\/><\/p>\n<h2>\u010cASTO KLADEN\u00c9 DOTAZY<\/h2>\n<p><p><b>1.Co je hlin\u00edkov\u00fd vytla\u010dovac\u00ed r\u00e1m sol\u00e1rn\u00edch panel\u016f?<\/b><\/p>\n<p>Hlin\u00edkov\u00fd vytla\u010dovac\u00ed r\u00e1m pro sol\u00e1rn\u00ed panely je konstruk\u010dn\u00ed hlin\u00edkov\u00fd profil ur\u010den\u00fd k podep\u0159en\u00ed a upevn\u011bn\u00ed sol\u00e1rn\u00edch panel\u016f ve fotovoltaick\u00fdch syst\u00e9mech.<br \/>\n<\/p><br \/>\n<br \/>\n<p><b>2.Pro\u010d pou\u017e\u00edvat hlin\u00edk pro r\u00e1my sol\u00e1rn\u00edch panel\u016f?<\/b><\/p>\n<p>Hlin\u00edk je lehk\u00fd, pevn\u00fd a odoln\u00fd proti korozi, tak\u017ee je ide\u00e1ln\u00ed pro dlouhodob\u00e9 venkovn\u00ed pou\u017eit\u00ed v sol\u00e1rn\u00edch za\u0159\u00edzen\u00edch.<br \/>\n<\/p><br \/>\n<br \/>\n<p><b>3.Jsou hlin\u00edkov\u00e9 vytla\u010dovac\u00ed r\u00e1my sol\u00e1rn\u00edch panel\u016f odoln\u00e9 v\u016f\u010di pov\u011btrnostn\u00edm vliv\u016fm?<\/b><\/p>\n<p>Ano, jsou navr\u017eeny tak, aby odolaly UV z\u00e1\u0159en\u00ed, de\u0161ti, v\u011btru a dal\u0161\u00edm venkovn\u00edm podm\u00ednk\u00e1m, ani\u017e by do\u0161lo k jejich degradaci.<br \/>\n<\/p><br \/>\n<br \/>\n<p><b>4.Can hlin\u00edkov\u00e9 sol\u00e1rn\u00ed panely r\u00e1my b\u00fdt p\u0159izp\u016fsobeny?<\/b><\/p>\n<p>Ano, r\u00e1my lze p\u0159izp\u016fsobit d\u00e9lkou, tvarem profilu a povrchovou \u00fapravou tak, aby vyhovovaly konkr\u00e9tn\u00edm model\u016fm sol\u00e1rn\u00edch panel\u016f a uspo\u0159\u00e1d\u00e1n\u00ed syst\u00e9mu.<br \/>\n<\/p><br \/>\n<br \/>\n<p><b>5.Funguj\u00ed tyto r\u00e1my se v\u0161emi sol\u00e1rn\u00edmi panely?<\/b><\/p>\n<p>V\u011bt\u0161ina hlin\u00edkov\u00fdch lisovan\u00fdch r\u00e1m\u016f pro sol\u00e1rn\u00ed panely je kompatibiln\u00ed se standardn\u00edmi velikostmi fotovoltaick\u00fdch panel\u016f a mont\u00e1\u017en\u00edmi syst\u00e9my.<br \/>\n<\/p><br \/>\n<br \/>\n<p><b>6.Je instalace hlin\u00edkov\u00fdch sol\u00e1rn\u00edch r\u00e1m\u016f snadn\u00e1?<\/b><\/p>\n<p>Ano, jejich lehk\u00e1 konstrukce a p\u0159esn\u00e9 rozm\u011bry urychluj\u00ed a usnad\u0148uj\u00ed instalaci a sni\u017euj\u00ed n\u00e1klady na pracovn\u00ed s\u00edlu.<br \/>\n<\/p><br \/>\n<br \/>\n<p><b>7.Je hlin\u00edk ekologick\u00fd materi\u00e1l pro sol\u00e1rn\u00ed r\u00e1my?<\/b><\/p>\n<p>Hlin\u00edk je zcela jist\u011b 100% recyklovateln\u00fd a podporuje c\u00edle udr\u017eitelnosti sol\u00e1rn\u00edch syst\u00e9m\u016f.<br \/>\n<\/p><br \/>\n<br \/>\n<p><b>8.Jak\u00e9 jsou v\u00fdhody pou\u017eit\u00ed lisovan\u00fdch r\u00e1m\u016f oproti ocelov\u00fdm?<\/b><\/p>\n<p>Extrudovan\u00e9 hlin\u00edkov\u00e9 r\u00e1my jsou ve srovn\u00e1n\u00ed s ocelov\u00fdmi leh\u010d\u00ed, odoln\u011bj\u0161\u00ed proti korozi a l\u00e9pe se s nimi manipuluje, co\u017e zlep\u0161uje instalaci i \u017eivotnost.<br \/>\n<\/p><br \/><\/p>","protected":false},"featured_media":7203,"template":"","categories":[67],"class_list":["post-7204","product","type-product","status-publish","has-post-thumbnail","hentry","category-architectural-aluminium-profile"],"meta_box":{"hilight_text_group":{"product_hilight_text":"<li>High-strength aluminum ensures long-lasting solar panel support<\/li>\r\r\n<li>Corrosion-resistant surface ideal for harsh outdoor environments<\/li>\r\r\n<li>Lightweight design reduces transportation and installation costs<\/li>\r\r\n<li>Precision extrusion guarantees easy panel alignment and fit<\/li>\r\r\n<li>Customizable sizes and finishes for different solar system designs<\/li>\r\r\n<li>Compatible with most photovoltaic panel types and mounting systems<\/li>\r\r\n<li>Environmentally friendly and fully recyclable material<\/li>","product_chanpin_blog":"<ul>\r\r\n<li><a href=\"https:\/\/sinoextrud.com\/t-slot-v-slot-differences\/\" target=\"_blank\">t slot vs v slot<\/a><\/li>\r\r\n<li><a href=\"https:\/\/sinoextrud.com\/what-is-4040-aluminium-extrud\/\" target=\"_blank\">4040 aluminium extrusion<\/a><\/li>\r\r\n<li><a href=\"https:\/\/sinoextrud.com\/what-is-4040-aluminium-extrud\/\" target=\"_blank\">aluminum extrusions for industrial racks<\/a><\/li>\r\r\n<li><a href=\"https:\/\/sinoextrud.com\/powder-coating-aluminium-process\/\" target=\"_blank\">powder coating aluminium<\/a><\/li>\r\r\n<li><a href=\"https:\/\/sinoextrud.com\/what-is-an-aluminium-strip-ceiling\/\" target=\"_blank\">aluminium strip ceiling<\/a><\/li>\r\r\n<li><a href=\"https:\/\/sinoextrud.com\/what-is-a-heat-sink\/\" target=\"_blank\">what is a heat sink<\/a><\/li>\r\r\n<\/ul>","product_chanpin_chanpin":"<li><a href=\"https:\/\/sinoextrud.com\/product\/powder-coating-aluminum-window-profile\/\" target=\"_blank\">Powder Coating Aluminum Window Profile<\/a><\/li>\r\n<li><a href=\"https:\/\/sinoextrud.com\/product\/aluminum-windows-and-doors-for-nigeria\/\" target=\"_blank\">Aluminum windows And Doors For Nigeria<\/a><\/li>\r\n<li><a href=\"https:\/\/sinoextrud.com\/product\/aluminum-curtain-wall-profile-extrusion-profiles-aluminum-tubing-catalog\/\" target=\"_blank\">aluminum curtain wall profile extrusion profiles aluminum tubing catalog<\/a><\/li>\r\n<li><a href=\"https:\/\/sinoextrud.com\/product\/the-world-most-popular-6000-series-aluminum-extrusion-profile-louver-shutter-for-adjustable-waterproof-louver-windows\/\" target=\"_blank\">The World Most Popular 6000 Series aluminum extrusion Profile louver shutter For Adjustable Waterproof Louver Windows<\/a><\/li>\r\n<li><a href=\"https:\/\/sinoextrud.com\/product\/aluminum-extrusion-solar-panel-frame\/\" target=\"_blank\">Aluminum extrusion solar panel frame<\/a><\/li>\r\n<li><a href=\"https:\/\/sinoextrud.com\/product\/aluminum-partitioning-windows-doors-nigeria-design\/\" target=\"_blank\">Aluminum Partitioning Windows Doors Nigeria Design<\/a><\/li>\r\n<li><a href=\"https:\/\/sinoextrud.com\/product\/anodized-powder-coated-aluminum-extrusion-profile-for-outdoor-louver-shutter\/\" target=\"_blank\">Anodized Powder Coated Aluminum Extrusion Profile For Outdoor Louver Shutter<\/a><\/li>\r\n<li><a href=\"https:\/\/sinoextrud.com\/product\/extrusion-aluminium-tube-pipe-aluminum-polishing-style\/\" target=\"_blank\">Extrusion Aluminium Tube Pipe Aluminum Polishing Style<\/a><\/li>\r\n<li><a href=\"https:\/\/sinoextrud.com\/product\/10-series-golden-aluminum-extrusion-profiles\/\" target=\"_blank\">10 Series Golden Aluminum Extrusion Profiles<\/a><\/li>\r\n<li><a href=\"https:\/\/sinoextrud.com\/product\/aluminium-extrusion-for-solar-panel-mounting-frame\/\" target=\"_blank\">Aluminium extrusion for solar panel mounting frame<\/a><\/li>\r\n<li><a href=\"https:\/\/sinoextrud.com\/product\/aluminium-fence-slats-aluminum-strips-aluminium-bean-and-aluminium-channel\/\" target=\"_blank\">Aluminium Fence Slats Aluminum Strips Aluminium Bean and Aluminium Channel<\/a><\/li>"},"feature_list":[]},"_links":{"self":[{"href":"https:\/\/sinoextrud.com\/cs\/wp-json\/wp\/v2\/product\/7204","targetHints":{"allow":["GET"]}}],"collection":[{"href":"https:\/\/sinoextrud.com\/cs\/wp-json\/wp\/v2\/product"}],"about":[{"href":"https:\/\/sinoextrud.com\/cs\/wp-json\/wp\/v2\/types\/product"}],"wp:featuredmedia":[{"embeddable":true,"href":"https:\/\/sinoextrud.com\/cs\/wp-json\/wp\/v2\/media\/7203"}],"wp:attachment":[{"href":"https:\/\/sinoextrud.com\/cs\/wp-json\/wp\/v2\/media?parent=7204"}],"wp:term":[{"taxonomy":"category","embeddable":true,"href":"https:\/\/sinoextrud.com\/cs\/wp-json\/wp\/v2\/categories?post=7204"}],"curies":[{"name":"wp","href":"https:\/\/api.w.org\/{rel}","templated":true}]}}