{"id":7202,"date":"2025-06-06T01:45:19","date_gmt":"2025-06-06T01:45:19","guid":{"rendered":"https:\/\/sinoextrud.com\/product\/the-world-most-popular-6000-series-aluminum-extrusion-profile-louver-shutter-for-adjustable-waterproof-louver-windows\/"},"modified":"2025-06-24T06:12:12","modified_gmt":"2025-06-24T06:12:12","slug":"svetove-nejoblibenejsi-zaluzie-z-hlinikovych-profilu-rady-6000-pro-nastavitelne-vodotesne-zaluzie","status":"publish","type":"product","link":"https:\/\/sinoextrud.com\/cs\/product\/the-world-most-popular-6000-series-aluminum-extrusion-profile-louver-shutter-for-adjustable-waterproof-louver-windows\/","title":{"rendered":"Nejobl\u00edben\u011bj\u0161\u00ed hlin\u00edkov\u00e9 lisovan\u00e9 \u017ealuzie \u0159ady 6000 na sv\u011bt\u011b pro nastaviteln\u00e9 vodot\u011bsn\u00e9 \u017ealuzie Windows"},"content":{"rendered":"<h2>Podrobnosti o produktech<\/h2>\n<table class=\"custom-table\">\n<tr>\n<td class=\"label\">Polo\u017eka:<\/td>\n<td>hlin\u00edkov\u00e9 profily\uff0c<\/td>\n<\/tr>\n<tr>\n<td class=\"label\">M\u00edrnost:<\/td>\n<td>6063-T5\uff0c<\/td>\n<\/tr>\n<tr>\n<td class=\"label\">Tvar:<\/td>\n<td>Kan\u00e1l ve tvaru U\uff0c<\/td>\n<\/tr>\n<tr>\n<td class=\"label\">Tolerance:<\/td>\n<td>\u00b10,5%\uff0c<\/td>\n<\/tr>\n<tr>\n<td class=\"label\">Standardn\u00ed:<\/td>\n<td>st\u0159edn\u00ed a vysok\u00e1 kvalita\uff0c<\/td>\n<\/tr>\n<tr>\n<td class=\"label\">Doba dod\u00e1n\u00ed:<\/td>\n<td>25-30 dn\u00ed\uff0c<\/td>\n<\/tr>\n<tr>\n<td class=\"label\">Term\u00edn platby:<\/td>\n<td>T\/T (30% z\u00e1loha), L\/C\uff0c<\/td>\n<\/tr>\n<tr>\n<td class=\"label\">P\u0159\u00edstav:<\/td>\n<td>Guangzhou, Shenzhen\uff0c<\/td>\n<\/tr>\n<tr>\n<td class=\"label\">T\u0159\u00edda:<\/td>\n<td>S\u00e9rie 6000 6063\uff0c<\/td>\n<\/tr>\n<tr>\n<td class=\"label\">M\u00edsto p\u016fvodu:<\/td>\n<td>Foshan, Guangdong\uff0c<\/td>\n<\/tr>\n<tr>\n<td class=\"label\">Slitina nebo ne:<\/td>\n<td>Alunimun slitina\uff0c<\/td>\n<\/tr>\n<tr>\n<td class=\"label\">Zna\u010dka:<\/td>\n<td>Sinoextrud, Sinoextrud\uff0c<\/td>\n<\/tr>\n<tr>\n<td class=\"label\">Povrchov\u00e1 \u00faprava:<\/td>\n<td>pr\u00e1\u0161kov\u00e9 lakov\u00e1n\u00ed, elektrofor\u00e9za, kresba d\u0159eva, eloxov\u00e1n\u00ed, kart\u00e1\u010dov\u00e1n\u00ed, le\u0161t\u011bn\u00ed\uff0c<\/td>\n<\/tr>\n<tr>\n<td class=\"label\">MOQ:<\/td>\n<td>200KGs\uff0c<\/td>\n<\/tr>\n<tr>\n<td class=\"label\">Slu\u017eba zpracov\u00e1n\u00ed:<\/td>\n<td>Oh\u00fdb\u00e1n\u00ed, odv\u00edjen\u00ed, sva\u0159ov\u00e1n\u00ed, d\u011brov\u00e1n\u00ed, \u0159ez\u00e1n\u00ed\uff0c<\/td>\n<\/tr>\n<tr>\n<td class=\"label\">D\u00e9lka::<\/td>\n<td>1-9 m nebo na m\u00edru<\/td>\n<\/tr>\n<\/table>\n<h2>Na\u0161e v\u00fdrobn\u00ed z\u00e1kladna<\/h2>\n<h3>Panorama tov\u00e1rny<\/h3>\n<p><img decoding=\"async\" src=\"\/wp-content\/uploads\/factory-01.webp\"\/><\/p>\n<h3>D\u00edlna na v\u00fdrobu hlin\u00edkov\u00fdch ty\u010d\u00ed<\/h3>\n<p><img decoding=\"async\" src=\"\/wp-content\/uploads\/factory-02.webp\"\/><\/p>\n<\/p>\n<p><img decoding=\"async\" src=\"\/wp-content\/uploads\/factory-03.webp\"\/><\/p>\n<h3>Sklad pl\u00edsn\u00ed<\/h3>\n<p><img decoding=\"async\" src=\"\/wp-content\/uploads\/factory-04.webp\"\/><\/p>\n<h3>43 linek na vytla\u010dov\u00e1n\u00ed hlin\u00edku (500-5500 tun)<\/h3>\n<p><img decoding=\"async\" src=\"\/wp-content\/uploads\/factory-05.webp\"\/><\/p>\n<p><img decoding=\"async\" src=\"\/wp-content\/uploads\/factory-06.webp\"\/><\/p>\n<p><img decoding=\"async\" src=\"\/wp-content\/uploads\/factory-07.webp\"\/><\/p>\n<h3>D\u00edlna pr\u00e1\u0161kov\u00e9ho lakov\u00e1n\u00ed<\/h3>\n<p><img decoding=\"async\" src=\"\/wp-content\/uploads\/factory-09.webp\"\/><\/p>\n<h3>D\u00edlna eloxov\u00e1n\u00ed<\/h3>\n<p><img decoding=\"async\" src=\"\/wp-content\/uploads\/factory-10.webp\"\/><\/p>\n<h3>Workshop o hloubkov\u00e9m zpracov\u00e1n\u00ed<\/h3>\n<p><img decoding=\"async\" src=\"\/wp-content\/uploads\/factory-11.webp\"\/><\/p>\n<h3>D\u00edlna CNC p\u0159esn\u00e9ho obr\u00e1b\u011bn\u00ed<\/h3>\n<p><img decoding=\"async\" src=\"\/wp-content\/uploads\/factory-11.5.webp\"\/><\/p>\n<h3>Sklad hotov\u00fdch v\u00fdrobk\u016f a exportn\u00ed sklad<\/h3>\n<p><img decoding=\"async\" src=\"\/wp-content\/uploads\/factory-12.webp\"\/><\/p>\n<p><img decoding=\"async\" src=\"\/wp-content\/uploads\/factory-13.webp\"\/><\/p>\n<p><img decoding=\"async\" src=\"\/wp-content\/uploads\/factory-14.webp\"\/><\/p>\n<h2>\u010cASTO KLADEN\u00c9 DOTAZY<\/h2>\n<p><b>1.Jak\u00e9 jsou v\u00fdhody pou\u017eit\u00ed hlin\u00edku \u0159ady 6000 pro okenn\u00ed profily? <\/b><\/p>\n<p>Hlin\u00edk \u0159ady 6000 nab\u00edz\u00ed vynikaj\u00edc\u00ed pom\u011br pevnosti a hmotnosti, vynikaj\u00edc\u00ed odolnost proti korozi a trvanlivost, tak\u017ee je ide\u00e1ln\u00ed pro \u017ealuziov\u00e9 okenn\u00ed profily.\n<\/p>\n<p><\/p>\n<p><b>2.Lze hlin\u00edkov\u00e9 \u017ealuziov\u00e9 profily p\u0159izp\u016fsobit pro konkr\u00e9tn\u00ed proveden\u00ed oken? <\/b><\/p>\n<p>Ano, hlin\u00edkov\u00e9 \u017ealuziov\u00e9 profily lze tvarov\u011b, rozm\u011brov\u011b a povrchov\u011b upravit tak, aby spl\u0148ovaly specifick\u00e9 po\u017eadavky na konstrukci nastaviteln\u00fdch vodot\u011bsn\u00fdch \u017ealuziov\u00fdch oken.\n<\/p>\n<p><\/p>\n<p><b>3.Jsou tyto hlin\u00edkov\u00e9 profily vhodn\u00e9 pro pob\u0159e\u017en\u00ed prost\u0159ed\u00ed nebo prost\u0159ed\u00ed s vysokou vlhkost\u00ed? <\/b><\/p>\n<p>D\u00edky korozivzdorn\u00fdm vlastnostem hlin\u00edku \u0159ady 6000 jsou tyto profily ide\u00e1ln\u00ed pro pob\u0159e\u017en\u00ed prost\u0159ed\u00ed a prost\u0159ed\u00ed s vysokou vlhkost\u00ed.\n<\/p>\n<p><\/p>\n<p><b>4.Jak\u00e9 je cenov\u00e9 rozp\u011bt\u00ed hlin\u00edkov\u00fdch \u017ealuziov\u00fdch profil\u016f pou\u017e\u00edvan\u00fdch v nastaviteln\u00fdch vodot\u011bsn\u00fdch oknech? <\/b><\/p>\n<p>V\u00fdrobn\u00ed cena hlin\u00edkov\u00fdch \u017ealuziov\u00fdch profil\u016f pou\u017e\u00edvan\u00fdch v nastaviteln\u00fdch vodot\u011bsn\u00fdch oknech za\u010d\u00edn\u00e1 na $0,50 za kus v z\u00e1vislosti na p\u0159izp\u016fsoben\u00ed a objemu objedn\u00e1vky.\n<\/p>\n<p><\/p>\n<p><b>5.Jak hlin\u00edkov\u00e9 \u017ealuziov\u00e9 profily zlep\u0161uj\u00ed funk\u010dnost vodot\u011bsn\u00fdch \u017ealuziov\u00fdch oken? <\/b><\/p>\n<p>Hlin\u00edkov\u00e9 \u017ealuziov\u00e9 profily zaji\u0161\u0165uj\u00ed struktur\u00e1ln\u00ed integritu a umo\u017e\u0148uj\u00ed nastaviteln\u00e9 v\u011btr\u00e1n\u00ed, \u010d\u00edm\u017e zvy\u0161uj\u00ed funk\u010dnost vodot\u011bsn\u00fdch \u017ealuziov\u00fdch oken.\n<\/p>\n<p><\/p>","protected":false},"featured_media":7201,"template":"","categories":[67],"class_list":["post-7202","product","type-product","status-publish","has-post-thumbnail","hentry","category-architectural-aluminium-profile"],"meta_box":{"hilight_text_group":{"product_hilight_text":"<li>Constructed from high-strength 6000 series aluminum alloy, offering excellent corrosion resistance and durability for adjustable waterproof louver windows<\/li>\r\r\n<li>Engineered for adjustable waterproof louver windows, ensuring optimal ventilation and weather protection<\/li>\r\r\n<li>Customizable profiles available in various shapes and finishes, including anodized and powder-coated options<\/li>\r\r\n<li>Lightweight design facilitates easy installation and reduces overall structural load<\/li>\r\r\n<li>Cost-effective manufacturing prices, starting from $0.50 per piece for bulk orders<\/li>","product_chanpin_blog":"<ul>\r\r\n<li><a href=\"https:\/\/sinoextrud.com\/t-slot-v-slot-differences\/\" target=\"_blank\">t slot vs v slot<\/a><\/li>\r\r\n<li><a href=\"https:\/\/sinoextrud.com\/what-is-4040-aluminium-extrud\/\" target=\"_blank\">4040 aluminium extrusion<\/a><\/li>\r\r\n<li><a href=\"https:\/\/sinoextrud.com\/what-is-4040-aluminium-extrud\/\" target=\"_blank\">aluminum extrusions for industrial racks<\/a><\/li>\r\r\n<li><a href=\"https:\/\/sinoextrud.com\/powder-coating-aluminium-process\/\" target=\"_blank\">powder coating aluminium<\/a><\/li>\r\r\n<li><a href=\"https:\/\/sinoextrud.com\/what-is-an-aluminium-strip-ceiling\/\" target=\"_blank\">aluminium strip ceiling<\/a><\/li>\r\r\n<li><a href=\"https:\/\/sinoextrud.com\/what-is-a-heat-sink\/\" target=\"_blank\">what is a heat sink<\/a><\/li>\r\r\n<\/ul>","product_chanpin_chanpin":"<li><a href=\"https:\/\/sinoextrud.com\/product\/6061-extruded-aluminum\/\" target=\"_blank\">6061 Extruded Aluminum<\/a><\/li>\r\n<li><a href=\"https:\/\/sinoextrud.com\/product\/powder-coating-aluminum-window-profile\/\" target=\"_blank\">Powder Coating Aluminum Window Profile<\/a><\/li>\r\n<li><a href=\"https:\/\/sinoextrud.com\/product\/aluminum-windows-and-doors-for-nigeria\/\" target=\"_blank\">Aluminum windows And Doors For Nigeria<\/a><\/li>\r\n<li><a href=\"https:\/\/sinoextrud.com\/product\/aluminum-curtain-wall-profile-extrusion-profiles-aluminum-tubing-catalog\/\" target=\"_blank\">aluminum curtain wall profile extrusion profiles aluminum tubing catalog<\/a><\/li>\r\n<li><a href=\"https:\/\/sinoextrud.com\/product\/the-world-most-popular-6000-series-aluminum-extrusion-profile-louver-shutter-for-adjustable-waterproof-louver-windows\/\" target=\"_blank\">The World Most Popular 6000 Series aluminum extrusion Profile louver shutter For Adjustable Waterproof Louver Windows<\/a><\/li>\r\n<li><a href=\"https:\/\/sinoextrud.com\/product\/aluminum-extrusion-solar-panel-frame\/\" target=\"_blank\">Aluminum extrusion solar panel frame<\/a><\/li>\r\n<li><a href=\"https:\/\/sinoextrud.com\/product\/aluminum-partitioning-windows-doors-nigeria-design\/\" target=\"_blank\">Aluminum Partitioning Windows Doors Nigeria Design<\/a><\/li>\r\n<li><a href=\"https:\/\/sinoextrud.com\/product\/anodized-powder-coated-aluminum-extrusion-profile-for-outdoor-louver-shutter\/\" target=\"_blank\">Anodized Powder Coated Aluminum Extrusion Profile For Outdoor Louver Shutter<\/a><\/li>\r\n<li><a href=\"https:\/\/sinoextrud.com\/product\/extrusion-aluminium-tube-pipe-aluminum-polishing-style\/\" target=\"_blank\">Extrusion Aluminium Tube Pipe Aluminum Polishing Style<\/a><\/li>\r\n<li><a href=\"https:\/\/sinoextrud.com\/product\/aluminum-profile-for-workstation-desk\/\" target=\"_blank\">Aluminum Profile For Workstation Desk<\/a><\/li>\r\n<li><a href=\"https:\/\/sinoextrud.com\/product\/t-track-aluminium-extrusion-industrial-usage\/\" target=\"_blank\">T Track Aluminium Extrusion Industrial Usage<\/a><\/li>"},"feature_list":[]},"_links":{"self":[{"href":"https:\/\/sinoextrud.com\/cs\/wp-json\/wp\/v2\/product\/7202","targetHints":{"allow":["GET"]}}],"collection":[{"href":"https:\/\/sinoextrud.com\/cs\/wp-json\/wp\/v2\/product"}],"about":[{"href":"https:\/\/sinoextrud.com\/cs\/wp-json\/wp\/v2\/types\/product"}],"wp:featuredmedia":[{"embeddable":true,"href":"https:\/\/sinoextrud.com\/cs\/wp-json\/wp\/v2\/media\/7201"}],"wp:attachment":[{"href":"https:\/\/sinoextrud.com\/cs\/wp-json\/wp\/v2\/media?parent=7202"}],"wp:term":[{"taxonomy":"category","embeddable":true,"href":"https:\/\/sinoextrud.com\/cs\/wp-json\/wp\/v2\/categories?post=7202"}],"curies":[{"name":"wp","href":"https:\/\/api.w.org\/{rel}","templated":true}]}}