{"id":7038,"date":"2025-06-05T03:09:00","date_gmt":"2025-06-05T03:09:00","guid":{"rendered":"https:\/\/sinoextrud.com\/product\/l-shaped-aluminum-extrusion-6063-t5-aluminum-angle-bar-alloy-profile\/"},"modified":"2025-06-24T06:12:11","modified_gmt":"2025-06-24T06:12:11","slug":"l-ve-tvaru-hlinikoveho-vylisku-6063-t5-hlinikovy-uhelnik-profil-slitiny","status":"publish","type":"product","link":"https:\/\/sinoextrud.com\/cs\/product\/l-shaped-aluminum-extrusion-6063-t5-aluminum-angle-bar-alloy-profile\/","title":{"rendered":"Hlin\u00edkov\u00fd v\u00fdlisek ve tvaru p\u00edsmene L 6063 T5 Hlin\u00edkov\u00fd \u00faheln\u00edkov\u00fd profil slitiny"},"content":{"rendered":"<h2>Podrobnosti o produktech<\/h2>\n<table class=\"custom-table\">\n<tr>\n<td class=\"label\">Polo\u017eka:<\/td>\n<td> Hlin\u00edkov\u00fd v\u00fdlisek ve tvaru p\u00edsmene L \/ 6063 T5 hlin\u00edkov\u00fd \u00faheln\u00edk z hlin\u00edkov\u00e9 slitiny Profil\uff0c<\/td>\n<\/tr>\n<tr>\n<td class=\"label\">M\u00edrnost:<\/td>\n<td> T3-T8\uff0c<\/td>\n<\/tr>\n<tr>\n<td class=\"label\">Slitina:<\/td>\n<td> Slitina\uff0c<\/td>\n<\/tr>\n<tr>\n<td class=\"label\">Leguj\u00edc\u00ed slo\u017eka:<\/td>\n<td> 6063 T5\uff0c<\/td>\n<\/tr>\n<tr>\n<td class=\"label\">Profil z le\u0161t\u011bn\u00e9ho hlin\u00edku:<\/td>\n<td> Mechanick\u00e9 le\u0161t\u011bn\u00ed\uff0c<\/td>\n<\/tr>\n<tr>\n<td class=\"label\">Z\u00e1ruka:<\/td>\n<td> 15-20 let z\u00e1ruka barev\uff0c<\/td>\n<\/tr>\n<tr>\n<td class=\"label\">Zam\u011b\u0159te se na:<\/td>\n<td> Architektura, pr\u016fmysl, dom\u00e1c\u00ed spot\u0159ebi\u010de<\/td>\n<\/tr>\n<tr>\n<td class=\"label\">Velikost:<\/td>\n<td> podle p\u0159\u00e1n\u00ed z\u00e1kazn\u00edka\uff0c<\/td>\n<\/tr>\n<tr>\n<td class=\"label\">Materi\u00e1l:<\/td>\n<td> 6063\/6061\/6005\/6060 T5\/T6\uff0c<\/td>\n<\/tr>\n<tr>\n<td class=\"label\">Typ produktu:<\/td>\n<td> Pr\u016fmyslov\u00e9 v\u00fdlisky z hlin\u00edkov\u00e9 slitiny Profil\uff0c<\/td>\n<\/tr>\n<tr>\n<td class=\"label\">Pou\u017eit\u00ed:<\/td>\n<td>Profil hlin\u00edkov\u00e9 slitiny \u00fahlov\u00e9 ty\u010de\uff0c<\/td>\n<\/tr>\n<tr>\n<td class=\"label\">P\u0159epravn\u00ed bal\u00ed\u010dek:<\/td>\n<td> Plastov\u00e1 f\u00f3lie a kraftov\u00fd pap\u00edr\uff0c<\/td>\n<\/tr>\n<tr>\n<td class=\"label\">P\u016fvod:<\/td>\n<td> \u010c\u00edna, Foshan\uff0c<\/td>\n<\/tr>\n<tr>\n<td class=\"label\">Typ:<\/td>\n<td> Hlin\u00edkov\u00e9 profily pro okna a dve\u0159e, dekora\u010dn\u00ed hlin\u00edkov\u00e9 profily, hlin\u00edkov\u00e9 profily pro chladi\u010de, hlin\u00edkov\u00e9 profily pro sklen\u011bn\u00e9 st\u011bny, hlin\u00edkov\u00e9 profily pro p\u0159epravu.<\/td>\n<\/tr>\n<tr>\n<td class=\"label\">Certifikace:<\/td>\n<td> CE, SONCAP, ISO, CIQ, RoHS, TUV\uff0c<\/td>\n<\/tr>\n<tr>\n<td class=\"label\">Hornors:<\/td>\n<td> \u010c\u00edna Top 10 zaru\u010den\u00e1 kvalita dodavatele hlin\u00edkov\u00e9ho \u00fahlu vytla\u010dov\u00e1n\u00ed Factory\uff0c<\/td>\n<\/tr>\n<tr>\n<td class=\"label\">Barva:<\/td>\n<td> St\u0159\u00edbrn\u00e1, bronzov\u00e1, \u010dern\u00e1, zlat\u00e1, dle po\u017eadavku\uff0c<\/td>\n<\/tr>\n<tr>\n<td class=\"label\">Dokon\u010den\u00ed:<\/td>\n<td> eloxov\u00e1n\u00ed, pr\u00e1\u0161kov\u00e9 lakov\u00e1n\u00ed, povrchov\u00e1 \u00faprava d\u0159eva, le\u0161t\u011bn\u00ed\uff0c<\/td>\n<\/tr>\n<tr>\n<td class=\"label\">Specifikace:<\/td>\n<td> Podle p\u0159\u00e1n\u00ed z\u00e1kazn\u00edk\u016f\uff0c<\/td>\n<\/tr>\n<tr>\n<td class=\"label\">K\u00f3d HS:<\/td>\n<td> 7604299000\uff0c<\/td>\n<\/tr>\n<\/table>\n<h2>Na\u0161e v\u00fdrobn\u00ed z\u00e1kladna<\/h2>\n<h3>Panorama tov\u00e1rny<\/h3>\n<p><img decoding=\"async\" src=\"\/wp-content\/uploads\/factory-01.webp\"\/><\/p>\n<h3>D\u00edlna na v\u00fdrobu hlin\u00edkov\u00fdch ty\u010d\u00ed<\/h3>\n<p><img decoding=\"async\" src=\"\/wp-content\/uploads\/factory-02.webp\"\/><\/p>\n<\/p>\n<p><img decoding=\"async\" src=\"\/wp-content\/uploads\/factory-03.webp\"\/><\/p>\n<h3>Sklad pl\u00edsn\u00ed<\/h3>\n<p><img decoding=\"async\" src=\"\/wp-content\/uploads\/factory-04.webp\"\/><\/p>\n<h3>43 linek na vytla\u010dov\u00e1n\u00ed hlin\u00edku (500-5500 tun)<\/h3>\n<p><img decoding=\"async\" src=\"\/wp-content\/uploads\/factory-05.webp\"\/><\/p>\n<p><img decoding=\"async\" src=\"\/wp-content\/uploads\/factory-06.webp\"\/><\/p>\n<p><img decoding=\"async\" src=\"\/wp-content\/uploads\/factory-07.webp\"\/><\/p>\n<h3>D\u00edlna pr\u00e1\u0161kov\u00e9ho lakov\u00e1n\u00ed<\/h3>\n<p><img decoding=\"async\" src=\"\/wp-content\/uploads\/factory-09.webp\"\/><\/p>\n<h3>D\u00edlna eloxov\u00e1n\u00ed<\/h3>\n<p><img decoding=\"async\" src=\"\/wp-content\/uploads\/factory-10.webp\"\/><\/p>\n<h3>Workshop o hloubkov\u00e9m zpracov\u00e1n\u00ed<\/h3>\n<p><img decoding=\"async\" src=\"\/wp-content\/uploads\/factory-11.webp\"\/><\/p>\n<h3>D\u00edlna CNC p\u0159esn\u00e9ho obr\u00e1b\u011bn\u00ed<\/h3>\n<p><img decoding=\"async\" src=\"\/wp-content\/uploads\/factory-11.5.webp\"\/><\/p>\n<h3>Sklad hotov\u00fdch v\u00fdrobk\u016f a exportn\u00ed sklad<\/h3>\n<p><img decoding=\"async\" src=\"\/wp-content\/uploads\/factory-12.webp\"\/><\/p>\n<p><img decoding=\"async\" src=\"\/wp-content\/uploads\/factory-13.webp\"\/><\/p>\n<p><img decoding=\"async\" src=\"\/wp-content\/uploads\/factory-14.webp\"\/><\/p>\n<h2>\u010cASTO KLADEN\u00c9 DOTAZY<\/h2>\n<p><b>1.Co je hlin\u00edkov\u00fd v\u00fdlisek ve tvaru p\u00edsmene L \/ hlin\u00edkov\u00e1 \u00fahlov\u00e1 ty\u010d 6063 T5?<\/b><\/p>\n<p>Jedn\u00e1 se o hlin\u00edkov\u00fd profil s pr\u016f\u0159ezem ve tvaru p\u00edsmene L, vyroben\u00fd ze slitiny 6063 T5, kter\u00fd se pou\u017e\u00edv\u00e1 pro konstruk\u010dn\u00ed podporu, r\u00e1mov\u00e1n\u00ed a ochranu hran.\n<\/p>\n<p><\/p>\n<p><b>2.Pro\u010d zvolit hlin\u00edk 6063 T5 pro \u00fahlov\u00e9 profily?<\/b><\/p>\n<p>Hlin\u00edk 6063 T5 nab\u00edz\u00ed silnou rovnov\u00e1hu mezi pevnost\u00ed, odolnost\u00ed proti korozi a zpracovatelnost\u00ed, tak\u017ee je ide\u00e1ln\u00ed pro lisovan\u00e9 \u00faheln\u00edky.\n<\/p>\n<p><\/p>\n<p><b>3.Jak\u00e9 jsou b\u011b\u017en\u00e9 aplikace hlin\u00edkov\u00fdch profil\u016f ve tvaru L?<\/b><\/p>\n<p>Tyto profily se hojn\u011b pou\u017e\u00edvaj\u00ed v r\u00e1mov\u00e1n\u00ed, architektonick\u00fdch oblo\u017een\u00edch, v\u00fdztu\u017en\u00fdch konzol\u00e1ch, strojn\u00edch za\u0159\u00edzen\u00edch a stavebn\u00edch konstrukc\u00edch.\n<\/p>\n<p><\/p>\n<p><b>4.Je hlin\u00edkov\u00e1 \u00fahlov\u00e1 ty\u010d vhodn\u00e1 pro venkovn\u00ed pou\u017eit\u00ed?<\/b><\/p>\n<p>Ano, hlin\u00edkov\u00e9 \u00faheln\u00edky 6063 T5 se d\u00edky sv\u00e9 odolnosti proti korozi dob\u0159e osv\u011bd\u010duj\u00ed ve vnit\u0159n\u00edm i venkovn\u00edm prost\u0159ed\u00ed.\n<\/p>\n<p><\/p>\n<p><b>5.M\u016f\u017ee b\u00fdt hlin\u00edkov\u00fd v\u00fdlisek ve tvaru p\u00edsmene L p\u0159izp\u016fsoben?<\/b><\/p>\n<p>D\u00e9lku, \u00fahel, tlou\u0161\u0165ku a povrchovou \u00fapravu lze p\u0159izp\u016fsobit specifick\u00fdm po\u017eadavk\u016fm v\u00fdrobc\u016f OEM nebo architekt\u016f.\n<\/p>\n<p><\/p>\n<p><b>6.Jak\u00e9 povrchov\u00e9 \u00fapravy jsou k dispozici pro hlin\u00edkov\u00e9 \u00faheln\u00edky 6063 T5?<\/b><\/p>\n<p>Typick\u00e9 povrchov\u00e9 \u00fapravy zahrnuj\u00ed fr\u00e9zov\u00e1n\u00ed, eloxov\u00e1n\u00ed, pr\u00e1\u0161kov\u00e9 lakov\u00e1n\u00ed a kart\u00e1\u010dovan\u00fd povrch pro zv\u00fd\u0161en\u00ed odolnosti a vzhledu.\n<\/p>\n<p><\/p>\n<p><b>7.Pracuje se s hlin\u00edkov\u00fdmi v\u00fdlisky ve tvaru L snadno?<\/b><\/p>\n<p>Ano, jsou lehk\u00e9, snadno se \u0159e\u017eou a vrtaj\u00ed a jsou kompatibiln\u00ed se sva\u0159ovac\u00edmi a upev\u0148ovac\u00edmi syst\u00e9my.\n<\/p>\n<p><\/p>","protected":false},"featured_media":7037,"template":"","categories":[67],"class_list":["post-7038","product","type-product","status-publish","has-post-thumbnail","hentry","category-architectural-aluminium-profile"],"meta_box":{"hilight_text_group":{"product_hilight_text":"<li>Manufactured from 6063 T5 aluminum alloy for excellent strength and corrosion resistance<\/li>\r\r\n<li>L shaped design provides structural reinforcement and edge protection<\/li>\r\r\n<li>Lightweight yet durable for both industrial and architectural applications<\/li>\r\r\n<li>Easy to cut, machine, and assemble for customized fabrication<\/li>\r\r\n<li>Available in multiple sizes and finishes to meet diverse project needs<\/li>\r\r\n<li>Ideal for framing, brackets, supports, and trim solutions<\/li>","product_chanpin_blog":"<ul>\r\r\n<li><a href=\"https:\/\/sinoextrud.com\/t-slot-v-slot-differences\/\" target=\"_blank\">t slot vs v slot<\/a><\/li>\r\r\n<li><a href=\"https:\/\/sinoextrud.com\/what-is-4040-aluminium-extrud\/\" target=\"_blank\">4040 aluminium extrusion<\/a><\/li>\r\r\n<li><a href=\"https:\/\/sinoextrud.com\/what-is-4040-aluminium-extrud\/\" target=\"_blank\">aluminum extrusions for industrial racks<\/a><\/li>\r\r\n<li><a href=\"https:\/\/sinoextrud.com\/powder-coating-aluminium-process\/\" target=\"_blank\">powder coating aluminium<\/a><\/li>\r\r\n<li><a href=\"https:\/\/sinoextrud.com\/what-is-an-aluminium-strip-ceiling\/\" target=\"_blank\">aluminium strip ceiling<\/a><\/li>\r\r\n<li><a href=\"https:\/\/sinoextrud.com\/what-is-a-heat-sink\/\" target=\"_blank\">what is a heat sink<\/a><\/li>\r\r\n<\/ul>","product_chanpin_chanpin":"<li><a href=\"https:\/\/sinoextrud.com\/product\/color-polishing-aluminium-for-sliding-door\/\" target=\"_blank\">Color Polishing Aluminium For Sliding Door<\/a><\/li>\r\n<li><a href=\"https:\/\/sinoextrud.com\/product\/wood-grain-aluminium-frame-composite-used\/\" target=\"_blank\">Wood Grain Aluminium Frame Composite used<\/a><\/li>\r\n<li><a href=\"https:\/\/sinoextrud.com\/product\/half-round-aluminum-extrusion\/\" target=\"_blank\">Half Round Aluminum Extrusion<\/a><\/li>\r\n<li><a href=\"https:\/\/sinoextrud.com\/product\/u-channel-aluminium-extrusion\/\" target=\"_blank\">U Channel Aluminium Extrusion<\/a><\/li>\r\n<li><a href=\"https:\/\/sinoextrud.com\/product\/l-shaped-aluminum-extrusion-6063-t5-aluminum-angle-bar-alloy-profile\/\" target=\"_blank\">L Shaped Aluminum Extrusion  6063 T5 Aluminum Angle Bar Alloy Profile<\/a><\/li>\r\n<li><a href=\"https:\/\/sinoextrud.com\/product\/h-section-aluminium-extrusion-foshan-factory\/\" target=\"_blank\">H Section Aluminium Extrusion Foshan Factory<\/a><\/li>\r\n<li><a href=\"https:\/\/sinoextrud.com\/product\/6061-extruded-aluminum\/\" target=\"_blank\">6061 Extruded Aluminum<\/a><\/li>\r\n<li><a href=\"https:\/\/sinoextrud.com\/product\/powder-coating-aluminum-window-profile\/\" target=\"_blank\">Powder Coating Aluminum Window Profile<\/a><\/li>\r\n<li><a href=\"https:\/\/sinoextrud.com\/product\/aluminum-windows-and-doors-for-nigeria\/\" target=\"_blank\">Aluminum windows And Doors For Nigeria<\/a><\/li>\r\n<li><a href=\"https:\/\/sinoextrud.com\/product\/f-channel-aluminum-extrusion\/\" target=\"_blank\">F Channel Aluminum Extrusion<\/a><\/li>\r\n<li><a href=\"https:\/\/sinoextrud.com\/product\/curtain-aluminum-profile-extrusion-for-window\/\" target=\"_blank\">Curtain Aluminum Profile Extrusion For Window<\/a><\/li>"},"feature_list":[]},"_links":{"self":[{"href":"https:\/\/sinoextrud.com\/cs\/wp-json\/wp\/v2\/product\/7038","targetHints":{"allow":["GET"]}}],"collection":[{"href":"https:\/\/sinoextrud.com\/cs\/wp-json\/wp\/v2\/product"}],"about":[{"href":"https:\/\/sinoextrud.com\/cs\/wp-json\/wp\/v2\/types\/product"}],"wp:featuredmedia":[{"embeddable":true,"href":"https:\/\/sinoextrud.com\/cs\/wp-json\/wp\/v2\/media\/7037"}],"wp:attachment":[{"href":"https:\/\/sinoextrud.com\/cs\/wp-json\/wp\/v2\/media?parent=7038"}],"wp:term":[{"taxonomy":"category","embeddable":true,"href":"https:\/\/sinoextrud.com\/cs\/wp-json\/wp\/v2\/categories?post=7038"}],"curies":[{"name":"wp","href":"https:\/\/api.w.org\/{rel}","templated":true}]}}