{"id":6999,"date":"2025-06-05T01:57:47","date_gmt":"2025-06-05T01:57:47","guid":{"rendered":"https:\/\/sinoextrud.com\/product\/machined-aluminium-profiles-for-windows-and-doors\/"},"modified":"2025-06-24T06:12:04","modified_gmt":"2025-06-24T06:12:04","slug":"obrabene-hlinikove-profily-pro-okna-a-dvere","status":"publish","type":"product","link":"https:\/\/sinoextrud.com\/cs\/product\/machined-aluminium-profiles-for-windows-and-doors\/","title":{"rendered":"Obr\u00e1b\u011bn\u00e9 hlin\u00edkov\u00e9 profily pro okna a dve\u0159e"},"content":{"rendered":"<h2>Podrobnosti o produktech<\/h2>\n<table class=\"custom-table\">\n<tr>\n<td class=\"label\">1. N\u00e1zev produktu:<\/td>\n<td> Obr\u00e1b\u011bn\u00e9 hlin\u00edkov\u00e9 profily pro okna a dve\u0159e\uff0c<\/td>\n<\/tr>\n<tr>\n<td class=\"label\">2. Materi\u00e1l :<\/td>\n<td> Hlin\u00edkov\u00e1 slitina 6063-T5\uff0c<\/td>\n<\/tr>\n<tr>\n<td class=\"label\">3. Povrchov\u00e1 \u00faprava:<\/td>\n<td> Mezin\u00e1rodn\u00ed standardn\u00ed eloxovan\u00fd, p\u00edskovan\u00fd, \u010derven\u00fd\uff0c<\/td>\n<\/tr>\n<tr>\n<td class=\"label\">4. V\u00fdkonn\u00fd standard:<\/td>\n<td> GB5237-2008<\/td>\n<\/tr>\n<tr>\n<td class=\"label\">5. Certifik\u00e1ty:<\/td>\n<td> ISO9001\uff0c<\/td>\n<\/tr>\n<tr>\n<td class=\"label\">6. Model:<\/td>\n<td> N\u00e1vrh podle vlastn\u00edho v\u00fdkresu a poplatek za formu nese z\u00e1kazn\u00edk.<\/td>\n<\/tr>\n<\/table>\n<h2>Na\u0161e v\u00fdrobn\u00ed z\u00e1kladna<\/h2>\n<h3>Panorama tov\u00e1rny<\/h3>\n<p><img decoding=\"async\" src=\"\/wp-content\/uploads\/factory-01.webp\"\/><\/p>\n<h3>D\u00edlna na v\u00fdrobu hlin\u00edkov\u00fdch ty\u010d\u00ed<\/h3>\n<p><img decoding=\"async\" src=\"\/wp-content\/uploads\/factory-02.webp\"\/><\/p>\n<p><img decoding=\"async\" src=\"\/wp-content\/uploads\/factory-03.webp\"\/><\/p>\n<h3>Sklad pl\u00edsn\u00ed<\/h3>\n<p><img decoding=\"async\" src=\"\/wp-content\/uploads\/factory-04.webp\"\/><\/p>\n<h3>43 linek na vytla\u010dov\u00e1n\u00ed hlin\u00edku (500-5500 tun)<\/h3>\n<p><img decoding=\"async\" src=\"\/wp-content\/uploads\/factory-05.webp\"\/><\/p>\n<p><img decoding=\"async\" src=\"\/wp-content\/uploads\/factory-06.webp\"\/><\/p>\n<p><img decoding=\"async\" src=\"\/wp-content\/uploads\/factory-07.webp\"\/><\/p>\n<h3>D\u00edlna pr\u00e1\u0161kov\u00e9ho lakov\u00e1n\u00ed<\/h3>\n<p><img decoding=\"async\" src=\"\/wp-content\/uploads\/factory-09.webp\"\/><\/p>\n<h3>D\u00edlna eloxov\u00e1n\u00ed<\/h3>\n<p><img decoding=\"async\" src=\"\/wp-content\/uploads\/factory-10.webp\"\/><\/p>\n<h3>Workshop o hloubkov\u00e9m zpracov\u00e1n\u00ed<\/h3>\n<p><img decoding=\"async\" src=\"\/wp-content\/uploads\/factory-11.webp\"\/><\/p>\n<h3>D\u00edlna CNC p\u0159esn\u00e9ho obr\u00e1b\u011bn\u00ed<\/h3>\n<p><img decoding=\"async\" src=\"\/wp-content\/uploads\/factory-11.5.webp\"\/><\/p>\n<h3>Sklad hotov\u00fdch v\u00fdrobk\u016f a exportn\u00ed sklad<\/h3>\n<p><img decoding=\"async\" src=\"\/wp-content\/uploads\/factory-12.webp\"\/><\/p>\n<p><img decoding=\"async\" src=\"\/wp-content\/uploads\/factory-13.webp\"\/><\/p>\n<p><img decoding=\"async\" src=\"\/wp-content\/uploads\/factory-14.webp\"\/><\/p>\n<h2>\u010cASTO KLADEN\u00c9 DOTAZY<\/h2>\n<p><p><b>1.Co jsou obr\u00e1b\u011bn\u00e9 hlin\u00edkov\u00e9 profily pro okna a dve\u0159e?<\/b><\/p>\n<p>Jedn\u00e1 se o hlin\u00edkov\u00e9 v\u00fdlisky p\u0159esn\u011b opracovan\u00e9 pro bezprobl\u00e9movou integraci do okenn\u00edch a dve\u0159n\u00edch r\u00e1m\u016f, co\u017e zaru\u010duje p\u0159esnost a v\u00fdkon.<br \/>\n<\/p><br \/>\n<br \/>\n<p><b>2.Pro\u010d pou\u017e\u00edvat obr\u00e1b\u011bn\u00e9 hlin\u00edkov\u00e9 profily v oknech a dve\u0159\u00edch?<\/b><\/p>\n<p>Nab\u00edzej\u00ed pevnost, odolnost proti korozi a dokonal\u00e9 p\u0159izp\u016fsoben\u00ed, co\u017e zvy\u0161uje trvanlivost a energetickou \u00fa\u010dinnost stavebn\u00edch projekt\u016f.<br \/>\n<\/p><br \/>\n<br \/>\n<p><b>3.Jsou tyto profily odoln\u00e9 v\u016f\u010di pov\u011btrnostn\u00edm vliv\u016fm?<\/b><\/p>\n<p>Ano, eloxovan\u00e9 nebo pr\u00e1\u0161kov\u011b lakovan\u00e9 povrchy chr\u00e1n\u00ed p\u0159ed koroz\u00ed, UV z\u00e1\u0159en\u00edm a vlhkost\u00ed a jsou ide\u00e1ln\u00ed pro pou\u017eit\u00ed v exteri\u00e9ru.<br \/>\n<\/p><br \/>\n<br \/>\n<p><b>4.Mohu si vy\u017e\u00e1dat zak\u00e1zkov\u00e9 obr\u00e1b\u011bn\u00ed pro speci\u00e1ln\u00ed proveden\u00ed oken?<\/b><\/p>\n<p>Ano, nab\u00edz\u00edme CNC obr\u00e1b\u011bn\u00ed, kter\u00e9 spl\u0148uje jedine\u010dn\u00e9 po\u017eadavky na konstrukci, v\u010detn\u011b dr\u00e1\u017eek, otvor\u016f a z\u00e1\u0159ez\u016f pro konektory.<br \/>\n<\/p><br \/>\n<br \/>\n<p><b>5.Jak\u00e9 typy povrchov\u00fdch \u00faprav jsou k dispozici?<\/b><\/p>\n<p>Mezi b\u011b\u017en\u00e9 povrchov\u00e9 \u00fapravy pat\u0159\u00ed eloxov\u00e1n\u00ed, pr\u00e1\u0161kov\u00e9 lakov\u00e1n\u00ed, kart\u00e1\u010dov\u00e1n\u00ed a d\u0159ev\u011bn\u00e9 zrno, kter\u00e9 odpov\u00eddaj\u00ed r\u016fzn\u00fdm estetick\u00fdm pot\u0159eb\u00e1m.<br \/>\n<\/p><br \/>\n<br \/>\n<p><b>6.Jsou tyto profily vhodn\u00e9 pro syst\u00e9my tepeln\u00e9ho p\u0159eru\u0161en\u00ed?<\/b><\/p>\n<p>Ano, na\u0161e obr\u00e1b\u011bn\u00e9 profily lze integrovat s technologiemi tepeln\u00e9 izolace pro zlep\u0161en\u00ed izolace dve\u0159\u00ed a oken.<br \/>\n<\/p><br \/>\n<br \/>\n<p><b>7.Je instalace pomoc\u00ed obr\u00e1b\u011bn\u00fdch profil\u016f snadn\u00e1?<\/b><\/p>\n<p>Ano, profily jsou p\u0159edem p\u0159ipraveny pro rychlou mont\u00e1\u017e, co\u017e zkracuje dobu instalace a zaji\u0161\u0165uje p\u0159esn\u00e9 zarovn\u00e1n\u00ed.<br \/>\n<\/p><br \/>\n<br \/>\n<p><b>8.V jak\u00fdch odv\u011btv\u00edch se pou\u017e\u00edvaj\u00ed obr\u00e1b\u011bn\u00e9 hlin\u00edkov\u00e9 profily?<\/b><\/p>\n<p>Jsou \u0161iroce pou\u017e\u00edv\u00e1ny ve stavebnictv\u00ed, p\u0159i v\u00fdstavb\u011b nemovitost\u00ed, v panelov\u00fdch domech a p\u0159i architektonick\u00fdch renovac\u00edch.<br \/>\n<\/p><br \/><\/p>","protected":false},"featured_media":6998,"template":"","categories":[67],"class_list":["post-6999","product","type-product","status-publish","has-post-thumbnail","hentry","category-architectural-aluminium-profile"],"meta_box":{"hilight_text_group":{"product_hilight_text":"<li>Precision-machined aluminum profiles ensure accurate fit for windows and doors<\/li>\r\r\n<li>High strength-to-weight ratio improves structural integrity without adding bulk<\/li>\r\r\n<li>Corrosion-resistant finish suitable for all weather conditions<\/li>\r\r\n<li>Customizable shapes and cutouts for various architectural designs<\/li>\r\r\n<li>Ready-to-install profiles reduce labor time on-site<\/li>\r\r\n<li>Enhanced thermal and acoustic insulation performance<\/li>\r\r\n<li>Ideal for both residential and commercial construction projects<\/li>","product_chanpin_blog":"<ul>\r\r\n<li><a href=\"https:\/\/sinoextrud.com\/t-slot-v-slot-differences\/\" target=\"_blank\">t slot vs v slot<\/a><\/li>\r\r\n<li><a href=\"https:\/\/sinoextrud.com\/what-is-4040-aluminium-extrud\/\" target=\"_blank\">4040 aluminium extrusion<\/a><\/li>\r\r\n<li><a href=\"https:\/\/sinoextrud.com\/what-is-4040-aluminium-extrud\/\" target=\"_blank\">aluminum extrusions for industrial racks<\/a><\/li>\r\r\n<li><a href=\"https:\/\/sinoextrud.com\/powder-coating-aluminium-process\/\" target=\"_blank\">powder coating aluminium<\/a><\/li>\r\r\n<li><a href=\"https:\/\/sinoextrud.com\/what-is-an-aluminium-strip-ceiling\/\" target=\"_blank\">aluminium strip ceiling<\/a><\/li>\r\r\n<li><a href=\"https:\/\/sinoextrud.com\/what-is-a-heat-sink\/\" target=\"_blank\">what is a heat sink<\/a><\/li>\r\r\n<\/ul>","product_chanpin_chanpin":"<li><a href=\"https:\/\/sinoextrud.com\/product\/anodized-aluminum-profile-kitchen-cabinet-frame\/\" target=\"_blank\">Anodized Aluminum Profile Kitchen Cabinet Frame<\/a><\/li>\r\n<li><a href=\"https:\/\/sinoextrud.com\/product\/aluminum-extrusions-for-wall-panels-u-shape\/\" target=\"_blank\">Aluminum Extrusions For Wall Panels U Shape<\/a><\/li>\r\n<li><a href=\"https:\/\/sinoextrud.com\/product\/polished-sliver-aluminium-profile-like-mirror\/\" target=\"_blank\">Polished Sliver Aluminium Profile Like Mirror<\/a><\/li>\r\n<li><a href=\"https:\/\/sinoextrud.com\/product\/modular-aluminium-frame\/\" target=\"_blank\">Modular Aluminium Frame<\/a><\/li>\r\n<li><a href=\"https:\/\/sinoextrud.com\/product\/machined-aluminium-profiles-for-windows-and-doors\/\" target=\"_blank\">Machined Aluminium Profiles For Windows And Doors<\/a><\/li>\r\n<li><a href=\"https:\/\/sinoextrud.com\/product\/aluminum-trailer-door-frame-extrusions\/\" target=\"_blank\">Aluminum Trailer Door Frame Extrusions<\/a><\/li>\r\n<li><a href=\"https:\/\/sinoextrud.com\/product\/aluminium-shower-extrusions\/\" target=\"_blank\">Aluminium Shower Extrusions<\/a><\/li>\r\n<li><a href=\"https:\/\/sinoextrud.com\/product\/aluminium-profile-material\/\" target=\"_blank\">Aluminium Profile Material<\/a><\/li>\r\n<li><a href=\"https:\/\/sinoextrud.com\/product\/aluminium-frame-extrusion-profile-picture-frame-profile-for-interior-decoration\/\" target=\"_blank\">Aluminium Frame Extrusion Profile Picture Frame Profile For Interior Decoration<\/a><\/li>\r\n<li><a href=\"https:\/\/sinoextrud.com\/product\/wardrobe-cabinet-sliding-aluminum-profile\/\" target=\"_blank\">Wardrobe Cabinet Sliding Aluminum Profile<\/a><\/li>\r\n<li><a href=\"https:\/\/sinoextrud.com\/product\/20-year-warranty-6061-6063-aluminum-wood-grain-look-aluminum-extruded-square-rectangular-tube\/\" target=\"_blank\">20-Year Warranty 6061 6063 Aluminum Wood Grain Look Aluminum Extruded Square Rectangular Tube<\/a><\/li>"},"feature_list":[]},"_links":{"self":[{"href":"https:\/\/sinoextrud.com\/cs\/wp-json\/wp\/v2\/product\/6999","targetHints":{"allow":["GET"]}}],"collection":[{"href":"https:\/\/sinoextrud.com\/cs\/wp-json\/wp\/v2\/product"}],"about":[{"href":"https:\/\/sinoextrud.com\/cs\/wp-json\/wp\/v2\/types\/product"}],"wp:featuredmedia":[{"embeddable":true,"href":"https:\/\/sinoextrud.com\/cs\/wp-json\/wp\/v2\/media\/6998"}],"wp:attachment":[{"href":"https:\/\/sinoextrud.com\/cs\/wp-json\/wp\/v2\/media?parent=6999"}],"wp:term":[{"taxonomy":"category","embeddable":true,"href":"https:\/\/sinoextrud.com\/cs\/wp-json\/wp\/v2\/categories?post=6999"}],"curies":[{"name":"wp","href":"https:\/\/api.w.org\/{rel}","templated":true}]}}