{"id":6995,"date":"2025-06-05T01:52:46","date_gmt":"2025-06-05T01:52:46","guid":{"rendered":"https:\/\/sinoextrud.com\/product\/polished-sliver-aluminium-profile-like-mirror\/"},"modified":"2025-06-24T06:12:04","modified_gmt":"2025-06-24T06:12:04","slug":"lesteny-hlinikovy-profil-jako-zrcadlo","status":"publish","type":"product","link":"https:\/\/sinoextrud.com\/cs\/product\/polished-sliver-aluminium-profile-like-mirror\/","title":{"rendered":"Le\u0161t\u011bn\u00fd hlin\u00edkov\u00fd profil Sliver jako zrcadlo"},"content":{"rendered":"<h2>Podrobnosti o produktech<\/h2>\n<table class=\"custom-table\">\n<tr>\n<td class=\"label\">Polo\u017eka:<\/td>\n<td> Le\u0161t\u011bn\u00fd hlin\u00edkov\u00fd profil\uff0c<\/td>\n<\/tr>\n<tr>\n<td class=\"label\">M\u00edrnost:<\/td>\n<td> T3-T8\uff0c<\/td>\n<\/tr>\n<tr>\n<td class=\"label\">Slitina:<\/td>\n<td>Slitina\uff0c<\/td>\n<\/tr>\n<tr>\n<td class=\"label\">T\u0159\u00edda:<\/td>\n<td> 6063-T5, 6061-T6, 6463-T5, 7075-T6, 6082\uff0c<\/td>\n<\/tr>\n<tr>\n<td class=\"label\">D\u00e9lka:<\/td>\n<td>1-9 metr\u016f nebo na m\u00edru<\/td>\n<\/tr>\n<tr>\n<td class=\"label\">Velikost:<\/td>\n<td> Vlastn\u00ed\uff0c<\/td>\n<\/tr>\n<tr>\n<td class=\"label\">Tolerance:<\/td>\n<td> +\/-0.1m\uff0c<\/td>\n<\/tr>\n<tr>\n<td class=\"label\">Z\u00e1ruka:<\/td>\n<td> Barva povrchu m\u016f\u017ee b\u00fdt stabiln\u00ed po dobu 10-20 let v interi\u00e9ru\uff0c<\/td>\n<\/tr>\n<tr>\n<td class=\"label\">Kontrola kvality:<\/td>\n<td> 100% Kontrola p\u0159ed odesl\u00e1n\u00edm\uff0c<\/td>\n<\/tr>\n<tr>\n<td class=\"label\">Specifikace:<\/td>\n<td>ISO9001, ISO14001\uff0c<\/td>\n<\/tr>\n<tr>\n<td class=\"label\">P\u016fvod:<\/td>\n<td>Foshan, \u010c\u00edna\uff0c<\/td>\n<\/tr>\n<tr>\n<td class=\"label\">Ochrann\u00e1 zn\u00e1mka:<\/td>\n<td>Sinoextrud (Sinoextrud) \/ OEM\uff0c<\/td>\n<\/tr>\n<tr>\n<td class=\"label\">Typ:<\/td>\n<td> Hlin\u00edkov\u00e9 profily pro okna a dve\u0159e, dekora\u010dn\u00ed hlin\u00edkov\u00e9 profily, hlin\u00edkov\u00e9 profily pro chladi\u010de, le\u0161t\u011bn\u00e9 hlin\u00edkov\u00e9 profily, hlin\u00edkov\u00e9 profily pro sklen\u011bn\u00e9 st\u011bny, hlin\u00edkov\u00e9 profily pro dopravu, pr\u016fmyslov\u00e9 hlin\u00edkov\u00e9 profily.<\/td>\n<\/tr>\n<\/table>\n<h2>Na\u0161e v\u00fdrobn\u00ed z\u00e1kladna<\/h2>\n<h3>Panorama tov\u00e1rny<\/h3>\n<p><img decoding=\"async\" src=\"\/wp-content\/uploads\/factory-01.webp\"\/><\/p>\n<h3>D\u00edlna na v\u00fdrobu hlin\u00edkov\u00fdch ty\u010d\u00ed<\/h3>\n<p><img decoding=\"async\" src=\"\/wp-content\/uploads\/factory-02.webp\"\/><\/p>\n<p><img decoding=\"async\" src=\"\/wp-content\/uploads\/factory-03.webp\"\/><\/p>\n<h3>Sklad pl\u00edsn\u00ed<\/h3>\n<p><img decoding=\"async\" src=\"\/wp-content\/uploads\/factory-04.webp\"\/><\/p>\n<h3>43 linek na vytla\u010dov\u00e1n\u00ed hlin\u00edku (500-5500 tun)<\/h3>\n<p><img decoding=\"async\" src=\"\/wp-content\/uploads\/factory-05.webp\"\/><\/p>\n<p><img decoding=\"async\" src=\"\/wp-content\/uploads\/factory-06.webp\"\/><\/p>\n<p><img decoding=\"async\" src=\"\/wp-content\/uploads\/factory-07.webp\"\/><\/p>\n<h3>D\u00edlna pr\u00e1\u0161kov\u00e9ho lakov\u00e1n\u00ed<\/h3>\n<p><img decoding=\"async\" src=\"\/wp-content\/uploads\/factory-09.webp\"\/><\/p>\n<h3>D\u00edlna eloxov\u00e1n\u00ed<\/h3>\n<p><img decoding=\"async\" src=\"\/wp-content\/uploads\/factory-10.webp\"\/><\/p>\n<h3>Workshop o hloubkov\u00e9m zpracov\u00e1n\u00ed<\/h3>\n<p><img decoding=\"async\" src=\"\/wp-content\/uploads\/factory-11.webp\"\/><\/p>\n<h3>D\u00edlna CNC p\u0159esn\u00e9ho obr\u00e1b\u011bn\u00ed<\/h3>\n<p><img decoding=\"async\" src=\"\/wp-content\/uploads\/factory-11.5.webp\"\/><\/p>\n<h3>Sklad hotov\u00fdch v\u00fdrobk\u016f a exportn\u00ed sklad<\/h3>\n<p><img decoding=\"async\" src=\"\/wp-content\/uploads\/factory-12.webp\"\/><\/p>\n<p><img decoding=\"async\" src=\"\/wp-content\/uploads\/factory-13.webp\"\/><\/p>\n<p><img decoding=\"async\" src=\"\/wp-content\/uploads\/factory-14.webp\"\/><\/p>\n<h2>\u010cASTO KLADEN\u00c9 DOTAZY<\/h2>\n<p><p><b>1.Co je le\u0161t\u011bn\u00fd st\u0159\u00edbrn\u00fd hlin\u00edkov\u00fd profil jako zrcadlo?<\/b><\/p>\n<p>Jedn\u00e1 se o vysoce leskl\u00fd hlin\u00edkov\u00fd v\u00fdlisek se zrcadlovou povrchovou \u00fapravou, ur\u010den\u00fd pro dekorativn\u00ed a architektonick\u00e9 aplikace.<br \/>\n<\/p><br \/>\n<br \/>\n<p><b>2.Jak\u00e9 jsou v\u00fdhody zrcadlov\u00e9ho povrchu hlin\u00edku?<\/b><\/p>\n<p>Le\u0161t\u011bn\u00fd povrch poskytuje prvot\u0159\u00eddn\u00ed estetiku, vynikaj\u00edc\u00ed odrazivost a elegantn\u00ed modern\u00ed vzhled vhodn\u00fd do interi\u00e9r\u016f.<br \/>\n<\/p><br \/>\n<br \/>\n<p><b>3.Je le\u0161t\u011bn\u00fd hlin\u00edkov\u00fd profil odoln\u00fd proti korozi?<\/b><\/p>\n<p>Ano, m\u00e1 ochrannou vrstvu, kter\u00e1 odol\u00e1v\u00e1 korozi a zaji\u0161\u0165uje, \u017ee zrcadlov\u00fd povrch z\u016fstane \u010dasem neporu\u0161en\u00fd.<br \/>\n<\/p><br \/>\n<br \/>\n<p><b>4.Lze le\u0161t\u011bn\u00fd hlin\u00edkov\u00fd profil p\u0159izp\u016fsobit?<\/b><\/p>\n<p>Profil m\u016f\u017ee b\u00fdt vyroben v r\u016fzn\u00fdch d\u00e9lk\u00e1ch, tvarech a tlou\u0161\u0165k\u00e1ch, aby vyhovoval specifick\u00fdm po\u017eadavk\u016fm na konstrukci.<br \/>\n<\/p><br \/>\n<br \/>\n<p><b>5.Jak\u00e1 jsou typick\u00e1 pou\u017eit\u00ed zrcadlov\u00fdch hlin\u00edkov\u00fdch profil\u016f?<\/b><\/p>\n<p>B\u011b\u017en\u011b se pou\u017e\u00edvaj\u00ed ve v\u00fdstavn\u00edch syst\u00e9mech, n\u00e1bytkov\u00fdch obkladech, n\u00e1st\u011bnn\u00fdch panelech, zna\u010den\u00ed a luxusn\u00edch interi\u00e9rech.<br \/>\n<\/p><br \/>\n<br \/>\n<p><b>6.Je tento v\u00fdrobek vhodn\u00fd pro vnit\u0159n\u00ed i venkovn\u00ed pou\u017eit\u00ed?<\/b><\/p>\n<p>Prim\u00e1rn\u011b je ur\u010dena pro pou\u017eit\u00ed v interi\u00e9ru, ale p\u0159i spr\u00e1vn\u00e9 \u00fadr\u017eb\u011b ji lze pou\u017e\u00edt i v kryt\u00fdch venkovn\u00edch prostor\u00e1ch.<br \/>\n<\/p><br \/>\n<br \/>\n<p><b>7.Jak se dosahuje zrcadlov\u00e9ho povrchu na hlin\u00edkov\u00fdch profilech?<\/b><\/p>\n<p>Povrchov\u00e1 \u00faprava se vytv\u00e1\u0159\u00ed mechanick\u00fdm le\u0161t\u011bn\u00edm a chemick\u00fdm o\u0161et\u0159en\u00edm, aby se dos\u00e1hlo vysoce leskl\u00e9ho, reflexn\u00edho povrchu.<br \/>\n<\/p><br \/>\n<br \/>\n<p><b>8.Je zrcadlov\u00fd hlin\u00edk \u0161etrn\u00fd k \u017eivotn\u00edmu prost\u0159ed\u00ed?<\/b><\/p>\n<p>Ano, hlin\u00edk je udr\u017eiteln\u00fd, pln\u011b recyklovateln\u00fd materi\u00e1l, kter\u00fd podporuje ekologick\u00e9 stavebn\u00ed postupy.<br \/>\n<\/p><br \/><\/p>","protected":false},"featured_media":6994,"template":"","categories":[67],"class_list":["post-6995","product","type-product","status-publish","has-post-thumbnail","hentry","category-architectural-aluminium-profile"],"meta_box":{"hilight_text_group":{"product_hilight_text":"<li>Mirror-like polished finish delivers premium visual appeal<\/li>\r\r\n<li>Made from high-quality aluminum for strength and durability<\/li>\r\r\n<li>Corrosion-resistant surface ensures long-term shine<\/li>\r\r\n<li>Lightweight and easy to fabricate for various applications<\/li>\r\r\n<li>Ideal for decorative, architectural, and interior design use<\/li>\r\r\n<li>Customizable dimensions and thickness to meet design needs<\/li>\r\r\n<li>Eco-friendly and fully recyclable aluminum material<\/li>","product_chanpin_blog":"<ul>\r\r\n<li><a href=\"https:\/\/sinoextrud.com\/t-slot-v-slot-differences\/\" target=\"_blank\">t slot vs v slot<\/a><\/li>\r\r\n<li><a href=\"https:\/\/sinoextrud.com\/what-is-4040-aluminium-extrud\/\" target=\"_blank\">4040 aluminium extrusion<\/a><\/li>\r\r\n<li><a href=\"https:\/\/sinoextrud.com\/what-is-4040-aluminium-extrud\/\" target=\"_blank\">aluminum extrusions for industrial racks<\/a><\/li>\r\r\n<li><a href=\"https:\/\/sinoextrud.com\/powder-coating-aluminium-process\/\" target=\"_blank\">powder coating aluminium<\/a><\/li>\r\r\n<li><a href=\"https:\/\/sinoextrud.com\/what-is-an-aluminium-strip-ceiling\/\" target=\"_blank\">aluminium strip ceiling<\/a><\/li>\r\r\n<li><a href=\"https:\/\/sinoextrud.com\/what-is-a-heat-sink\/\" target=\"_blank\">what is a heat sink<\/a><\/li>\r\r\n<\/ul>","product_chanpin_chanpin":"<li><a href=\"https:\/\/sinoextrud.com\/product\/extruded-aluminum-channel-stock\/\" target=\"_blank\">Extruded Aluminum Channel Stock<\/a><\/li>\r\n<li><a href=\"https:\/\/sinoextrud.com\/product\/aluminium-oxide\/\" target=\"_blank\">Aluminium Oxide<\/a><\/li>\r\n<li><a href=\"https:\/\/sinoextrud.com\/product\/anodized-aluminum-profile-kitchen-cabinet-frame\/\" target=\"_blank\">Anodized Aluminum Profile Kitchen Cabinet Frame<\/a><\/li>\r\n<li><a href=\"https:\/\/sinoextrud.com\/product\/aluminum-extrusions-for-wall-panels-u-shape\/\" target=\"_blank\">Aluminum Extrusions For Wall Panels U Shape<\/a><\/li>\r\n<li><a href=\"https:\/\/sinoextrud.com\/product\/polished-sliver-aluminium-profile-like-mirror\/\" target=\"_blank\">Polished Sliver Aluminium Profile Like Mirror<\/a><\/li>\r\n<li><a href=\"https:\/\/sinoextrud.com\/product\/modular-aluminium-frame\/\" target=\"_blank\">Modular Aluminium Frame<\/a><\/li>\r\n<li><a href=\"https:\/\/sinoextrud.com\/product\/machined-aluminium-profiles-for-windows-and-doors\/\" target=\"_blank\">Machined Aluminium Profiles For Windows And Doors<\/a><\/li>\r\n<li><a href=\"https:\/\/sinoextrud.com\/product\/aluminum-trailer-door-frame-extrusions\/\" target=\"_blank\">Aluminum Trailer Door Frame Extrusions<\/a><\/li>\r\n<li><a href=\"https:\/\/sinoextrud.com\/product\/aluminium-shower-extrusions\/\" target=\"_blank\">Aluminium Shower Extrusions<\/a><\/li>\r\n<li><a href=\"https:\/\/sinoextrud.com\/product\/aluminum-curtain-wall-profile-extrusion-profiles-aluminum-tubing-catalog\/\" target=\"_blank\">aluminum curtain wall profile extrusion profiles aluminum tubing catalog<\/a><\/li>\r\n<li><a href=\"https:\/\/sinoextrud.com\/product\/shaped-tile-ceiling-system\/\" target=\"_blank\">Shaped Tile Ceiling System<\/a><\/li>"},"feature_list":[]},"_links":{"self":[{"href":"https:\/\/sinoextrud.com\/cs\/wp-json\/wp\/v2\/product\/6995","targetHints":{"allow":["GET"]}}],"collection":[{"href":"https:\/\/sinoextrud.com\/cs\/wp-json\/wp\/v2\/product"}],"about":[{"href":"https:\/\/sinoextrud.com\/cs\/wp-json\/wp\/v2\/types\/product"}],"wp:featuredmedia":[{"embeddable":true,"href":"https:\/\/sinoextrud.com\/cs\/wp-json\/wp\/v2\/media\/6994"}],"wp:attachment":[{"href":"https:\/\/sinoextrud.com\/cs\/wp-json\/wp\/v2\/media?parent=6995"}],"wp:term":[{"taxonomy":"category","embeddable":true,"href":"https:\/\/sinoextrud.com\/cs\/wp-json\/wp\/v2\/categories?post=6995"}],"curies":[{"name":"wp","href":"https:\/\/api.w.org\/{rel}","templated":true}]}}