{"id":6938,"date":"2025-06-04T03:12:11","date_gmt":"2025-06-04T03:12:11","guid":{"rendered":"https:\/\/sinoextrud.com\/product\/aluminum-door-jamb-extrusions\/"},"modified":"2025-06-24T06:12:01","modified_gmt":"2025-06-24T06:12:01","slug":"hlinikove-vylisky-dvernich-zarubni","status":"publish","type":"product","link":"https:\/\/sinoextrud.com\/cs\/product\/aluminum-door-jamb-extrusions\/","title":{"rendered":"Hlin\u00edkov\u00e9 v\u00fdlisky dve\u0159n\u00edch z\u00e1rubn\u00ed"},"content":{"rendered":"<h2>Podrobnosti o produktech<\/h2>\n<table class=\"custom-table\">\n<tr>\n<td class=\"label\">Model NO:<\/td>\n<td>808-1 hlin\u00edkov\u00e9 v\u00fdlisky dve\u0159n\u00edch z\u00e1rubn\u00ed\uff0c<\/td>\n<\/tr>\n<tr>\n<td class=\"label\">M\u00edrnost:<\/td>\n<td>T3 - T8\uff0c<\/td>\n<\/tr>\n<tr>\n<td class=\"label\">Povrchov\u00e1 \u00faprava:<\/td>\n<td>eloxov\u00e1n\u00ed, pr\u00e1\u0161kov\u00e9 lakov\u00e1n\u00ed, elektrofor\u00e9za atd.<\/td>\n<\/tr>\n<tr>\n<td class=\"label\">Slitina:<\/td>\n<td>Slitina\uff0c<\/td>\n<\/tr>\n<tr>\n<td class=\"label\">Typ:<\/td>\n<td>k\u0159\u00eddlov\u00e9 dve\u0159e \u0159ady 50, 70, posuvn\u00e9 dve\u0159e \u0159ady 90, k\u0159\u00eddlov\u00e9 dve\u0159e HL70 atd. \uff0c<\/td>\n<\/tr>\n<tr>\n<td class=\"label\">Technika:<\/td>\n<td>Extrudovan\u00e9 a potahovan\u00e9\uff0c<\/td>\n<\/tr>\n<tr>\n<td class=\"label\">Ochrann\u00e1 zn\u00e1mka:<\/td>\n<td>OEM\uff0c<\/td>\n<\/tr>\n<tr>\n<td class=\"label\">P\u016fvod:<\/td>\n<td>Guangdong \u010c\u00edna\uff0c<\/td>\n<\/tr>\n<tr>\n<td class=\"label\">Tvar:<\/td>\n<td>stejn\u00e9 jako na v\u00fdkresu\uff0c<\/td>\n<\/tr>\n<tr>\n<td class=\"label\">Certifikace:<\/td>\n<td>EN, ASTM, GB\/T\uff0c<\/td>\n<\/tr>\n<tr>\n<td class=\"label\">Velikost:<\/td>\n<td>customzied.\uff0c<\/td>\n<\/tr>\n<tr>\n<td class=\"label\">K\u00f3d HS:<\/td>\n<td>7604299000\uff0c<\/td>\n<\/tr>\n<tr>\n<td class=\"label\">Tlou\u0161\u0165ka st\u011bny:<\/td>\n<td>1,4 mm.\uff0c<\/td>\n<\/tr>\n<\/table>\n<h2>Na\u0161e v\u00fdrobn\u00ed z\u00e1kladna<\/h2>\n<h3>Panorama tov\u00e1rny<\/h3>\n<p><img decoding=\"async\" src=\"\/wp-content\/uploads\/factory-01.webp\"\/><\/p>\n<h3>D\u00edlna na v\u00fdrobu hlin\u00edkov\u00fdch ty\u010d\u00ed<\/h3>\n<p><img decoding=\"async\" src=\"\/wp-content\/uploads\/factory-02.webp\"\/><\/p>\n<p><img decoding=\"async\" src=\"\/wp-content\/uploads\/factory-03.webp\"\/><\/p>\n<h3>Sklad pl\u00edsn\u00ed<\/h3>\n<p><img decoding=\"async\" src=\"\/wp-content\/uploads\/factory-04.webp\"\/><\/p>\n<h3>43 linek na vytla\u010dov\u00e1n\u00ed hlin\u00edku (500-5500 tun)<\/h3>\n<p><img decoding=\"async\" src=\"\/wp-content\/uploads\/factory-05.webp\"\/><\/p>\n<p><img decoding=\"async\" src=\"\/wp-content\/uploads\/factory-06.webp\"\/><\/p>\n<p><img decoding=\"async\" src=\"\/wp-content\/uploads\/factory-07.webp\"\/><\/p>\n<h3>D\u00edlna pr\u00e1\u0161kov\u00e9ho lakov\u00e1n\u00ed<\/h3>\n<p><img decoding=\"async\" src=\"\/wp-content\/uploads\/factory-09.webp\"\/><\/p>\n<h3>D\u00edlna eloxov\u00e1n\u00ed<\/h3>\n<p><img decoding=\"async\" src=\"\/wp-content\/uploads\/factory-10.webp\"\/><\/p>\n<h3>Workshop o hloubkov\u00e9m zpracov\u00e1n\u00ed<\/h3>\n<p><img decoding=\"async\" src=\"\/wp-content\/uploads\/factory-11.webp\"\/><\/p>\n<h3>D\u00edlna CNC p\u0159esn\u00e9ho obr\u00e1b\u011bn\u00ed<\/h3>\n<p><img decoding=\"async\" src=\"\/wp-content\/uploads\/factory-11.5.webp\"\/><\/p>\n<h3>Sklad hotov\u00fdch v\u00fdrobk\u016f a exportn\u00ed sklad<\/h3>\n<p><img decoding=\"async\" src=\"\/wp-content\/uploads\/factory-12.webp\"\/><\/p>\n<p><img decoding=\"async\" src=\"\/wp-content\/uploads\/factory-13.webp\"\/><\/p>\n<p><img decoding=\"async\" src=\"\/wp-content\/uploads\/factory-14.webp\"\/><\/p>\n<h2>\u010cASTO KLADEN\u00c9 DOTAZY<\/h2>\n<p><p><b>1.Co jsou hlin\u00edkov\u00e9 v\u00fdlisky dve\u0159n\u00edch z\u00e1rubn\u00ed?<\/b><\/p>\n<p>Hlin\u00edkov\u00e9 v\u00fdlisky dve\u0159n\u00edch z\u00e1rubn\u00ed jsou speci\u00e1ln\u011b navr\u017een\u00e9 hlin\u00edkov\u00e9 profily pou\u017e\u00edvan\u00e9 ke konstrukci dve\u0159n\u00edch z\u00e1rubn\u00ed, kter\u00e9 nab\u00edzej\u00ed pevnost, odolnost a estetick\u00fd vzhled.<br \/>\n<\/p><br \/>\n<br \/>\n<p><b>2.Pro\u010d zvolit hlin\u00edk pro v\u00fdlisky dve\u0159n\u00edch z\u00e1rubn\u00ed?<\/b><\/p>\n<p>Hlin\u00edk poskytuje vysok\u00fd pom\u011br pevnosti a hmotnosti, odolnost proti korozi a flexibilitu designu, tak\u017ee je ide\u00e1ln\u00ed pro odoln\u00e9 a stylov\u00e9 z\u00e1rubn\u011b.<br \/>\n<\/p><br \/>\n<br \/>\n<p><b>3.Kter\u00e9 hlin\u00edkov\u00e9 slitiny se b\u011b\u017en\u011b pou\u017e\u00edvaj\u00ed pro v\u00fdlisky dve\u0159n\u00edch z\u00e1rubn\u00ed?<\/b><\/p>\n<p>Mezi b\u011b\u017en\u00e9 slitiny pat\u0159\u00ed 6061-T6 pro svou vysokou pevnost a odolnost proti korozi a 6063-T5 pro svou vynikaj\u00edc\u00ed povrchovou \u00fapravu a tvarovatelnost.<br \/>\n<\/p><br \/>\n<br \/>\n<p><b>4.Jak\u00e9 povrchov\u00e9 \u00fapravy jsou k dispozici pro hlin\u00edkov\u00e9 v\u00fdlisky dve\u0159n\u00edch z\u00e1rubn\u00ed?<\/b><\/p>\n<p>K dispozici jsou eloxovan\u00e9, pr\u00e1\u0161kov\u011b lakovan\u00e9 a fr\u00e9zovan\u00e9 povrchov\u00e9 \u00fapravy, kter\u00e9 nab\u00edzej\u00ed \u0159adu barev a textur pro dopln\u011bn\u00ed r\u016fzn\u00fdch architektonick\u00fdch n\u00e1vrh\u016f.<br \/>\n<\/p><br \/>\n<br \/>\n<p><b>5.Can hlin\u00edkov\u00e9 dve\u0159n\u00ed r\u00e1my v\u00fdlisky b\u00fdt p\u0159izp\u016fsoben?<\/b><\/p>\n<p>Ano, v\u00fdrobci nab\u00edzej\u00ed p\u0159izp\u016fsoben\u00ed velikosti, tvaru a povrchov\u00e9 \u00fapravy, aby vyhov\u011bli specifick\u00fdm po\u017eadavk\u016fm projektu a designov\u00fdm preferenc\u00edm.<br \/>\n<\/p><br \/>\n<br \/>\n<p><b>6.Jsou tyto v\u00fdlisky vhodn\u00e9 jak pro obytn\u00e9, tak pro komer\u010dn\u00ed aplikace?<\/b><\/p>\n<p>Hlin\u00edkov\u00e9 v\u00fdlisky dve\u0159n\u00edch z\u00e1rubn\u00ed jsou ide\u00e1ln\u00ed pro \u0161irokou \u0161k\u00e1lu prost\u0159ed\u00ed, v\u010detn\u011b dom\u00e1cnost\u00ed, kancel\u00e1\u0159\u00ed, hotel\u016f a obchodn\u00edch prostor.<br \/>\n<\/p><br \/>\n<br \/>\n<p><b>7.Je hlin\u00edk ekologicky \u0161etrn\u00fdm materi\u00e1lem pro dve\u0159n\u00ed z\u00e1rubn\u011b?<\/b><\/p>\n<p>Ano, hlin\u00edk je pln\u011b recyklovateln\u00fd bez ztr\u00e1ty vlastnost\u00ed, co\u017e z n\u011bj \u010din\u00ed udr\u017eitelnou volbu pro ekologick\u00e9 stavebn\u00ed projekty.<br \/>\n<\/p><br \/><\/p>","protected":false},"featured_media":6937,"template":"","categories":[67],"class_list":["post-6938","product","type-product","status-publish","has-post-thumbnail","hentry","category-architectural-aluminium-profile"],"meta_box":{"hilight_text_group":{"product_hilight_text":"<li>Manufactured from high-strength aluminum alloys such as 6061-T6 and 6063-T5, offering excellent durability and corrosion resistance.<\/li>\r\r\n<li>Designed specifically for door jamb applications, providing precise dimensions and tight tolerances for seamless integration.<\/li>\r\r\n<li>Available in various finishes including anodized, powder-coated, and mill finish to match diverse architectural styles.<\/li>\r\r\n<li>Lightweight construction facilitates easy handling and installation, reducing labor costs.<\/li>\r\r\n<li>Excellent thermal conductivity and compatibility with thermal break systems enhance energy efficiency.<\/li>\r\r\n<li>Customizable profiles to meet specific design requirements and project specifications.<\/li>\r\r\n<li>Environmentally friendly and fully recyclable, supporting sustainable construction practices.<\/li>","product_chanpin_blog":"<ul>\r\r\n<li><a href=\"https:\/\/sinoextrud.com\/t-slot-v-slot-differences\/\" target=\"_blank\">t slot vs v slot<\/a><\/li>\r\r\n<li><a href=\"https:\/\/sinoextrud.com\/what-is-4040-aluminium-extrud\/\" target=\"_blank\">4040 aluminium extrusion<\/a><\/li>\r\r\n<li><a href=\"https:\/\/sinoextrud.com\/what-is-4040-aluminium-extrud\/\" target=\"_blank\">aluminum extrusions for industrial racks<\/a><\/li>\r\r\n<li><a href=\"https:\/\/sinoextrud.com\/powder-coating-aluminium-process\/\" target=\"_blank\">powder coating aluminium<\/a><\/li>\r\r\n<li><a href=\"https:\/\/sinoextrud.com\/what-is-an-aluminium-strip-ceiling\/\" target=\"_blank\">aluminium strip ceiling<\/a><\/li>\r\r\n<li><a href=\"https:\/\/sinoextrud.com\/what-is-a-heat-sink\/\" target=\"_blank\">what is a heat sink<\/a><\/li>\r\r\n<\/ul>","product_chanpin_chanpin":"<li><a href=\"https:\/\/sinoextrud.com\/product\/aluminum-edge-trim-for-plywood\/\" target=\"_blank\">Aluminum Edge Trim For Plywood<\/a><\/li>\r\n<li><a href=\"https:\/\/sinoextrud.com\/product\/rectangular-aluminum-extrusions\/\" target=\"_blank\">Rectangular Aluminum Extrusions<\/a><\/li>\r\n<li><a href=\"https:\/\/sinoextrud.com\/product\/aluminium-extrusion-profiles-for-the-windows\/\" target=\"_blank\">Aluminium Extrusion Profiles For The Windows<\/a><\/li>\r\n<li><a href=\"https:\/\/sinoextrud.com\/product\/aluminum-extrusion-polished-square-tupe\/\" target=\"_blank\">Aluminum Extrusion Polished Square Tupe<\/a><\/li>\r\n<li><a href=\"https:\/\/sinoextrud.com\/product\/aluminum-door-jamb-extrusions\/\" target=\"_blank\">Aluminum Door Jamb Extrusions<\/a><\/li>\r\n<li><a href=\"https:\/\/sinoextrud.com\/product\/aluminum-rail-profile\/\" target=\"_blank\">Aluminum Rail Profile<\/a><\/li>\r\n<li><a href=\"https:\/\/sinoextrud.com\/product\/fluorocarbon-coated-heavy-duty-exposed-aluminium-frame-glazed-building-curtain-wall-aluminium-profile\/\" target=\"_blank\">Fluorocarbon coated heavy duty exposed aluminium frame glazed building curtain wall aluminium profile<\/a><\/li>\r\n<li><a href=\"https:\/\/sinoextrud.com\/product\/extruded-aluminum-channel-stock\/\" target=\"_blank\">Extruded Aluminum Channel Stock<\/a><\/li>\r\n<li><a href=\"https:\/\/sinoextrud.com\/product\/aluminium-oxide\/\" target=\"_blank\">Aluminium Oxide<\/a><\/li>\r\n<li><a href=\"https:\/\/sinoextrud.com\/product\/6061-6063-6082-street-lamp-column-aluminum-profile\/\" target=\"_blank\">6061 6063 6082 Street Lamp Column Aluminum Profile<\/a><\/li>\r\n<li><a href=\"https:\/\/sinoextrud.com\/product\/factory-offer-6061-aluminum-railing-profiles\/\" target=\"_blank\">Factory Offer 6061 Aluminum Railing Profiles<\/a><\/li>"},"feature_list":[]},"_links":{"self":[{"href":"https:\/\/sinoextrud.com\/cs\/wp-json\/wp\/v2\/product\/6938","targetHints":{"allow":["GET"]}}],"collection":[{"href":"https:\/\/sinoextrud.com\/cs\/wp-json\/wp\/v2\/product"}],"about":[{"href":"https:\/\/sinoextrud.com\/cs\/wp-json\/wp\/v2\/types\/product"}],"wp:featuredmedia":[{"embeddable":true,"href":"https:\/\/sinoextrud.com\/cs\/wp-json\/wp\/v2\/media\/6937"}],"wp:attachment":[{"href":"https:\/\/sinoextrud.com\/cs\/wp-json\/wp\/v2\/media?parent=6938"}],"wp:term":[{"taxonomy":"category","embeddable":true,"href":"https:\/\/sinoextrud.com\/cs\/wp-json\/wp\/v2\/categories?post=6938"}],"curies":[{"name":"wp","href":"https:\/\/api.w.org\/{rel}","templated":true}]}}