{"id":6928,"date":"2025-06-04T02:25:18","date_gmt":"2025-06-04T02:25:18","guid":{"rendered":"https:\/\/sinoextrud.com\/product\/aluminum-edge-trim-for-plywood\/"},"modified":"2025-06-24T06:12:00","modified_gmt":"2025-06-24T06:12:00","slug":"hlinikove-hrany-pro-preklizku","status":"publish","type":"product","link":"https:\/\/sinoextrud.com\/cs\/product\/aluminum-edge-trim-for-plywood\/","title":{"rendered":"Hlin\u00edkov\u00e9 hrany pro p\u0159ekli\u017eku"},"content":{"rendered":"<h2>Podrobnosti o produktech<\/h2>\n<table class=\"custom-table\">\n<tr>\n<td class=\"label\">N\u00e1zev produktu<\/td>\n<td>Hlin\u00edkov\u00e9 hrany pro p\u0159ekli\u017eku\uff0c<\/td>\n<\/tr>\n<tr>\n<td class=\"label\">P\u0159\u00edsady<\/td>\n<td>6063 nebo 6061\uff0c<\/td>\n<\/tr>\n<tr>\n<td class=\"label\">Tvar<\/td>\n<td>Na m\u00edru\uff0c<\/td>\n<\/tr>\n<tr>\n<td class=\"label\">Velikost<\/td>\n<td>Na m\u00edru\uff0c<\/td>\n<\/tr>\n<tr>\n<td class=\"label\">Typick\u00e1 aplikace<\/td>\n<td>N\u00e1bytek, sklen\u011bn\u00e9 r\u00e1my<\/td>\n<\/tr>\n<tr>\n<td class=\"label\">Ochrann\u00e1 zn\u00e1mka<\/td>\n<td>Sinoextrud nebo OEM\uff0c<\/td>\n<\/tr>\n<tr>\n<td class=\"label\">Velikost<\/td>\n<td>Na m\u00edru\uff0c<\/td>\n<\/tr>\n<tr>\n<td class=\"label\">Hloubkov\u00fd proces<\/td>\n<td>CNC fr\u00e9zov\u00e1n\u00ed, d\u011brov\u00e1n\u00ed, vrt\u00e1n\u00ed, z\u00e1vitov\u00e1n\u00ed, oh\u00fdb\u00e1n\u00ed\uff0c<\/td>\n<\/tr>\n<tr>\n<td class=\"label\">Povrchov\u00e1 \u00faprava<\/td>\n<td>D\u0159ev\u011bn\u00e9 zrno, eloxovan\u00e9, pr\u00e1\u0161kov\u00e9 lakov\u00e1n\u00ed, elektrofor\u00e9za, PVDF atd.<\/td>\n<\/tr>\n<tr>\n<td class=\"label\">Certifikace<\/td>\n<td>ISO9001,ISO4001,CQM,SGS,CE,BV,SONCAP\/GB,ISO,JIS,AS,NZS,QUALICOAT\uff0c<\/td>\n<\/tr>\n<tr>\n<td class=\"label\">Standardn\u00ed d\u00e9lka<\/td>\n<td>1-9M\uff0c<\/td>\n<\/tr>\n<tr>\n<td class=\"label\">M\u00edsto p\u016fvodu<\/td>\n<td>Guangdong, \u010c\u00edna\uff0c<\/td>\n<\/tr>\n<\/table>\n<h2>Na\u0161e v\u00fdrobn\u00ed z\u00e1kladna<\/h2>\n<h3>Panorama tov\u00e1rny<\/h3>\n<p><img decoding=\"async\" src=\"\/wp-content\/uploads\/factory-01.webp\"\/><\/p>\n<h3>D\u00edlna na v\u00fdrobu hlin\u00edkov\u00fdch ty\u010d\u00ed<\/h3>\n<p><img decoding=\"async\" src=\"\/wp-content\/uploads\/factory-02.webp\"\/><\/p>\n<p><img decoding=\"async\" src=\"\/wp-content\/uploads\/factory-03.webp\"\/><\/p>\n<h3>Sklad pl\u00edsn\u00ed<\/h3>\n<p><img decoding=\"async\" src=\"\/wp-content\/uploads\/factory-04.webp\"\/><\/p>\n<h3>43 linek na vytla\u010dov\u00e1n\u00ed hlin\u00edku (500-5500 tun)<\/h3>\n<p><img decoding=\"async\" src=\"\/wp-content\/uploads\/factory-05.webp\"\/><\/p>\n<p><img decoding=\"async\" src=\"\/wp-content\/uploads\/factory-06.webp\"\/><\/p>\n<p><img decoding=\"async\" src=\"\/wp-content\/uploads\/factory-07.webp\"\/><\/p>\n<h3>D\u00edlna pr\u00e1\u0161kov\u00e9ho lakov\u00e1n\u00ed<\/h3>\n<p><img decoding=\"async\" src=\"\/wp-content\/uploads\/factory-09.webp\"\/><\/p>\n<h3>D\u00edlna eloxov\u00e1n\u00ed<\/h3>\n<p><img decoding=\"async\" src=\"\/wp-content\/uploads\/factory-10.webp\"\/><\/p>\n<h3>Workshop o hloubkov\u00e9m zpracov\u00e1n\u00ed<\/h3>\n<p><img decoding=\"async\" src=\"\/wp-content\/uploads\/factory-11.webp\"\/><\/p>\n<h3>D\u00edlna CNC p\u0159esn\u00e9ho obr\u00e1b\u011bn\u00ed<\/h3>\n<p><img decoding=\"async\" src=\"\/wp-content\/uploads\/factory-11.5.webp\"\/><\/p>\n<h3>Sklad hotov\u00fdch v\u00fdrobk\u016f a exportn\u00ed sklad<\/h3>\n<p><img decoding=\"async\" src=\"\/wp-content\/uploads\/factory-12.webp\"\/><\/p>\n<p><img decoding=\"async\" src=\"\/wp-content\/uploads\/factory-13.webp\"\/><\/p>\n<p><img decoding=\"async\" src=\"\/wp-content\/uploads\/factory-14.webp\"\/><\/p>\n<h2>\u010cASTO KLADEN\u00c9 DOTAZY<\/h2>\n<p><p><b>1.K \u010demu se pou\u017e\u00edvaj\u00ed hlin\u00edkov\u00e9 hrany pro p\u0159ekli\u017eku?<\/b><\/p>\n<p>Hlin\u00edkov\u00e9 hrany pro p\u0159ekli\u017eku se pou\u017e\u00edvaj\u00ed k ochran\u011b a vylep\u0161en\u00ed hran p\u0159ekli\u017ekov\u00fdch desek, kter\u00e9 zaji\u0161\u0165uj\u00ed odolnost i kone\u010dn\u00fd vzhled.<br \/>\n<\/p><br \/>\n<br \/>\n<p><b>2.Je hlin\u00edkov\u00e1 li\u0161ta kompatibiln\u00ed se v\u0161emi tlou\u0161\u0165kami p\u0159ekli\u017eky?<\/b><\/p>\n<p>Hlin\u00edkov\u00e9 hrany pro p\u0159ekli\u017eku jsou k dispozici v r\u016fzn\u00fdch velikostech, kter\u00e9 odpov\u00eddaj\u00ed standardn\u00edm tlou\u0161\u0165k\u00e1m p\u0159ekli\u017eky a zaji\u0161\u0165uj\u00ed pevn\u00e9 a bezpe\u010dn\u00e9 uchycen\u00ed.<br \/>\n<\/p><br \/>\n<br \/>\n<p><b>3.Lze hlin\u00edkov\u00e9 hrany pro p\u0159ekli\u017eku pou\u017e\u00edt ve venkovn\u00edm prost\u0159ed\u00ed?<\/b><\/p>\n<p>Ano, hlin\u00edkov\u00e1 konstrukce je odoln\u00e1 proti korozi, tak\u017ee je ide\u00e1ln\u00ed pro vnit\u0159n\u00ed i venkovn\u00ed pou\u017eit\u00ed.<br \/>\n<\/p><br \/>\n<br \/>\n<p><b>4.Jak nainstalovat hlin\u00edkov\u00e9 hrany pro p\u0159ekli\u017eku?<\/b><\/p>\n<p>Hlin\u00edkov\u00e9 hrany pro p\u0159ekli\u017eku se snadno \u0159e\u017eou a instaluj\u00ed pomoc\u00ed b\u011b\u017en\u00e9ho n\u00e1\u0159ad\u00ed, co\u017e vy\u017eaduje minimum \u010dasu a \u00fasil\u00ed.<br \/>\n<\/p><br \/>\n<br \/>\n<p><b>5.Zlep\u0161uje hlin\u00edkov\u00e9 lemov\u00e1n\u00ed hran pevnost p\u0159ekli\u017eky?<\/b><\/p>\n<p>Ano, pom\u00e1h\u00e1 zpevnit hrany p\u0159ekli\u017ekov\u00fdch desek, zvy\u0161uje struktur\u00e1ln\u00ed integritu a odolnost proti po\u0161kozen\u00ed hran.<br \/>\n<\/p><br \/>\n<br \/>\n<p><b>6.Jak\u00e9 povrchov\u00e9 \u00fapravy jsou k dispozici pro hlin\u00edkov\u00e9 hrany pro p\u0159ekli\u017eku?<\/b><\/p>\n<p>Hlin\u00edkov\u00e9 hrany pro p\u0159ekli\u017eky se dod\u00e1vaj\u00ed v r\u016fzn\u00fdch povrchov\u00fdch \u00faprav\u00e1ch, v\u010detn\u011b eloxovan\u00fdch, kart\u00e1\u010dovan\u00fdch a pr\u00e1\u0161kov\u011b lakovan\u00fdch, co\u017e umo\u017e\u0148uje flexibilitu designu.<br \/>\n<\/p><br \/>\n<br \/>\n<p><b>7.Je hlin\u00edkov\u00e9 lemov\u00e1n\u00ed hran pro p\u0159ekli\u017eku odoln\u00e9 proti vlhkosti?<\/b><\/p>\n<p>Ano, hlin\u00edkov\u00fd materi\u00e1l zaji\u0161\u0165uje vynikaj\u00edc\u00ed odolnost proti vlhkosti, tak\u017ee je vhodn\u00fd do prost\u0159ed\u00ed s vysokou vlhkost\u00ed.<\/p>\n<p><\/p><br \/><\/p>","protected":false},"featured_media":6927,"template":"","categories":[67],"class_list":["post-6928","product","type-product","status-publish","has-post-thumbnail","hentry","category-architectural-aluminium-profile"],"meta_box":{"hilight_text_group":{"product_hilight_text":"<li>Durable aluminum construction ensures long-lasting edge protection<\/li>\r\r\n<li>Designed specifically to fit standard plywood thicknesses<\/li>\r\r\n<li>Provides a clean, professional finish to exposed plywood edges<\/li>\r\r\n<li>Resistant to corrosion, moisture, and impact damage<\/li>\r\r\n<li>Easy to cut and install for efficient project completion<\/li>\r\r\n<li>Enhances structural integrity and aesthetic appeal of plywood panels<\/li>\r\r\n<li>Available in various finishes to match design requirements<\/li>","product_chanpin_blog":"<ul>\r\r\n<li><a href=\"https:\/\/sinoextrud.com\/t-slot-v-slot-differences\/\" target=\"_blank\">t slot vs v slot<\/a><\/li>\r\r\n<li><a href=\"https:\/\/sinoextrud.com\/what-is-4040-aluminium-extrud\/\" target=\"_blank\">4040 aluminium extrusion<\/a><\/li>\r\r\n<li><a href=\"https:\/\/sinoextrud.com\/what-is-4040-aluminium-extrud\/\" target=\"_blank\">aluminum extrusions for industrial racks<\/a><\/li>\r\r\n<li><a href=\"https:\/\/sinoextrud.com\/powder-coating-aluminium-process\/\" target=\"_blank\">powder coating aluminium<\/a><\/li>\r\r\n<li><a href=\"https:\/\/sinoextrud.com\/what-is-an-aluminium-strip-ceiling\/\" target=\"_blank\">aluminium strip ceiling<\/a><\/li>\r\r\n<li><a href=\"https:\/\/sinoextrud.com\/what-is-a-heat-sink\/\" target=\"_blank\">what is a heat sink<\/a><\/li>\r\r\n<\/ul>","product_chanpin_chanpin":"<li><a href=\"https:\/\/sinoextrud.com\/product\/custom-precision-cnc-machining-for-aluminum-parts\/\" target=\"_blank\">Custom Precision CNC Machining for Aluminum Parts<\/a><\/li>\r\n<li><a href=\"https:\/\/sinoextrud.com\/product\/anodized-extruded-c-section-aluminium-profile\/\" target=\"_blank\">Anodized Extruded C Section Aluminium Profile<\/a><\/li>\r\n<li><a href=\"https:\/\/sinoextrud.com\/product\/matte-champagne-floor-and-stair-step-parquet-tile-carpet-trim-transition-aluminium-profile\/\" target=\"_blank\">Matte champagne floor and stair step parquet tile carpet trim transition aluminium profile<\/a><\/li>\r\n<li><a href=\"https:\/\/sinoextrud.com\/product\/wall-surface-edging-protection-skirtboard-baseboard-kicking-line-aluminium-profile\/\" target=\"_blank\">Wall surface edging protection Skirtboard Baseboard Kicking line aluminium profile<\/a><\/li>\r\n<li><a href=\"https:\/\/sinoextrud.com\/product\/aluminum-edge-trim-for-plywood\/\" target=\"_blank\">Aluminum Edge Trim For Plywood<\/a><\/li>\r\n<li><a href=\"https:\/\/sinoextrud.com\/product\/rectangular-aluminum-extrusions\/\" target=\"_blank\">Rectangular Aluminum Extrusions<\/a><\/li>\r\n<li><a href=\"https:\/\/sinoextrud.com\/product\/aluminium-extrusion-profiles-for-the-windows\/\" target=\"_blank\">Aluminium Extrusion Profiles For The Windows<\/a><\/li>\r\n<li><a href=\"https:\/\/sinoextrud.com\/product\/aluminum-extrusion-polished-square-tupe\/\" target=\"_blank\">Aluminum Extrusion Polished Square Tupe<\/a><\/li>\r\n<li><a href=\"https:\/\/sinoextrud.com\/product\/aluminum-door-jamb-extrusions\/\" target=\"_blank\">Aluminum Door Jamb Extrusions<\/a><\/li>\r\n<li><a href=\"https:\/\/sinoextrud.com\/product\/h-section-aluminium-extrusion\/\" target=\"_blank\">H Section Aluminium Extrusion<\/a><\/li>\r\n<li><a href=\"https:\/\/sinoextrud.com\/product\/aluminium-sliding-door-with-french-style-bi-folding-glass-wall-door-energy-saving-heat-insulation\/\" target=\"_blank\">Aluminium Sliding Door With French Style Bi-folding Glass Wall Door Energy Saving Heat Insulation<\/a><\/li>"},"feature_list":[]},"_links":{"self":[{"href":"https:\/\/sinoextrud.com\/cs\/wp-json\/wp\/v2\/product\/6928","targetHints":{"allow":["GET"]}}],"collection":[{"href":"https:\/\/sinoextrud.com\/cs\/wp-json\/wp\/v2\/product"}],"about":[{"href":"https:\/\/sinoextrud.com\/cs\/wp-json\/wp\/v2\/types\/product"}],"wp:featuredmedia":[{"embeddable":true,"href":"https:\/\/sinoextrud.com\/cs\/wp-json\/wp\/v2\/media\/6927"}],"wp:attachment":[{"href":"https:\/\/sinoextrud.com\/cs\/wp-json\/wp\/v2\/media?parent=6928"}],"wp:term":[{"taxonomy":"category","embeddable":true,"href":"https:\/\/sinoextrud.com\/cs\/wp-json\/wp\/v2\/categories?post=6928"}],"curies":[{"name":"wp","href":"https:\/\/api.w.org\/{rel}","templated":true}]}}