{"id":6916,"date":"2025-06-04T02:12:54","date_gmt":"2025-06-04T02:12:54","guid":{"rendered":"https:\/\/sinoextrud.com\/product\/aluminum-t-bar-extrusion\/"},"modified":"2025-06-24T06:11:58","modified_gmt":"2025-06-24T06:11:58","slug":"vytlacovani-hlinikovych-tyci-t","status":"publish","type":"product","link":"https:\/\/sinoextrud.com\/cs\/product\/aluminum-t-bar-extrusion\/","title":{"rendered":"Hlin\u00edkov\u00e1 ty\u010d T Extrusion"},"content":{"rendered":"<h2>Podrobnosti o produktech<\/h2>\n<table class=\"custom-table\">\n<tr>\n<td class=\"label\">Model NO:<\/td>\n<td>Hlin\u00edkov\u00e1 ty\u010d 6063 T Extrusion\uff0c<\/td>\n<\/tr>\n<tr>\n<td class=\"label\">M\u00edrnost:<\/td>\n<td>T3 - T8\uff0c<\/td>\n<\/tr>\n<tr>\n<td class=\"label\">Povrchov\u00e1 \u00faprava:<\/td>\n<td>eloxovan\u00fd pl\u00e1tek\uff0c<\/td>\n<\/tr>\n<tr>\n<td class=\"label\">Slitina:<\/td>\n<td>Slitina\uff0c<\/td>\n<\/tr>\n<tr>\n<td class=\"label\">Typ:<\/td>\n<td>Hlin\u00edkov\u00e9 profily pro okenn\u00ed li\u0161ty\uff0c<\/td>\n<\/tr>\n<tr>\n<td class=\"label\">Technika:<\/td>\n<td>Extrudovan\u00e9\uff0c<\/td>\n<\/tr>\n<tr>\n<td class=\"label\">Ochrann\u00e1 zn\u00e1mka:<\/td>\n<td>OEM\uff0c<\/td>\n<\/tr>\n<tr>\n<td class=\"label\">P\u016fvod:<\/td>\n<td>Guangdong \u010c\u00edna\uff0c<\/td>\n<\/tr>\n<tr>\n<td class=\"label\">Tvar:<\/td>\n<td>stejn\u00e9 jako na v\u00fdkresu\uff0c<\/td>\n<\/tr>\n<tr>\n<td class=\"label\">Certifikace:<\/td>\n<td>EN, ASTM, GB\/T\uff0c<\/td>\n<\/tr>\n<tr>\n<td class=\"label\">Velikost:<\/td>\n<td>100*20 mm<\/td>\n<\/tr>\n<tr>\n<td class=\"label\">K\u00f3d HS:<\/td>\n<td>7604299000\uff0c<\/td>\n<\/tr>\n<tr>\n<td class=\"label\">Tlou\u0161\u0165ka st\u011bny:<\/td>\n<td>1,2 mm. Mo\u017enost p\u0159izp\u016fsoben\u00ed\uff0c<\/td>\n<\/tr>\n<\/table>\n<h2>Na\u0161e v\u00fdrobn\u00ed z\u00e1kladna<\/h2>\n<h3>Panorama tov\u00e1rny<\/h3>\n<p><img decoding=\"async\" src=\"\/wp-content\/uploads\/factory-01.webp\"\/><\/p>\n<h3>D\u00edlna na v\u00fdrobu hlin\u00edkov\u00fdch ty\u010d\u00ed<\/h3>\n<p><img decoding=\"async\" src=\"\/wp-content\/uploads\/factory-02.webp\"\/><\/p>\n<p><img decoding=\"async\" src=\"\/wp-content\/uploads\/factory-03.webp\"\/><\/p>\n<h3>Sklad pl\u00edsn\u00ed<\/h3>\n<p><img decoding=\"async\" src=\"\/wp-content\/uploads\/factory-04.webp\"\/><\/p>\n<h3>43 linek na vytla\u010dov\u00e1n\u00ed hlin\u00edku (500-5500 tun)<\/h3>\n<p><img decoding=\"async\" src=\"\/wp-content\/uploads\/factory-05.webp\"\/><\/p>\n<p><img decoding=\"async\" src=\"\/wp-content\/uploads\/factory-06.webp\"\/><\/p>\n<p><img decoding=\"async\" src=\"\/wp-content\/uploads\/factory-07.webp\"\/><\/p>\n<h3>D\u00edlna pr\u00e1\u0161kov\u00e9ho lakov\u00e1n\u00ed<\/h3>\n<p><img decoding=\"async\" src=\"\/wp-content\/uploads\/factory-09.webp\"\/><\/p>\n<h3>D\u00edlna eloxov\u00e1n\u00ed<\/h3>\n<p><img decoding=\"async\" src=\"\/wp-content\/uploads\/factory-10.webp\"\/><\/p>\n<h3>Workshop o hloubkov\u00e9m zpracov\u00e1n\u00ed<\/h3>\n<p><img decoding=\"async\" src=\"\/wp-content\/uploads\/factory-11.webp\"\/><\/p>\n<h3>D\u00edlna CNC p\u0159esn\u00e9ho obr\u00e1b\u011bn\u00ed<\/h3>\n<p><img decoding=\"async\" src=\"\/wp-content\/uploads\/factory-11.5.webp\"\/><\/p>\n<h3>Sklad hotov\u00fdch v\u00fdrobk\u016f a exportn\u00ed sklad<\/h3>\n<p><img decoding=\"async\" src=\"\/wp-content\/uploads\/factory-12.webp\"\/><\/p>\n<p><img decoding=\"async\" src=\"\/wp-content\/uploads\/factory-13.webp\"\/><\/p>\n<p><img decoding=\"async\" src=\"\/wp-content\/uploads\/factory-14.webp\"\/><\/p>\n<h2>\u010cASTO KLADEN\u00c9 DOTAZY<\/h2>\n<p><p><b>1.Co je hlin\u00edkov\u00fd v\u00fdlisek ve tvaru p\u00edsmene H?<\/b><\/p>\n<p>Hlin\u00edkov\u00fd v\u00fdlisek ve tvaru p\u00edsmene H je profil s pr\u016f\u0159ezem ve tvaru p\u00edsmene H, kter\u00fd se b\u011b\u017en\u011b pou\u017e\u00edv\u00e1 ve stavebnictv\u00ed a pr\u016fmyslu pro konstruk\u010dn\u00ed podporu a r\u00e1mov\u00e1n\u00ed.<br \/>\n<\/p><br \/>\n<br \/>\n<p><b>2.Pro\u010d zvolit hlin\u00edk pro profily ve tvaru H?<\/b><\/p>\n<p>Hlin\u00edk nab\u00edz\u00ed vysok\u00fd pom\u011br pevnosti a hmotnosti, odolnost proti korozi a snadnou v\u00fdrobu, tak\u017ee je ide\u00e1ln\u00ed pro profily ve tvaru H v r\u016fzn\u00fdch aplikac\u00edch.<br \/>\n<\/p><br \/>\n<br \/>\n<p><b>3.Jak\u00e9 jsou b\u011b\u017en\u00e9 aplikace hlin\u00edkov\u00fdch v\u00fdlisk\u016f ve tvaru H?<\/b><\/p>\n<p>Jsou \u0161iroce pou\u017e\u00edv\u00e1ny ve stavebn\u00edch r\u00e1mech, architektonick\u00fdch oblo\u017een\u00edch, ochrann\u00fdch hran\u00e1ch, podvozc\u00edch vozidel, reg\u00e1lov\u00fdch syst\u00e9mech a vybaven\u00ed obchod\u016f.<br \/>\n<\/p><br \/>\n<br \/>\n<p><b>4.Mohou b\u00fdt rozm\u011bry hlin\u00edkov\u00fdch v\u00fdlisk\u016f ve tvaru p\u00edsmene H p\u0159izp\u016fsobeny?<\/b><\/p>\n<p>Ano, v\u00fdrobci nab\u00edzej\u00ed p\u0159izp\u016fsoben\u00ed velikosti, tlou\u0161\u0165ky a povrchov\u00e9 \u00fapravy, aby splnili specifick\u00e9 po\u017eadavky projektu.<br \/>\n<\/p><br \/>\n<br \/>\n<p><b>5.Jak typ slitiny ovliv\u0148uje v\u00fdkon hlin\u00edkov\u00fdch v\u00fdlisk\u016f ve tvaru H?<\/b><\/p>\n<p>Slitiny jako 6061 poskytuj\u00ed vy\u0161\u0161\u00ed pevnost, zat\u00edmco slitina 6063 nab\u00edz\u00ed lep\u0161\u00ed povrchovou \u00fapravu a odolnost proti korozi, co\u017e umo\u017e\u0148uje v\u00fdb\u011br na z\u00e1klad\u011b pot\u0159eb aplikace.<br \/>\n<\/p><br \/>\n<br \/>\n<p><b>6.Jsou tyto profily vhodn\u00e9 pro venkovn\u00ed pou\u017eit\u00ed?<\/b><\/p>\n<p>D\u00edky odolnosti hlin\u00edku proti korozi jsou profily ve tvaru H ide\u00e1ln\u00ed pro venkovn\u00ed konstrukce a instalace.<br \/>\n<\/p><br \/>\n<br \/>\n<p><b>7.Je hlin\u00edk \u0161etrn\u00fd k \u017eivotn\u00edmu prost\u0159ed\u00ed?<\/b><\/p>\n<p>Ano, hlin\u00edk je pln\u011b recyklovateln\u00fd bez ztr\u00e1ty vlastnost\u00ed, co\u017e z n\u011bj \u010din\u00ed udr\u017eitelnou volbu pro r\u016fzn\u00e9 aplikace.<br \/>\n<\/p><br \/><\/p>","protected":false},"featured_media":6915,"template":"","categories":[67],"class_list":["post-6916","product","type-product","status-publish","has-post-thumbnail","hentry","category-architectural-aluminium-profile"],"meta_box":{"hilight_text_group":{"product_hilight_text":"<li>High strength-to-weight ratio ensures robust structural support while minimizing overall weight.<\/li>\r\r\n<li>Exceptional corrosion resistance makes it suitable for both indoor and outdoor applications.<\/li>\r\r\n<li>Customizable dimensions and finishes to meet specific architectural and industrial requirements.<\/li>\r\r\n<li>Versatile applications including framing, partitions, enclosures, and support structures.<\/li>\r\r\n<li>Low-maintenance surface that resists wear, reducing long-term upkeep costs.<\/li>\r\r\n<li>Easy to fabricate and assemble, allowing for efficient construction and installation.<\/li>\r\r\n<li>Environmentally friendly and fully recyclable, supporting sustainable construction practices.<\/li>","product_chanpin_blog":"<ul>\r\r\n<li><a href=\"https:\/\/sinoextrud.com\/t-slot-v-slot-differences\/\" target=\"_blank\">t slot vs v slot<\/a><\/li>\r\r\n<li><a href=\"https:\/\/sinoextrud.com\/what-is-4040-aluminium-extrud\/\" target=\"_blank\">4040 aluminium extrusion<\/a><\/li>\r\r\n<li><a href=\"https:\/\/sinoextrud.com\/what-is-4040-aluminium-extrud\/\" target=\"_blank\">aluminum extrusions for industrial racks<\/a><\/li>\r\r\n<li><a href=\"https:\/\/sinoextrud.com\/powder-coating-aluminium-process\/\" target=\"_blank\">powder coating aluminium<\/a><\/li>\r\r\n<li><a href=\"https:\/\/sinoextrud.com\/what-is-an-aluminium-strip-ceiling\/\" target=\"_blank\">aluminium strip ceiling<\/a><\/li>\r\r\n<li><a href=\"https:\/\/sinoextrud.com\/what-is-a-heat-sink\/\" target=\"_blank\">what is a heat sink<\/a><\/li>\r\r\n<\/ul>","product_chanpin_chanpin":"<li><a href=\"https:\/\/sinoextrud.com\/product\/6063-6061aluminum-extrusions-for-door-frames\/\" target=\"_blank\">6063 6061Aluminum Extrusions For Door Frames<\/a><\/li>\r\n<li><a href=\"https:\/\/sinoextrud.com\/product\/aluminium-window-trim-profiles\/\" target=\"_blank\">Aluminium Window Trim Profiles<\/a><\/li>\r\n<li><a href=\"https:\/\/sinoextrud.com\/product\/aluminium-window-and-door-profiles\/\" target=\"_blank\">Aluminium Window And Door Profiles<\/a><\/li>\r\n<li><a href=\"https:\/\/sinoextrud.com\/product\/aluminum-cnc-machined-part-custom-aluminum-machining\/\" target=\"_blank\">Aluminum CNC Machined Part Custom Aluminum Machining<\/a><\/li>\r\n<li><a href=\"https:\/\/sinoextrud.com\/product\/aluminum-t-bar-extrusion\/\" target=\"_blank\">Aluminum T Bar Extrusion<\/a><\/li>\r\n<li><a href=\"https:\/\/sinoextrud.com\/product\/aluminium-profile-for-fold-rack-aluminum-alloy-clothes-drying-rack-and-aluminium-frame-clotheshorse\/\" target=\"_blank\">Aluminium profile for Fold rack Aluminum alloy Clothes drying rack and aluminium frame Clotheshorse<\/a><\/li>\r\n<li><a href=\"https:\/\/sinoextrud.com\/product\/custom-precision-cnc-machining-for-aluminum-parts\/\" target=\"_blank\">Custom Precision CNC Machining for Aluminum Parts<\/a><\/li>\r\n<li><a href=\"https:\/\/sinoextrud.com\/product\/anodized-extruded-c-section-aluminium-profile\/\" target=\"_blank\">Anodized Extruded C Section Aluminium Profile<\/a><\/li>\r\n<li><a href=\"https:\/\/sinoextrud.com\/product\/matte-champagne-floor-and-stair-step-parquet-tile-carpet-trim-transition-aluminium-profile\/\" target=\"_blank\">Matte champagne floor and stair step parquet tile carpet trim transition aluminium profile<\/a><\/li>\r\n<li><a href=\"https:\/\/sinoextrud.com\/product\/aluminium-sliding-door-champagne-colour\/\" target=\"_blank\">Aluminium Sliding Door Champagne colour<\/a><\/li>\r\n<li><a href=\"https:\/\/sinoextrud.com\/product\/medical-instrument-aluminum-profile\/\" target=\"_blank\">Medical Instrument Aluminum Profile<\/a><\/li>"},"feature_list":[]},"_links":{"self":[{"href":"https:\/\/sinoextrud.com\/cs\/wp-json\/wp\/v2\/product\/6916","targetHints":{"allow":["GET"]}}],"collection":[{"href":"https:\/\/sinoextrud.com\/cs\/wp-json\/wp\/v2\/product"}],"about":[{"href":"https:\/\/sinoextrud.com\/cs\/wp-json\/wp\/v2\/types\/product"}],"wp:featuredmedia":[{"embeddable":true,"href":"https:\/\/sinoextrud.com\/cs\/wp-json\/wp\/v2\/media\/6915"}],"wp:attachment":[{"href":"https:\/\/sinoextrud.com\/cs\/wp-json\/wp\/v2\/media?parent=6916"}],"wp:term":[{"taxonomy":"category","embeddable":true,"href":"https:\/\/sinoextrud.com\/cs\/wp-json\/wp\/v2\/categories?post=6916"}],"curies":[{"name":"wp","href":"https:\/\/api.w.org\/{rel}","templated":true}]}}