{"id":6897,"date":"2025-06-04T01:42:17","date_gmt":"2025-06-04T01:42:17","guid":{"rendered":"https:\/\/sinoextrud.com\/product\/custom-made-modern-wood-grain-color-kitchen-cabinet-aluminium-extrusion-profile\/"},"modified":"2025-06-24T06:11:56","modified_gmt":"2025-06-24T06:11:56","slug":"na-zakazku-vyrobeny-moderni-dreveny-barevny-kuchynsky-nabytek-hlinikovy-vytlacovaci-profil","status":"publish","type":"product","link":"https:\/\/sinoextrud.com\/cs\/product\/custom-made-modern-wood-grain-color-kitchen-cabinet-aluminium-extrusion-profile\/","title":{"rendered":"Modern\u00ed kuchy\u0148sk\u00e1 sk\u0159\u00ed\u0148ka s barvou d\u0159eva na zak\u00e1zku z hlin\u00edkov\u00e9ho vytla\u010dovac\u00edho profilu"},"content":{"rendered":"<h2>Podrobnosti o produktech<\/h2>\n<table class=\"custom-table\">\n<tr>\n<td class=\"label\">N\u00e1zev<\/td>\n<td>Modern\u00ed kuchy\u0148sk\u00e1 sk\u0159\u00ed\u0148ka s barvou d\u0159eva na zak\u00e1zku, hlin\u00edkov\u00fd vytla\u010dovac\u00ed profil\uff0c<\/td>\n<\/tr>\n<\/table>\n<h2>Na\u0161e v\u00fdrobn\u00ed z\u00e1kladna<\/h2>\n<h3>Panorama tov\u00e1rny<\/h3>\n<p><img decoding=\"async\" src=\"\/wp-content\/uploads\/factory-01.webp\"\/><\/p>\n<h3>D\u00edlna na v\u00fdrobu hlin\u00edkov\u00fdch ty\u010d\u00ed<\/h3>\n<p><img decoding=\"async\" src=\"\/wp-content\/uploads\/factory-02.webp\"\/><\/p>\n<p><img decoding=\"async\" src=\"\/wp-content\/uploads\/factory-03.webp\"\/><\/p>\n<h3>Sklad pl\u00edsn\u00ed<\/h3>\n<p><img decoding=\"async\" src=\"\/wp-content\/uploads\/factory-04.webp\"\/><\/p>\n<h3>43 linek na vytla\u010dov\u00e1n\u00ed hlin\u00edku (500-5500 tun)<\/h3>\n<p><img decoding=\"async\" src=\"\/wp-content\/uploads\/factory-05.webp\"\/><\/p>\n<p><img decoding=\"async\" src=\"\/wp-content\/uploads\/factory-06.webp\"\/><\/p>\n<p><img decoding=\"async\" src=\"\/wp-content\/uploads\/factory-07.webp\"\/><\/p>\n<h3>D\u00edlna pr\u00e1\u0161kov\u00e9ho lakov\u00e1n\u00ed<\/h3>\n<p><img decoding=\"async\" src=\"\/wp-content\/uploads\/factory-09.webp\"\/><\/p>\n<h3>D\u00edlna eloxov\u00e1n\u00ed<\/h3>\n<p><img decoding=\"async\" src=\"\/wp-content\/uploads\/factory-10.webp\"\/><\/p>\n<h3>Workshop o hloubkov\u00e9m zpracov\u00e1n\u00ed<\/h3>\n<p><img decoding=\"async\" src=\"\/wp-content\/uploads\/factory-11.webp\"\/><\/p>\n<h3>D\u00edlna CNC p\u0159esn\u00e9ho obr\u00e1b\u011bn\u00ed<\/h3>\n<p><img decoding=\"async\" src=\"\/wp-content\/uploads\/factory-11.5.webp\"\/><\/p>\n<h3>Sklad hotov\u00fdch v\u00fdrobk\u016f a exportn\u00ed sklad<\/h3>\n<p><img decoding=\"async\" src=\"\/wp-content\/uploads\/factory-12.webp\"\/><\/p>\n<p><img decoding=\"async\" src=\"\/wp-content\/uploads\/factory-13.webp\"\/><\/p>\n<p><img decoding=\"async\" src=\"\/wp-content\/uploads\/factory-14.webp\"\/><\/p>\n<h2>\u010cASTO KLADEN\u00c9 DOTAZY<\/h2>\n<p><p><b>1.Co jsou na zak\u00e1zku vyroben\u00e9 modern\u00ed d\u0159ev\u011bn\u00e9 barvy kuchy\u0148sk\u00e9 sk\u0159\u00ed\u0148ky hlin\u00edkov\u00e9 vytla\u010dovac\u00ed profily?<\/b><\/p>\n<p>Jedn\u00e1 se o hlin\u00edkov\u00e9 profily ur\u010den\u00e9 pro kuchy\u0148sk\u00e9 sk\u0159\u00ed\u0148ky s povrchovou \u00fapravou s kresbou d\u0159eva, kter\u00e9 kombinuj\u00ed estetick\u00fd vzhled d\u0159eva s odolnost\u00ed a lehk\u00fdmi vlastnostmi hlin\u00edku.<br \/>\n<\/p><br \/>\n<br \/>\n<p><b>2.Pro\u010d zvolit hlin\u00edkov\u00e9 vytla\u010dovac\u00ed profily pro kuchy\u0148sk\u00e9 sk\u0159\u00ed\u0148ky?<\/b><\/p>\n<p>Hlin\u00edkov\u00e9 lisovan\u00e9 profily se vyzna\u010duj\u00ed pevnost\u00ed, odolnost\u00ed proti korozi a flexibilitou designu, tak\u017ee jsou ide\u00e1ln\u00ed pro modern\u00ed kuchy\u0148sk\u00e9 sk\u0159\u00ed\u0148ky, kter\u00e9 vy\u017eaduj\u00ed funk\u010dnost i styl.<br \/>\n<\/p><br \/>\n<br \/>\n<p><b>3.Jak se na hlin\u00edkov\u00e9 profily nan\u00e1\u0161\u00ed povrchov\u00e1 \u00faprava se strukturou d\u0159eva?<\/b><\/p>\n<p>Efektu d\u0159ev\u011bn\u00fdch vl\u00e1ken se obvykle dosahuje pr\u00e1\u0161kov\u00fdm lakov\u00e1n\u00edm a n\u00e1sledn\u00fdm tepeln\u00fdm p\u0159enosem, co\u017e na hlin\u00edkov\u00e9m povrchu vytv\u00e1\u0159\u00ed odoln\u00fd a realistick\u00fd vzhled d\u0159eva.<br \/>\n<\/p><br \/>\n<br \/>\n<p><b>4.Lze tyto hlin\u00edkov\u00e9 profily p\u0159izp\u016fsobit konkr\u00e9tn\u00edmu designu kuchyn\u011b?<\/b><\/p>\n<p>Ano, profily lze tvarov\u011b, rozm\u011brov\u011b a povrchov\u011b p\u0159izp\u016fsobit individu\u00e1ln\u00edm po\u017eadavk\u016fm na design kuchyn\u011b a zajistit tak dokonal\u00e9 p\u0159izp\u016fsoben\u00ed a jednotn\u00fd vzhled.<br \/>\n<\/p><br \/>\n<br \/>\n<p><b>5.Jsou d\u0159ev\u011bn\u00e9 hlin\u00edkov\u00e9 vytla\u010dovac\u00ed profily \u0161etrn\u00e9 k \u017eivotn\u00edmu prost\u0159ed\u00ed?<\/b><\/p>\n<p>Ano, hlin\u00edk je recyklovateln\u00fd materi\u00e1l a v\u00fdrobn\u00ed procesy t\u011bchto profil\u016f jsou navr\u017eeny tak, aby byly \u0161etrn\u00e9 k \u017eivotn\u00edmu prost\u0159ed\u00ed a podporovaly udr\u017eiteln\u00e9 stavebn\u00ed postupy.<br \/>\n<\/p><br \/>\n<br \/>\n<p><b>6.Jakou \u00fadr\u017ebu vy\u017eaduj\u00ed d\u0159ev\u011bn\u00e9 hlin\u00edkov\u00e9 profily kuchy\u0148sk\u00fdch sk\u0159\u00edn\u011bk?<\/b><\/p>\n<p>Tyto profily jsou nen\u00e1ro\u010dn\u00e9 na \u00fadr\u017ebu; sta\u010d\u00ed je pravideln\u011b \u010distit jemn\u00fdm m\u00fddlem a vodou, aby vypadaly jako nov\u00e9, proto\u017ee jsou odoln\u00e9 v\u016f\u010di vlhkosti a skvrn\u00e1m.<br \/>\n<\/p><br \/>\n<br \/>\n<p><b>7.Jsou tyto profily v souladu s mezin\u00e1rodn\u00edmi normami kvality?<\/b><\/p>\n<p>Ano, renomovan\u00ed v\u00fdrobci zaji\u0161\u0165uj\u00ed, \u017ee jejich hlin\u00edkov\u00e9 vytla\u010dovac\u00ed profily spl\u0148uj\u00ed mezin\u00e1rodn\u00ed normy, jako jsou certifikace CE a ISO, kter\u00e9 zaru\u010duj\u00ed kvalitu a bezpe\u010dnost.<br \/>\n<\/p><br \/><\/p>","protected":false},"featured_media":6896,"template":"","categories":[67],"class_list":["post-6897","product","type-product","status-publish","has-post-thumbnail","hentry","category-architectural-aluminium-profile"],"meta_box":{"hilight_text_group":{"product_hilight_text":"<li>Realistic wood grain finishes achieved through advanced powder coating and thermal transfer techniques.<\/li>\r\r\n<li>Constructed from 6063 T5 aluminum alloy, offering lightweight strength and corrosion resistance.<\/li>\r\r\n<li>Customizable profiles tailored to specific kitchen cabinet dimensions and design requirements.<\/li>\r\r\n<li>Low-maintenance surfaces resistant to moisture, warping, and fading, ensuring long-term durability.<\/li>\r\r\n<li>Eco-friendly and recyclable materials supporting sustainable building practices.<\/li>\r\r\n<li>Available in various finishes, including anodized, powder-coated, and wood grain, to match diverse interior styles.<\/li>\r\r\n<li>Precision CNC machining allows for intricate designs and seamless integration into modern kitchen layouts.<\/li>","product_chanpin_blog":"<ul>\r\r\n<li><a href=\"https:\/\/sinoextrud.com\/t-slot-v-slot-differences\/\" target=\"_blank\">t slot vs v slot<\/a><\/li>\r\r\n<li><a href=\"https:\/\/sinoextrud.com\/what-is-4040-aluminium-extrud\/\" target=\"_blank\">4040 aluminium extrusion<\/a><\/li>\r\r\n<li><a href=\"https:\/\/sinoextrud.com\/what-is-4040-aluminium-extrud\/\" target=\"_blank\">aluminum extrusions for industrial racks<\/a><\/li>\r\r\n<li><a href=\"https:\/\/sinoextrud.com\/powder-coating-aluminium-process\/\" target=\"_blank\">powder coating aluminium<\/a><\/li>\r\r\n<li><a href=\"https:\/\/sinoextrud.com\/what-is-an-aluminium-strip-ceiling\/\" target=\"_blank\">aluminium strip ceiling<\/a><\/li>\r\r\n<li><a href=\"https:\/\/sinoextrud.com\/what-is-a-heat-sink\/\" target=\"_blank\">what is a heat sink<\/a><\/li>\r\r\n<\/ul>","product_chanpin_chanpin":"<li><a href=\"https:\/\/sinoextrud.com\/product\/h-channel-aluminum-extrusion\/\" target=\"_blank\">H Channel Aluminum Extrusion<\/a><\/li>\r\n<li><a href=\"https:\/\/sinoextrud.com\/product\/cnc-anodized-6063-curved-aluminum-extrusions\/\" target=\"_blank\">CNC Anodized 6063 Curved Aluminum Extrusions<\/a><\/li>\r\n<li><a href=\"https:\/\/sinoextrud.com\/product\/6063-multiple-size-extruded-aluminium-t-slot\/\" target=\"_blank\">6063 Multiple Size Extruded Aluminium T Slot<\/a><\/li>\r\n<li><a href=\"https:\/\/sinoextrud.com\/product\/commercial-glass-aluminium-railing-systems\/\" target=\"_blank\">Commercial Glass Aluminium Railing Systems<\/a><\/li>\r\n<li><a href=\"https:\/\/sinoextrud.com\/product\/custom-made-modern-wood-grain-color-kitchen-cabinet-aluminium-extrusion-profile\/\" target=\"_blank\">Custom made modern wood grain color kitchen cabinet aluminium extrusion profile<\/a><\/li>\r\n<li><a href=\"https:\/\/sinoextrud.com\/product\/anodized-extruded-u-shaped-aluminium-profile\/\" target=\"_blank\">Anodized Extruded U Shaped Aluminium Profile<\/a><\/li>\r\n<li><a href=\"https:\/\/sinoextrud.com\/product\/aluminium-c-channel-profiles\/\" target=\"_blank\">Aluminium C Channel Profiles<\/a><\/li>\r\n<li><a href=\"https:\/\/sinoextrud.com\/product\/aluminum-z-extrusion\/\" target=\"_blank\">Aluminum Z Extrusion<\/a><\/li>\r\n<li><a href=\"https:\/\/sinoextrud.com\/product\/h-shaped-aluminum-extrusion\/\" target=\"_blank\">H Shaped Aluminum Extrusion<\/a><\/li>\r\n<li><a href=\"https:\/\/sinoextrud.com\/product\/solar-aluminium-profile-2\/\" target=\"_blank\">Solar Aluminium Profile<\/a><\/li>\r\n<li><a href=\"https:\/\/sinoextrud.com\/product\/extruded-aluminum-heatsink-enclosure\/\" target=\"_blank\">Extruded Aluminum Heatsink Enclosure<\/a><\/li>"},"feature_list":[]},"_links":{"self":[{"href":"https:\/\/sinoextrud.com\/cs\/wp-json\/wp\/v2\/product\/6897","targetHints":{"allow":["GET"]}}],"collection":[{"href":"https:\/\/sinoextrud.com\/cs\/wp-json\/wp\/v2\/product"}],"about":[{"href":"https:\/\/sinoextrud.com\/cs\/wp-json\/wp\/v2\/types\/product"}],"wp:featuredmedia":[{"embeddable":true,"href":"https:\/\/sinoextrud.com\/cs\/wp-json\/wp\/v2\/media\/6896"}],"wp:attachment":[{"href":"https:\/\/sinoextrud.com\/cs\/wp-json\/wp\/v2\/media?parent=6897"}],"wp:term":[{"taxonomy":"category","embeddable":true,"href":"https:\/\/sinoextrud.com\/cs\/wp-json\/wp\/v2\/categories?post=6897"}],"curies":[{"name":"wp","href":"https:\/\/api.w.org\/{rel}","templated":true}]}}