{"id":6895,"date":"2025-06-04T01:40:03","date_gmt":"2025-06-04T01:40:03","guid":{"rendered":"https:\/\/sinoextrud.com\/product\/commercial-glass-aluminium-railing-systems\/"},"modified":"2025-06-24T06:11:55","modified_gmt":"2025-06-24T06:11:55","slug":"komercni-sklenene-hlinikove-zabradli","status":"publish","type":"product","link":"https:\/\/sinoextrud.com\/cs\/product\/commercial-glass-aluminium-railing-systems\/","title":{"rendered":"Komer\u010dn\u00ed syst\u00e9my sklen\u011bn\u00fdch hlin\u00edkov\u00fdch z\u00e1bradl\u00ed"},"content":{"rendered":"<h2>Podrobnosti o produktech<\/h2>\n<table class=\"custom-table\">\n<tr>\n<td class=\"label\">Model<\/td>\n<td>Komer\u010dn\u00ed syst\u00e9my sklen\u011bn\u00fdch hlin\u00edkov\u00fdch z\u00e1bradl\u00ed\uff0c<\/td>\n<\/tr>\n<tr>\n<td class=\"label\">Materi\u00e1l<\/td>\n<td>Slitina hlin\u00edku 6063 6061\uff0c<\/td>\n<\/tr>\n<tr>\n<td class=\"label\">Dokon\u010deno<\/td>\n<td>Zrcadlov\u011b eloxovan\u00e9 d\u0159evo Gain , Brush\uff0c<\/td>\n<\/tr>\n<tr>\n<td class=\"label\">Velikost<\/td>\n<td>Na m\u00edru\uff0c<\/td>\n<\/tr>\n<tr>\n<td class=\"label\">Aplikace<\/td>\n<td>Sklen\u011bn\u00e9 oplocen\u00ed, Schodi\u0161\u0165ov\u00e9 z\u00e1bradl\u00ed nebo Sklen\u011bn\u00e9 z\u00e1bradl\u00ed\uff0c<\/td>\n<\/tr>\n<tr>\n<td class=\"label\">Tlou\u0161\u0165ka skla<\/td>\n<td>na m\u00edru\uff0c<\/td>\n<\/tr>\n<tr>\n<td class=\"label\">MOQ<\/td>\n<td>200KGS\uff0c<\/td>\n<\/tr>\n<tr>\n<td class=\"label\">Uk\u00e1zka<\/td>\n<td>K dispozici\uff0c<\/td>\n<\/tr>\n<tr>\n<td class=\"label\">V\u00fdrobn\u00ed kapacita<\/td>\n<td>500000ks\/m\u011bs\u00ed\u010dn\u011b<\/td>\n<\/tr>\n<tr>\n<td class=\"label\">Doba realizace<\/td>\n<td>25-35 dn\u00ed po obdr\u017een\u00ed platby<\/td>\n<\/tr>\n<tr>\n<td class=\"label\">P\u0159\u00edstav odesl\u00e1n\u00ed<\/td>\n<td>FOSHAN, GUANGZHOU, SHENZHEN\uff0c<\/td>\n<\/tr>\n<tr>\n<td class=\"label\">Cena Term\u00edn<\/td>\n<td>EXW.FOB \/ CIF atd.\uff0c<\/td>\n<\/tr>\n<tr>\n<td class=\"label\">Term\u00edn platby<\/td>\n<td>T\/T, L\/C<\/td>\n<\/tr>\n<tr>\n<td class=\"label\">Pozn\u00e1mka<\/td>\n<td>OEM je p\u0159ijateln\u00e9\uff0c<\/td>\n<\/tr>\n<\/table>\n<h2>Na\u0161e v\u00fdrobn\u00ed z\u00e1kladna<\/h2>\n<h3>Panorama tov\u00e1rny<\/h3>\n<p><img decoding=\"async\" src=\"\/wp-content\/uploads\/factory-01.webp\"\/><\/p>\n<h3>D\u00edlna na v\u00fdrobu hlin\u00edkov\u00fdch ty\u010d\u00ed<\/h3>\n<p><img decoding=\"async\" src=\"\/wp-content\/uploads\/factory-02.webp\"\/><\/p>\n<p><img decoding=\"async\" src=\"\/wp-content\/uploads\/factory-03.webp\"\/><\/p>\n<h3>Sklad pl\u00edsn\u00ed<\/h3>\n<p><img decoding=\"async\" src=\"\/wp-content\/uploads\/factory-04.webp\"\/><\/p>\n<h3>43 linek na vytla\u010dov\u00e1n\u00ed hlin\u00edku (500-5500 tun)<\/h3>\n<p><img decoding=\"async\" src=\"\/wp-content\/uploads\/factory-05.webp\"\/><\/p>\n<p><img decoding=\"async\" src=\"\/wp-content\/uploads\/factory-06.webp\"\/><\/p>\n<p><img decoding=\"async\" src=\"\/wp-content\/uploads\/factory-07.webp\"\/><\/p>\n<h3>D\u00edlna pr\u00e1\u0161kov\u00e9ho lakov\u00e1n\u00ed<\/h3>\n<p><img decoding=\"async\" src=\"\/wp-content\/uploads\/factory-09.webp\"\/><\/p>\n<h3>D\u00edlna eloxov\u00e1n\u00ed<\/h3>\n<p><img decoding=\"async\" src=\"\/wp-content\/uploads\/factory-10.webp\"\/><\/p>\n<h3>Workshop o hloubkov\u00e9m zpracov\u00e1n\u00ed<\/h3>\n<p><img decoding=\"async\" src=\"\/wp-content\/uploads\/factory-11.webp\"\/><\/p>\n<h3>D\u00edlna CNC p\u0159esn\u00e9ho obr\u00e1b\u011bn\u00ed<\/h3>\n<p><img decoding=\"async\" src=\"\/wp-content\/uploads\/factory-11.5.webp\"\/><\/p>\n<h3>Sklad hotov\u00fdch v\u00fdrobk\u016f a exportn\u00ed sklad<\/h3>\n<p><img decoding=\"async\" src=\"\/wp-content\/uploads\/factory-12.webp\"\/><\/p>\n<p><img decoding=\"async\" src=\"\/wp-content\/uploads\/factory-13.webp\"\/><\/p>\n<p><img decoding=\"async\" src=\"\/wp-content\/uploads\/factory-14.webp\"\/><\/p>\n<h2>\u010cASTO KLADEN\u00c9 DOTAZY<\/h2>\n<p><p><b>1.Co jsou komer\u010dn\u00ed syst\u00e9my sklen\u011bn\u00fdch hlin\u00edkov\u00fdch z\u00e1bradl\u00ed?<\/b><\/p>\n<p>Komer\u010dn\u00ed sklen\u011bn\u00e9 hlin\u00edkov\u00e9 z\u00e1bradl\u00ed jsou architektonick\u00e9 z\u00e1brany kombinuj\u00edc\u00ed panely z tvrzen\u00e9ho nebo vrstven\u00e9ho skla s hlin\u00edkov\u00fdmi r\u00e1my, kter\u00e9 nab\u00edzej\u00ed bezpe\u010dnost, odolnost a modern\u00ed estetiku pro komer\u010dn\u00ed prostory.<br \/>\n<\/p><br \/>\n<br \/>\n<p><b>2.Pro\u010d zvolit sklo a hlin\u00edk pro komer\u010dn\u00ed z\u00e1bradl\u00ed?<\/b><\/p>\n<p>Sklo zaji\u0161\u0165uje pr\u016fhlednost a modern\u00ed vzhled, zat\u00edmco hlin\u00edk nab\u00edz\u00ed pevnost a odolnost proti korozi, tak\u017ee tato kombinace je ide\u00e1ln\u00ed pro odoln\u00e9 a stylov\u00e9 komer\u010dn\u00ed z\u00e1bradl\u00ed.<br \/>\n<\/p><br \/>\n<br \/>\n<p><b>3.Jsou tyto syst\u00e9my z\u00e1bradl\u00ed bezpe\u010dn\u00e9 pro komer\u010dn\u00ed pou\u017eit\u00ed?<\/b><\/p>\n<p>Ano, pou\u017e\u00edvaj\u00ed tvrzen\u00e9 nebo vrstven\u00e9 sklo a robustn\u00ed hlin\u00edkov\u00e9 r\u00e1my, kter\u00e9 spl\u0148uj\u00ed mezin\u00e1rodn\u00ed bezpe\u010dnostn\u00ed normy a stavebn\u00ed p\u0159edpisy pro komer\u010dn\u00ed pou\u017eit\u00ed.<br \/>\n<\/p><br \/>\n<br \/>\n<p><b>4.Lze n\u00e1vrh p\u0159izp\u016fsobit konkr\u00e9tn\u00edm pot\u0159eb\u00e1m projektu?<\/b><\/p>\n<p>Tyto syst\u00e9my nab\u00edzej\u00ed r\u016fzn\u00e9 mo\u017enosti p\u0159izp\u016fsoben\u00ed, v\u010detn\u011b typ\u016f skel, povrchov\u00fdch \u00faprav a zp\u016fsob\u016f mont\u00e1\u017ee, kter\u00e9 vyhovuj\u00ed r\u016fzn\u00fdm architektonick\u00fdm n\u00e1vrh\u016fm.<br \/>\n<\/p><br \/>\n<br \/>\n<p><b>5.Jakou \u00fadr\u017ebu vy\u017eaduj\u00ed tyto syst\u00e9my z\u00e1bradl\u00ed?<\/b><\/p>\n<p>\u00dadr\u017eba je minim\u00e1ln\u00ed; pravideln\u00e9 \u010di\u0161t\u011bn\u00ed jemn\u00fdm m\u00fddlem a vodou udr\u017euje sklo \u010dist\u00e9 a hlin\u00edkov\u00e9 r\u00e1my v dobr\u00e9m stavu.<br \/>\n<\/p><br \/>\n<br \/>\n<p><b>6.Kde lze instalovat komer\u010dn\u00ed syst\u00e9my sklen\u011bn\u00fdch hlin\u00edkov\u00fdch z\u00e1bradl\u00ed?<\/b><\/p>\n<p>Jsou univerz\u00e1ln\u00ed a lze je instalovat v r\u016fzn\u00fdch komer\u010dn\u00edch prost\u0159ed\u00edch, jako jsou kancel\u00e1\u0159e, hotely, n\u00e1kupn\u00ed centra a ve\u0159ejn\u00e9 budovy, a to jak v interi\u00e9ru, tak v exteri\u00e9ru.<br \/>\n<\/p><br \/>\n<br \/>\n<p><b>7.Jak jsou tyto syst\u00e9my v souladu se stavebn\u00edmi p\u0159edpisy?<\/b><\/p>\n<p>Jsou navr\u017eeny tak, aby spl\u0148ovaly nebo p\u0159ekra\u010dovaly mezin\u00e1rodn\u00ed stavebn\u00ed p\u0159edpisy, a zaji\u0161\u0165uj\u00ed tak bezpe\u010dnost a shodu v komer\u010dn\u00edch instalac\u00edch.<br \/>\n<\/p><br \/><\/p>","protected":false},"featured_media":6894,"template":"","categories":[67],"class_list":["post-6895","product","type-product","status-publish","has-post-thumbnail","hentry","category-architectural-aluminium-profile"],"meta_box":{"hilight_text_group":{"product_hilight_text":"<li>Unobstructed visibility enhances architectural aesthetics and maximizes natural light flow.<\/li>\r\r\n<li>Tempered or laminated glass panels provide superior safety and durability.<\/li>\r\r\n<li>Aluminum frames offer corrosion resistance and long-term structural integrity.<\/li>\r\r\n<li>Low-maintenance materials reduce upkeep costs and time.<\/li>\r\r\n<li>Customizable designs with various finishes and glass options to match project requirements.<\/li>\r\r\n<li>Suitable for both indoor and outdoor commercial applications, including balconies and staircases.<\/li>\r\r\n<li>Compliance with international building codes ensures safety and reliability.<\/li>","product_chanpin_blog":"<ul>\r\r\n<li><a href=\"https:\/\/sinoextrud.com\/t-slot-v-slot-differences\/\" target=\"_blank\">t slot vs v slot<\/a><\/li>\r\r\n<li><a href=\"https:\/\/sinoextrud.com\/what-is-4040-aluminium-extrud\/\" target=\"_blank\">4040 aluminium extrusion<\/a><\/li>\r\r\n<li><a href=\"https:\/\/sinoextrud.com\/what-is-4040-aluminium-extrud\/\" target=\"_blank\">aluminum extrusions for industrial racks<\/a><\/li>\r\r\n<li><a href=\"https:\/\/sinoextrud.com\/powder-coating-aluminium-process\/\" target=\"_blank\">powder coating aluminium<\/a><\/li>\r\r\n<li><a href=\"https:\/\/sinoextrud.com\/what-is-an-aluminium-strip-ceiling\/\" target=\"_blank\">aluminium strip ceiling<\/a><\/li>\r\r\n<li><a href=\"https:\/\/sinoextrud.com\/what-is-a-heat-sink\/\" target=\"_blank\">what is a heat sink<\/a><\/li>\r\r\n<\/ul>","product_chanpin_chanpin":"<li><a href=\"https:\/\/sinoextrud.com\/product\/aluminum-extrusion-aluminium-profile-for-surface-oxidized-pipe\/\" target=\"_blank\">Aluminum Extrusion Aluminium Profile for Surface Oxidized Pipe<\/a><\/li>\r\n<li><a href=\"https:\/\/sinoextrud.com\/product\/h-channel-aluminum-extrusion\/\" target=\"_blank\">H Channel Aluminum Extrusion<\/a><\/li>\r\n<li><a href=\"https:\/\/sinoextrud.com\/product\/cnc-anodized-6063-curved-aluminum-extrusions\/\" target=\"_blank\">CNC Anodized 6063 Curved Aluminum Extrusions<\/a><\/li>\r\n<li><a href=\"https:\/\/sinoextrud.com\/product\/6063-multiple-size-extruded-aluminium-t-slot\/\" target=\"_blank\">6063 Multiple Size Extruded Aluminium T Slot<\/a><\/li>\r\n<li><a href=\"https:\/\/sinoextrud.com\/product\/commercial-glass-aluminium-railing-systems\/\" target=\"_blank\">Commercial Glass Aluminium Railing Systems<\/a><\/li>\r\n<li><a href=\"https:\/\/sinoextrud.com\/product\/custom-made-modern-wood-grain-color-kitchen-cabinet-aluminium-extrusion-profile\/\" target=\"_blank\">Custom made modern wood grain color kitchen cabinet aluminium extrusion profile<\/a><\/li>\r\n<li><a href=\"https:\/\/sinoextrud.com\/product\/anodized-extruded-u-shaped-aluminium-profile\/\" target=\"_blank\">Anodized Extruded U Shaped Aluminium Profile<\/a><\/li>\r\n<li><a href=\"https:\/\/sinoextrud.com\/product\/aluminium-c-channel-profiles\/\" target=\"_blank\">Aluminium C Channel Profiles<\/a><\/li>\r\n<li><a href=\"https:\/\/sinoextrud.com\/product\/aluminum-z-extrusion\/\" target=\"_blank\">Aluminum Z Extrusion<\/a><\/li>\r\n<li><a href=\"https:\/\/sinoextrud.com\/product\/y-section-aluminium-extrusion\/\" target=\"_blank\">Y Section Aluminium Extrusion<\/a><\/li>\r\n<li><a href=\"https:\/\/sinoextrud.com\/product\/bullet-shaped-baffle-ceiling-system\/\" target=\"_blank\">Bullet-shaped Baffle Ceiling System<\/a><\/li>"},"feature_list":[]},"_links":{"self":[{"href":"https:\/\/sinoextrud.com\/cs\/wp-json\/wp\/v2\/product\/6895","targetHints":{"allow":["GET"]}}],"collection":[{"href":"https:\/\/sinoextrud.com\/cs\/wp-json\/wp\/v2\/product"}],"about":[{"href":"https:\/\/sinoextrud.com\/cs\/wp-json\/wp\/v2\/types\/product"}],"wp:featuredmedia":[{"embeddable":true,"href":"https:\/\/sinoextrud.com\/cs\/wp-json\/wp\/v2\/media\/6894"}],"wp:attachment":[{"href":"https:\/\/sinoextrud.com\/cs\/wp-json\/wp\/v2\/media?parent=6895"}],"wp:term":[{"taxonomy":"category","embeddable":true,"href":"https:\/\/sinoextrud.com\/cs\/wp-json\/wp\/v2\/categories?post=6895"}],"curies":[{"name":"wp","href":"https:\/\/api.w.org\/{rel}","templated":true}]}}