{"id":6893,"date":"2025-06-04T01:37:28","date_gmt":"2025-06-04T01:37:28","guid":{"rendered":"https:\/\/sinoextrud.com\/product\/6063-multiple-size-extruded-aluminium-t-slot\/"},"modified":"2025-06-24T06:11:55","modified_gmt":"2025-06-24T06:11:55","slug":"6063-vice-velikosti-extrudovaneho-hliniku-t-slot","status":"publish","type":"product","link":"https:\/\/sinoextrud.com\/cs\/product\/6063-multiple-size-extruded-aluminium-t-slot\/","title":{"rendered":"6063 Extrudovan\u00fd hlin\u00edk T Slot v\u00edce velikost\u00ed"},"content":{"rendered":"<h2>Podrobnosti o produktech<\/h2>\n<table class=\"custom-table\">\n<tr>\n<td class=\"label\">T\u0159\u00edda:<\/td>\n<td>6063 -t5\uff0c<\/td>\n<\/tr>\n<tr>\n<td class=\"label\">Technika:<\/td>\n<td>6063 Extrudovan\u00e9 hlin\u00edkov\u00e9 T dr\u00e1\u017eky r\u016fzn\u00fdch velikost\u00ed<\/td>\n<\/tr>\n<tr>\n<td class=\"label\">M\u00edrnost:<\/td>\n<td>T3 - T8\uff0c<\/td>\n<\/tr>\n<tr>\n<td class=\"label\">Obr\u00e1b\u011bc\u00ed slu\u017eby:<\/td>\n<td>Vrt\u00e1n\u00ed, z\u00e1vitov\u00e1n\u00ed, n\u00fdtov\u00e1n\u00ed, mont\u00e1\u017e atd.<\/td>\n<\/tr>\n<tr>\n<td class=\"label\">Ochrann\u00e1 zn\u00e1mka:<\/td>\n<td>Sinoextrud Sinoextrud \uff0c<\/td>\n<\/tr>\n<tr>\n<td class=\"label\">Typ:<\/td>\n<td>6063 Extrudovan\u00e9 hlin\u00edkov\u00e9 T dr\u00e1\u017eky r\u016fzn\u00fdch velikost\u00ed<\/td>\n<\/tr>\n<tr>\n<td class=\"label\">Tvar:<\/td>\n<td>Vyrobeno podle n\u00e1vrhu klienta\uff0c<\/td>\n<\/tr>\n<tr>\n<td class=\"label\">Povrchov\u00e1 \u00faprava:<\/td>\n<td>Anodizovan\u00fd kart\u00e1\u010dovan\u00fd povrch<\/td>\n<\/tr>\n<tr>\n<td class=\"label\">D\u00e9lka:<\/td>\n<td>1m a\u017e 9m na d\u00e9lku\uff0c<\/td>\n<\/tr>\n<tr>\n<td class=\"label\">Barvy:<\/td>\n<td>St\u0159\u00edbrn\u00e1 \u010dern\u00e1\uff0c<\/td>\n<\/tr>\n<tr>\n<td class=\"label\">K\u00f3d HS:<\/td>\n<td>76042990\uff0c<\/td>\n<\/tr>\n<\/table>\n<h2>Na\u0161e v\u00fdrobn\u00ed z\u00e1kladna<\/h2>\n<h3>Panorama tov\u00e1rny<\/h3>\n<p><img decoding=\"async\" src=\"\/wp-content\/uploads\/factory-01.webp\"\/><\/p>\n<h3>D\u00edlna na v\u00fdrobu hlin\u00edkov\u00fdch ty\u010d\u00ed<\/h3>\n<p><img decoding=\"async\" src=\"\/wp-content\/uploads\/factory-02.webp\"\/><\/p>\n<p><img decoding=\"async\" src=\"\/wp-content\/uploads\/factory-03.webp\"\/><\/p>\n<h3>Sklad pl\u00edsn\u00ed<\/h3>\n<p><img decoding=\"async\" src=\"\/wp-content\/uploads\/factory-04.webp\"\/><\/p>\n<h3>43 linek na vytla\u010dov\u00e1n\u00ed hlin\u00edku (500-5500 tun)<\/h3>\n<p><img decoding=\"async\" src=\"\/wp-content\/uploads\/factory-05.webp\"\/><\/p>\n<p><img decoding=\"async\" src=\"\/wp-content\/uploads\/factory-06.webp\"\/><\/p>\n<p><img decoding=\"async\" src=\"\/wp-content\/uploads\/factory-07.webp\"\/><\/p>\n<h3>D\u00edlna pr\u00e1\u0161kov\u00e9ho lakov\u00e1n\u00ed<\/h3>\n<p><img decoding=\"async\" src=\"\/wp-content\/uploads\/factory-09.webp\"\/><\/p>\n<h3>D\u00edlna eloxov\u00e1n\u00ed<\/h3>\n<p><img decoding=\"async\" src=\"\/wp-content\/uploads\/factory-10.webp\"\/><\/p>\n<h3>Workshop o hloubkov\u00e9m zpracov\u00e1n\u00ed<\/h3>\n<p><img decoding=\"async\" src=\"\/wp-content\/uploads\/factory-11.webp\"\/><\/p>\n<h3>D\u00edlna CNC p\u0159esn\u00e9ho obr\u00e1b\u011bn\u00ed<\/h3>\n<p><img decoding=\"async\" src=\"\/wp-content\/uploads\/factory-11.5.webp\"\/><\/p>\n<h3>Sklad hotov\u00fdch v\u00fdrobk\u016f a exportn\u00ed sklad<\/h3>\n<p><img decoding=\"async\" src=\"\/wp-content\/uploads\/factory-12.webp\"\/><\/p>\n<p><img decoding=\"async\" src=\"\/wp-content\/uploads\/factory-13.webp\"\/><\/p>\n<p><img decoding=\"async\" src=\"\/wp-content\/uploads\/factory-14.webp\"\/><\/p>\n<h2>\u010cASTO KLADEN\u00c9 DOTAZY<\/h2>\n<p><p><b>1.What je 6063 Multiple Velikost Extruded hlin\u00edkov\u00e9 T Slot?<\/b><\/p>\n<p>6063 Extrudovan\u00e1 hlin\u00edkov\u00e1 T-dr\u00e1\u017eka r\u016fzn\u00fdch rozm\u011br\u016f je modul\u00e1rn\u00ed r\u00e1mov\u00fd profil z hlin\u00edkov\u00e9 slitiny 6063-T5, ur\u010den\u00fd pro flexibiln\u00ed pr\u016fmyslovou mont\u00e1\u017e.<br \/>\n<\/p><br \/>\n<br \/>\n<p><b>2.Jak\u00e9 jsou v\u00fdhody pou\u017eit\u00ed hlin\u00edku 6063 v profilech T-Slot?<\/b><\/p>\n<p>Hlin\u00edk 6063 m\u00e1 vysokou odolnost proti korozi, pevnost a vynikaj\u00edc\u00ed povrchovou \u00fapravu, tak\u017ee je ide\u00e1ln\u00ed pro konstruk\u010dn\u00ed r\u00e1my s T-dr\u00e1\u017ekou.<br \/>\n<\/p><br \/>\n<br \/>\n<p><b>3.Pro\u010d zvolit v\u00edce velikostn\u00edch variant profil\u016f T-Slot?<\/b><\/p>\n<p>V\u00edce variant velikost\u00ed zaji\u0161\u0165uje kompatibilitu s r\u016fzn\u00fdmi nosnostmi a po\u017eadavky projektu, co\u017e zvy\u0161uje flexibilitu n\u00e1vrhu.<br \/>\n<\/p><br \/>\n<br \/>\n<p><b>4.Jak funguje konstrukce T-Slot?<\/b><\/p>\n<p>Konstrukce T-Slot umo\u017e\u0148uje rychlou mont\u00e1\u017e dr\u017e\u00e1k\u016f, panel\u016f a p\u0159\u00edslu\u0161enstv\u00ed bez pou\u017eit\u00ed n\u00e1\u0159ad\u00ed pomoc\u00ed standardn\u00edch konektor\u016f.<br \/>\n<\/p><br \/>\n<br \/>\n<p><b>5.Je v\u00fdlisek 6063 T-Slot vhodn\u00fd pro n\u00e1ro\u010dn\u00e9 pou\u017eit\u00ed?<\/b><\/p>\n<p>Ano, profily 6063 T-Slot poskytuj\u00ed silnou konstruk\u010dn\u00ed podporu p\u0159i zachov\u00e1n\u00ed lehk\u00e9 konstrukce, co\u017e je ide\u00e1ln\u00ed pro mnoho pr\u016fmyslov\u00fdch aplikac\u00ed.<br \/>\n<\/p><br \/>\n<br \/>\n<p><b>6.Lze tyto hlin\u00edkov\u00e9 profily T-Slot znovu pou\u017e\u00edt?<\/b><\/p>\n<p>Ano, d\u00edky modul\u00e1rn\u00ed povaze profil\u016f je lze opakovan\u011b pou\u017e\u00edvat a jsou n\u00e1kladov\u011b efektivn\u00ed pro vyv\u00edjej\u00edc\u00ed se nebo do\u010dasn\u00e9 projekty.<br \/>\n<\/p><br \/>\n<br \/>\n<p><b>7.V jak\u00fdch odv\u011btv\u00edch se pou\u017e\u00edvaj\u00ed profily 6063 T-Slot?<\/b><\/p>\n<p>Odv\u011btv\u00ed, jako je automatizace, robotika, v\u00fdroba a \u010dist\u00e9 prostory, b\u011b\u017en\u011b pou\u017e\u00edvaj\u00ed hlin\u00edkov\u00e9 profily T-Slot 6063 pro zak\u00e1zkov\u00e9 konstrukce.<br \/>\n<\/p><br \/>\n<br \/>\n<p><b>8.Je p\u0159\u00edslu\u0161enstv\u00ed kompatibiln\u00ed se v\u0161emi velikostmi profil\u016f?<\/b><\/p>\n<p>V\u011bt\u0161ina konektor\u016f a p\u0159\u00edslu\u0161enstv\u00ed je navr\u017eena tak, aby odpov\u00eddala standardn\u00edm velikostem, co\u017e umo\u017e\u0148uje bezprobl\u00e9movou integraci do r\u016fzn\u00fdch profil\u016f T-Slot.<br \/>\n<\/p><br \/><\/p>","protected":false},"featured_media":6892,"template":"","categories":[67],"class_list":["post-6893","product","type-product","status-publish","has-post-thumbnail","hentry","category-architectural-aluminium-profile"],"meta_box":{"hilight_text_group":{"product_hilight_text":"<li>Made from 6063-T5 aluminum alloy for excellent strength and corrosion resistance<\/li>\r\r\n<li>Available in multiple sizes to suit various structural and assembly needs<\/li>\r\r\n<li>T-Slot design allows flexible and tool-free mounting of components<\/li>\r\r\n<li>Lightweight yet robust, ideal for industrial framing applications<\/li>\r\r\n<li>Precise extrusion ensures easy compatibility with connectors and accessories<\/li>\r\r\n<li>Reusable and modular, reducing long-term system costs<\/li>\r\r\n<li>Perfect for automation systems, workstations, and custom enclosures<\/li>","product_chanpin_blog":"<ul>\r\r\n<li><a href=\"https:\/\/sinoextrud.com\/t-slot-v-slot-differences\/\" target=\"_blank\">t slot vs v slot<\/a><\/li>\r\r\n<li><a href=\"https:\/\/sinoextrud.com\/what-is-4040-aluminium-extrud\/\" target=\"_blank\">4040 aluminium extrusion<\/a><\/li>\r\r\n<li><a href=\"https:\/\/sinoextrud.com\/what-is-4040-aluminium-extrud\/\" target=\"_blank\">aluminum extrusions for industrial racks<\/a><\/li>\r\r\n<li><a href=\"https:\/\/sinoextrud.com\/powder-coating-aluminium-process\/\" target=\"_blank\">powder coating aluminium<\/a><\/li>\r\r\n<li><a href=\"https:\/\/sinoextrud.com\/what-is-an-aluminium-strip-ceiling\/\" target=\"_blank\">aluminium strip ceiling<\/a><\/li>\r\r\n<li><a href=\"https:\/\/sinoextrud.com\/what-is-a-heat-sink\/\" target=\"_blank\">what is a heat sink<\/a><\/li>\r\r\n<\/ul>","product_chanpin_chanpin":"<li><a href=\"https:\/\/sinoextrud.com\/product\/aluminium-track-extrusions\/\" target=\"_blank\">Aluminium Track Extrusions<\/a><\/li>\r\n<li><a href=\"https:\/\/sinoextrud.com\/product\/aluminum-extrusion-aluminium-profile-for-surface-oxidized-pipe\/\" target=\"_blank\">Aluminum Extrusion Aluminium Profile for Surface Oxidized Pipe<\/a><\/li>\r\n<li><a href=\"https:\/\/sinoextrud.com\/product\/h-channel-aluminum-extrusion\/\" target=\"_blank\">H Channel Aluminum Extrusion<\/a><\/li>\r\n<li><a href=\"https:\/\/sinoextrud.com\/product\/cnc-anodized-6063-curved-aluminum-extrusions\/\" target=\"_blank\">CNC Anodized 6063 Curved Aluminum Extrusions<\/a><\/li>\r\n<li><a href=\"https:\/\/sinoextrud.com\/product\/6063-multiple-size-extruded-aluminium-t-slot\/\" target=\"_blank\">6063 Multiple Size Extruded Aluminium T Slot<\/a><\/li>\r\n<li><a href=\"https:\/\/sinoextrud.com\/product\/commercial-glass-aluminium-railing-systems\/\" target=\"_blank\">Commercial Glass Aluminium Railing Systems<\/a><\/li>\r\n<li><a href=\"https:\/\/sinoextrud.com\/product\/custom-made-modern-wood-grain-color-kitchen-cabinet-aluminium-extrusion-profile\/\" target=\"_blank\">Custom made modern wood grain color kitchen cabinet aluminium extrusion profile<\/a><\/li>\r\n<li><a href=\"https:\/\/sinoextrud.com\/product\/anodized-extruded-u-shaped-aluminium-profile\/\" target=\"_blank\">Anodized Extruded U Shaped Aluminium Profile<\/a><\/li>\r\n<li><a href=\"https:\/\/sinoextrud.com\/product\/aluminium-c-channel-profiles\/\" target=\"_blank\">Aluminium C Channel Profiles<\/a><\/li>\r\n<li><a href=\"https:\/\/sinoextrud.com\/product\/fluorocarbon-coating-aluminium-extrusions-anti-fluorite-pvdf-aluminium-profile\/\" target=\"_blank\">Fluorocarbon coating aluminium extrusions Anti fluorite PVDF aluminium profile<\/a><\/li>\r\n<li><a href=\"https:\/\/sinoextrud.com\/product\/6063-t5-alloy-industrial-aluminum-extrusions-aluminum-profile-with-anodized-surface-treatment\/\" target=\"_blank\">6063 T5 Alloy Industrial Aluminum Extrusions Aluminum Profile With Anodized Surface Treatment<\/a><\/li>"},"feature_list":[]},"_links":{"self":[{"href":"https:\/\/sinoextrud.com\/cs\/wp-json\/wp\/v2\/product\/6893","targetHints":{"allow":["GET"]}}],"collection":[{"href":"https:\/\/sinoextrud.com\/cs\/wp-json\/wp\/v2\/product"}],"about":[{"href":"https:\/\/sinoextrud.com\/cs\/wp-json\/wp\/v2\/types\/product"}],"wp:featuredmedia":[{"embeddable":true,"href":"https:\/\/sinoextrud.com\/cs\/wp-json\/wp\/v2\/media\/6892"}],"wp:attachment":[{"href":"https:\/\/sinoextrud.com\/cs\/wp-json\/wp\/v2\/media?parent=6893"}],"wp:term":[{"taxonomy":"category","embeddable":true,"href":"https:\/\/sinoextrud.com\/cs\/wp-json\/wp\/v2\/categories?post=6893"}],"curies":[{"name":"wp","href":"https:\/\/api.w.org\/{rel}","templated":true}]}}