{"id":6891,"date":"2025-06-04T01:33:04","date_gmt":"2025-06-04T01:33:04","guid":{"rendered":"https:\/\/sinoextrud.com\/product\/cnc-anodized-6063-curved-aluminum-extrusions\/"},"modified":"2025-06-24T06:11:55","modified_gmt":"2025-06-24T06:11:55","slug":"cnc-eloxovane-zakrivene-hlinikove-vylisky-6063","status":"publish","type":"product","link":"https:\/\/sinoextrud.com\/cs\/product\/cnc-anodized-6063-curved-aluminum-extrusions\/","title":{"rendered":"CNC eloxovan\u00e9 zak\u0159iven\u00e9 hlin\u00edkov\u00e9 v\u00fdlisky 6063"},"content":{"rendered":"<h2>Podrobnosti o produktech<\/h2>\n<table class=\"custom-table\">\n<tr>\n<td class=\"label\">T\u0159\u00edda:<\/td>\n<td>6063 -t5\uff0c<\/td>\n<\/tr>\n<tr>\n<td class=\"label\">Technika:<\/td>\n<td>CNC eloxovan\u00e9 zak\u0159iven\u00e9 hlin\u00edkov\u00e9 v\u00fdlisky 6063\uff0c<\/td>\n<\/tr>\n<tr>\n<td class=\"label\">M\u00edrnost:<\/td>\n<td>T3 - T8\uff0c<\/td>\n<\/tr>\n<tr>\n<td class=\"label\">Obr\u00e1b\u011bc\u00ed slu\u017eby:<\/td>\n<td>Vrt\u00e1n\u00ed, z\u00e1vitov\u00e1n\u00ed, n\u00fdtov\u00e1n\u00ed, mont\u00e1\u017e atd.<\/td>\n<\/tr>\n<tr>\n<td class=\"label\">Ochrann\u00e1 zn\u00e1mka:<\/td>\n<td>Sinoextrud Sinoextrud \uff0c<\/td>\n<\/tr>\n<tr>\n<td class=\"label\">Typ:<\/td>\n<td>CNC eloxovan\u00e9 zak\u0159iven\u00e9 hlin\u00edkov\u00e9 v\u00fdlisky 6063\uff0c<\/td>\n<\/tr>\n<tr>\n<td class=\"label\">Tvar:<\/td>\n<td>Vyrobeno podle n\u00e1vrhu klienta\uff0c<\/td>\n<\/tr>\n<tr>\n<td class=\"label\">Povrchov\u00e1 \u00faprava:<\/td>\n<td>Anodizovan\u00fd kart\u00e1\u010dovan\u00fd povrch<\/td>\n<\/tr>\n<tr>\n<td class=\"label\">D\u00e9lka:<\/td>\n<td>1m a\u017e 9m na d\u00e9lku\uff0c<\/td>\n<\/tr>\n<tr>\n<td class=\"label\">Barvy:<\/td>\n<td>St\u0159\u00edbrn\u00e1 \u010dern\u00e1\uff0c<\/td>\n<\/tr>\n<tr>\n<td class=\"label\">K\u00f3d HS:<\/td>\n<td>76042990\uff0c<\/td>\n<\/tr>\n<\/table>\n<h2>Na\u0161e v\u00fdrobn\u00ed z\u00e1kladna<\/h2>\n<h3>Panorama tov\u00e1rny<\/h3>\n<p><img decoding=\"async\" src=\"\/wp-content\/uploads\/factory-01.webp\"\/><\/p>\n<h3>D\u00edlna na v\u00fdrobu hlin\u00edkov\u00fdch ty\u010d\u00ed<\/h3>\n<p><img decoding=\"async\" src=\"\/wp-content\/uploads\/factory-02.webp\"\/><\/p>\n<\/p>\n<p><img decoding=\"async\" src=\"\/wp-content\/uploads\/factory-03.webp\"\/><\/p>\n<h3>Sklad pl\u00edsn\u00ed<\/h3>\n<p><img decoding=\"async\" src=\"\/wp-content\/uploads\/factory-04.webp\"\/><\/p>\n<h3>43 linek na vytla\u010dov\u00e1n\u00ed hlin\u00edku (500-5500 tun)<\/h3>\n<p><img decoding=\"async\" src=\"\/wp-content\/uploads\/factory-05.webp\"\/><\/p>\n<p><img decoding=\"async\" src=\"\/wp-content\/uploads\/factory-06.webp\"\/><\/p>\n<p><img decoding=\"async\" src=\"\/wp-content\/uploads\/factory-07.webp\"\/><\/p>\n<h3>D\u00edlna pr\u00e1\u0161kov\u00e9ho lakov\u00e1n\u00ed<\/h3>\n<p><img decoding=\"async\" src=\"\/wp-content\/uploads\/factory-09.webp\"\/><\/p>\n<h3>D\u00edlna eloxov\u00e1n\u00ed<\/h3>\n<p><img decoding=\"async\" src=\"\/wp-content\/uploads\/factory-10.webp\"\/><\/p>\n<h3>Workshop o hloubkov\u00e9m zpracov\u00e1n\u00ed<\/h3>\n<p><img decoding=\"async\" src=\"\/wp-content\/uploads\/factory-11.webp\"\/><\/p>\n<h3>D\u00edlna CNC p\u0159esn\u00e9ho obr\u00e1b\u011bn\u00ed<\/h3>\n<p><img decoding=\"async\" src=\"\/wp-content\/uploads\/factory-11.5.webp\"\/><\/p>\n<h3>Sklad hotov\u00fdch v\u00fdrobk\u016f a exportn\u00ed sklad<\/h3>\n<p><img decoding=\"async\" src=\"\/wp-content\/uploads\/factory-12.webp\"\/><\/p>\n<p><img decoding=\"async\" src=\"\/wp-content\/uploads\/factory-13.webp\"\/><\/p>\n<p><img decoding=\"async\" src=\"\/wp-content\/uploads\/factory-14.webp\"\/><\/p>\n<h2>\u010cASTO KLADEN\u00c9 DOTAZY<\/h2>\n<p><b>1.Co jsou CNC eloxovan\u00e9 hlin\u00edkov\u00e9 v\u00fdlisky 6063?<\/b><\/p>\n<p>Jedn\u00e1 se o p\u0159esn\u011b tvarovan\u00e9 hlin\u00edkov\u00e9 profily vyroben\u00e9 ze slitiny 6063, obr\u00e1b\u011bn\u00e9 CNC do zak\u0159iven\u00fdch tvar\u016f a eloxovan\u00e9 pro zv\u00fd\u0161en\u00ed odolnosti proti korozi a vizu\u00e1ln\u00ed atraktivity.\n<\/p>\n<p><\/p>\n<p><b>2.Pro\u010d se hlin\u00edk 6063 pou\u017e\u00edv\u00e1 pro zak\u0159iven\u00e9 v\u00fdlisky?<\/b><\/p>\n<p>Hlin\u00edk 6063 poskytuje vynikaj\u00edc\u00ed vytla\u010ditelnost, ide\u00e1ln\u00ed pro vytv\u00e1\u0159en\u00ed detailn\u00edch a zak\u0159iven\u00fdch tvar\u016f s vysokou kvalitou povrchu a pevnost\u00ed.\n<\/p>\n<p><\/p>\n<p><b>3.Jak eloxov\u00e1n\u00ed zlep\u0161uje hlin\u00edkov\u00e9 v\u00fdlisky?<\/b><\/p>\n<p>Eloxov\u00e1n\u00ed vytv\u00e1\u0159\u00ed na povrchu hlin\u00edku ochrannou vrstvu oxidu, kter\u00e1 zvy\u0161uje odolnost proti korozi, opot\u0159eben\u00ed a zlep\u0161uje celkov\u00fd vzhled.\n<\/p>\n<p><\/p>\n<p><b>4.Kde se pou\u017e\u00edvaj\u00ed CNC eloxovan\u00e9 zak\u0159iven\u00e9 hlin\u00edkov\u00e9 v\u00fdlisky 6063?<\/b><\/p>\n<p>B\u011b\u017en\u011b se pou\u017e\u00edv\u00e1 v architektonick\u00fdch fas\u00e1d\u00e1ch, interi\u00e9rech, automobilov\u00fdch oblo\u017een\u00edch, lodn\u00edch komponentech a zak\u00e1zkov\u00fdch pr\u016fmyslov\u00fdch konstrukc\u00edch.\n<\/p>\n<p><\/p>\n<p><b>5.Mohou b\u00fdt CNC eloxovan\u00e9 hlin\u00edkov\u00e9 v\u00fdlisky 6063 se zak\u0159iven\u00edm vyrobeny podle specifick\u00fdch n\u00e1vrh\u016f?<\/b><\/p>\n<p>Ano, lze je pln\u011b p\u0159izp\u016fsobit, pokud jde o tvar, velikost, polom\u011br zak\u0159iven\u00ed a eloxovanou povrchovou \u00fapravu, aby spl\u0148ovaly jedine\u010dn\u00e9 specifikace projektu.\n<\/p>\n<p><\/p>\n<p><b>6.Jsou tyto zak\u0159iven\u00e9 hlin\u00edkov\u00e9 v\u00fdlisky \u0161etrn\u00e9 k \u017eivotn\u00edmu prost\u0159ed\u00ed?<\/b><\/p>\n<p>Ano, jsou vyrobeny z recyklovateln\u00e9ho hlin\u00edku a vyr\u00e1b\u011bny udr\u017eiteln\u00fdmi postupy, tak\u017ee jsou \u0161etrn\u00e9 k \u017eivotn\u00edmu prost\u0159ed\u00ed.\n<\/p>\n<p><\/p>\n<p><b>7.Jak\u00e9 povrchov\u00e9 \u00fapravy jsou k dispozici pro CNC eloxovan\u00e9 zak\u0159iven\u00e9 hlin\u00edkov\u00e9 v\u00fdlisky 6063?<\/b><\/p>\n<p>K dispozici jsou r\u016fzn\u00e9 eloxovan\u00e9 barvy a povrchov\u00e9 \u00fapravy, v\u010detn\u011b matn\u00fdch, kart\u00e1\u010dovan\u00fdch a leskl\u00fdch, kter\u00e9 odpov\u00eddaj\u00ed estetick\u00fdm po\u017eadavk\u016fm.\n<\/p>\n<p><\/p>","protected":false},"featured_media":6890,"template":"","categories":[67],"class_list":["post-6891","product","type-product","status-publish","has-post-thumbnail","hentry","category-architectural-aluminium-profile"],"meta_box":{"hilight_text_group":{"product_hilight_text":"<li>Excellent corrosion resistance for long-lasting performance in harsh environments.<\/li>\r\r\n<li>6063 alloy ensures high-quality extrusion with smooth, curved profiles.<\/li>\r\r\n<li>Advanced CNC machining guarantees precision and consistent dimensions.<\/li>\r\r\n<li>Decorative anodized finish improves durability and aesthetic appeal.<\/li>\r\r\n<li>Lightweight structure reduces transportation and installation costs.<\/li>\r\r\n<li>Customizable designs tailored for architectural and industrial applications.<\/li>\r\r\n<li>Fully recyclable material supports eco-friendly and sustainable production.<\/li>","product_chanpin_blog":"<ul>\r\r\n<li><a href=\"https:\/\/sinoextrud.com\/t-slot-v-slot-differences\/\" target=\"_blank\">t slot vs v slot<\/a><\/li>\r\r\n<li><a href=\"https:\/\/sinoextrud.com\/what-is-4040-aluminium-extrud\/\" target=\"_blank\">4040 aluminium extrusion<\/a><\/li>\r\r\n<li><a href=\"https:\/\/sinoextrud.com\/what-is-4040-aluminium-extrud\/\" target=\"_blank\">aluminum extrusions for industrial racks<\/a><\/li>\r\r\n<li><a href=\"https:\/\/sinoextrud.com\/powder-coating-aluminium-process\/\" target=\"_blank\">powder coating aluminium<\/a><\/li>\r\r\n<li><a href=\"https:\/\/sinoextrud.com\/what-is-an-aluminium-strip-ceiling\/\" target=\"_blank\">aluminium strip ceiling<\/a><\/li>\r\r\n<li><a href=\"https:\/\/sinoextrud.com\/what-is-a-heat-sink\/\" target=\"_blank\">what is a heat sink<\/a><\/li>\r\r\n<\/ul>","product_chanpin_chanpin":"<li><a href=\"https:\/\/sinoextrud.com\/product\/6063-cnc-machining-aluminum-extrusion-hinge\/\" target=\"_blank\">6063 CNC Machining Aluminum Extrusion Hinge<\/a><\/li>\r\n<li><a href=\"https:\/\/sinoextrud.com\/product\/aluminium-track-extrusions\/\" target=\"_blank\">Aluminium Track Extrusions<\/a><\/li>\r\n<li><a href=\"https:\/\/sinoextrud.com\/product\/aluminum-extrusion-aluminium-profile-for-surface-oxidized-pipe\/\" target=\"_blank\">Aluminum Extrusion Aluminium Profile for Surface Oxidized Pipe<\/a><\/li>\r\n<li><a href=\"https:\/\/sinoextrud.com\/product\/h-channel-aluminum-extrusion\/\" target=\"_blank\">H Channel Aluminum Extrusion<\/a><\/li>\r\n<li><a href=\"https:\/\/sinoextrud.com\/product\/cnc-anodized-6063-curved-aluminum-extrusions\/\" target=\"_blank\">CNC Anodized 6063 Curved Aluminum Extrusions<\/a><\/li>\r\n<li><a href=\"https:\/\/sinoextrud.com\/product\/6063-multiple-size-extruded-aluminium-t-slot\/\" target=\"_blank\">6063 Multiple Size Extruded Aluminium T Slot<\/a><\/li>\r\n<li><a href=\"https:\/\/sinoextrud.com\/product\/commercial-glass-aluminium-railing-systems\/\" target=\"_blank\">Commercial Glass Aluminium Railing Systems<\/a><\/li>\r\n<li><a href=\"https:\/\/sinoextrud.com\/product\/custom-made-modern-wood-grain-color-kitchen-cabinet-aluminium-extrusion-profile\/\" target=\"_blank\">Custom made modern wood grain color kitchen cabinet aluminium extrusion profile<\/a><\/li>\r\n<li><a href=\"https:\/\/sinoextrud.com\/product\/anodized-extruded-u-shaped-aluminium-profile\/\" target=\"_blank\">Anodized Extruded U Shaped Aluminium Profile<\/a><\/li>\r\n<li><a href=\"https:\/\/sinoextrud.com\/product\/extruded-aluminum-profiles-prices-competitive-99-pure-aluminum-ingot-curtain-wall-aluminum-profile-extrusion-manufacturers\/\" target=\"_blank\">Extruded aluminum profiles prices competitive 99% pure aluminum ingot curtain wall aluminum profile extrusion manufacturers<\/a><\/li>\r\n<li><a href=\"https:\/\/sinoextrud.com\/product\/aluminium-extrusion-sections\/\" target=\"_blank\">Aluminium Extrusion Sections<\/a><\/li>"},"feature_list":[]},"_links":{"self":[{"href":"https:\/\/sinoextrud.com\/cs\/wp-json\/wp\/v2\/product\/6891","targetHints":{"allow":["GET"]}}],"collection":[{"href":"https:\/\/sinoextrud.com\/cs\/wp-json\/wp\/v2\/product"}],"about":[{"href":"https:\/\/sinoextrud.com\/cs\/wp-json\/wp\/v2\/types\/product"}],"wp:featuredmedia":[{"embeddable":true,"href":"https:\/\/sinoextrud.com\/cs\/wp-json\/wp\/v2\/media\/6890"}],"wp:attachment":[{"href":"https:\/\/sinoextrud.com\/cs\/wp-json\/wp\/v2\/media?parent=6891"}],"wp:term":[{"taxonomy":"category","embeddable":true,"href":"https:\/\/sinoextrud.com\/cs\/wp-json\/wp\/v2\/categories?post=6891"}],"curies":[{"name":"wp","href":"https:\/\/api.w.org\/{rel}","templated":true}]}}