{"id":6889,"date":"2025-06-04T01:26:07","date_gmt":"2025-06-04T01:26:07","guid":{"rendered":"https:\/\/sinoextrud.com\/product\/h-channel-aluminum-extrusion\/"},"modified":"2025-06-24T06:11:54","modified_gmt":"2025-06-24T06:11:54","slug":"h-kanal-hlinikovy-vylisek","status":"publish","type":"product","link":"https:\/\/sinoextrud.com\/cs\/product\/h-channel-aluminum-extrusion\/","title":{"rendered":"H kan\u00e1l hlin\u00edkov\u00e9 v\u00fdlisky"},"content":{"rendered":"<h2>Podrobnosti o produktech<\/h2>\n<table class=\"custom-table\">\n<tr>\n<td class=\"label\">N\u00e1zev produktu<\/td>\n<td>H Channel Aluminium Extrusion\uff0c<\/td>\n<\/tr>\n<tr>\n<td class=\"label\">Materi\u00e1l<\/td>\n<td>6061\/6063-T5 T6\uff0c<\/td>\n<\/tr>\n<tr>\n<td class=\"label\">Povrchov\u00e1 \u00faprava<\/td>\n<td>D\u0159ev\u011bn\u00e9 zrno, eloxovan\u00e9, pr\u00e1\u0161kov\u00e9 lakov\u00e1n\u00ed, elektrofor\u00e9za, PVDF atd.<\/td>\n<\/tr>\n<tr>\n<td class=\"label\">Barva<\/td>\n<td>K dispozici jsou v\u0161echny barvy\uff0c<\/td>\n<\/tr>\n<tr>\n<td class=\"label\">MOQ<\/td>\n<td>200 kg pro ka\u017edou polo\u017eku, jedna metrick\u00e1 tuna pro ka\u017edou barvu.<\/td>\n<\/tr>\n<tr>\n<td class=\"label\">Velikost<\/td>\n<td>Na m\u00edru\uff0c<\/td>\n<\/tr>\n<tr>\n<td class=\"label\">Hloubkov\u00fd proces<\/td>\n<td>CNC fr\u00e9zov\u00e1n\u00ed, d\u011brov\u00e1n\u00ed, vrt\u00e1n\u00ed, z\u00e1vitov\u00e1n\u00ed, oh\u00fdb\u00e1n\u00ed\uff0c<\/td>\n<\/tr>\n<tr>\n<td class=\"label\">Z\u00e1ruka<\/td>\n<td>ISO 9001:2008,CQM,SGS,CE,BV,SONCAP\/GB,ISO,JIS,AS,NZS,QUALICOAT\uff0c<\/td>\n<\/tr>\n<tr>\n<td class=\"label\">Doba realizace<\/td>\n<td>Otev\u00edr\u00e1n\u00ed forem a testov\u00e1n\u00ed vzork\u016f 10-12dn\u00ed<br \/>\nHromadn\u00e1 v\u00fdroba 20-25 dn\u00ed<\/td>\n<\/tr>\n<tr>\n<td class=\"label\">Term\u00edn dod\u00e1n\u00ed<\/td>\n<td>FOB Foshan\/Guangzhou\/Shenzhen\uff0c<\/td>\n<\/tr>\n<tr>\n<td class=\"label\">Term\u00edn platby<\/td>\n<td>LC nebo TT 30% z\u00e1loha,70% z\u016fstatek p\u0159ed nalo\u017een\u00edm\uff0c<\/td>\n<\/tr>\n<\/table>\n<h2>Na\u0161e v\u00fdrobn\u00ed z\u00e1kladna<\/h2>\n<h3>Panorama tov\u00e1rny<\/h3>\n<p><img decoding=\"async\" src=\"\/wp-content\/uploads\/factory-01.webp\"\/><\/p>\n<h3>D\u00edlna na v\u00fdrobu hlin\u00edkov\u00fdch ty\u010d\u00ed<\/h3>\n<p><img decoding=\"async\" src=\"\/wp-content\/uploads\/factory-02.webp\"\/><\/p>\n<\/p>\n<p><img decoding=\"async\" src=\"\/wp-content\/uploads\/factory-03.webp\"\/><\/p>\n<h3>Sklad pl\u00edsn\u00ed<\/h3>\n<p><img decoding=\"async\" src=\"\/wp-content\/uploads\/factory-04.webp\"\/><\/p>\n<h3>43 linek na vytla\u010dov\u00e1n\u00ed hlin\u00edku (500-5500 tun)<\/h3>\n<p><img decoding=\"async\" src=\"\/wp-content\/uploads\/factory-05.webp\"\/><\/p>\n<p><img decoding=\"async\" src=\"\/wp-content\/uploads\/factory-06.webp\"\/><\/p>\n<p><img decoding=\"async\" src=\"\/wp-content\/uploads\/factory-07.webp\"\/><\/p>\n<h3>D\u00edlna pr\u00e1\u0161kov\u00e9ho lakov\u00e1n\u00ed<\/h3>\n<p><img decoding=\"async\" src=\"\/wp-content\/uploads\/factory-09.webp\"\/><\/p>\n<h3>D\u00edlna eloxov\u00e1n\u00ed<\/h3>\n<p><img decoding=\"async\" src=\"\/wp-content\/uploads\/factory-10.webp\"\/><\/p>\n<h3>Workshop o hloubkov\u00e9m zpracov\u00e1n\u00ed<\/h3>\n<p><img decoding=\"async\" src=\"\/wp-content\/uploads\/factory-11.webp\"\/><\/p>\n<h3>D\u00edlna CNC p\u0159esn\u00e9ho obr\u00e1b\u011bn\u00ed<\/h3>\n<p><img decoding=\"async\" src=\"\/wp-content\/uploads\/factory-11.5.webp\"\/><\/p>\n<h3>Sklad hotov\u00fdch v\u00fdrobk\u016f a exportn\u00ed sklad<\/h3>\n<p><img decoding=\"async\" src=\"\/wp-content\/uploads\/factory-12.webp\"\/><\/p>\n<p><img decoding=\"async\" src=\"\/wp-content\/uploads\/factory-13.webp\"\/><\/p>\n<p><img decoding=\"async\" src=\"\/wp-content\/uploads\/factory-14.webp\"\/><\/p>\n<h2>\u010cASTO KLADEN\u00c9 DOTAZY<\/h2>\n<p><b>1.Co je hlin\u00edkov\u00fd v\u00fdlisek s kan\u00e1lem H? <\/b><\/p>\n<p> Jedn\u00e1 se o hlin\u00edkov\u00fd profil s pr\u016f\u0159ezem ve tvaru p\u00edsmene \"H\", kter\u00fd se pou\u017e\u00edv\u00e1 v konstruk\u010dn\u00edch, r\u00e1mov\u00fdch a podp\u016frn\u00fdch aplikac\u00edch v r\u016fzn\u00fdch pr\u016fmyslov\u00fdch odv\u011btv\u00edch.\n<\/p>\n<p><\/p>\n<p><b>2.Jak\u00e9 jsou b\u011b\u017en\u00e9 zp\u016fsoby pou\u017eit\u00ed hlin\u00edkov\u00fdch v\u00fdlisk\u016f s kan\u00e1lem H? <\/b><\/p>\n<p> Tyto profily se pou\u017e\u00edvaj\u00ed v p\u0159\u00ed\u010dk\u00e1ch, dve\u0159n\u00edch a okenn\u00edch r\u00e1mech, z\u00e1v\u011bsov\u00fdch st\u011bn\u00e1ch, konstrukc\u00edch pro n\u00e1pisy a jako spojovac\u00ed prvky v hlin\u00edkov\u00fdch konstrukc\u00edch.\n<\/p>\n<p><\/p>\n<p><b>3.Kter\u00e9 slitiny se pou\u017e\u00edvaj\u00ed pro hlin\u00edkov\u00e9 profily s kan\u00e1lem H? <\/b><\/p>\n<p> 6063-T5 a 6061 se b\u011b\u017en\u011b pou\u017e\u00edvaj\u00ed d\u00edky sv\u00fdm vynikaj\u00edc\u00edm mechanick\u00fdm vlastnostem, odolnosti proti korozi a lisovatelnosti.\n<\/p>\n<p><\/p>\n<p><b>4.Mohou b\u00fdt hlin\u00edkov\u00e9 profily H kan\u00e1l\u016f p\u0159izp\u016fsobeny? <\/b><\/p>\n<p> Ano, v\u00fdrobci nab\u00edzej\u00ed p\u0159izp\u016fsoben\u00ed OEM v\u010detn\u011b \u0161\u00ed\u0159ky, v\u00fd\u0161ky, tlou\u0161\u0165ky p\u0159\u00edruby, um\u00edst\u011bn\u00ed dr\u00e1\u017eek a vrt\u00e1n\u00ed otvor\u016f, aby splnili specifick\u00e9 po\u017eadavky na konstrukci.\n<\/p>\n<p><\/p>\n<p><b>5.Jak\u00e9 povrchov\u00e9 \u00fapravy jsou k dispozici? <\/b><\/p>\n<p> Mezi b\u011b\u017en\u00e9 povrchov\u00e9 \u00fapravy pat\u0159\u00ed eloxov\u00e1n\u00ed pro zv\u00fd\u0161en\u00ed odolnosti proti korozi, pr\u00e1\u0161kov\u00e9 lakov\u00e1n\u00ed pro zv\u00fd\u0161en\u00ed barevnosti a trvanlivosti a fr\u00e9zov\u00e1n\u00ed pro standardn\u00ed pr\u016fmyslov\u00e9 pou\u017eit\u00ed.\n<\/p>\n<p><\/p>\n<p><b>6.Jsou kan\u00e1ly H vhodn\u00e9 pro venkovn\u00ed pou\u017eit\u00ed? <\/b><\/p>\n<p> Ano, s vhodnou povrchovou \u00fapravou jsou hlin\u00edkov\u00e9 profily H kan\u00e1l ide\u00e1ln\u00ed pro vn\u011bj\u0161\u00ed konstruk\u010dn\u00ed a dekorativn\u00ed aplikace.\n<\/p>\n<p><\/p>\n<p><b>7.Jak se obvykle instaluj\u00ed v\u00fdlisky H kan\u00e1l\u016f? <\/b><\/p>\n<p> V z\u00e1vislosti na pou\u017eit\u00ed se montuj\u00ed pomoc\u00ed \u0161roub\u016f, konzol nebo se vkl\u00e1daj\u00ed do modul\u00e1rn\u00edch r\u00e1mov\u00fdch syst\u00e9m\u016f.\n<\/p>\n<p><\/p>\n<p><b>8.Mohu z\u00edskat hlin\u00edkov\u00e9 profily H kan\u00e1l\u016f ve velk\u00e9m z \u010c\u00edny? <\/b><\/p>\n<p> P\u0159edn\u00ed \u010d\u00edn\u0161t\u00ed v\u00fdrobci nab\u00edzej\u00ed velkos\u00e9riovou v\u00fdrobu, konkurenceschopn\u00e9 ceny a exportn\u00ed slu\u017eby s podporou OEM.\n<\/p>\n<p><\/p>","protected":false},"featured_media":6888,"template":"","categories":[67],"class_list":["post-6889","product","type-product","status-publish","has-post-thumbnail","hentry","category-architectural-aluminium-profile"],"meta_box":{"hilight_text_group":{"product_hilight_text":"<li>H channel aluminum extrusion designed for structural framing, partitions, and architectural cladding systems<\/li>\r\r\n<li>Manufactured from durable 6061 or 6063 alloy offering excellent corrosion resistance and strength-to-weight ratio<\/li>\r\r\n<li>Available in various widths, flange thicknesses, and slot configurations for versatile applications<\/li>\r\r\n<li>Surface finishes include anodized, powder-coated, and mill finish for enhanced durability and aesthetics<\/li>\r\r\n<li>OEM customization supported for profile size, cut length, and special fabrication needs<\/li>","product_chanpin_blog":"<ul>\r\r\n<li><a href=\"https:\/\/sinoextrud.com\/t-slot-v-slot-differences\/\" target=\"_blank\">t slot vs v slot<\/a><\/li>\r\r\n<li><a href=\"https:\/\/sinoextrud.com\/what-is-4040-aluminium-extrud\/\" target=\"_blank\">4040 aluminium extrusion<\/a><\/li>\r\r\n<li><a href=\"https:\/\/sinoextrud.com\/what-is-4040-aluminium-extrud\/\" target=\"_blank\">aluminum extrusions for industrial racks<\/a><\/li>\r\r\n<li><a href=\"https:\/\/sinoextrud.com\/powder-coating-aluminium-process\/\" target=\"_blank\">powder coating aluminium<\/a><\/li>\r\r\n<li><a href=\"https:\/\/sinoextrud.com\/what-is-an-aluminium-strip-ceiling\/\" target=\"_blank\">aluminium strip ceiling<\/a><\/li>\r\r\n<li><a href=\"https:\/\/sinoextrud.com\/what-is-a-heat-sink\/\" target=\"_blank\">what is a heat sink<\/a><\/li>\r\r\n<\/ul>","product_chanpin_chanpin":"<li><a href=\"https:\/\/sinoextrud.com\/product\/aluminum-window-frame-extrusions\/\" target=\"_blank\">Aluminum Window Frame Extrusions<\/a><\/li>\r\n<li><a href=\"https:\/\/sinoextrud.com\/product\/6063-cnc-machining-aluminum-extrusion-hinge\/\" target=\"_blank\">6063 CNC Machining Aluminum Extrusion Hinge<\/a><\/li>\r\n<li><a href=\"https:\/\/sinoextrud.com\/product\/aluminium-track-extrusions\/\" target=\"_blank\">Aluminium Track Extrusions<\/a><\/li>\r\n<li><a href=\"https:\/\/sinoextrud.com\/product\/aluminum-extrusion-aluminium-profile-for-surface-oxidized-pipe\/\" target=\"_blank\">Aluminum Extrusion Aluminium Profile for Surface Oxidized Pipe<\/a><\/li>\r\n<li><a href=\"https:\/\/sinoextrud.com\/product\/h-channel-aluminum-extrusion\/\" target=\"_blank\">H Channel Aluminum Extrusion<\/a><\/li>\r\n<li><a href=\"https:\/\/sinoextrud.com\/product\/cnc-anodized-6063-curved-aluminum-extrusions\/\" target=\"_blank\">CNC Anodized 6063 Curved Aluminum Extrusions<\/a><\/li>\r\n<li><a href=\"https:\/\/sinoextrud.com\/product\/6063-multiple-size-extruded-aluminium-t-slot\/\" target=\"_blank\">6063 Multiple Size Extruded Aluminium T Slot<\/a><\/li>\r\n<li><a href=\"https:\/\/sinoextrud.com\/product\/commercial-glass-aluminium-railing-systems\/\" target=\"_blank\">Commercial Glass Aluminium Railing Systems<\/a><\/li>\r\n<li><a href=\"https:\/\/sinoextrud.com\/product\/custom-made-modern-wood-grain-color-kitchen-cabinet-aluminium-extrusion-profile\/\" target=\"_blank\">Custom made modern wood grain color kitchen cabinet aluminium extrusion profile<\/a><\/li>\r\n<li><a href=\"https:\/\/sinoextrud.com\/product\/extruded-aluminium-skirting-aluminium-skirting-board\/\" target=\"_blank\">Extruded Aluminium Skirting Aluminium Skirting Board<\/a><\/li>\r\n<li><a href=\"https:\/\/sinoextrud.com\/product\/6063-t5-extruded-aluminum-t-slot\/\" target=\"_blank\">6063 T5 Extruded Aluminum T Slot<\/a><\/li>"},"feature_list":[]},"_links":{"self":[{"href":"https:\/\/sinoextrud.com\/cs\/wp-json\/wp\/v2\/product\/6889","targetHints":{"allow":["GET"]}}],"collection":[{"href":"https:\/\/sinoextrud.com\/cs\/wp-json\/wp\/v2\/product"}],"about":[{"href":"https:\/\/sinoextrud.com\/cs\/wp-json\/wp\/v2\/types\/product"}],"wp:featuredmedia":[{"embeddable":true,"href":"https:\/\/sinoextrud.com\/cs\/wp-json\/wp\/v2\/media\/6888"}],"wp:attachment":[{"href":"https:\/\/sinoextrud.com\/cs\/wp-json\/wp\/v2\/media?parent=6889"}],"wp:term":[{"taxonomy":"category","embeddable":true,"href":"https:\/\/sinoextrud.com\/cs\/wp-json\/wp\/v2\/categories?post=6889"}],"curies":[{"name":"wp","href":"https:\/\/api.w.org\/{rel}","templated":true}]}}