{"id":6851,"date":"2025-06-03T02:26:53","date_gmt":"2025-06-03T02:26:53","guid":{"rendered":"https:\/\/sinoextrud.com\/product\/aluminium-z-section-extrusions\/"},"modified":"2025-06-24T06:11:50","modified_gmt":"2025-06-24T06:11:50","slug":"hlinikove-vylisky-z-profilu","status":"publish","type":"product","link":"https:\/\/sinoextrud.com\/cs\/product\/aluminium-z-section-extrusions\/","title":{"rendered":"Hlin\u00edkov\u00e9 v\u00fdlisky Z"},"content":{"rendered":"<h2>Podrobnosti o produktech<\/h2>\n<table class=\"custom-table\">\n<tr>\n<td class=\"label\">Tvar:<\/td>\n<td>hlin\u00edkov\u00e9 v\u00fdlisky z profilu<\/td>\n<\/tr>\n<tr>\n<td class=\"label\">Hlin\u00edkov\u00e9 profily oken a dve\u0159\u00ed:<\/td>\n<td>30 mm*15 mm<\/td>\n<\/tr>\n<tr>\n<td class=\"label\">Povrchov\u00e1 \u00faprava:<\/td>\n<td>Anodick\u00e1 oxidace<\/td>\n<\/tr>\n<tr>\n<td class=\"label\">Certifikace:<\/td>\n<td>CE,ISO<\/td>\n<\/tr>\n<tr>\n<td class=\"label\">Specifikace:<\/td>\n<td>30 mm * 15 mm, SGS<\/td>\n<\/tr>\n<tr>\n<td class=\"label\">P\u016fvod:<\/td>\n<td>\u010c\u00edna<\/td>\n<\/tr>\n<tr>\n<td class=\"label\">Typ:<\/td>\n<td>Hlin\u00edkov\u00e9 profily pro okna a dve\u0159e, dekorace<\/td>\n<\/tr>\n<tr>\n<td class=\"label\">M\u00edrnost:<\/td>\n<td>T3-T8<\/td>\n<\/tr>\n<tr>\n<td class=\"label\">Slitina:<\/td>\n<td>Slitina<\/td>\n<\/tr>\n<tr>\n<td class=\"label\">Leguj\u00edc\u00ed slo\u017eka:<\/td>\n<td>6063<\/td>\n<\/tr>\n<tr>\n<td class=\"label\">Profil z le\u0161t\u011bn\u00e9ho hlin\u00edku:<\/td>\n<td>Chemick\u00e9 le\u0161t\u011bn\u00ed<\/td>\n<\/tr>\n<tr>\n<td class=\"label\">Ochrann\u00e1 zn\u00e1mka:<\/td>\n<td>Sinoextrud<\/td>\n<\/tr>\n<tr>\n<td class=\"label\">K\u00f3d HS:<\/td>\n<td>76042900<\/td>\n<\/tr>\n<\/table>\n<h2>Na\u0161e v\u00fdrobn\u00ed z\u00e1kladna<\/h2>\n<h3>Panorama tov\u00e1rny<\/h3>\n<p><img decoding=\"async\" src=\"\/wp-content\/uploads\/factory-01.webp\"\/><\/p>\n<h3>D\u00edlna na v\u00fdrobu hlin\u00edkov\u00fdch ty\u010d\u00ed<\/h3>\n<p><img decoding=\"async\" src=\"\/wp-content\/uploads\/factory-02.webp\"\/><\/p>\n<p><img decoding=\"async\" src=\"\/wp-content\/uploads\/factory-03.webp\"\/><\/p>\n<h3>Sklad pl\u00edsn\u00ed<\/h3>\n<p><img decoding=\"async\" src=\"\/wp-content\/uploads\/factory-04.webp\"\/><\/p>\n<h3>43 linek na vytla\u010dov\u00e1n\u00ed hlin\u00edku (500 - 5500 tun)<\/h3>\n<p><img decoding=\"async\" src=\"\/wp-content\/uploads\/factory-05.webp\"\/><\/p>\n<p><img decoding=\"async\" src=\"\/wp-content\/uploads\/factory-06.webp\"\/><\/p>\n<p><img decoding=\"async\" src=\"\/wp-content\/uploads\/factory-07.webp\"\/><\/p>\n<h3>D\u00edlna pr\u00e1\u0161kov\u00e9ho lakov\u00e1n\u00ed<\/h3>\n<p><img decoding=\"async\" src=\"\/wp-content\/uploads\/factory-09.webp\"\/><\/p>\n<h3>D\u00edlna eloxov\u00e1n\u00ed<\/h3>\n<p><img decoding=\"async\" src=\"\/wp-content\/uploads\/factory-10.webp\"\/><\/p>\n<h3>Workshop o hloubkov\u00e9m zpracov\u00e1n\u00ed<\/h3>\n<p><img decoding=\"async\" src=\"\/wp-content\/uploads\/factory-11.webp\"\/><\/p>\n<h3>D\u00edlna CNC p\u0159esn\u00e9ho obr\u00e1b\u011bn\u00ed<\/h3>\n<p><img decoding=\"async\" src=\"\/wp-content\/uploads\/factory-11.5.webp\"\/><\/p>\n<h3>Sklad hotov\u00fdch v\u00fdrobk\u016f a exportn\u00ed sklad<\/h3>\n<p><img decoding=\"async\" src=\"\/wp-content\/uploads\/factory-12.webp\"\/><\/p>\n<p><img decoding=\"async\" src=\"\/wp-content\/uploads\/factory-13.webp\"\/><\/p>\n<p><img decoding=\"async\" src=\"\/wp-content\/uploads\/factory-14.webp\"\/><\/p>\n<h2>\u010cASTO KLADEN\u00c9 DOTAZY<\/h2>\n<p><p><b>1.Co je to hlin\u00edkov\u00fd v\u00fdlisek Z? <\/b><\/p>\n<p> Jedn\u00e1 se o extrudovan\u00fd hlin\u00edkov\u00fd profil s pr\u016f\u0159ezem ve tvaru p\u00edsmene Z, kter\u00fd se pou\u017e\u00edv\u00e1 pro konstruk\u010dn\u00ed v\u00fdztuhy, lemov\u00e1n\u00ed hran a podp\u011bry v r\u016fzn\u00fdch stavebn\u00edch a v\u00fdrobn\u00edch aplikac\u00edch.<br \/>\n<\/p><br \/>\n<br \/>\n<p><b>2.Jak\u00e9 slitiny se b\u011b\u017en\u011b pou\u017e\u00edvaj\u00ed pro v\u00fdlisky pr\u016f\u0159ezu Z? <\/b><\/p>\n<p> Nej\u010dast\u011bji se pou\u017e\u00edvaj\u00ed slitiny hlin\u00edku 6061 a 6063 d\u00edky sv\u00fdm vynikaj\u00edc\u00edm mechanick\u00fdm vlastnostem a odolnosti proti korozi.<br \/>\n<\/p><br \/>\n<br \/>\n<p><b>3.Kde se obvykle pou\u017e\u00edvaj\u00ed hlin\u00edkov\u00e9 profily pr\u016f\u0159ezu Z? <\/b><\/p>\n<p> Tyto profily se pou\u017e\u00edvaj\u00ed ve st\u0159e\u0161n\u00edch syst\u00e9mech, nosn\u00fdch st\u011bnov\u00fdch panelech, r\u00e1mov\u00fdch sestav\u00e1ch, konstrukc\u00edch sol\u00e1rn\u00edch panel\u016f a v doprav\u011b.<br \/>\n<\/p><br \/>\n<br \/>\n<p><b>4.Lze hlin\u00edkov\u00e9 Z profily upravit na m\u00edru? <\/b><\/p>\n<p> Ano, v\u00fdrobci nab\u00edzej\u00ed p\u0159izp\u016fsoben\u00ed OEM v\u010detn\u011b rozm\u011br\u016f nohou, tlou\u0161\u0165ky materi\u00e1lu, \u00fahl\u016f a p\u0159edd\u011brovan\u00fdch otvor\u016f.<br \/>\n<\/p><br \/>\n<br \/>\n<p><b>5.Jak\u00e9 povrchov\u00e9 \u00fapravy jsou k dispozici? <\/b><\/p>\n<p> Standardn\u00ed povrchov\u00e9 \u00fapravy zahrnuj\u00ed fr\u00e9zov\u00e1n\u00ed, eloxov\u00e1n\u00ed, pr\u00e1\u0161kov\u00e9 lakov\u00e1n\u00ed a PVDF lakov\u00e1n\u00ed pro v\u011bt\u0161\u00ed odolnost a estetiku.<br \/>\n<\/p><br \/>\n<br \/>\n<p><b>6.Jsou v\u00fdlisky profilu Z odoln\u00e9 proti pov\u011btrnostn\u00edm vliv\u016fm? <\/b><\/p>\n<p> Ano, pokud jsou vyrobeny ze slitiny 6061\/6063 a spr\u00e1vn\u011b povrchov\u011b upraveny, nab\u00edzej\u00ed vynikaj\u00edc\u00ed odolnost v\u016f\u010di pov\u011btrnostn\u00edm vliv\u016fm, UV z\u00e1\u0159en\u00ed a vlhkosti.<br \/>\n<\/p><br \/>\n<br \/>\n<p><b>7.Jsou tyto profily lehk\u00e9 a z\u00e1rove\u0148 pevn\u00e9? <\/b><\/p>\n<p> Hlin\u00edkov\u00e9 profily Z maj\u00ed vysok\u00fd pom\u011br pevnosti a hmotnosti, tak\u017ee se snadno instaluj\u00ed a manipuluje se s nimi p\u0159i zachov\u00e1n\u00ed struktur\u00e1ln\u00ed integrity.<br \/>\n<\/p><br \/>\n<br \/>\n<p><b>8.Mohu zakoupit hlin\u00edkov\u00e9 Z profily ve velk\u00e9m? <\/b><\/p>\n<p> Ano, mnoho \u010d\u00ednsk\u00fdch v\u00fdrobc\u016f dod\u00e1v\u00e1 vysoce kvalitn\u00ed v\u00fdlisky Z za konkurenceschopn\u00e9 v\u00fdrobn\u00ed ceny s plnou podporou v\u00fdvozu.<br \/>\n<\/p><br \/><\/p>","protected":false},"featured_media":6850,"template":"","categories":[67],"class_list":["post-6851","product","type-product","status-publish","has-post-thumbnail","hentry","category-architectural-aluminium-profile"],"meta_box":{"hilight_text_group":{"product_hilight_text":"<li>Precision-engineered aluminium Z section extrusions for structural and framing applications<\/li>\r\r\n<li>Manufactured from durable 6061 or 6063 alloy for strength, corrosion resistance, and lightweight performance<\/li>\r\r\n<li>Ideal for use in roofing systems, cladding supports, bracing components, and framing structures<\/li>\r\r\n<li>Available in mill finish, anodized, powder-coated, or custom surface treatments<\/li>\r\r\n<li>OEM customization for leg lengths, angles, thicknesses, and hole patterns<\/li>","product_chanpin_blog":"<ul>\r\r\n<li><a href=\"https:\/\/sinoextrud.com\/t-slot-v-slot-differences\/\" target=\"_blank\">t slot vs v slot<\/a><\/li>\r\r\n<li><a href=\"https:\/\/sinoextrud.com\/what-is-4040-aluminium-extrud\/\" target=\"_blank\">4040 aluminium extrusion<\/a><\/li>\r\r\n<li><a href=\"https:\/\/sinoextrud.com\/what-is-4040-aluminium-extrud\/\" target=\"_blank\">aluminum extrusions for industrial racks<\/a><\/li>\r\r\n<li><a href=\"https:\/\/sinoextrud.com\/powder-coating-aluminium-process\/\" target=\"_blank\">powder coating aluminium<\/a><\/li>\r\r\n<li><a href=\"https:\/\/sinoextrud.com\/what-is-an-aluminium-strip-ceiling\/\" target=\"_blank\">aluminium strip ceiling<\/a><\/li>\r\r\n<li><a href=\"https:\/\/sinoextrud.com\/what-is-a-heat-sink\/\" target=\"_blank\">what is a heat sink<\/a><\/li>\r\r\n<\/ul>","product_chanpin_chanpin":"<li><a href=\"https:\/\/sinoextrud.com\/product\/aluminium-sliding-door-brushed-grey\/\" target=\"_blank\">Aluminium Sliding Door Brushed Grey<\/a><\/li>\r\n<li><a href=\"https:\/\/sinoextrud.com\/product\/aluminium-sliding-door-matt-grey\/\" target=\"_blank\">Aluminium Sliding Door Matt Grey<\/a><\/li>\r\n<li><a href=\"https:\/\/sinoextrud.com\/product\/oem-aluminium-extrusion-profile-for-furniture-knobs-door-pull-handle\/\" target=\"_blank\">OEM Aluminium Extrusion Profile For Furniture Knobs Door Pull Handle<\/a><\/li>\r\n<li><a href=\"https:\/\/sinoextrud.com\/product\/aluminium-profile-for-glass-roof\/\" target=\"_blank\">Aluminium Profile For Glass Roof<\/a><\/li>\r\n<li><a href=\"https:\/\/sinoextrud.com\/product\/aluminium-z-section-extrusions\/\" target=\"_blank\">Aluminium Z Section Extrusions<\/a><\/li>\r\n<li><a href=\"https:\/\/sinoextrud.com\/product\/6063-t5-aluminum-extruded-profiles\/\" target=\"_blank\">6063 T5 Aluminum Extruded Profiles<\/a><\/li>\r\n<li><a href=\"https:\/\/sinoextrud.com\/product\/aluminum-sunshading-profile\/\" target=\"_blank\">Aluminum Sunshading Profile<\/a><\/li>\r\n<li><a href=\"https:\/\/sinoextrud.com\/product\/industrial-customized-6063-t5-alloy-aluminium-extrusion-profile\/\" target=\"_blank\">Industrial Customized 6063-T5 Alloy Aluminium Extrusion Profile<\/a><\/li>\r\n<li><a href=\"https:\/\/sinoextrud.com\/product\/aluminium-round-tube-extrusion-profile-with-anodized-powder-coating-surface-treatment-oem-customized-extruded-aluminium-tube-profile\/\" target=\"_blank\">Aluminium Round Tube Extrusion Profile With Anodized Powder Coating Surface Treatment OEM Customized  Extruded Aluminium Tube Profile<\/a><\/li>\r\n<li><a href=\"https:\/\/sinoextrud.com\/product\/wood-grain-allow-box-aluminium-section\/\" target=\"_blank\">Wood Grain Allow Box aluminium Section<\/a><\/li>\r\n<li><a href=\"https:\/\/sinoextrud.com\/product\/extruded-aluminum-case\/\" target=\"_blank\">Extruded Aluminum Case<\/a><\/li>"},"feature_list":[]},"_links":{"self":[{"href":"https:\/\/sinoextrud.com\/cs\/wp-json\/wp\/v2\/product\/6851","targetHints":{"allow":["GET"]}}],"collection":[{"href":"https:\/\/sinoextrud.com\/cs\/wp-json\/wp\/v2\/product"}],"about":[{"href":"https:\/\/sinoextrud.com\/cs\/wp-json\/wp\/v2\/types\/product"}],"wp:featuredmedia":[{"embeddable":true,"href":"https:\/\/sinoextrud.com\/cs\/wp-json\/wp\/v2\/media\/6850"}],"wp:attachment":[{"href":"https:\/\/sinoextrud.com\/cs\/wp-json\/wp\/v2\/media?parent=6851"}],"wp:term":[{"taxonomy":"category","embeddable":true,"href":"https:\/\/sinoextrud.com\/cs\/wp-json\/wp\/v2\/categories?post=6851"}],"curies":[{"name":"wp","href":"https:\/\/api.w.org\/{rel}","templated":true}]}}