{"id":6847,"date":"2025-06-03T02:17:31","date_gmt":"2025-06-03T02:17:31","guid":{"rendered":"https:\/\/sinoextrud.com\/product\/oem-aluminium-extrusion-profile-for-furniture-knobs-door-pull-handle\/"},"modified":"2025-06-24T06:11:50","modified_gmt":"2025-06-24T06:11:50","slug":"oem-hlinikovy-vytlacovaci-profil-pro-nabytkove-knofliky-tahlo-dveri","status":"publish","type":"product","link":"https:\/\/sinoextrud.com\/cs\/product\/oem-aluminium-extrusion-profile-for-furniture-knobs-door-pull-handle\/","title":{"rendered":"OEM Hlin\u00edkov\u00fd profil pro n\u00e1bytkov\u00e9 knofl\u00edky Dve\u0159e T\u00e1hlo Rukoje\u0165"},"content":{"rendered":"<h2>Podrobnosti o produktech<\/h2>\n<table class=\"custom-table\">\n<tr>\n<td class=\"label\">Polo\u017eka:<\/td>\n<td>OEM Hlin\u00edkov\u00fd profil pro n\u00e1bytkov\u00e9 knofl\u00edky Dve\u0159e T\u00e1hlo Rukoje\u0165<\/td>\n<\/tr>\n<tr>\n<td class=\"label\">T\u0159\u00edda:<\/td>\n<td>\u0158ada 6000<\/td>\n<\/tr>\n<tr>\n<td class=\"label\">Technika:<\/td>\n<td>Extrudovan\u00e9<\/td>\n<\/tr>\n<tr>\n<td class=\"label\">M\u00edrnost:<\/td>\n<td>T3 - T8<\/td>\n<\/tr>\n<tr>\n<td class=\"label\">Velikost:<\/td>\n<td>Vlastn\u00ed<\/td>\n<\/tr>\n<tr>\n<td class=\"label\">P\u0159epravn\u00ed bal\u00ed\u010dek:<\/td>\n<td>Standardn\u00ed exportn\u00ed bal\u00ed\u010dek<\/td>\n<\/tr>\n<tr>\n<td class=\"label\">P\u016fvod:<\/td>\n<td>\u010c\u00edna<\/td>\n<\/tr>\n<tr>\n<td class=\"label\">Typ:<\/td>\n<td>Hlin\u00edkov\u00e9 profily<\/td>\n<\/tr>\n<tr>\n<td class=\"label\">Povrchov\u00e1 \u00faprava:<\/td>\n<td>Povrchov\u00e1 \u00faprava Mill Finish<\/td>\n<\/tr>\n<tr>\n<td class=\"label\">Slitina:<\/td>\n<td>Slitina<\/td>\n<\/tr>\n<tr>\n<td class=\"label\">Certifikace:<\/td>\n<td>CE<\/td>\n<\/tr>\n<tr>\n<td class=\"label\">Materi\u00e1l:<\/td>\n<td>Hlin\u00edkov\u00e1 slitina<\/td>\n<\/tr>\n<tr>\n<td class=\"label\">Specifikace:<\/td>\n<td>SGS<\/td>\n<\/tr>\n<\/table>\n<h2>Na\u0161e v\u00fdrobn\u00ed z\u00e1kladna<\/h2>\n<h3>Panorama tov\u00e1rny<\/h3>\n<p><img decoding=\"async\" src=\"\/wp-content\/uploads\/factory-01.webp\"\/><\/p>\n<h3>D\u00edlna na v\u00fdrobu hlin\u00edkov\u00fdch ty\u010d\u00ed<\/h3>\n<p><img decoding=\"async\" src=\"\/wp-content\/uploads\/factory-02.webp\"\/><\/p>\n<\/p>\n<p><img decoding=\"async\" src=\"\/wp-content\/uploads\/factory-03.webp\"\/><\/p>\n<h3>Sklad pl\u00edsn\u00ed<\/h3>\n<p><img decoding=\"async\" src=\"\/wp-content\/uploads\/factory-04.webp\"\/><\/p>\n<h3>43 linek na vytla\u010dov\u00e1n\u00ed hlin\u00edku (500-5500 tun)<\/h3>\n<p><img decoding=\"async\" src=\"\/wp-content\/uploads\/factory-05.webp\"\/><\/p>\n<p><img decoding=\"async\" src=\"\/wp-content\/uploads\/factory-06.webp\"\/><\/p>\n<p><img decoding=\"async\" src=\"\/wp-content\/uploads\/factory-07.webp\"\/><\/p>\n<h3>D\u00edlna pr\u00e1\u0161kov\u00e9ho lakov\u00e1n\u00ed<\/h3>\n<p><img decoding=\"async\" src=\"\/wp-content\/uploads\/factory-09.webp\"\/><\/p>\n<h3>D\u00edlna eloxov\u00e1n\u00ed<\/h3>\n<p><img decoding=\"async\" src=\"\/wp-content\/uploads\/factory-10.webp\"\/><\/p>\n<h3>Workshop o hloubkov\u00e9m zpracov\u00e1n\u00ed<\/h3>\n<p><img decoding=\"async\" src=\"\/wp-content\/uploads\/factory-11.webp\"\/><\/p>\n<h3>D\u00edlna CNC p\u0159esn\u00e9ho obr\u00e1b\u011bn\u00ed<\/h3>\n<p><img decoding=\"async\" src=\"\/wp-content\/uploads\/factory-11.5.webp\"\/><\/p>\n<h3>Sklad hotov\u00fdch v\u00fdrobk\u016f a exportn\u00ed sklad<\/h3>\n<p><img decoding=\"async\" src=\"\/wp-content\/uploads\/factory-12.webp\"\/><\/p>\n<p><img decoding=\"async\" src=\"\/wp-content\/uploads\/factory-13.webp\"\/><\/p>\n<p><img decoding=\"async\" src=\"\/wp-content\/uploads\/factory-14.webp\"\/><\/p>\n<h2>\u010cASTO KLADEN\u00c9 DOTAZY<\/h2>\n<p><b>1.Co je to hlin\u00edkov\u00fd vytla\u010dovac\u00ed profil OEM pro knofl\u00edky a rukojeti? <\/b><\/p>\n<p> Jedn\u00e1 se o hlin\u00edkov\u00fd profil navr\u017een\u00fd na zak\u00e1zku, kter\u00fd se lisuje pro v\u00fdrobu n\u00e1bytkov\u00fdch knofl\u00edk\u016f, dve\u0159n\u00edch tah\u016f a \u00fachytek na sk\u0159\u00edn\u011b.\n<\/p>\n<p><\/p>\n<p><b>2.Pro\u010d pou\u017e\u00edvat hlin\u00edk na n\u00e1bytkov\u00e9 kov\u00e1n\u00ed? <\/b><\/p>\n<p> Hlin\u00edk je lehk\u00fd, pevn\u00fd, odoln\u00fd proti korozi a velmi dob\u0159e p\u0159izp\u016fsobiteln\u00fd - ide\u00e1ln\u00ed pro odoln\u00fd a stylov\u00fd hardware.\n<\/p>\n<p><\/p>\n<p><b>3.Kter\u00e1 slitina je nejlep\u0161\u00ed pro profily rukojet\u00ed a knofl\u00edk\u016f? <\/b><\/p>\n<p> Slitina 6063-T5 se b\u011b\u017en\u011b pou\u017e\u00edv\u00e1 d\u00edky vynikaj\u00edc\u00ed povrchov\u00e9 \u00faprav\u011b, tva\u0159itelnosti a odolnosti proti opot\u0159eben\u00ed a oxidaci.\n<\/p>\n<p><\/p>\n<p><b>4.Jak\u00e9 povrchov\u00e9 \u00fapravy jsou k dispozici pro hlin\u00edkov\u00e9 rukojeti? <\/b><\/p>\n<p> Povrchov\u00e9 \u00fapravy zahrnuj\u00ed eloxovan\u00e9 (\u010dir\u00e9, \u010dern\u00e9, bronzov\u00e9), pr\u00e1\u0161kov\u00e9, kart\u00e1\u010dovan\u00e9 a d\u0159ev\u011bn\u00e9 pro r\u016fzn\u00e9 dekorativn\u00ed styly.\n<\/p>\n<p><\/p>\n<p><b>5.Lze tvar a velikost p\u0159izp\u016fsobit? <\/b><\/p>\n<p> Ano, v\u00fdrobci OEM nab\u00edzej\u00ed kompletn\u00ed p\u0159izp\u016fsoben\u00ed rozm\u011br\u016f, zak\u0159iven\u00ed, mo\u017enost\u00ed mont\u00e1\u017ee a povrchov\u00fdch \u00faprav pro konkr\u00e9tn\u00ed n\u00e1bytkov\u00e9 \u0159ady.\n<\/p>\n<p><\/p>\n<p><b>6.V jak\u00fdch aplikac\u00edch se pou\u017e\u00edvaj\u00ed hlin\u00edkov\u00e9 profily rukojet\u00ed? <\/b><\/p>\n<p> Pou\u017e\u00edvaj\u00ed se v kuchy\u0148sk\u00fdch sk\u0159\u00ed\u0148k\u00e1ch, z\u00e1suvk\u00e1ch, posuvn\u00fdch dve\u0159\u00edch, \u0161atn\u00edch sk\u0159\u00edn\u00edch, kancel\u00e1\u0159sk\u00e9m n\u00e1bytku a interi\u00e9rov\u00fdch dve\u0159n\u00edch syst\u00e9mech.\n<\/p>\n<p><\/p>\n<p><b>7.Snadno se tyto profily instaluj\u00ed? <\/b><\/p>\n<p> Ano, hlin\u00edkov\u00e9 v\u00fdlisky madel jsou navr\u017eeny pro rychlou instalaci pomoc\u00ed standardn\u00edho kov\u00e1n\u00ed nebo integrovan\u00fdch mont\u00e1\u017en\u00edch \u0159e\u0161en\u00ed.\n<\/p>\n<p><\/p>\n<p><b>8.Kde mohu z\u00edskat tyto profily za v\u00fdrobn\u00ed cenu? <\/b><\/p>\n<p> \u0160pi\u010dkov\u00ed \u010d\u00edn\u0161t\u00ed v\u00fdrobci nab\u00edzej\u00ed hlin\u00edkov\u00e9 vytla\u010dovac\u00ed profily OEM ve velk\u00e9m s plnou podporou p\u0159izp\u016fsoben\u00ed a v\u00fdvozu pro n\u00e1bytk\u00e1\u0159sk\u00e9 a \u017eelez\u00e1\u0159sk\u00e9 zna\u010dky.\n<\/p>\n<p><\/p>","protected":false},"featured_media":6846,"template":"","categories":[67],"class_list":["post-6847","product","type-product","status-publish","has-post-thumbnail","hentry","category-architectural-aluminium-profile"],"meta_box":{"hilight_text_group":{"product_hilight_text":"<li>OEM aluminium extrusion profiles tailored for furniture knobs, door pulls, and handles<\/li>\r\r\n<li>Made from high-quality 6063-T5 alloy ensuring excellent machinability and corrosion resistance<\/li>\r\r\n<li>Available in a variety of surface finishes including anodized, brushed, powder-coated, and wood grain<\/li>\r\r\n<li>Customizable shapes and dimensions to suit modern, minimalist, or classic furniture designs<\/li>\r\r\n<li>Lightweight, durable, and easy to integrate into cabinetry, wardrobes, drawers, and interior doors<\/li>","product_chanpin_blog":"<ul>\r\r\n<li><a href=\"https:\/\/sinoextrud.com\/t-slot-v-slot-differences\/\" target=\"_blank\">t slot vs v slot<\/a><\/li>\r\r\n<li><a href=\"https:\/\/sinoextrud.com\/what-is-4040-aluminium-extrud\/\" target=\"_blank\">4040 aluminium extrusion<\/a><\/li>\r\r\n<li><a href=\"https:\/\/sinoextrud.com\/what-is-4040-aluminium-extrud\/\" target=\"_blank\">aluminum extrusions for industrial racks<\/a><\/li>\r\r\n<li><a href=\"https:\/\/sinoextrud.com\/powder-coating-aluminium-process\/\" target=\"_blank\">powder coating aluminium<\/a><\/li>\r\r\n<li><a href=\"https:\/\/sinoextrud.com\/what-is-an-aluminium-strip-ceiling\/\" target=\"_blank\">aluminium strip ceiling<\/a><\/li>\r\r\n<li><a href=\"https:\/\/sinoextrud.com\/what-is-a-heat-sink\/\" target=\"_blank\">what is a heat sink<\/a><\/li>\r\r\n<\/ul>","product_chanpin_chanpin":"<li><a href=\"https:\/\/sinoextrud.com\/product\/aluminium-sliding-door-electrophoresis-golden\/\" target=\"_blank\">Aluminium Sliding Door Electrophoresis Golden<\/a><\/li>\r\n<li><a href=\"https:\/\/sinoextrud.com\/product\/extruded-aluminium-profile-tube-pipe-with-oval-trigle-square-round-shape-manufacturer-price\/\" target=\"_blank\">Extruded Aluminium Profile Tube Pipe With Oval Trigle Square Round Shape Manufacturer Price<\/a><\/li>\r\n<li><a href=\"https:\/\/sinoextrud.com\/product\/aluminium-sliding-door-brushed-grey\/\" target=\"_blank\">Aluminium Sliding Door Brushed Grey<\/a><\/li>\r\n<li><a href=\"https:\/\/sinoextrud.com\/product\/aluminium-sliding-door-matt-grey\/\" target=\"_blank\">Aluminium Sliding Door Matt Grey<\/a><\/li>\r\n<li><a href=\"https:\/\/sinoextrud.com\/product\/oem-aluminium-extrusion-profile-for-furniture-knobs-door-pull-handle\/\" target=\"_blank\">OEM Aluminium Extrusion Profile For Furniture Knobs Door Pull Handle<\/a><\/li>\r\n<li><a href=\"https:\/\/sinoextrud.com\/product\/aluminium-profile-for-glass-roof\/\" target=\"_blank\">Aluminium Profile For Glass Roof<\/a><\/li>\r\n<li><a href=\"https:\/\/sinoextrud.com\/product\/aluminium-z-section-extrusions\/\" target=\"_blank\">Aluminium Z Section Extrusions<\/a><\/li>\r\n<li><a href=\"https:\/\/sinoextrud.com\/product\/6063-t5-aluminum-extruded-profiles\/\" target=\"_blank\">6063 T5 Aluminum Extruded Profiles<\/a><\/li>\r\n<li><a href=\"https:\/\/sinoextrud.com\/product\/aluminum-sunshading-profile\/\" target=\"_blank\">Aluminum Sunshading Profile<\/a><\/li>\r\n<li><a href=\"https:\/\/sinoextrud.com\/product\/aluminum-railing\/\" target=\"_blank\">Aluminum Railing<\/a><\/li>\r\n<li><a href=\"https:\/\/sinoextrud.com\/product\/industrial-aluminium-profiles\/\" target=\"_blank\">Industrial Aluminium Profiles<\/a><\/li>"},"feature_list":[]},"_links":{"self":[{"href":"https:\/\/sinoextrud.com\/cs\/wp-json\/wp\/v2\/product\/6847","targetHints":{"allow":["GET"]}}],"collection":[{"href":"https:\/\/sinoextrud.com\/cs\/wp-json\/wp\/v2\/product"}],"about":[{"href":"https:\/\/sinoextrud.com\/cs\/wp-json\/wp\/v2\/types\/product"}],"wp:featuredmedia":[{"embeddable":true,"href":"https:\/\/sinoextrud.com\/cs\/wp-json\/wp\/v2\/media\/6846"}],"wp:attachment":[{"href":"https:\/\/sinoextrud.com\/cs\/wp-json\/wp\/v2\/media?parent=6847"}],"wp:term":[{"taxonomy":"category","embeddable":true,"href":"https:\/\/sinoextrud.com\/cs\/wp-json\/wp\/v2\/categories?post=6847"}],"curies":[{"name":"wp","href":"https:\/\/api.w.org\/{rel}","templated":true}]}}