{"id":6845,"date":"2025-06-03T02:13:27","date_gmt":"2025-06-03T02:13:27","guid":{"rendered":"https:\/\/sinoextrud.com\/product\/aluminium-sliding-door-matt-grey\/"},"modified":"2025-06-24T06:11:49","modified_gmt":"2025-06-24T06:11:49","slug":"hlinikove-posuvne-dvere-matne-sede","status":"publish","type":"product","link":"https:\/\/sinoextrud.com\/cs\/product\/aluminium-sliding-door-matt-grey\/","title":{"rendered":"Hlin\u00edkov\u00e9 posuvn\u00e9 dve\u0159e Matt Grey"},"content":{"rendered":"<h2>Podrobnosti o produktech<\/h2>\n<table class=\"custom-table\">\n<tr>\n<td class=\"label\">Hlin\u00edkov\u00e9 posuvn\u00e9 dve\u0159e Matt Grey<\/td>\n<td>Materi\u00e1l :hlin\u00edkov\u00e1 slitina<br \/>\nPovrchov\u00e1 \u00faprava: pr\u00e1\u0161kov\u00e1 barva d\u0159eva, elektrofor\u00e9za, eloxov\u00e1n\u00ed, p\u00edskov\u00e1n\u00ed atd.<br \/>\nBarva : \u0161ed\u00e1 \/\u0161ampa\u0148sk\u00e1 barva , \/d\u0159ev\u011bn\u00e9 zrno\/ b\u00edl\u00e1 \/zelen\u00e1 \/\u010dern\u00e1 a p\u0159izp\u016fsoben\u00e1<br \/>\nTlou\u0161\u0165ka: 1,0 mm\/1,2 mm\/1,4 mm\/2,0 mm<\/td>\n<\/tr>\n<tr>\n<td class=\"label\">Sklo<\/td>\n<td>Materi\u00e1l : tvrzen\u00e9 sklo, plovouc\u00ed sklo, izola\u010dn\u00ed sklo, reflexn\u00ed sklo.<br \/>\nBarva : \u010dir\u00e1 \/ \u0161ed\u00e1 \/ zelen\u00e1 \/ matn\u00e1<br \/>\nTlou\u0161\u0165ka :izola\u010dn\u00ed sklo 5+9A+5 6+12A+6<br \/>\nJednotliv\u00e9: 3 mm a\u017e 12 mm<br \/>\nTrojit\u00fd: 5+6A+5+6A+5<\/td>\n<\/tr>\n<tr>\n<td class=\"label\">T\u011bsn\u011bn\u00ed<\/td>\n<td>Pry\u017e EPDM<\/td>\n<\/tr>\n<tr>\n<td class=\"label\">Hardware<\/td>\n<td>1) Hope , Kinlong slavn\u00e1 \u010d\u00ednsk\u00e1 zna\u010dka<br \/>\n2) Mezin\u00e1rodn\u00ed slavn\u00e1 zna\u010dka<br \/>\n3) na m\u00edru<\/td>\n<\/tr>\n<tr>\n<td class=\"label\">Bal\u00ed\u010dek<\/td>\n<td>1) f\u00f3lie, kraftov\u00fd pap\u00edr<br \/>\n2) d\u0159ev\u011bn\u00e1 bedna<br \/>\n3) na m\u00edru<\/td>\n<\/tr>\n<\/table>\n<h2>Na\u0161e v\u00fdrobn\u00ed z\u00e1kladna<\/h2>\n<h3>Panorama tov\u00e1rny<\/h3>\n<p><img decoding=\"async\" src=\"\/wp-content\/uploads\/factory-01.webp\"\/><\/p>\n<h3>D\u00edlna na v\u00fdrobu hlin\u00edkov\u00fdch ty\u010d\u00ed<\/h3>\n<p><img decoding=\"async\" src=\"\/wp-content\/uploads\/factory-02.webp\"\/><\/p>\n<p><img decoding=\"async\" src=\"\/wp-content\/uploads\/factory-03.webp\"\/><\/p>\n<h3>Sklad pl\u00edsn\u00ed<\/h3>\n<p><img decoding=\"async\" src=\"\/wp-content\/uploads\/factory-04.webp\"\/><\/p>\n<h3>43 linek na vytla\u010dov\u00e1n\u00ed hlin\u00edku (500 - 5500 tun)<\/h3>\n<p><img decoding=\"async\" src=\"\/wp-content\/uploads\/factory-05.webp\"\/><\/p>\n<p><img decoding=\"async\" src=\"\/wp-content\/uploads\/factory-06.webp\"\/><\/p>\n<p><img decoding=\"async\" src=\"\/wp-content\/uploads\/factory-07.webp\"\/><\/p>\n<h3>D\u00edlna pr\u00e1\u0161kov\u00e9ho lakov\u00e1n\u00ed<\/h3>\n<p><img decoding=\"async\" src=\"\/wp-content\/uploads\/factory-09.webp\"\/><\/p>\n<h3>D\u00edlna eloxov\u00e1n\u00ed<\/h3>\n<p><img decoding=\"async\" src=\"\/wp-content\/uploads\/factory-10.webp\"\/><\/p>\n<h3>Workshop o hloubkov\u00e9m zpracov\u00e1n\u00ed<\/h3>\n<p><img decoding=\"async\" src=\"\/wp-content\/uploads\/factory-11.webp\"\/><\/p>\n<h3>D\u00edlna CNC p\u0159esn\u00e9ho obr\u00e1b\u011bn\u00ed<\/h3>\n<p><img decoding=\"async\" src=\"\/wp-content\/uploads\/factory-11.5.webp\"\/><\/p>\n<h3>Sklad hotov\u00fdch v\u00fdrobk\u016f a exportn\u00ed sklad<\/h3>\n<p><img decoding=\"async\" src=\"\/wp-content\/uploads\/factory-12.webp\"\/><\/p>\n<p><img decoding=\"async\" src=\"\/wp-content\/uploads\/factory-13.webp\"\/><\/p>\n<p><img decoding=\"async\" src=\"\/wp-content\/uploads\/factory-14.webp\"\/><\/p>\n<h2>\u010cASTO KLADEN\u00c9 DOTAZY<\/h2>\n<p><p><b>1.Co je matn\u011b \u0161ed\u00fd hlin\u00edkov\u00fd profil posuvn\u00fdch dve\u0159\u00ed? <\/b><\/p>\n<p> Jedn\u00e1 se o hlin\u00edkov\u00fd v\u00fdlisek s nelesklou \u0161edou povrchovou \u00fapravou, kter\u00fd se pou\u017e\u00edv\u00e1 v modern\u00edch syst\u00e9mech posuvn\u00fdch dve\u0159\u00ed pro obytn\u00e9 i komer\u010dn\u00ed aplikace.<br \/>\n<\/p><br \/>\n<br \/>\n<p><b>2.Jak\u00e9 jsou v\u00fdhody matn\u00e9 povrchov\u00e9 \u00fapravy hlin\u00edkov\u00fdch posuvn\u00fdch dve\u0159\u00ed? <\/b><\/p>\n<p> Matn\u00e9 povrchy maj\u00ed jemn\u00fd a elegantn\u00ed vzhled a z\u00e1rove\u0148 zakr\u00fdvaj\u00ed otisky prst\u016f a jsou odoln\u00e9 proti po\u0161kr\u00e1b\u00e1n\u00ed, tak\u017ee jsou vhodn\u00e9 pro povrchy s vysok\u00fdm kontaktem.<br \/>\n<\/p><br \/>\n<br \/>\n<p><b>3.Jak\u00e1 slitina se pou\u017e\u00edv\u00e1 pro tyto profily posuvn\u00fdch dve\u0159\u00ed? <\/b><\/p>\n<p> Profily jsou obvykle vyrobeny z hlin\u00edku 6063-T5, kter\u00fd je zn\u00e1m\u00fd svou pevnost\u00ed, odolnost\u00ed proti korozi a vysoce kvalitn\u00ed povrchovou \u00fapravou.<br \/>\n<\/p><br \/>\n<br \/>\n<p><b>4.Jak je dosa\u017eeno matn\u00e9 \u0161ed\u00e9 barvy? <\/b><\/p>\n<p> Povrchov\u00e1 \u00faprava se obvykle nan\u00e1\u0161\u00ed pr\u00e1\u0161kov\u00fdm lakov\u00e1n\u00edm nebo eloxov\u00e1n\u00edm, p\u0159i\u010dem\u017e ob\u011b tyto \u00fapravy nab\u00edzej\u00ed odolnou matnou strukturu odolnou proti vyblednut\u00ed.<br \/>\n<\/p><br \/>\n<br \/>\n<p><b>5.Jsou tyto profily vhodn\u00e9 pro venkovn\u00ed posuvn\u00e9 dve\u0159e? <\/b><\/p>\n<p> Ano, matn\u00e1 povrchov\u00e1 \u00faprava je odoln\u00e1 proti UV z\u00e1\u0159en\u00ed a pov\u011btrnostn\u00edm vliv\u016fm, tak\u017ee je ide\u00e1ln\u00ed pro terasy, balkony a dal\u0161\u00ed venkovn\u00ed instalace.<br \/>\n<\/p><br \/>\n<br \/>\n<p><b>6.Mohu z\u00edskat rozm\u011bry a proveden\u00ed profil\u016f na m\u00edru? <\/b><\/p>\n<p> V\u00fdrobci samoz\u0159ejm\u011b nab\u00edzej\u00ed slu\u017eby OEM pro p\u0159izp\u016fsoben\u00ed velikosti, tlou\u0161\u0165ky a pr\u016f\u0159ezu profilu konkr\u00e9tn\u00edm pot\u0159eb\u00e1m projektu.<br \/>\n<\/p><br \/>\n<br \/>\n<p><b>7.Na jak\u00e9 typy dve\u0159\u00ed lze pou\u017e\u00edt matn\u011b \u0161ed\u00e9 hlin\u00edkov\u00e9 profily? <\/b><\/p>\n<p> Tyto profily se b\u011b\u017en\u011b pou\u017e\u00edvaj\u00ed v interi\u00e9rov\u00fdch p\u0159\u00ed\u010dk\u00e1ch, \u0161atn\u00edch sk\u0159\u00edn\u00edch, balkonov\u00fdch dve\u0159\u00edch a syst\u00e9mech posuvn\u00fdch dve\u0159\u00ed pro komer\u010dn\u00ed \u00fa\u010dely.<br \/>\n<\/p><br \/>\n<br \/>\n<p><b>8.Kde lze zakoupit matn\u011b \u0161ed\u00e9 hlin\u00edkov\u00e9 profily posuvn\u00fdch dve\u0159\u00ed ve velk\u00e9m? <\/b><\/p>\n<p> Renomovan\u00ed \u010d\u00edn\u0161t\u00ed v\u00fdrobci dod\u00e1vaj\u00ed matn\u00e9 \u0161ed\u00e9 profily na m\u00edru za v\u00fdrobn\u00ed ceny s mo\u017enost\u00ed v\u00fdvozu pro glob\u00e1ln\u00ed z\u00e1kazn\u00edky.<br \/>\n<\/p><br \/><\/p>","protected":false},"featured_media":6844,"template":"","categories":[67],"class_list":["post-6845","product","type-product","status-publish","has-post-thumbnail","hentry","category-architectural-aluminium-profile"],"meta_box":{"hilight_text_group":{"product_hilight_text":"<li>Matt grey aluminium sliding door profiles designed for a sleek and modern architectural look<\/li>\r\r\n<li>Made from premium 6063-T5 aluminum alloy for excellent strength, corrosion resistance, and smooth surface finish<\/li>\r\r\n<li>Matt powder-coated or anodized finish resists fingerprints, fading, and scratches<\/li>\r\r\n<li>Ideal for wardrobes, patio doors, room dividers, and office sliding systems<\/li>\r\r\n<li>OEM customization available for sizes, thickness, hardware compatibility, and design<\/li>","product_chanpin_blog":"<ul>\r\r\n<li><a href=\"https:\/\/sinoextrud.com\/t-slot-v-slot-differences\/\" target=\"_blank\">t slot vs v slot<\/a><\/li>\r\r\n<li><a href=\"https:\/\/sinoextrud.com\/what-is-4040-aluminium-extrud\/\" target=\"_blank\">4040 aluminium extrusion<\/a><\/li>\r\r\n<li><a href=\"https:\/\/sinoextrud.com\/what-is-4040-aluminium-extrud\/\" target=\"_blank\">aluminum extrusions for industrial racks<\/a><\/li>\r\r\n<li><a href=\"https:\/\/sinoextrud.com\/powder-coating-aluminium-process\/\" target=\"_blank\">powder coating aluminium<\/a><\/li>\r\r\n<li><a href=\"https:\/\/sinoextrud.com\/what-is-an-aluminium-strip-ceiling\/\" target=\"_blank\">aluminium strip ceiling<\/a><\/li>\r\r\n<li><a href=\"https:\/\/sinoextrud.com\/what-is-a-heat-sink\/\" target=\"_blank\">what is a heat sink<\/a><\/li>\r\r\n<\/ul>","product_chanpin_chanpin":"<li><a href=\"https:\/\/sinoextrud.com\/product\/aluminium-sliding-door-champagne-colour\/\" target=\"_blank\">Aluminium Sliding Door Champagne colour<\/a><\/li>\r\n<li><a href=\"https:\/\/sinoextrud.com\/product\/aluminium-sliding-door-electrophoresis-golden\/\" target=\"_blank\">Aluminium Sliding Door Electrophoresis Golden<\/a><\/li>\r\n<li><a href=\"https:\/\/sinoextrud.com\/product\/extruded-aluminium-profile-tube-pipe-with-oval-trigle-square-round-shape-manufacturer-price\/\" target=\"_blank\">Extruded Aluminium Profile Tube Pipe With Oval Trigle Square Round Shape Manufacturer Price<\/a><\/li>\r\n<li><a href=\"https:\/\/sinoextrud.com\/product\/aluminium-sliding-door-brushed-grey\/\" target=\"_blank\">Aluminium Sliding Door Brushed Grey<\/a><\/li>\r\n<li><a href=\"https:\/\/sinoextrud.com\/product\/aluminium-sliding-door-matt-grey\/\" target=\"_blank\">Aluminium Sliding Door Matt Grey<\/a><\/li>\r\n<li><a href=\"https:\/\/sinoextrud.com\/product\/oem-aluminium-extrusion-profile-for-furniture-knobs-door-pull-handle\/\" target=\"_blank\">OEM Aluminium Extrusion Profile For Furniture Knobs Door Pull Handle<\/a><\/li>\r\n<li><a href=\"https:\/\/sinoextrud.com\/product\/aluminium-profile-for-glass-roof\/\" target=\"_blank\">Aluminium Profile For Glass Roof<\/a><\/li>\r\n<li><a href=\"https:\/\/sinoextrud.com\/product\/aluminium-z-section-extrusions\/\" target=\"_blank\">Aluminium Z Section Extrusions<\/a><\/li>\r\n<li><a href=\"https:\/\/sinoextrud.com\/product\/6063-t5-aluminum-extruded-profiles\/\" target=\"_blank\">6063 T5 Aluminum Extruded Profiles<\/a><\/li>\r\n<li><a href=\"https:\/\/sinoextrud.com\/product\/12-to-20-mm-glass-aluminum-glass-railing-price-per-foot\/\" target=\"_blank\">12 To 20 MM Glass Aluminum Glass Railing Price Per Foot<\/a><\/li>\r\n<li><a href=\"https:\/\/sinoextrud.com\/product\/aluminum-extrusion-profiles-products\/\" target=\"_blank\">Aluminum Extrusion Profiles Products<\/a><\/li>"},"feature_list":[]},"_links":{"self":[{"href":"https:\/\/sinoextrud.com\/cs\/wp-json\/wp\/v2\/product\/6845","targetHints":{"allow":["GET"]}}],"collection":[{"href":"https:\/\/sinoextrud.com\/cs\/wp-json\/wp\/v2\/product"}],"about":[{"href":"https:\/\/sinoextrud.com\/cs\/wp-json\/wp\/v2\/types\/product"}],"wp:featuredmedia":[{"embeddable":true,"href":"https:\/\/sinoextrud.com\/cs\/wp-json\/wp\/v2\/media\/6844"}],"wp:attachment":[{"href":"https:\/\/sinoextrud.com\/cs\/wp-json\/wp\/v2\/media?parent=6845"}],"wp:term":[{"taxonomy":"category","embeddable":true,"href":"https:\/\/sinoextrud.com\/cs\/wp-json\/wp\/v2\/categories?post=6845"}],"curies":[{"name":"wp","href":"https:\/\/api.w.org\/{rel}","templated":true}]}}