{"id":6839,"date":"2025-06-03T01:37:41","date_gmt":"2025-06-03T01:37:41","guid":{"rendered":"https:\/\/sinoextrud.com\/product\/aluminium-sliding-door-electrophoresis-golden\/"},"modified":"2025-06-24T06:11:48","modified_gmt":"2025-06-24T06:11:48","slug":"hlinikove-posuvne-dvere-elektroforeza-golden","status":"publish","type":"product","link":"https:\/\/sinoextrud.com\/cs\/product\/aluminium-sliding-door-electrophoresis-golden\/","title":{"rendered":"Hlin\u00edkov\u00e9 posuvn\u00e9 dve\u0159e Elektrofor\u00e9za Golden"},"content":{"rendered":"<h2>Podrobnosti o produktech<\/h2>\n<table class=\"custom-table\">\n<tr>\n<td class=\"label\">Polo\u017eka<\/td>\n<td>Hlin\u00edkov\u00fd profil pro t\u011b\u017ek\u00e9 posuvn\u00e9 dve\u0159e elektrofor\u00e9za zlat\u00e1 barva, hlin\u00edkov\u00e9 posuvn\u00e9 dve\u0159e elektrofor\u00e9za zlat\u00e1 barva<\/td>\n<\/tr>\n<tr>\n<td class=\"label\">Materi\u00e1l<\/td>\n<td>\u0158ada 6000, stejn\u011b jako 6063,<\/td>\n<\/tr>\n<tr>\n<td class=\"label\">Temperament<\/td>\n<td>T4, T5, T6.<\/td>\n<\/tr>\n<tr>\n<td class=\"label\">Tlou\u0161\u0165ka<\/td>\n<td>Obecn\u00e1 tlou\u0161\u0165ka profil\u016f: 0,8 - 5,0 mm;<br \/>\nTlou\u0161\u0165ka eloxovan\u00e9 ochrany: 8 - 25 um;<br \/>\nTlou\u0161\u0165ka barvy pr\u00e1\u0161kov\u00e9ho n\u00e1t\u011bru: 40 - 120 um.<\/td>\n<\/tr>\n<tr>\n<td class=\"label\">D\u00e9lka<\/td>\n<td>3 m nebo 6 m na kus. K dispozici je \u017e\u00e1dost na m\u00edru<\/td>\n<\/tr>\n<tr>\n<td class=\"label\">Tvar<\/td>\n<td>\u010dtvercov\u00e9, ploch\u00e9, kulat\u00e9, dut\u00e9, ov\u00e1ln\u00e9, troj\u00faheln\u00edkov\u00e9, U-profily, L-profily, T-profily, H-profily, na p\u0159\u00e1n\u00ed z\u00e1kazn\u00edka<\/td>\n<\/tr>\n<tr>\n<td class=\"label\">Povrchov\u00e1 \u00faprava<\/td>\n<td>fr\u00e9zov\u00e1n\u00ed, eloxov\u00e1n\u00ed, pr\u00e1\u0161kov\u00e9 lakov\u00e1n\u00ed, elektrofor\u00e9za, kresba d\u0159eva, d\u0159evo, PVDF barva, le\u0161t\u011bn\u00ed, kart\u00e1\u010dov\u00e1n\u00ed<\/td>\n<\/tr>\n<tr>\n<td class=\"label\">Barva<\/td>\n<td>Kovov\u00e9 st\u0159\u00edbro, \u0161ampa\u0148sk\u00e9, \u010dern\u00e1, b\u00edl\u00e1, zrcadlo, na p\u0159\u00e1n\u00ed z\u00e1kazn\u00edka k dispozici<\/td>\n<\/tr>\n<tr>\n<td class=\"label\">Aplikace<\/td>\n<td>okna a dve\u0159e, z\u00e1v\u011bsy, sklen\u011bn\u00e9 st\u011bny, n\u00e1bytek, stropy, kuchyn\u011b, LED p\u00e1sky, dopravn\u00ed kolejnice, vozidla, motorov\u00e9 sk\u0159\u00edn\u011b, stroje, stany, sol\u00e1rn\u00ed za\u0159\u00edzen\u00ed. Pr\u016fmyslov\u00fd profil, Decoratino profil,<\/td>\n<\/tr>\n<tr>\n<td class=\"label\">Hloubkov\u00fd proces<\/td>\n<td>CNC, vrt\u00e1n\u00ed, fr\u00e9zov\u00e1n\u00ed, \u0159ez\u00e1n\u00ed, sva\u0159ov\u00e1n\u00ed, oh\u00fdb\u00e1n\u00ed, mont\u00e1\u017e<\/td>\n<\/tr>\n<tr>\n<td class=\"label\">MOQ<\/td>\n<td>200 kg pro ka\u017edou polo\u017eku<\/td>\n<\/tr>\n<tr>\n<td class=\"label\">V\u00fdrobn\u00ed kapacita<\/td>\n<td>5000 tun m\u011bs\u00ed\u010dn\u011b, 60000 tun ro\u010dn\u011b.<\/td>\n<\/tr>\n<tr>\n<td class=\"label\">N\u00e1zev zna\u010dky<\/td>\n<td>Sinoextrud (Sinoextrud\/Sinoextrud ALUMINIUM)<\/td>\n<\/tr>\n<tr>\n<td class=\"label\">Certifik\u00e1t a norma<\/td>\n<td>1) ISO9001-2008\/ISO 9001:2008;<br \/>\n2) Certifikace CQM;<br \/>\n3) SGS, CE, BV, JIS, AS, NZS, QUALICOAT, QUOLANOD k dispozici<\/td>\n<\/tr>\n<tr>\n<td class=\"label\">Z\u00e1ruka<\/td>\n<td>Barva povrchu m\u016f\u017ee b\u00fdt stabiln\u00ed po dobu 10 ~ 20 let pou\u017e\u00edv\u00e1n\u00ed v interi\u00e9ru.<\/td>\n<\/tr>\n<tr>\n<td class=\"label\">Podrobnosti o balen\u00ed<\/td>\n<td>Uvnit\u0159: zabaleno v plastov\u00e9 f\u00f3lii, kter\u00e1 chr\u00e1n\u00ed ka\u017ed\u00fd kus.<br \/>\nVenku: Vn\u011bj\u0161\u00ed strana: Svazky zabalte do vod\u011bodoln\u00e9ho \u0159emesln\u00e9ho pap\u00edru nebo EPE f\u00f3lie. K dispozici jsou z\u00e1kaznick\u00e9 rekvizity<\/td>\n<\/tr>\n<tr>\n<td class=\"label\">Doba realizace<\/td>\n<td>V\u00fdvoj a testov\u00e1n\u00ed vzork\u016f: 12-18 dn\u00ed.<\/td>\n<\/tr>\n<\/table>\n<h2>Na\u0161e v\u00fdrobn\u00ed z\u00e1kladna<\/h2>\n<h3>Panorama tov\u00e1rny<\/h3>\n<p><img decoding=\"async\" src=\"\/wp-content\/uploads\/factory-01.webp\"\/><\/p>\n<h3>D\u00edlna na v\u00fdrobu hlin\u00edkov\u00fdch ty\u010d\u00ed<\/h3>\n<p><img decoding=\"async\" src=\"\/wp-content\/uploads\/factory-02.webp\"\/><\/p>\n<p><img decoding=\"async\" src=\"\/wp-content\/uploads\/factory-03.webp\"\/><\/p>\n<h3>Sklad pl\u00edsn\u00ed<\/h3>\n<p><img decoding=\"async\" src=\"\/wp-content\/uploads\/factory-04.webp\"\/><\/p>\n<h3>43 linek na vytla\u010dov\u00e1n\u00ed hlin\u00edku (500 - 5500 tun)<\/h3>\n<p><img decoding=\"async\" src=\"\/wp-content\/uploads\/factory-05.webp\"\/><\/p>\n<p><img decoding=\"async\" src=\"\/wp-content\/uploads\/factory-06.webp\"\/><\/p>\n<p><img decoding=\"async\" src=\"\/wp-content\/uploads\/factory-07.webp\"\/><\/p>\n<h3>D\u00edlna pr\u00e1\u0161kov\u00e9ho lakov\u00e1n\u00ed<\/h3>\n<p><img decoding=\"async\" src=\"\/wp-content\/uploads\/factory-09.webp\"\/><\/p>\n<h3>D\u00edlna eloxov\u00e1n\u00ed<\/h3>\n<p><img decoding=\"async\" src=\"\/wp-content\/uploads\/factory-10.webp\"\/><\/p>\n<h3>Workshop o hloubkov\u00e9m zpracov\u00e1n\u00ed<\/h3>\n<p><img decoding=\"async\" src=\"\/wp-content\/uploads\/factory-11.webp\"\/><\/p>\n<h3>D\u00edlna CNC p\u0159esn\u00e9ho obr\u00e1b\u011bn\u00ed<\/h3>\n<p><img decoding=\"async\" src=\"\/wp-content\/uploads\/factory-11.5.webp\"\/><\/p>\n<h3>Sklad hotov\u00fdch v\u00fdrobk\u016f a exportn\u00ed sklad<\/h3>\n<p><img decoding=\"async\" src=\"\/wp-content\/uploads\/factory-12.webp\"\/><\/p>\n<p><img decoding=\"async\" src=\"\/wp-content\/uploads\/factory-13.webp\"\/><\/p>\n<p><img decoding=\"async\" src=\"\/wp-content\/uploads\/factory-14.webp\"\/><\/p>\n<h2>\u010cASTO KLADEN\u00c9 DOTAZY<\/h2>\n<p><p><b>1.Co je to elektrofor\u00e9zn\u00ed zlat\u00fd profil hlin\u00edkov\u00fdch posuvn\u00fdch dve\u0159\u00ed? <\/b><\/p>\n<p> Jedn\u00e1 se o hlin\u00edkov\u00fd profil pota\u017een\u00fd zlatou elektroforetickou vrstvou, kter\u00fd se pou\u017e\u00edv\u00e1 k v\u00fdrob\u011b posuvn\u00fdch dve\u0159\u00ed pr\u00e9miov\u00e9 kvality s vynikaj\u00edc\u00edm vzhledem a odolnost\u00ed.<br \/>\n<\/p><br \/>\n<br \/>\n<p><b>2.Pro\u010d zvolit elektrofor\u00e9zu m\u00edsto jin\u00fdch povrchov\u00fdch \u00faprav? <\/b><\/p>\n<p> Elektrofor\u00e9za zaji\u0161\u0165uje rovnom\u011brn\u00fd, vysoce leskl\u00fd povrch s vynikaj\u00edc\u00ed p\u0159ilnavost\u00ed, odolnost\u00ed proti po\u0161kr\u00e1b\u00e1n\u00ed a dlouhodobou barevnou st\u00e1lost\u00ed.<br \/>\n<\/p><br \/>\n<br \/>\n<p><b>3.Je slitina 6063-T5 vhodn\u00e1 pro zlat\u00e9 profily posuvn\u00fdch dve\u0159\u00ed? <\/b><\/p>\n<p> Ano, 6063-T5 nab\u00edz\u00ed vynikaj\u00edc\u00ed kvalitu lisov\u00e1n\u00ed, pevnost a povrchovou \u00fapravu, tak\u017ee je ide\u00e1ln\u00ed pro dekorativn\u00ed a funk\u010dn\u00ed aplikace posuvn\u00fdch dve\u0159\u00ed.<br \/>\n<\/p><br \/>\n<br \/>\n<p><b>4.Kde se b\u011b\u017en\u011b pou\u017e\u00edv\u00e1 elektrofor\u00e9za zlat\u00e9ho hlin\u00edku? <\/b><\/p>\n<p> D\u00edky sv\u00e9mu elegantn\u00edmu vzhledu a odoln\u00e9 povrchov\u00e9 \u00faprav\u011b se hojn\u011b pou\u017e\u00edv\u00e1 v luxusn\u00edch domech, hotelech, vstupech do kancel\u00e1\u0159\u00ed a komer\u010dn\u00edch vitr\u00edn\u00e1ch.<br \/>\n<\/p><br \/>\n<br \/>\n<p><b>5.Mohu si p\u0159izp\u016fsobit tvar a velikost profilu posuvn\u00fdch dve\u0159\u00ed? <\/b><\/p>\n<p> V\u00fdrobci OEM nab\u00edzej\u00ed \u00fapln\u00e9 p\u0159izp\u016fsoben\u00ed rozm\u011br\u016f, tvar\u016f a integraci se z\u00e1mky, skly a v\u00e1le\u010dky.<br \/>\n<\/p><br \/>\n<br \/>\n<p><b>6.Je zlat\u00fd povrch odoln\u00fd v\u016f\u010di pov\u011btrnostn\u00edm vliv\u016fm a m\u00e1 dlouhou \u017eivotnost? <\/b><\/p>\n<p> Ano, elektrofor\u00e9zn\u00ed povlaky poskytuj\u00ed vynikaj\u00edc\u00ed ochranu proti oxidaci, UV z\u00e1\u0159en\u00ed a opot\u0159eben\u00ed vlivem prost\u0159ed\u00ed a jsou ide\u00e1ln\u00ed pro vnit\u0159n\u00ed i venkovn\u00ed pou\u017eit\u00ed.<br \/>\n<\/p><br \/>\n<br \/>\n<p><b>7.Snadno se tyto profily instaluj\u00ed? <\/b><\/p>\n<p> Ano, jsou navr\u017eeny tak, aby byly kompatibiln\u00ed se standardn\u00edm posuvn\u00fdm kov\u00e1n\u00edm, co\u017e umo\u017e\u0148uje rychlou a bezpe\u010dnou instalaci.<br \/>\n<\/p><br \/>\n<br \/>\n<p><b>8.Kde mohu z\u00edskat profily pro elektrofor\u00e9zu zlat\u00fdch posuvn\u00fdch dve\u0159\u00ed? <\/b><\/p>\n<p> P\u0159edn\u00ed \u010d\u00edn\u0161t\u00ed v\u00fdrobci nab\u00edzej\u00ed vysoce kvalitn\u00ed elektrofor\u00e9zn\u00ed profily ve velk\u00e9m s tov\u00e1rn\u00edmi cenami a plnou exportn\u00ed podporou.<br \/>\n<\/p><br \/><\/p>","protected":false},"featured_media":6838,"template":"","categories":[67],"class_list":["post-6839","product","type-product","status-publish","has-post-thumbnail","hentry","category-architectural-aluminium-profile"],"meta_box":{"hilight_text_group":{"product_hilight_text":"<li>Premium electrophoresis golden aluminium sliding door profiles for a luxurious and durable finish<\/li>\r\r\n<li>Manufactured from high-strength 6063-T5 aluminum alloy for long-term stability and corrosion resistance<\/li>\r\r\n<li>Electrophoresis coating ensures a smooth, glossy golden surface with excellent scratch and wear resistance<\/li>\r\r\n<li>Ideal for upscale residential, commercial, and hotel sliding door systems<\/li>\r\r\n<li>Customizable dimensions, wall thickness, and profile designs available for OEM production<\/li>","product_chanpin_blog":"<ul>\r\r\n<li><a href=\"https:\/\/sinoextrud.com\/t-slot-v-slot-differences\/\" target=\"_blank\">t slot vs v slot<\/a><\/li>\r\r\n<li><a href=\"https:\/\/sinoextrud.com\/what-is-4040-aluminium-extrud\/\" target=\"_blank\">4040 aluminium extrusion<\/a><\/li>\r\r\n<li><a href=\"https:\/\/sinoextrud.com\/what-is-4040-aluminium-extrud\/\" target=\"_blank\">aluminum extrusions for industrial racks<\/a><\/li>\r\r\n<li><a href=\"https:\/\/sinoextrud.com\/powder-coating-aluminium-process\/\" target=\"_blank\">powder coating aluminium<\/a><\/li>\r\r\n<li><a href=\"https:\/\/sinoextrud.com\/what-is-an-aluminium-strip-ceiling\/\" target=\"_blank\">aluminium strip ceiling<\/a><\/li>\r\r\n<li><a href=\"https:\/\/sinoextrud.com\/what-is-a-heat-sink\/\" target=\"_blank\">what is a heat sink<\/a><\/li>\r\r\n<\/ul>","product_chanpin_chanpin":"<li><a href=\"https:\/\/sinoextrud.com\/product\/aluminium-extrusion-connectors\/\" target=\"_blank\">Aluminium Extrusion Connectors<\/a><\/li>\r\n<li><a href=\"https:\/\/sinoextrud.com\/product\/6000-series-alloy-extruded-aluminium-profile-for-industrial-solar-panel-frame-structure\/\" target=\"_blank\">6000 Series Alloy Extruded Aluminium Profile For Industrial Solar Panel Frame Structure<\/a><\/li>\r\n<li><a href=\"https:\/\/sinoextrud.com\/product\/aluminium-sliding-door-matt-black\/\" target=\"_blank\">Aluminium Sliding Door Matt Black<\/a><\/li>\r\n<li><a href=\"https:\/\/sinoextrud.com\/product\/aluminium-sliding-door-champagne-colour\/\" target=\"_blank\">Aluminium Sliding Door Champagne colour<\/a><\/li>\r\n<li><a href=\"https:\/\/sinoextrud.com\/product\/aluminium-sliding-door-electrophoresis-golden\/\" target=\"_blank\">Aluminium Sliding Door Electrophoresis Golden<\/a><\/li>\r\n<li><a href=\"https:\/\/sinoextrud.com\/product\/extruded-aluminium-profile-tube-pipe-with-oval-trigle-square-round-shape-manufacturer-price\/\" target=\"_blank\">Extruded Aluminium Profile Tube Pipe With Oval Trigle Square Round Shape Manufacturer Price<\/a><\/li>\r\n<li><a href=\"https:\/\/sinoextrud.com\/product\/aluminium-sliding-door-brushed-grey\/\" target=\"_blank\">Aluminium Sliding Door Brushed Grey<\/a><\/li>\r\n<li><a href=\"https:\/\/sinoextrud.com\/product\/aluminium-sliding-door-matt-grey\/\" target=\"_blank\">Aluminium Sliding Door Matt Grey<\/a><\/li>\r\n<li><a href=\"https:\/\/sinoextrud.com\/product\/oem-aluminium-extrusion-profile-for-furniture-knobs-door-pull-handle\/\" target=\"_blank\">OEM Aluminium Extrusion Profile For Furniture Knobs Door Pull Handle<\/a><\/li>\r\n<li><a href=\"https:\/\/sinoextrud.com\/product\/t-slot-aluminium-extrusion-profile\/\" target=\"_blank\">T Slot Aluminium Extrusion Profile<\/a><\/li>\r\n<li><a href=\"https:\/\/sinoextrud.com\/product\/aluminum-profile-for-curtain\/\" target=\"_blank\">Aluminum Profile for Curtain<\/a><\/li>"},"feature_list":[]},"_links":{"self":[{"href":"https:\/\/sinoextrud.com\/cs\/wp-json\/wp\/v2\/product\/6839","targetHints":{"allow":["GET"]}}],"collection":[{"href":"https:\/\/sinoextrud.com\/cs\/wp-json\/wp\/v2\/product"}],"about":[{"href":"https:\/\/sinoextrud.com\/cs\/wp-json\/wp\/v2\/types\/product"}],"wp:featuredmedia":[{"embeddable":true,"href":"https:\/\/sinoextrud.com\/cs\/wp-json\/wp\/v2\/media\/6838"}],"wp:attachment":[{"href":"https:\/\/sinoextrud.com\/cs\/wp-json\/wp\/v2\/media?parent=6839"}],"wp:term":[{"taxonomy":"category","embeddable":true,"href":"https:\/\/sinoextrud.com\/cs\/wp-json\/wp\/v2\/categories?post=6839"}],"curies":[{"name":"wp","href":"https:\/\/api.w.org\/{rel}","templated":true}]}}