{"id":6837,"date":"2025-06-03T01:32:36","date_gmt":"2025-06-03T01:32:36","guid":{"rendered":"https:\/\/sinoextrud.com\/product\/aluminium-sliding-door-champagne-colour\/"},"modified":"2025-06-24T06:11:47","modified_gmt":"2025-06-24T06:11:47","slug":"hlinikove-posuvne-dvere-v-barve-sampanskeho","status":"publish","type":"product","link":"https:\/\/sinoextrud.com\/cs\/product\/aluminium-sliding-door-champagne-colour\/","title":{"rendered":"Hlin\u00edkov\u00e9 posuvn\u00e9 dve\u0159e barva \u0161ampa\u0148"},"content":{"rendered":"<h2>Podrobnosti o produktech<\/h2>\n<table class=\"custom-table\">\n<tr>\n<td class=\"label\">Slitina:<\/td>\n<td>6063-T5 \/6061-T6 ingotov\u00fd polotovar<\/td>\n<\/tr>\n<tr>\n<td class=\"label\">Standardn\u00ed:<\/td>\n<td>st\u0159edn\u00ed a vysoce kvalitn\u00ed hlin\u00edkov\u00fd profil<\/td>\n<\/tr>\n<tr>\n<td class=\"label\">Z\u00e1ruka:<\/td>\n<td>z\u00e1kaznick\u00fd certifik\u00e1t, jako je BV, Soncap, kvalifikace ISO<\/td>\n<\/tr>\n<tr>\n<td class=\"label\">MOQ:<\/td>\n<td>200 kg pro ka\u017ed\u00fd hlin\u00edkov\u00fd profil<\/td>\n<\/tr>\n<tr>\n<td class=\"label\">D\u00e9lka v\u00fdvozu:<\/td>\n<td>5,8 m pro 20 stop, 5,9 m \/ 6,0 m pro 40'GP<\/td>\n<\/tr>\n<\/table>\n<h2>Na\u0161e v\u00fdrobn\u00ed z\u00e1kladna<\/h2>\n<h3>Panorama tov\u00e1rny<\/h3>\n<p><img decoding=\"async\" src=\"\/wp-content\/uploads\/factory-01.webp\"\/><\/p>\n<h3>D\u00edlna na v\u00fdrobu hlin\u00edkov\u00fdch ty\u010d\u00ed<\/h3>\n<p><img decoding=\"async\" src=\"\/wp-content\/uploads\/factory-02.webp\"\/><\/p>\n<p><img decoding=\"async\" src=\"\/wp-content\/uploads\/factory-03.webp\"\/><\/p>\n<h3>Sklad pl\u00edsn\u00ed<\/h3>\n<p><img decoding=\"async\" src=\"\/wp-content\/uploads\/factory-04.webp\"\/><\/p>\n<h3>43 linek na vytla\u010dov\u00e1n\u00ed hlin\u00edku (500 - 5500 tun)<\/h3>\n<p><img decoding=\"async\" src=\"\/wp-content\/uploads\/factory-05.webp\"\/><\/p>\n<p><img decoding=\"async\" src=\"\/wp-content\/uploads\/factory-06.webp\"\/><\/p>\n<p><img decoding=\"async\" src=\"\/wp-content\/uploads\/factory-07.webp\"\/><\/p>\n<h3>D\u00edlna pr\u00e1\u0161kov\u00e9ho lakov\u00e1n\u00ed<\/h3>\n<p><img decoding=\"async\" src=\"\/wp-content\/uploads\/factory-09.webp\"\/><\/p>\n<h3>D\u00edlna eloxov\u00e1n\u00ed<\/h3>\n<p><img decoding=\"async\" src=\"\/wp-content\/uploads\/factory-10.webp\"\/><\/p>\n<h3>Workshop o hloubkov\u00e9m zpracov\u00e1n\u00ed<\/h3>\n<p><img decoding=\"async\" src=\"\/wp-content\/uploads\/factory-11.webp\"\/><\/p>\n<h3>D\u00edlna CNC p\u0159esn\u00e9ho obr\u00e1b\u011bn\u00ed<\/h3>\n<p><img decoding=\"async\" src=\"\/wp-content\/uploads\/factory-11.5.webp\"\/><\/p>\n<h3>Sklad hotov\u00fdch v\u00fdrobk\u016f a exportn\u00ed sklad<\/h3>\n<p><img decoding=\"async\" src=\"\/wp-content\/uploads\/factory-12.webp\"\/><\/p>\n<p><img decoding=\"async\" src=\"\/wp-content\/uploads\/factory-13.webp\"\/><\/p>\n<p><img decoding=\"async\" src=\"\/wp-content\/uploads\/factory-14.webp\"\/><\/p>\n<h2>\u010cASTO KLADEN\u00c9 DOTAZY<\/h2>\n<p><p><b>1.Co je to hlin\u00edkov\u00fd posuvn\u00fd dve\u0159n\u00ed profil v barv\u011b \u0161ampa\u0148sk\u00e9ho? <\/b><\/p>\n<p> Jedn\u00e1 se o hlin\u00edkov\u00fd v\u00fdlisek s povrchem v odst\u00ednu \u0161ampa\u0148sk\u00e9ho, kter\u00fd se pou\u017e\u00edv\u00e1 pro v\u00fdrobu modern\u00edch a luxusn\u00edch r\u00e1m\u016f posuvn\u00fdch dve\u0159\u00ed.<br \/>\n<\/p><br \/>\n<br \/>\n<p><b>2.Jak se na hlin\u00edkov\u00fd povrch nan\u00e1\u0161\u00ed barva \u0161ampa\u0148sk\u00e9ho? <\/b><\/p>\n<p> Povrchov\u00e1 \u00faprava se prov\u00e1d\u00ed eloxov\u00e1n\u00edm nebo elektrofor\u00e9zou, co\u017e zaji\u0161\u0165uje jednotnou barvu, trvanlivost a odolnost proti vyblednut\u00ed nebo korozi.<br \/>\n<\/p><br \/>\n<br \/>\n<p><b>3.Pro\u010d si vybrat \u0161ampa\u0148sk\u00e9 m\u00edsto jin\u00fdch povrchov\u00fdch \u00faprav? <\/b><\/p>\n<p> \u0160ampa\u0148sk\u00e9 dod\u00e1v\u00e1 tepl\u00fd, luxusn\u00ed kovov\u00fd vzhled, kter\u00fd dopl\u0148uje klasick\u00fd i modern\u00ed design interi\u00e9ru.<br \/>\n<\/p><br \/>\n<br \/>\n<p><b>4.Jak\u00e1 slitina se pou\u017e\u00edv\u00e1 pro profily \u0161ampa\u0148sk\u00fdch posuvn\u00fdch dve\u0159\u00ed? <\/b><\/p>\n<p> Hlin\u00edk 6063-T5 se b\u011b\u017en\u011b pou\u017e\u00edv\u00e1 d\u00edky sv\u00fdm vynikaj\u00edc\u00edm schopnostem vytla\u010dov\u00e1n\u00ed, estetick\u00e9 kvalit\u011b povrchu a struktur\u00e1ln\u00ed integrit\u011b.<br \/>\n<\/p><br \/>\n<br \/>\n<p><b>5.Je povrchov\u00e1 \u00faprava v barv\u011b \u0161ampa\u0148sk\u00e9ho vhodn\u00e1 pro venkovn\u00ed instalace? <\/b><\/p>\n<p> Ano, eloxovan\u00e9 a elektrofor\u00e9zou o\u0161et\u0159en\u00e9 \u0161ampa\u0148sk\u00e9 povrchy nab\u00edzej\u00ed odolnost proti UV z\u00e1\u0159en\u00ed a ochranu proti pov\u011btrnostn\u00edm vliv\u016fm pro venkovn\u00ed pou\u017eit\u00ed.<br \/>\n<\/p><br \/>\n<br \/>\n<p><b>6.Mohu si p\u0159izp\u016fsobit velikost a design profilu? <\/b><\/p>\n<p> V\u00fdrobci samoz\u0159ejm\u011b nab\u00edzej\u00ed mo\u017enosti OEM pro pr\u016f\u0159ezy profil\u016f, jejich tlou\u0161\u0165ky a integraci s posuvn\u00fdmi mechanismy nebo sklen\u011bn\u00fdmi tabulemi.<br \/>\n<\/p><br \/>\n<br \/>\n<p><b>7.Kde se b\u011b\u017en\u011b pou\u017e\u00edvaj\u00ed hlin\u00edkov\u00e9 posuvn\u00e9 dve\u0159n\u00ed profily v barv\u011b champagne? <\/b><\/p>\n<p> Pou\u017e\u00edvaj\u00ed se ve \u0161pi\u010dkov\u00fdch \u0161atn\u00edch sk\u0159\u00edn\u00edch, terasov\u00fdch dve\u0159\u00edch, luxusn\u00edch komer\u010dn\u00edch vchodech a interi\u00e9rov\u00fdch architektonick\u00fdch p\u0159\u00ed\u010dk\u00e1ch.<br \/>\n<\/p><br \/>\n<br \/>\n<p><b>8.Jsou \u0161ampa\u0148sk\u00e9 hlin\u00edkov\u00e9 profily z \u010c\u00edny k dispozici ve velk\u00e9m? <\/b><\/p>\n<p> Ano, \u0161pi\u010dkov\u00e9 \u010d\u00ednsk\u00e9 tov\u00e1rny nab\u00edzej\u00ed eloxovan\u00e9 profily posuvn\u00fdch dve\u0159\u00ed v barv\u011b \u0161ampa\u0148sk\u00e9ho za ceny p\u0159\u00edmo od v\u00fdrobce s plnou podporou p\u0159izp\u016fsoben\u00ed a exportu.<br \/>\n<\/p><br \/><\/p>","protected":false},"featured_media":6836,"template":"","categories":[67],"class_list":["post-6837","product","type-product","status-publish","has-post-thumbnail","hentry","category-architectural-aluminium-profile"],"meta_box":{"hilight_text_group":{"product_hilight_text":"<li>Elegant champagne colour aluminium sliding door profiles for high-end interior and exterior applications<\/li>\r\r\n<li>Made from 6063-T5 alloy for optimal strength, corrosion resistance, and smooth surface finish<\/li>\r\r\n<li>Champagne finish applied via anodizing or electrophoresis for long-lasting, fade-resistant color<\/li>\r\r\n<li>Ideal for luxury wardrobes, balcony enclosures, room dividers, and commercial door systems<\/li>\r\r\n<li>OEM customization available for shape, size, wall thickness, and accessory compatibility<\/li>","product_chanpin_blog":"<ul>\r\r\n<li><a href=\"https:\/\/sinoextrud.com\/t-slot-v-slot-differences\/\" target=\"_blank\">t slot vs v slot<\/a><\/li>\r\r\n<li><a href=\"https:\/\/sinoextrud.com\/what-is-4040-aluminium-extrud\/\" target=\"_blank\">4040 aluminium extrusion<\/a><\/li>\r\r\n<li><a href=\"https:\/\/sinoextrud.com\/what-is-4040-aluminium-extrud\/\" target=\"_blank\">aluminum extrusions for industrial racks<\/a><\/li>\r\r\n<li><a href=\"https:\/\/sinoextrud.com\/powder-coating-aluminium-process\/\" target=\"_blank\">powder coating aluminium<\/a><\/li>\r\r\n<li><a href=\"https:\/\/sinoextrud.com\/what-is-an-aluminium-strip-ceiling\/\" target=\"_blank\">aluminium strip ceiling<\/a><\/li>\r\r\n<li><a href=\"https:\/\/sinoextrud.com\/what-is-a-heat-sink\/\" target=\"_blank\">what is a heat sink<\/a><\/li>\r\r\n<\/ul>","product_chanpin_chanpin":"<li><a href=\"https:\/\/sinoextrud.com\/product\/aluminium-sliding-door-matt-bronze\/\" target=\"_blank\">Aluminium Sliding Door Matt Bronze<\/a><\/li>\r\n<li><a href=\"https:\/\/sinoextrud.com\/product\/aluminium-extrusion-connectors\/\" target=\"_blank\">Aluminium Extrusion Connectors<\/a><\/li>\r\n<li><a href=\"https:\/\/sinoextrud.com\/product\/6000-series-alloy-extruded-aluminium-profile-for-industrial-solar-panel-frame-structure\/\" target=\"_blank\">6000 Series Alloy Extruded Aluminium Profile For Industrial Solar Panel Frame Structure<\/a><\/li>\r\n<li><a href=\"https:\/\/sinoextrud.com\/product\/aluminium-sliding-door-matt-black\/\" target=\"_blank\">Aluminium Sliding Door Matt Black<\/a><\/li>\r\n<li><a href=\"https:\/\/sinoextrud.com\/product\/aluminium-sliding-door-champagne-colour\/\" target=\"_blank\">Aluminium Sliding Door Champagne colour<\/a><\/li>\r\n<li><a href=\"https:\/\/sinoextrud.com\/product\/aluminium-sliding-door-electrophoresis-golden\/\" target=\"_blank\">Aluminium Sliding Door Electrophoresis Golden<\/a><\/li>\r\n<li><a href=\"https:\/\/sinoextrud.com\/product\/extruded-aluminium-profile-tube-pipe-with-oval-trigle-square-round-shape-manufacturer-price\/\" target=\"_blank\">Extruded Aluminium Profile Tube Pipe With Oval Trigle Square Round Shape Manufacturer Price<\/a><\/li>\r\n<li><a href=\"https:\/\/sinoextrud.com\/product\/aluminium-sliding-door-brushed-grey\/\" target=\"_blank\">Aluminium Sliding Door Brushed Grey<\/a><\/li>\r\n<li><a href=\"https:\/\/sinoextrud.com\/product\/aluminium-sliding-door-matt-grey\/\" target=\"_blank\">Aluminium Sliding Door Matt Grey<\/a><\/li>\r\n<li><a href=\"https:\/\/sinoextrud.com\/product\/80-x-80-aluminium-extrusion\/\" target=\"_blank\">80 X 80 Aluminium Extrusion<\/a><\/li>\r\n<li><a href=\"https:\/\/sinoextrud.com\/product\/aluminium-industrial-profile\/\" target=\"_blank\">Aluminium Industrial Profile<\/a><\/li>"},"feature_list":[]},"_links":{"self":[{"href":"https:\/\/sinoextrud.com\/cs\/wp-json\/wp\/v2\/product\/6837","targetHints":{"allow":["GET"]}}],"collection":[{"href":"https:\/\/sinoextrud.com\/cs\/wp-json\/wp\/v2\/product"}],"about":[{"href":"https:\/\/sinoextrud.com\/cs\/wp-json\/wp\/v2\/types\/product"}],"wp:featuredmedia":[{"embeddable":true,"href":"https:\/\/sinoextrud.com\/cs\/wp-json\/wp\/v2\/media\/6836"}],"wp:attachment":[{"href":"https:\/\/sinoextrud.com\/cs\/wp-json\/wp\/v2\/media?parent=6837"}],"wp:term":[{"taxonomy":"category","embeddable":true,"href":"https:\/\/sinoextrud.com\/cs\/wp-json\/wp\/v2\/categories?post=6837"}],"curies":[{"name":"wp","href":"https:\/\/api.w.org\/{rel}","templated":true}]}}